{"id":10000258,"date":"2024-02-21T11:43:09","date_gmt":"2024-02-21T10:43:09","guid":{"rendered":"https:\/\/www.fh-joanneum.at\/digital-entrepreneurship\/master\/?page_id=258"},"modified":"2024-02-21T11:43:09","modified_gmt":"2024-02-21T10:43:09","slug":"eva-maria-polz","status":"publish","type":"page","link":"https:\/\/www.fh-joanneum.at\/digital-entrepreneurship\/master\/nach-dem-studium\/absolventinnen\/eva-maria-polz\/","title":{"rendered":"Eva-Maria Polz"},"content":{"rendered":"<div id=\"\" class=\"wp-block-text-content margin-bottom-normal\">\n    <div class=\"container-lg\">\n        <div class=\"row\">\n            <div class=\"col\">\n                <h4>Eckdaten<\/h4>\n<p><strong>Jobbezeichnung:<\/strong> Selbstst&auml;ndige Di&auml;tologin<br>\n<strong>Unternehmen:<\/strong> Einzelunternehmerin (Team Ern&auml;hrung)<br>\n<strong>Ich arbeite in:<\/strong> Leibnitz (oder online), &Ouml;sterreich<br>\n<strong>Ich arbeite hier seit:<\/strong> 2021<br>\n<a href=\"mailto:polz@team-ernaehrung.at\" title=\"E-Mail an Eva-Maria Polz senden\">Mein Kontakt<\/a><br>\noder <a href=\"https:\/\/www.linkedin.com\/in\/eva-maria-polz-035589217\/\" target=\"_blank\" rel=\"noopener noreferrer\">linkedIn<\/a>, <a href=\"https:\/\/www.instagram.com\/eva.team_ernaehrung\/\" target=\"_blank\" rel=\"noopener noreferrer\">instagram<\/a>, <a href=\"https:\/\/www.facebook.com\/evamaria.polz\" target=\"_blank\" rel=\"noopener noreferrer\">facebook<\/a>, <a href=\"https:\/\/www.tiktok.com\/@team.ernaehrung\" target=\"_blank\" rel=\"noopener noreferrer\">tiktok<\/a>  <\/p>\n<h4>Was ich mache<\/h4>\n<ul>\n<li>Ern&auml;hrungstherapeutische Einzelberatungen f&uuml;r Gesunde und Kranke   <\/li>\n<li>Ern&auml;hrungsvortr&auml;ge und -workshops f&uuml;r Unternehmen, Gesundheitszentren oder gemeinn&uuml;tzige Organisationen   <\/li>\n<li>Content-Creation f&uuml;r Social Media und eigenen Blog<\/li>\n<\/ul>\n<h4>Warum ich meinen Beruf liebe<\/h4>\n<ul>\n<li>Impact schaffen: Die M&ouml;glichkeit, den Gesundheitszustand oder das Wohlbefinden von Klient:innen nachhaltig positiv zu beeinflussen.    <\/li>\n<li>Flexibilit&auml;t und Kreativit&auml;t: Flexible Arbeitseinteilung und Setzung von thematischen Schwerpunkten. M&ouml;glichkeit eigene Ideen, Ans&auml;tze und Programme umzusetzen.   <\/li>\n<li>Abwechslungsreiche T&auml;tigkeit: Einzelberatungen, Vortr&auml;ge, B&uuml;roarbeit (Buchhaltung, CRM, etc.), Marketing, Fortbildungen, Content Creation   <\/li>\n<\/ul>\n<h4>Wichtige F&auml;higkeiten in meinem Job<\/h4>\n<ul>\n<li>Freude am Kontakt mit Menschen.   <\/li>\n<li>Interesse an Gesundheit und Ern&auml;hrungsmedizin.   <\/li>\n<li>Flexibilit&auml;t und Eigenverantwortung<\/li>\n<\/ul>\n<h4>Mein bisher gr&ouml;&szlig;ter Erfolg in meiner Karriere<\/h4>\n<p>Es ist schwer ein absolutes Highlight zu definieren. Ein gro&szlig;artiges Gef&uuml;hl war es, bei der diesj&auml;hrigen internen Weihnachtsfeier auf unsere Reise zur&uuml;ckzublicken und zu erkennen, was wir bereits alles geschafft haben. Die wahren H&ouml;hepunkte sind f&uuml;r mich pers&ouml;nlich jedoch positives Klient:innen-Feedback und die R&uuml;ckmeldung, jemandem durch die Ern&auml;hrungstherapie zu mehr Wohlbefinden\/Gesundheit verholfen zu haben.<\/p>\n<h4>So bin ich zu meinem Job gekommen<\/h4>\n<p>Nach dem Di&auml;tologie-Studium habe ich mich zusammen mit einer ehemaligen Studienkollegin selbstst&auml;ndig gemacht &ndash; und ich bin nach wie vor sehr froh diese Entscheidung getroffen zu haben!<\/p>\n<h4>Das habe ich im Studium an der FH JOANNEUM f&uuml;r&rsquo;s Berufsleben gelernt<\/h4>\n<p>In meinem Bachelorstudium habe ich das grundlegende ern&auml;hrungsmedizinisches Wissen erlangt. Aus dem Masterstudium &bdquo;Digital Entrepreneurship&ldquo; konnte ich anschlie&szlig;end praktische Tools und Werkzeuge mitnehmen, die ich in der Freiberuflichkeit anwenden kann. Au&szlig;erdem war f&uuml;r mich pers&ouml;nlich das Erlangen\/der Aufbau eines &bdquo;Entrepreneurial Mindset&ldquo; sehr wertvoll.<\/p>\n<h4>Die Jobchancen in meinem Bereich<\/h4>\n<p>Die Grundlage f&uuml;r die Arbeit als selbstst&auml;ndige Di&auml;tologin bildet das abgeschlossene Di&auml;tologie-Studium. Um anschlie&szlig;end erfolgreich zu sein, gilt es Geduld zu haben, einen Kund:innenstamm sowie Kooperationen aufzubauen und loszustarten. Jegliche Kompetenzen\/jegliches Know-How, das nicht in der eigenen Kernkompetenz liegt &ndash; wie Buchhaltung, Rechtliches, CRM, etc. &ndash; kann man sich aneignen.<\/p>\n<h4>Ich bin<\/h4>\n<ul>\n<li>empathisch<\/li>\n<li>flexibel<\/li>\n<li>enthusiastisch<\/li>\n<\/ul>\n<h4>Ich &uuml;ber meinen Job<\/h4>\n<p>Aktuell liegt mein Fokus im weiteren Aufbau bzw. der Etablierung von Team Ern&auml;hrung, wobei insbesondere die Zielgruppe der Rheumatiker:innen zuk&uuml;nftig angesprochen werden soll. Dar&uuml;ber hinaus m&ouml;chte ich mein wirtschaftliches Know-How und meine Leidenschaft f&uuml;r Startups mit meinem Interesse an Ern&auml;hrungsmedizin vereinen und auch in diesem Bereich t&auml;tig werden. Besonders wichtig ist es mir auf mein Bauchgef&uuml;hl\/meine Intuition zu h&ouml;ren, um Entscheidungen zu treffen, die mich wirklich erf&uuml;llen &ndash; mein pers&ouml;nliches Learning.<\/p>\n\n            <\/div>\n        <\/div>\n            <\/div>\n<\/div>\n\n","protected":false},"excerpt":{"rendered":"<p>Ich bin Eva-Maria und als selbstst\u00e4ndige Di\u00e4tologin, Team Ern\u00e4hrung, t\u00e4tig. Aktuell liegt mein Fokus im weiteren Aufbau bzw. der Etablierung von Team Ern\u00e4hrung, wobei insbesondere die Zielgruppe der Rheumatiker:innen zuk\u00fcnftig angesprochen werden soll. <\/p>\n","protected":false},"author":38,"featured_media":10000273,"parent":10000257,"menu_order":58,"comment_status":"closed","ping_status":"closed","template":"template-absolvent.blade.php","meta":{"_acf_changed":false,"footnotes":""},"acf":[],"aioseo_notices":[],"_links":{"self":[{"href":"https:\/\/www.fh-joanneum.at\/digital-entrepreneurship\/master\/wp-json\/wp\/v2\/pages\/10000258"}],"collection":[{"href":"https:\/\/www.fh-joanneum.at\/digital-entrepreneurship\/master\/wp-json\/wp\/v2\/pages"}],"about":[{"href":"https:\/\/www.fh-joanneum.at\/digital-entrepreneurship\/master\/wp-json\/wp\/v2\/types\/page"}],"author":[{"embeddable":true,"href":"https:\/\/www.fh-joanneum.at\/digital-entrepreneurship\/master\/wp-json\/wp\/v2\/users\/38"}],"replies":[{"embeddable":true,"href":"https:\/\/www.fh-joanneum.at\/digital-entrepreneurship\/master\/wp-json\/wp\/v2\/comments?post=10000258"}],"version-history":[{"count":0,"href":"https:\/\/www.fh-joanneum.at\/digital-entrepreneurship\/master\/wp-json\/wp\/v2\/pages\/10000258\/revisions"}],"up":[{"embeddable":true,"href":"https:\/\/www.fh-joanneum.at\/digital-entrepreneurship\/master\/wp-json\/wp\/v2\/pages\/10000257"}],"wp:featuredmedia":[{"embeddable":true,"href":"https:\/\/www.fh-joanneum.at\/digital-entrepreneurship\/master\/wp-json\/wp\/v2\/media\/10000273"}],"wp:attachment":[{"href":"https:\/\/www.fh-joanneum.at\/digital-entrepreneurship\/master\/wp-json\/wp\/v2\/media?parent=10000258"}],"curies":[{"name":"wp","href":"https:\/\/api.w.org\/{rel}","templated":true}]}}