{"id":260,"date":"2025-02-20T14:20:09","date_gmt":"2025-02-20T13:20:09","guid":{"rendered":"https:\/\/www.fh-joanneum.at\/digital-health-technologies\/master\/?page_id=260"},"modified":"2025-02-20T14:20:11","modified_gmt":"2025-02-20T13:20:11","slug":"absolventinnen","status":"publish","type":"page","link":"https:\/\/www.fh-joanneum.at\/digital-health-technologies\/master\/nach-dem-studium\/absolventinnen\/","title":{"rendered":"Absolvent:innen"},"content":{"rendered":"<div id=\"\" class=\"wp-block-text-content margin-bottom-normal\">\n    <div class=\"container-lg\">\n        <div class=\"row\">\n            <div class=\"col\">\n                <h3>Das machen unsere Absolvent:innen.<\/h3>\n\n            <\/div>\n        <\/div>\n            <\/div>\n<\/div>\n\n\n<div id=\"\" class=\"wp-block-list-of-graduates margin-bottom-normal\">\n  <div class=\"container-lg\">\n    <div class=\"row\">\n                        <div class=\"col-6 col-sm-4 col-md-6 col-lg-4 col-xl-4 mb-4\">\n            <a\n    href=\"https:\/\/www.fh-joanneum.at\/digital-health-technologies\/master\/nach-dem-studium\/absolventinnen\/iris-falkenhein-msc-ba\/\"\n    class=\"graduate-card bg-light\"\n>\n    <div class=\"border border-light h-100\">\n        <div class=\"image-wrapper\">\n            <picture>\n                        <source\n                media=\"(max-width: 442px)\"\n                srcset=\"https:\/\/cdn3.fh-joanneum.at\/media\/sites\/139\/2025\/02\/Falkenhein_gross-scaled-1-442x576.jpg, https:\/\/cdn3.fh-joanneum.at\/media\/sites\/139\/2025\/02\/Falkenhein_gross-scaled-1-768x1000.jpg 2x\"\n            \/>\n                    <source\n                media=\"(max-width: 768px)\"\n                srcset=\"https:\/\/cdn3.fh-joanneum.at\/media\/sites\/139\/2025\/02\/Falkenhein_gross-scaled-1-768x1000.jpg, https:\/\/cdn3.fh-joanneum.at\/media\/sites\/139\/2025\/02\/Falkenhein_gross-scaled-1-786x1024.jpg 2x\"\n            \/>\n                    <source\n                media=\"(max-width: 786px)\"\n                srcset=\"https:\/\/cdn3.fh-joanneum.at\/media\/sites\/139\/2025\/02\/Falkenhein_gross-scaled-1-786x1024.jpg, https:\/\/cdn3.fh-joanneum.at\/media\/sites\/139\/2025\/02\/Falkenhein_gross-scaled-1-1180x1536.jpg 2x\"\n            \/>\n                    <source\n                media=\"(max-width: 1180px)\"\n                srcset=\"https:\/\/cdn3.fh-joanneum.at\/media\/sites\/139\/2025\/02\/Falkenhein_gross-scaled-1-1180x1536.jpg, https:\/\/cdn3.fh-joanneum.at\/media\/sites\/139\/2025\/02\/Falkenhein_gross-scaled-1-1573x2048.jpg 2x\"\n            \/>\n                    <source\n                media=\"(max-width: 1573px)\"\n                srcset=\"https:\/\/cdn3.fh-joanneum.at\/media\/sites\/139\/2025\/02\/Falkenhein_gross-scaled-1-1573x2048.jpg, https:\/\/cdn3.fh-joanneum.at\/media\/sites\/139\/2025\/02\/Falkenhein_gross-scaled-1.jpg 2x\"\n            \/>\n                <img decoding=\"async\"\n        class=\"img-fluid\"\n        src=\"https:\/\/cdn3.fh-joanneum.at\/media\/sites\/139\/2025\/02\/Falkenhein_gross-scaled-1.jpg\"\n        alt=\"\"\n        title=\"\"\n         loading=\"lazy\"             >\n<\/picture>\n\n        <\/div>\n        <div class=\"p-2 p-xl-3\">\n            <h6>Iris Falkenhein, MSc BA<\/h6>\n            <p class=\"mb-0 hyphens\">\n                Iris Falkenhein ist in M\u00fcnchen als Consultant im Gesundheitswesen bei Deloitte t\u00e4tig. Im Interview erz\u00e4hlt sie \u00fcber ihre Entscheidung in \u00d6sterreich ihr Masterstudium \u201eeHealth\u201c zu absolvieren, ihren aktuellen Job, Zukunftsw\u00fcnsche und Karriereziele.\n            <\/p>\n        <\/div>\n    <\/div>\n<\/a>\n          <\/div>\n                  <div class=\"col-6 col-sm-4 col-md-6 col-lg-4 col-xl-4 mb-4\">\n            <a\n    href=\"https:\/\/www.fh-joanneum.at\/digital-health-technologies\/master\/nach-dem-studium\/absolventinnen\/sonja-gradwohl-msc-bsc\/\"\n    class=\"graduate-card bg-light\"\n>\n    <div class=\"border border-light h-100\">\n        <div class=\"image-wrapper\">\n            <picture>\n                        <source\n                media=\"(max-width: 378px)\"\n                srcset=\"https:\/\/cdn3.fh-joanneum.at\/media\/sites\/139\/2025\/02\/Sonja.Gradwohl.jpg, https:\/\/cdn3.fh-joanneum.at\/media\/sites\/139\/2025\/02\/Sonja.Gradwohl.jpg 2x\"\n            \/>\n                    <source\n                media=\"(max-width: 378px)\"\n                srcset=\"https:\/\/cdn3.fh-joanneum.at\/media\/sites\/139\/2025\/02\/Sonja.Gradwohl.jpg, https:\/\/cdn3.fh-joanneum.at\/media\/sites\/139\/2025\/02\/Sonja.Gradwohl.jpg 2x\"\n            \/>\n                    <source\n                media=\"(max-width: 378px)\"\n                srcset=\"https:\/\/cdn3.fh-joanneum.at\/media\/sites\/139\/2025\/02\/Sonja.Gradwohl.jpg, https:\/\/cdn3.fh-joanneum.at\/media\/sites\/139\/2025\/02\/Sonja.Gradwohl.jpg 2x\"\n            \/>\n                    <source\n                media=\"(max-width: 378px)\"\n                srcset=\"https:\/\/cdn3.fh-joanneum.at\/media\/sites\/139\/2025\/02\/Sonja.Gradwohl.jpg, https:\/\/cdn3.fh-joanneum.at\/media\/sites\/139\/2025\/02\/Sonja.Gradwohl.jpg 2x\"\n            \/>\n                    <source\n                media=\"(max-width: 378px)\"\n                srcset=\"https:\/\/cdn3.fh-joanneum.at\/media\/sites\/139\/2025\/02\/Sonja.Gradwohl.jpg, https:\/\/cdn3.fh-joanneum.at\/media\/sites\/139\/2025\/02\/Sonja.Gradwohl.jpg 2x\"\n            \/>\n                <img decoding=\"async\"\n        class=\"img-fluid\"\n        src=\"https:\/\/cdn3.fh-joanneum.at\/media\/sites\/139\/2025\/02\/Sonja.Gradwohl.jpg\"\n        alt=\"\"\n        title=\"\"\n         loading=\"lazy\"             >\n<\/picture>\n\n        <\/div>\n        <div class=\"p-2 p-xl-3\">\n            <h6>Sonja Gradwohl, MSc BSc<\/h6>\n            <p class=\"mb-0 hyphens\">\n                Sonja Gradwohl ist in Wien als Standards Engineer bei der ELGA GmbH t\u00e4tig. Im Interview erz\u00e4hlt sie \u00fcber ihren Weg von der diplomierten Gesundheits- und Krankenpflegerin zur \u201eGesundheitsinformatik\u201c und \u201eeHealth\u201c Absolventin, die Herausforderungen, das Studieren mit Kindern und ihren aktuellen Job.\n            <\/p>\n        <\/div>\n    <\/div>\n<\/a>\n          <\/div>\n                  <div class=\"col-6 col-sm-4 col-md-6 col-lg-4 col-xl-4 mb-4\">\n            <a\n    href=\"https:\/\/www.fh-joanneum.at\/digital-health-technologies\/master\/nach-dem-studium\/absolventinnen\/gabriel-kleinoscheg-bsc-msc\/\"\n    class=\"graduate-card bg-light\"\n>\n    <div class=\"border border-light h-100\">\n        <div class=\"image-wrapper\">\n            <picture>\n                        <source\n                media=\"(max-width: 576px)\"\n                srcset=\"https:\/\/cdn3.fh-joanneum.at\/media\/sites\/139\/2025\/02\/gabriel-kleinoscheg-2-576x384.jpg, https:\/\/cdn3.fh-joanneum.at\/media\/sites\/139\/2025\/02\/gabriel-kleinoscheg-2-768x512.jpg 2x\"\n            \/>\n                    <source\n                media=\"(max-width: 768px)\"\n                srcset=\"https:\/\/cdn3.fh-joanneum.at\/media\/sites\/139\/2025\/02\/gabriel-kleinoscheg-2-768x512.jpg, https:\/\/cdn3.fh-joanneum.at\/media\/sites\/139\/2025\/02\/gabriel-kleinoscheg-2-1024x682.jpg 2x\"\n            \/>\n                    <source\n                media=\"(max-width: 1024px)\"\n                srcset=\"https:\/\/cdn3.fh-joanneum.at\/media\/sites\/139\/2025\/02\/gabriel-kleinoscheg-2-1024x682.jpg, https:\/\/cdn3.fh-joanneum.at\/media\/sites\/139\/2025\/02\/gabriel-kleinoscheg-2-1536x1024.jpg 2x\"\n            \/>\n                    <source\n                media=\"(max-width: 1536px)\"\n                srcset=\"https:\/\/cdn3.fh-joanneum.at\/media\/sites\/139\/2025\/02\/gabriel-kleinoscheg-2-1536x1024.jpg, https:\/\/cdn3.fh-joanneum.at\/media\/sites\/139\/2025\/02\/gabriel-kleinoscheg-2.jpg 2x\"\n            \/>\n                    <source\n                media=\"(max-width: 1772px)\"\n                srcset=\"https:\/\/cdn3.fh-joanneum.at\/media\/sites\/139\/2025\/02\/gabriel-kleinoscheg-2.jpg, https:\/\/cdn3.fh-joanneum.at\/media\/sites\/139\/2025\/02\/gabriel-kleinoscheg-2.jpg 2x\"\n            \/>\n                <img decoding=\"async\"\n        class=\"img-fluid\"\n        src=\"https:\/\/cdn3.fh-joanneum.at\/media\/sites\/139\/2025\/02\/gabriel-kleinoscheg-2.jpg\"\n        alt=\"\"\n        title=\"\"\n         loading=\"lazy\"             >\n<\/picture>\n\n        <\/div>\n        <div class=\"p-2 p-xl-3\">\n            <h6>Gabriel Kleinoscheg BSc, MSc<\/h6>\n            <p class=\"mb-0 hyphens\">\n                Gabriel Kleinoscheg hat an der FH JOANNEUM das Bachelor-Studium &#8220;Gesundheitsinformatik \/ eHealth&#8221; und das Masterstudium &#8220;eHealth&#8221; absolviert. Als Datenmanager an der Medizinischen Universit\u00e4t Wien erf\u00e4hrt er viel \u00fcber die aktuellen Entwicklungen im Bereich der klinischen Forschung. \n            <\/p>\n        <\/div>\n    <\/div>\n<\/a>\n          <\/div>\n                  <div class=\"col-6 col-sm-4 col-md-6 col-lg-4 col-xl-4 mb-4\">\n            <a\n    href=\"https:\/\/www.fh-joanneum.at\/digital-health-technologies\/master\/nach-dem-studium\/absolventinnen\/sabine-muhri-bsc-msc\/\"\n    class=\"graduate-card bg-light\"\n>\n    <div class=\"border border-light h-100\">\n        <div class=\"image-wrapper\">\n            <picture>\n                        <source\n                media=\"(max-width: 416px)\"\n                srcset=\"https:\/\/cdn3.fh-joanneum.at\/media\/sites\/139\/2025\/02\/sabine-muhri-2-416x576.jpg, https:\/\/cdn3.fh-joanneum.at\/media\/sites\/139\/2025\/02\/sabine-muhri-2-768x1064.jpg 2x\"\n            \/>\n                    <source\n                media=\"(max-width: 768px)\"\n                srcset=\"https:\/\/cdn3.fh-joanneum.at\/media\/sites\/139\/2025\/02\/sabine-muhri-2-768x1064.jpg, https:\/\/cdn3.fh-joanneum.at\/media\/sites\/139\/2025\/02\/sabine-muhri-2-739x1024.jpg 2x\"\n            \/>\n                    <source\n                media=\"(max-width: 739px)\"\n                srcset=\"https:\/\/cdn3.fh-joanneum.at\/media\/sites\/139\/2025\/02\/sabine-muhri-2-739x1024.jpg, https:\/\/cdn3.fh-joanneum.at\/media\/sites\/139\/2025\/02\/sabine-muhri-2-1109x1536.jpg 2x\"\n            \/>\n                    <source\n                media=\"(max-width: 1109px)\"\n                srcset=\"https:\/\/cdn3.fh-joanneum.at\/media\/sites\/139\/2025\/02\/sabine-muhri-2-1109x1536.jpg, https:\/\/cdn3.fh-joanneum.at\/media\/sites\/139\/2025\/02\/sabine-muhri-2-1479x2048.jpg 2x\"\n            \/>\n                    <source\n                media=\"(max-width: 1479px)\"\n                srcset=\"https:\/\/cdn3.fh-joanneum.at\/media\/sites\/139\/2025\/02\/sabine-muhri-2-1479x2048.jpg, https:\/\/cdn3.fh-joanneum.at\/media\/sites\/139\/2025\/02\/sabine-muhri-2.jpg 2x\"\n            \/>\n                <img decoding=\"async\"\n        class=\"img-fluid\"\n        src=\"https:\/\/cdn3.fh-joanneum.at\/media\/sites\/139\/2025\/02\/sabine-muhri-2.jpg\"\n        alt=\"\"\n        title=\"\"\n         loading=\"lazy\"             >\n<\/picture>\n\n        <\/div>\n        <div class=\"p-2 p-xl-3\">\n            <h6>Sabine Muhri BSc, MSc<\/h6>\n            <p class=\"mb-0 hyphens\">\n                Sabine Muhri ist bei den Geriatrischen Gesundheitszentren der Stadt Graz (GGZ) in der Position \u201eeHealth\u201c besch\u00e4ftigt.  Sie hat den Bachelorstudiengang &#8220;Gesundheitsinformatik \/ eHealth&#8221; und den Masterstudiengang &#8220;eHealth&#8221; an der FH JOANNEUM absolviert.\n            <\/p>\n        <\/div>\n    <\/div>\n<\/a>\n          <\/div>\n                  <div class=\"col-6 col-sm-4 col-md-6 col-lg-4 col-xl-4 mb-4\">\n            <a\n    href=\"https:\/\/www.fh-joanneum.at\/digital-health-technologies\/master\/nach-dem-studium\/absolventinnen\/robert-rehb-bsc-msc\/\"\n    class=\"graduate-card bg-light\"\n>\n    <div class=\"border border-light h-100\">\n        <div class=\"image-wrapper\">\n            <picture>\n                        <source\n                media=\"(max-width: 461px)\"\n                srcset=\"https:\/\/cdn3.fh-joanneum.at\/media\/sites\/139\/2025\/02\/robert-rehb-461x576.jpg, https:\/\/cdn3.fh-joanneum.at\/media\/sites\/139\/2025\/02\/robert-rehb-768x960.jpg 2x\"\n            \/>\n                    <source\n                media=\"(max-width: 768px)\"\n                srcset=\"https:\/\/cdn3.fh-joanneum.at\/media\/sites\/139\/2025\/02\/robert-rehb-768x960.jpg, https:\/\/cdn3.fh-joanneum.at\/media\/sites\/139\/2025\/02\/robert-rehb-819x1024.jpg 2x\"\n            \/>\n                    <source\n                media=\"(max-width: 819px)\"\n                srcset=\"https:\/\/cdn3.fh-joanneum.at\/media\/sites\/139\/2025\/02\/robert-rehb-819x1024.jpg, https:\/\/cdn3.fh-joanneum.at\/media\/sites\/139\/2025\/02\/robert-rehb-1229x1536.jpg 2x\"\n            \/>\n                    <source\n                media=\"(max-width: 1229px)\"\n                srcset=\"https:\/\/cdn3.fh-joanneum.at\/media\/sites\/139\/2025\/02\/robert-rehb-1229x1536.jpg, https:\/\/cdn3.fh-joanneum.at\/media\/sites\/139\/2025\/02\/robert-rehb-1638x2048.jpg 2x\"\n            \/>\n                    <source\n                media=\"(max-width: 1638px)\"\n                srcset=\"https:\/\/cdn3.fh-joanneum.at\/media\/sites\/139\/2025\/02\/robert-rehb-1638x2048.jpg, https:\/\/cdn3.fh-joanneum.at\/media\/sites\/139\/2025\/02\/robert-rehb.jpg 2x\"\n            \/>\n                <img decoding=\"async\"\n        class=\"img-fluid\"\n        src=\"https:\/\/cdn3.fh-joanneum.at\/media\/sites\/139\/2025\/02\/robert-rehb.jpg\"\n        alt=\"\"\n        title=\"\"\n         loading=\"lazy\"             >\n<\/picture>\n\n        <\/div>\n        <div class=\"p-2 p-xl-3\">\n            <h6>Robert Rehb BSc, MSc<\/h6>\n            <p class=\"mb-0 hyphens\">\n                Seit 2016 arbeitet Robert Rehb als Researcher am Institut eHealth an der FH JOANNEUM. Er hat zuvor das Bachelorstudium Gesundheitsinformatik \/ eHealth und den eHealth-Master an der FH JOANNEUM absolviert.\n            <\/p>\n        <\/div>\n    <\/div>\n<\/a>\n          <\/div>\n                  <div class=\"col-6 col-sm-4 col-md-6 col-lg-4 col-xl-4 mb-4\">\n            <a\n    href=\"https:\/\/www.fh-joanneum.at\/digital-health-technologies\/master\/nach-dem-studium\/absolventinnen\/viktoria-hohenbichler-bsc-msc\/\"\n    class=\"graduate-card bg-light\"\n>\n    <div class=\"border border-light h-100\">\n        <div class=\"image-wrapper\">\n            <picture>\n                        <source\n                media=\"(max-width: 405px)\"\n                srcset=\"https:\/\/cdn3.fh-joanneum.at\/media\/sites\/139\/2025\/02\/viktoria-hohenbichler-bsc-msc-2-405x576.jpg, https:\/\/cdn3.fh-joanneum.at\/media\/sites\/139\/2025\/02\/viktoria-hohenbichler-bsc-msc-2-768x1093.jpg 2x\"\n            \/>\n                    <source\n                media=\"(max-width: 768px)\"\n                srcset=\"https:\/\/cdn3.fh-joanneum.at\/media\/sites\/139\/2025\/02\/viktoria-hohenbichler-bsc-msc-2-768x1093.jpg, https:\/\/cdn3.fh-joanneum.at\/media\/sites\/139\/2025\/02\/viktoria-hohenbichler-bsc-msc-2-720x1024.jpg 2x\"\n            \/>\n                    <source\n                media=\"(max-width: 720px)\"\n                srcset=\"https:\/\/cdn3.fh-joanneum.at\/media\/sites\/139\/2025\/02\/viktoria-hohenbichler-bsc-msc-2-720x1024.jpg, https:\/\/cdn3.fh-joanneum.at\/media\/sites\/139\/2025\/02\/viktoria-hohenbichler-bsc-msc-2-1079x1536.jpg 2x\"\n            \/>\n                    <source\n                media=\"(max-width: 1079px)\"\n                srcset=\"https:\/\/cdn3.fh-joanneum.at\/media\/sites\/139\/2025\/02\/viktoria-hohenbichler-bsc-msc-2-1079x1536.jpg, https:\/\/cdn3.fh-joanneum.at\/media\/sites\/139\/2025\/02\/viktoria-hohenbichler-bsc-msc-2-1439x2048.jpg 2x\"\n            \/>\n                    <source\n                media=\"(max-width: 1439px)\"\n                srcset=\"https:\/\/cdn3.fh-joanneum.at\/media\/sites\/139\/2025\/02\/viktoria-hohenbichler-bsc-msc-2-1439x2048.jpg, https:\/\/cdn3.fh-joanneum.at\/media\/sites\/139\/2025\/02\/viktoria-hohenbichler-bsc-msc-2-scaled.jpg 2x\"\n            \/>\n                <img decoding=\"async\"\n        class=\"img-fluid\"\n        src=\"https:\/\/cdn3.fh-joanneum.at\/media\/sites\/139\/2025\/02\/viktoria-hohenbichler-bsc-msc-2-scaled.jpg\"\n        alt=\"\"\n        title=\"\"\n         loading=\"lazy\"             >\n<\/picture>\n\n        <\/div>\n        <div class=\"p-2 p-xl-3\">\n            <h6>Viktoria Hohenbichler, BSc MSc<\/h6>\n            <p class=\"mb-0 hyphens\">\n                Viktoria Hohenbichler ist in Wien als Infrastructure Coordinator bei der SVC, der Sozialversicherungs-Chipkarten Betriebs- und Errichtungsges.m.b.H. t\u00e4tig. Im Interview erz\u00e4hlt sie \u00fcber ihr Studium \u201eGesundheitsinformatik\u201c und \u201eeHealth\u201c, ihren Job und was sie sich in Zukunft w\u00fcnscht.\n            <\/p>\n        <\/div>\n    <\/div>\n<\/a>\n          <\/div>\n                  <\/div>\n  <\/div>\n<\/div>\n","protected":false},"excerpt":{"rendered":"<p>Wir haben einige unserer ehemaligen Studierenden portraitiert. So k\u00f6nnen Sie sich selbst ein Bild \u00fcber die Berufs- und Karrierem\u00f6glichkeiten machen.<\/p>\n","protected":false},"author":143,"featured_media":0,"parent":14,"menu_order":20,"comment_status":"closed","ping_status":"closed","template":"","meta":{"_acf_changed":false,"footnotes":""},"acf":[],"aioseo_notices":[],"_links":{"self":[{"href":"https:\/\/www.fh-joanneum.at\/digital-health-technologies\/master\/wp-json\/wp\/v2\/pages\/260"}],"collection":[{"href":"https:\/\/www.fh-joanneum.at\/digital-health-technologies\/master\/wp-json\/wp\/v2\/pages"}],"about":[{"href":"https:\/\/www.fh-joanneum.at\/digital-health-technologies\/master\/wp-json\/wp\/v2\/types\/page"}],"author":[{"embeddable":true,"href":"https:\/\/www.fh-joanneum.at\/digital-health-technologies\/master\/wp-json\/wp\/v2\/users\/143"}],"replies":[{"embeddable":true,"href":"https:\/\/www.fh-joanneum.at\/digital-health-technologies\/master\/wp-json\/wp\/v2\/comments?post=260"}],"version-history":[{"count":1,"href":"https:\/\/www.fh-joanneum.at\/digital-health-technologies\/master\/wp-json\/wp\/v2\/pages\/260\/revisions"}],"predecessor-version":[{"id":261,"href":"https:\/\/www.fh-joanneum.at\/digital-health-technologies\/master\/wp-json\/wp\/v2\/pages\/260\/revisions\/261"}],"up":[{"embeddable":true,"href":"https:\/\/www.fh-joanneum.at\/digital-health-technologies\/master\/wp-json\/wp\/v2\/pages\/14"}],"wp:attachment":[{"href":"https:\/\/www.fh-joanneum.at\/digital-health-technologies\/master\/wp-json\/wp\/v2\/media?parent=260"}],"curies":[{"name":"wp","href":"https:\/\/api.w.org\/{rel}","templated":true}]}}