{"id":29,"date":"2025-02-14T12:45:12","date_gmt":"2025-02-14T11:45:12","guid":{"rendered":"https:\/\/www.fh-joanneum.at\/digital-health-technologies\/master\/?page_id=29"},"modified":"2025-02-14T12:45:14","modified_gmt":"2025-02-14T11:45:14","slug":"voraussetzungen","status":"publish","type":"page","link":"https:\/\/www.fh-joanneum.at\/digital-health-technologies\/master\/vor-dem-studium\/voraussetzungen\/","title":{"rendered":"Voraussetzungen"},"content":{"rendered":"<div id=\"\" class=\"wp-block-text-content margin-bottom-normal\">\n    <div class=\"container-lg\">\n        <div class=\"row\">\n            <div class=\"col\">\n                <h3>Voraussetzungen f&uuml;r das Studium<\/h3>\n<p>Die Studienrichtung &bdquo;Digital Health Technologies&rdquo; des Masterstudiums &bdquo;eHealth&ldquo; ist prinzipiell f&uuml;r Bewerber:innen mit Vorkenntnissen in Informatik, Gesundheit oder Wirtschaft geeignet. Wichtig ist es, dass Sie sehr gute IT-Anwenderkenntnisse mitbringen und auch Freude im Umgang mit IT haben. Sie m&uuml;ssen bei uns keine Kurse nachmachen, Sie sollten sich jedoch im Vorfeld &uuml;ber einige Themenbereiche informieren:<\/p>\n<ul>\n<li>Allgemeine IT-Kenntnisse: Prinzipielle Kenntnisse &uuml;ber Programmierung in JAVA und SQL-Datenbanken sowie einige Grundlagen in Netzwerktechnik (TCP\/IP)<\/li>\n<li>Medizininformatik-Kenntnisse: Grundlegende Kenntnisse &uuml;ber medizinische Standards (HL7-CDA, ICD, DICOM, LOINC, etc.) und ELGA<\/li>\n<li>Kenntnisse &uuml;ber das Gesundheitssystem: &Uuml;berblick &uuml;ber die Aufgaben von Krankenanstalten, Krankenversicherungen, den niedergelassenem beziehungsweise ambulantem Bereich, Finanzierung im Gesundheitswesen, anderen Gesundheitsberufen, etc. sowie grundlegende Kenntnisse &uuml;ber die Rolle von eHealth in &Ouml;sterreich und international<\/li>\n<\/ul>\n<p>Als sprachliche Voraussetzungen m&uuml;ssen die Bewerber:innen Deutsch auf der Stufe B2 gem&auml;&szlig; den Kriterien des gemeinsamen europ&auml;ischen Referenzrahmens beherrschen.<\/p>\n<p>Bewerber:innen mit einem Bachelorabschluss erf&uuml;llen die Voraussetzungen zur G&auml;nze, wenn Sie ein Informatikstudium absolviert haben, wie zum Beispiel <strong>Informationsmanagement, Internettechnik, (Mobile) Software Design, Mobile Software Development, Wirtschaftsinformatik, Biomedical Engineering, Gesundheitsinformatik oder Softwareentwicklung<\/strong>.<\/p>\n<p>Auch Bachelorabsolventinnen und -absolventen von Gesundheits- oder Wirtschaftsstudienrichtungen, wie zum Beispiel <strong>Radiologietechnologie, Biomedizinische Analytik, Di&auml;tologie, Physiotherapie, Ergotherapie, Logop&auml;die, Hebammenwesen, Gesundheits- und Krankenpflege, Gesundheitsmanagement, Wirtschaftsingenieurwesen oder auch Betriebswirtschaftslehre<\/strong>, erf&uuml;llen die Voraussetzungen. Von den Bewerber:innen werden hier allerdings <strong>IT-Affinit&auml;t<\/strong> und <strong>Informatikgrundkenntnisse<\/strong> in Softwareentwicklung, Datenbanken und Netzwerktechnologie erwartet. Diese IT-Grundkenntnisse k&ouml;nnen auch aus der Sekundarstufe (zum Beispiel einer HTL oder Laptop-Klasse, etc.), aus privatem Interesse oder vorangegangener Berufst&auml;tigkeit stammen.<\/p>\n\n            <\/div>\n        <\/div>\n            <\/div>\n<\/div>\n\n\n<div\n    id=\"\"\n    class=\"wp-block-tipp-box margin-bottom-normal\"\n>\n    <div class=\"container-lg\">\n        <div class=\"row\">\n            <div class=\"col\">\n                <div class=\"tipp-box border border-warning\">\n                    <div class=\"tipp-box-inner p-2 p-md-3\">\n                        <h4 class=\"\">Tipp<\/h4>\n                        <p>Individuelle F\u00e4lle k\u00f6nnen mit der Studiengangleitung besprochen werden. Anrechnung beziehungsweise F\u00e4chertausch ist prinzipiell m\u00f6glich.<\/p>\n\n                    <\/div>\n                <\/div>\n            <\/div>\n        <\/div>\n    <\/div>\n<\/div>\n\n\n<div id=\"\" class=\"wp-block-text-content margin-bottom-normal\">\n    <div class=\"container-lg\">\n        <div class=\"row\">\n            <div class=\"col\">\n                <p>Auswahl von einigen Studieng&auml;ngen, f&uuml;r die die Voraussetzungen f&uuml;r den eHealth-Master zur G&auml;nze gegeben sind:<\/p>\n<ul>\n<li>Biomedical Engineering (TU Graz)<\/li>\n<li>Biomedical Engineering (FH Technikum Wien)<\/li>\n<li>Medizin- und Bioinformatik (FH Ober&ouml;sterreich)<\/li>\n<li>Medizintechnik (FH K&auml;rnten)<\/li>\n<li>Medizintechnik (FH Ober&ouml;sterreich)<\/li>\n<li>Data Science in der Medizin (HS Ulm)<\/li>\n<li>Informationsmanagement im Gesundheitswesen (HS Ulm).<\/li>\n<\/ul>\n<p>In nicht eindeutigen F&auml;llen obliegt es der Studiengangsleitung zu entscheiden, ob die Zugangsvoraussetzungen erf&uuml;llt sind. Eine verbindliche Auskunft dar&uuml;ber erhalten Sie nach Einlangen Ihrer vollst&auml;ndigen Bewerbungsunterlagen.<\/p>\n<h4>Sie sind keine &ouml;sterreichische Staatsb&uuml;rgerin oder kein &ouml;sterreichischer Staatsb&uuml;rger?<\/h4>\n<p>F&uuml;r Sie gibt es einige Besonderheiten zu beachten. Mehr Informationen dazu finden Sie in unter dem Men&uuml;punkt <strong>Internationale Bewerber:innen<\/strong>.<\/p>\n\n            <\/div>\n        <\/div>\n            <\/div>\n<\/div>\n","protected":false},"excerpt":{"rendered":"<p>Diese Voraussetzungen m\u00fcssen Sie f\u00fcr das Studium erf\u00fcllen.<\/p>\n","protected":false},"author":143,"featured_media":0,"parent":5,"menu_order":20,"comment_status":"closed","ping_status":"closed","template":"","meta":{"_acf_changed":false,"footnotes":""},"acf":[],"aioseo_notices":[],"_links":{"self":[{"href":"https:\/\/www.fh-joanneum.at\/digital-health-technologies\/master\/wp-json\/wp\/v2\/pages\/29"}],"collection":[{"href":"https:\/\/www.fh-joanneum.at\/digital-health-technologies\/master\/wp-json\/wp\/v2\/pages"}],"about":[{"href":"https:\/\/www.fh-joanneum.at\/digital-health-technologies\/master\/wp-json\/wp\/v2\/types\/page"}],"author":[{"embeddable":true,"href":"https:\/\/www.fh-joanneum.at\/digital-health-technologies\/master\/wp-json\/wp\/v2\/users\/143"}],"replies":[{"embeddable":true,"href":"https:\/\/www.fh-joanneum.at\/digital-health-technologies\/master\/wp-json\/wp\/v2\/comments?post=29"}],"version-history":[{"count":2,"href":"https:\/\/www.fh-joanneum.at\/digital-health-technologies\/master\/wp-json\/wp\/v2\/pages\/29\/revisions"}],"predecessor-version":[{"id":31,"href":"https:\/\/www.fh-joanneum.at\/digital-health-technologies\/master\/wp-json\/wp\/v2\/pages\/29\/revisions\/31"}],"up":[{"embeddable":true,"href":"https:\/\/www.fh-joanneum.at\/digital-health-technologies\/master\/wp-json\/wp\/v2\/pages\/5"}],"wp:attachment":[{"href":"https:\/\/www.fh-joanneum.at\/digital-health-technologies\/master\/wp-json\/wp\/v2\/media?parent=29"}],"curies":[{"name":"wp","href":"https:\/\/api.w.org\/{rel}","templated":true}]}}