{"id":45,"date":"2025-02-14T13:39:37","date_gmt":"2025-02-14T12:39:37","guid":{"rendered":"https:\/\/www.fh-joanneum.at\/digital-health-technologies\/master\/?page_id=45"},"modified":"2025-02-14T13:39:39","modified_gmt":"2025-02-14T12:39:39","slug":"aufnahmeverfahren","status":"publish","type":"page","link":"https:\/\/www.fh-joanneum.at\/digital-health-technologies\/master\/vor-dem-studium\/aufnahmeverfahren\/","title":{"rendered":"Aufnahmeverfahren"},"content":{"rendered":"<div id=\"\" class=\"wp-block-text-content margin-bottom-normal\">\n    <div class=\"container-lg\">\n        <div class=\"row\">\n            <div class=\"col\">\n                <h3>Aufnahmeverfahren<\/h3>\n<p>Das Aufnahmeverfahren setzt sich zusammen aus:<\/p>\n<ul>\n<li>einer vollst&auml;ndigen Bewerbung,<\/li>\n<li>einem Online-Fachgespr&auml;ch,<\/li>\n<li>einem Online-Gespr&auml;ch mit der Aufnahmekommission und<\/li>\n<li>der Bewertung der vorangegangenen Ausbildung.<\/li>\n<\/ul>\n<p>Die Form der Bewerbung flie&szlig;t in die Beurteilung ein. Informationen mit allen Details zum Online-Aufnahmeverfahren erhalten Sie zeitgerecht vor dem Termin per E-Mail.<\/p>\n<h4>Das Online-Fachgespr&auml;ch<\/h4>\n<p>Sie werden zum Online-Fachgespr&auml;ch eingeladen, wenn Sie die Voraussetzungen f&uuml;r die Zulassung erf&uuml;llen und Ihre Bewerbung vollst&auml;ndig und fristgerecht eingereicht haben. Dieses Fachgespr&auml;ch dauert in etwa 20 bis 25 Minuten und zeigt, ob Sie sich f&uuml;r das Studium eignen.<\/p>\n<h4>Das Online-Gespr&auml;ch<\/h4>\n<p>Im Anschluss an das Fachgespr&auml;ch findet ein pers&ouml;nliches Bewerbungsgespr&auml;ch statt. Sie f&uuml;hren das Online-Gespr&auml;ch mit der Aufnahmekommission des Studiengangs. Es dauert in etwa 20 bis 25 Minuten.<\/p>\n\n            <\/div>\n        <\/div>\n            <\/div>\n<\/div>\n\n\n<div\n    id=\"\"\n    class=\"wp-block-tipp-box margin-bottom-normal\"\n>\n    <div class=\"container-lg\">\n        <div class=\"row\">\n            <div class=\"col\">\n                <div class=\"tipp-box border border-warning\">\n                    <div class=\"tipp-box-inner p-2 p-md-3\">\n                        <h4 class=\"\">Tipp<\/h4>\n                        <p>Im Gespr\u00e4ch haben Sie die M\u00f6glichkeit, Ihr Fachwissen sowie Ihre Motivation, Eignung und Begabung f\u00fcr das Studium und den Beruf darzulegen. \u00dcberzeugen Sie durch Ihren Lebenslauf, Ihr Interesse an den Studieninhalten und Ihre Pers\u00f6nlichkeit.<\/p>\n\n                    <\/div>\n                <\/div>\n            <\/div>\n        <\/div>\n    <\/div>\n<\/div>\n\n\n<div id=\"\" class=\"wp-block-text-content margin-bottom-normal\">\n    <div class=\"container-lg\">\n        <div class=\"row\">\n            <div class=\"col\">\n                <h4>Bewertung der vorangegangenen Ausbildung und der beruflichen Erfahrung<\/h4>\n<p>Als zus&auml;tzliche Kriterien f&uuml;r die Aufnahmeentscheidung werden berufliche Erfahrungen und die berufsqualifizierende Aus- und Weiterbildung ber&uuml;cksichtigt.<\/p>\n\n            <\/div>\n        <\/div>\n            <\/div>\n<\/div>\n","protected":false},"excerpt":{"rendered":"<p>Im Zuge des Aufnahmeverfahrens ermitteln wir Ihre pers\u00f6nlichen F\u00e4higkeiten und Potenziale f\u00fcr das Studium. Was Sie genau erwartet, und wie Sie sich darauf vorbereiten k\u00f6nnen.<\/p>\n","protected":false},"author":143,"featured_media":0,"parent":5,"menu_order":50,"comment_status":"closed","ping_status":"closed","template":"","meta":{"_acf_changed":false,"footnotes":""},"acf":[],"aioseo_notices":[],"_links":{"self":[{"href":"https:\/\/www.fh-joanneum.at\/digital-health-technologies\/master\/wp-json\/wp\/v2\/pages\/45"}],"collection":[{"href":"https:\/\/www.fh-joanneum.at\/digital-health-technologies\/master\/wp-json\/wp\/v2\/pages"}],"about":[{"href":"https:\/\/www.fh-joanneum.at\/digital-health-technologies\/master\/wp-json\/wp\/v2\/types\/page"}],"author":[{"embeddable":true,"href":"https:\/\/www.fh-joanneum.at\/digital-health-technologies\/master\/wp-json\/wp\/v2\/users\/143"}],"replies":[{"embeddable":true,"href":"https:\/\/www.fh-joanneum.at\/digital-health-technologies\/master\/wp-json\/wp\/v2\/comments?post=45"}],"version-history":[{"count":1,"href":"https:\/\/www.fh-joanneum.at\/digital-health-technologies\/master\/wp-json\/wp\/v2\/pages\/45\/revisions"}],"predecessor-version":[{"id":46,"href":"https:\/\/www.fh-joanneum.at\/digital-health-technologies\/master\/wp-json\/wp\/v2\/pages\/45\/revisions\/46"}],"up":[{"embeddable":true,"href":"https:\/\/www.fh-joanneum.at\/digital-health-technologies\/master\/wp-json\/wp\/v2\/pages\/5"}],"wp:attachment":[{"href":"https:\/\/www.fh-joanneum.at\/digital-health-technologies\/master\/wp-json\/wp\/v2\/media?parent=45"}],"curies":[{"name":"wp","href":"https:\/\/api.w.org\/{rel}","templated":true}]}}