{"id":146,"date":"2025-02-20T11:30:28","date_gmt":"2025-02-20T10:30:28","guid":{"rendered":"https:\/\/www.fh-joanneum.at\/digital-transformation-in-healthcare\/master\/?page_id=146"},"modified":"2025-02-20T14:01:10","modified_gmt":"2025-02-20T13:01:10","slug":"kooperation-mit-quickticket","status":"publish","type":"page","link":"https:\/\/www.fh-joanneum.at\/digital-transformation-in-healthcare\/master\/im-studium\/ehealth-unternehmen\/kooperation-mit-quickticket\/","title":{"rendered":"Kooperation mit Quickticket"},"content":{"rendered":"<div id=\"\" class=\"wp-block-text-content margin-bottom-normal\">\n    <div class=\"container-lg\">\n        <div class=\"row\">\n            <div class=\"col\">\n                <p>Katharina Feiertag, BSc MSc, absolvierte den Bachelor- und Masterstudiengang &bdquo;eHealth&ldquo; und gr&uuml;ndete noch w&auml;hrend ihres Masterstudiums das Start-up <a href=\"https:\/\/quickticket.io\/\" target=\"_blank\" rel=\"noopener noreferrer\">Quickticket GmbH<\/a>, das sich auf die Digitalisierung diverser Prozesse in der Patientenversorgung spezialisiert hat. Denn viele Prozesse sind von Ineffizienz gepr&auml;gt, bei denen innovative Softwarel&ouml;sungen Abhilfe schaffen k&ouml;nnen. Hier stellt Katharina Feiertag uns das Unternehmen vor und erz&auml;hlt von welchen Studieninhalten sie im Berufsleben profitiert.<\/p>\n\n            <\/div>\n        <\/div>\n            <\/div>\n<\/div>\n\n\n<div\n    id=\"\"\n    class=\"wp-block-content-image margin-bottom-normal\"\n>\n    <div class=\"container-lg\">\n        <div class=\"row\">\n            <div class=\"col-12\">\n                <div >\n\n                    <div class=\"image-wrapper\">\n                        <picture>\n                        <source\n                media=\"(max-width: 460px)\"\n                srcset=\"https:\/\/cdn3.fh-joanneum.at\/media\/sites\/138\/2025\/02\/kooperation-mit-quickticket-7-460x576.png, https:\/\/cdn3.fh-joanneum.at\/media\/sites\/138\/2025\/02\/kooperation-mit-quickticket-7-768x961.png 2x\"\n            \/>\n                    <source\n                media=\"(max-width: 768px)\"\n                srcset=\"https:\/\/cdn3.fh-joanneum.at\/media\/sites\/138\/2025\/02\/kooperation-mit-quickticket-7-768x961.png, https:\/\/cdn3.fh-joanneum.at\/media\/sites\/138\/2025\/02\/kooperation-mit-quickticket-7-818x1024.png 2x\"\n            \/>\n                    <source\n                media=\"(max-width: 818px)\"\n                srcset=\"https:\/\/cdn3.fh-joanneum.at\/media\/sites\/138\/2025\/02\/kooperation-mit-quickticket-7-818x1024.png, https:\/\/cdn3.fh-joanneum.at\/media\/sites\/138\/2025\/02\/kooperation-mit-quickticket-7.png 2x\"\n            \/>\n                    <source\n                media=\"(max-width: 1050px)\"\n                srcset=\"https:\/\/cdn3.fh-joanneum.at\/media\/sites\/138\/2025\/02\/kooperation-mit-quickticket-7.png, https:\/\/cdn3.fh-joanneum.at\/media\/sites\/138\/2025\/02\/kooperation-mit-quickticket-7.png 2x\"\n            \/>\n                    <source\n                media=\"(max-width: 1050px)\"\n                srcset=\"https:\/\/cdn3.fh-joanneum.at\/media\/sites\/138\/2025\/02\/kooperation-mit-quickticket-7.png, https:\/\/cdn3.fh-joanneum.at\/media\/sites\/138\/2025\/02\/kooperation-mit-quickticket-7.png 2x\"\n            \/>\n                <img decoding=\"async\"\n        class=\"img-fluid @if ($image_credit || $media_subtitle) mb-2 @endif @if ($lightbox) modal-trigger @endif\" @click=\"modal = !modal\" aria-expanded=\"false\"\n        src=\"https:\/\/cdn3.fh-joanneum.at\/media\/sites\/138\/2025\/02\/kooperation-mit-quickticket-7.png\"\n        alt=\"\"\n        title=\"\"\n         loading=\"lazy\"             >\n<\/picture>\n\n                                                    <p class=\"text-muted fst-italic\">Photo: \u00a9 Quickticket GmbH<\/p>\n                                                                            <p class=\"text-muted\">Das Quickticket-Team, vorne  Katharina Feiertag und Armin Dax-Sinkovits<\/p>\n                                            <\/div>\n\n                                    <\/div>\n\n            <\/div>\n        <\/div>\n    <\/div>\n<\/div>\n\n\n<div\n    id=\"\"\n    class=\"wp-block-content-image margin-bottom-normal\"\n>\n    <div class=\"container-lg\">\n        <div class=\"row\">\n            <div class=\"col-12\">\n                <div >\n\n                    <div class=\"image-wrapper\">\n                        <picture>\n                        <source\n                media=\"(max-width: 576px)\"\n                srcset=\"https:\/\/cdn3.fh-joanneum.at\/media\/sites\/138\/2025\/02\/kooperation-mit-quickticket-11-2048x305-1-576x86.png, https:\/\/cdn3.fh-joanneum.at\/media\/sites\/138\/2025\/02\/kooperation-mit-quickticket-11-2048x305-1-768x114.png 2x\"\n            \/>\n                    <source\n                media=\"(max-width: 768px)\"\n                srcset=\"https:\/\/cdn3.fh-joanneum.at\/media\/sites\/138\/2025\/02\/kooperation-mit-quickticket-11-2048x305-1-768x114.png, https:\/\/cdn3.fh-joanneum.at\/media\/sites\/138\/2025\/02\/kooperation-mit-quickticket-11-2048x305-1-1024x153.png 2x\"\n            \/>\n                    <source\n                media=\"(max-width: 1024px)\"\n                srcset=\"https:\/\/cdn3.fh-joanneum.at\/media\/sites\/138\/2025\/02\/kooperation-mit-quickticket-11-2048x305-1-1024x153.png, https:\/\/cdn3.fh-joanneum.at\/media\/sites\/138\/2025\/02\/kooperation-mit-quickticket-11-2048x305-1-1536x229.png 2x\"\n            \/>\n                    <source\n                media=\"(max-width: 1536px)\"\n                srcset=\"https:\/\/cdn3.fh-joanneum.at\/media\/sites\/138\/2025\/02\/kooperation-mit-quickticket-11-2048x305-1-1536x229.png, https:\/\/cdn3.fh-joanneum.at\/media\/sites\/138\/2025\/02\/kooperation-mit-quickticket-11-2048x305-1.png 2x\"\n            \/>\n                    <source\n                media=\"(max-width: 2048px)\"\n                srcset=\"https:\/\/cdn3.fh-joanneum.at\/media\/sites\/138\/2025\/02\/kooperation-mit-quickticket-11-2048x305-1.png, https:\/\/cdn3.fh-joanneum.at\/media\/sites\/138\/2025\/02\/kooperation-mit-quickticket-11-2048x305-1.png 2x\"\n            \/>\n                <img decoding=\"async\"\n        class=\"img-fluid @if ($image_credit || $media_subtitle) mb-2 @endif @if ($lightbox) modal-trigger @endif\" @click=\"modal = !modal\" aria-expanded=\"false\"\n        src=\"https:\/\/cdn3.fh-joanneum.at\/media\/sites\/138\/2025\/02\/kooperation-mit-quickticket-11-2048x305-1.png\"\n        alt=\"\"\n        title=\"\"\n         loading=\"lazy\"             >\n<\/picture>\n\n                                                                    <\/div>\n\n                                    <\/div>\n\n            <\/div>\n        <\/div>\n    <\/div>\n<\/div>\n\n\n<div id=\"\" class=\"wp-block-text-content margin-bottom-normal\">\n    <div class=\"container-lg\">\n        <div class=\"row\">\n            <div class=\"col\">\n                <h5>Smartes Wartemanagement in Gesundheitseinrichtungen<\/h5>\n<p>Die erste L&ouml;sung, die von dem Unternehmen auf den Markt gebracht wurde, ist das gleichnamige Produkt Quickticket. Es ist das erste smarte Wartelisten-Management-System f&uuml;r Gesundheitseinrichtungen, das durch einen Machine-Learning-Algorithmus und dem Schaffen von Transparenz f&uuml;r das optimale Zeitmanagement unter Einbeziehung aller Walk-In-Patientinnen und -patienten, Terminpatientinnen und -patienten sowie von Notf&auml;llen sorgt.<\/p>\n<p>Quickticket bietet die notwendige Flexibilit&auml;t, die es im Gesundheitswesen braucht. Denn im Praxis- und Klinikalltag gibt es immer wieder dringende F&auml;lle oder Notf&auml;lle, die Vortritt bekommen m&uuml;ssen. Das ist auch gut so! Doch diese Verz&ouml;gerungen wirken sich auf die Wartezeiten der anderen Patientinnen und Patienten auf.<\/p>\n<p>Wie sch&ouml;n w&auml;re es, wenn jeder wei&szlig;, wann er tats&auml;chlich an der Reihe ist, das fragten sich 2020 <strong>Katharina Feiertag<\/strong> und ihre Gesch&auml;ftspartner <strong>Jakov Gushchin<\/strong> und <strong>Armin Dax-Sinkovits<\/strong>. Sehen wir uns den Ablauf f&uuml;r Patientinnen und Patienten genauer an: Durch das smarte Wartelisten-Management-System k&ouml;nnen sie sich am jeweiligen Tag, an dem sie die &Auml;rztin oder den Arzt aufsuchen m&uuml;ssen, online &uuml;ber die aktuelle Wartezeit informieren. Doch nicht nur das, sie k&ouml;nnen sich online eigenst&auml;ndig in die Warteliste der Praxis einreihen und sichern sich somit ortsunabh&auml;ngig bereits ihren Platz.<\/p>\n<h5>Wartezeit in Echtzeit am Smartphone verfolgen<\/h5>\n<p>Des Weiteren erhalten sie bei diesem Schritt ein Online-Ticket, bei dem ihnen in Echtzeit die voraussichtliche Startzeit der Behandlung angezeigt wird. Auch Patientinnen und Patienten mit Termin erhalten dieses Online-Ticket und sehen somit auch in Echtzeit, wenn es zu Verz&ouml;gerungen kommt. Nat&uuml;rlich profitieren auch &auml;ltere Menschen oder Personen ohne Smartphone von den Vorteilen von Quickticket. Denn die Ticket-Entnahme und die Einreihung in die Warteliste ist auch vor Ort durch den Quickticket-Kiosk m&ouml;glich. Dieser ist intuitiv zu bedienen und ebenso f&uuml;r Personen mit k&ouml;rperlichen Einschr&auml;nkungen steuerbar.<\/p>\n<p>Patientinnen und Patienten k&ouml;nnen sich in der Zwischenzeit zu Hause ausruhen oder anderen Erledigungen nachgehen &ndash; der Warteraum bleibt nahezu leer, der Stress in der Praxis reduziert sich und somit kann das Wohlbefinden aller Beteiligten gesteigert werden. Mit dieser Innovation ist es nicht getan, das Unternehmen entwickelt st&auml;ndig neue Produkte zur Verbesserung der Prozesse bei Gesundheitsdienstleistern und der Patient Journey.<\/p>\n\n            <\/div>\n        <\/div>\n            <\/div>\n<\/div>\n\n\n<div\n    id=\"\"\n    class=\"wp-block-content-image margin-bottom-normal\"\n>\n    <div class=\"container-lg\">\n        <div class=\"row\">\n            <div class=\"col-12\">\n                <div >\n\n                    <div class=\"image-wrapper\">\n                        <picture>\n                        <source\n                media=\"(max-width: 576px)\"\n                srcset=\"https:\/\/cdn3.fh-joanneum.at\/media\/sites\/138\/2025\/02\/kooperation-mit-quickticket-4-2048x1170-1-576x329.png, https:\/\/cdn3.fh-joanneum.at\/media\/sites\/138\/2025\/02\/kooperation-mit-quickticket-4-2048x1170-1-768x439.png 2x\"\n            \/>\n                    <source\n                media=\"(max-width: 768px)\"\n                srcset=\"https:\/\/cdn3.fh-joanneum.at\/media\/sites\/138\/2025\/02\/kooperation-mit-quickticket-4-2048x1170-1-768x439.png, https:\/\/cdn3.fh-joanneum.at\/media\/sites\/138\/2025\/02\/kooperation-mit-quickticket-4-2048x1170-1-1024x585.png 2x\"\n            \/>\n                    <source\n                media=\"(max-width: 1024px)\"\n                srcset=\"https:\/\/cdn3.fh-joanneum.at\/media\/sites\/138\/2025\/02\/kooperation-mit-quickticket-4-2048x1170-1-1024x585.png, https:\/\/cdn3.fh-joanneum.at\/media\/sites\/138\/2025\/02\/kooperation-mit-quickticket-4-2048x1170-1-1536x878.png 2x\"\n            \/>\n                    <source\n                media=\"(max-width: 1536px)\"\n                srcset=\"https:\/\/cdn3.fh-joanneum.at\/media\/sites\/138\/2025\/02\/kooperation-mit-quickticket-4-2048x1170-1-1536x878.png, https:\/\/cdn3.fh-joanneum.at\/media\/sites\/138\/2025\/02\/kooperation-mit-quickticket-4-2048x1170-1.png 2x\"\n            \/>\n                    <source\n                media=\"(max-width: 2048px)\"\n                srcset=\"https:\/\/cdn3.fh-joanneum.at\/media\/sites\/138\/2025\/02\/kooperation-mit-quickticket-4-2048x1170-1.png, https:\/\/cdn3.fh-joanneum.at\/media\/sites\/138\/2025\/02\/kooperation-mit-quickticket-4-2048x1170-1.png 2x\"\n            \/>\n                <img decoding=\"async\"\n        class=\"img-fluid @if ($image_credit || $media_subtitle) mb-2 @endif @if ($lightbox) modal-trigger @endif\" @click=\"modal = !modal\" aria-expanded=\"false\"\n        src=\"https:\/\/cdn3.fh-joanneum.at\/media\/sites\/138\/2025\/02\/kooperation-mit-quickticket-4-2048x1170-1.png\"\n        alt=\"\"\n        title=\"\"\n         loading=\"lazy\"             >\n<\/picture>\n\n                                                                            <p class=\"text-muted\">Online-Ticket f\u00fcr Patientinnen und Patienten mit \u00c4rztin<\/p>\n                                            <\/div>\n\n                                    <\/div>\n\n            <\/div>\n        <\/div>\n    <\/div>\n<\/div>\n\n\n<div id=\"\" class=\"wp-block-text-content margin-bottom-normal\">\n    <div class=\"container-lg\">\n        <div class=\"row\">\n            <div class=\"col\">\n                <h5>Von welchen Studieninhalten ich in meiner beruflichen Welt heute enorm profitieren kann:<\/h5>\n<p>&bdquo;Zu Beginn meiner T&auml;tigkeit war ich immer wieder bei Meetings, in denen Begriffe, die ich im Studium bereits geh&ouml;rt (und gelernt) hatte, aufkamen. Ganz klar musste ich hier nochmals nachgooglen, um das Gelernte wieder hervorzurufen, doch heute bin ich froh, das Studium absolviert zu haben, denn es schafft ein gro&szlig;artiges Fundament f&uuml;r die berufliche ehealth-Welt! In meiner beruflichen T&auml;tigkeit als Gesch&auml;ftsf&uuml;hrerin bin ich diejenige, die t&auml;glich das Produkt in die Au&szlig;enwelt bringt. Egal ob vor Praxismanagerinnen und -managern, &Auml;rztinnen und &Auml;rzten oder gro&szlig;en IT-Unternehmen im DACH-Raum, deren Produkte bereits in vielen Praxis vorherrschend sind.<\/p>\n<p>Neben der inhaltlichen Kompetenz, die ich im Studium erlernte, sind es auch die Soft-Skills, auf die es ankommt. Um Gesch&auml;ftstermine heute selbstbewusst und mit Authentizit&auml;t wahrnehmen zu k&ouml;nnen, waren die vielen kleinen Pr&auml;sentationen im H&ouml;rsaal und vor den Studienkolleginnen und -kollegen pr&auml;gend! Beim Pr&auml;sentieren macht &Uuml;bung den Meister und ich lege wirklich jedem ans Herz, die Chancen zu ergreifen. Denn Pr&auml;sentationskenntnisse sind so gut wie in jedem Job notwendig. Ein selbstbewusstes Auftreten und eine klare Ausdrucksweise k&ouml;nnen der T&uuml;r&ouml;ffner f&uuml;r ganz vieles sein.&ldquo;<\/p>\n<p>Katharina Feiertag<\/p>\n\n            <\/div>\n        <\/div>\n            <\/div>\n<\/div>\n\n\n<div id=\"\" class=\"wp-block-links-block margin-bottom-normal\">\n    <div class=\"container-lg\">\n        <div class=\"row\">\n            <div class=\"col-12\">\n                <div>\n                    <h4><\/h4>\n                    \n                <\/div>\n            <\/div>\n                            <div class=\"col-12\">\n                    <div class=\" border-bottom  border-top py-3\">\n                                                    <a href=\"https:\/\/www.fh-joanneum.at\/blog\/01-lebensgschichten-studiensachen-katharina-feiertag\/\" target=\"\" class=\"link arrow-link large-arrow major-text-color-hover text-decoration-none\" data-analytics=\"\">\n                                <div class=\"link-content w-100\">\n                                    <div class=\"d-flex align-items-center\">\n                                        <h5 class=\"w-100  mb-0 me-2 \">\n                                            Im Alumni-Podcast ist Katharina Feiertag zu Besuch.<\/h5>\n                                        <svg width=\"9\" height=\"15\" viewbox=\"0 0 9 15\" fill=\"none\" xmlns=\"http:\/\/www.w3.org\/2000\/svg\">\n    <path id=\"chevron_right\" d=\"M1.5 1.5L7.5 7.5L1.5 13.5\" stroke=\"\" stroke-width=\"1.5\" stroke-linecap=\"round\"><\/path>\n<\/svg>                                    <\/div>\n                                    \n                                <\/div>\n                            <\/a>\n                                            <\/div>\n                <\/div>\n                    <\/div>\n    <\/div>\n<\/div>\n","protected":false},"excerpt":{"rendered":"<p>eHealth-Absolventin Katharina Feiertag ist Gr\u00fcnderin und Gesch\u00e4ftsf\u00fchrerin des eHealth-Unternehmens Quickticket GmbH in Graz.<\/p>\n","protected":false},"author":143,"featured_media":156,"parent":115,"menu_order":100,"comment_status":"closed","ping_status":"closed","template":"template-absolvent.blade.php","meta":{"_acf_changed":false,"footnotes":""},"acf":[],"aioseo_notices":[],"_links":{"self":[{"href":"https:\/\/www.fh-joanneum.at\/digital-transformation-in-healthcare\/master\/wp-json\/wp\/v2\/pages\/146"}],"collection":[{"href":"https:\/\/www.fh-joanneum.at\/digital-transformation-in-healthcare\/master\/wp-json\/wp\/v2\/pages"}],"about":[{"href":"https:\/\/www.fh-joanneum.at\/digital-transformation-in-healthcare\/master\/wp-json\/wp\/v2\/types\/page"}],"author":[{"embeddable":true,"href":"https:\/\/www.fh-joanneum.at\/digital-transformation-in-healthcare\/master\/wp-json\/wp\/v2\/users\/143"}],"replies":[{"embeddable":true,"href":"https:\/\/www.fh-joanneum.at\/digital-transformation-in-healthcare\/master\/wp-json\/wp\/v2\/comments?post=146"}],"version-history":[{"count":1,"href":"https:\/\/www.fh-joanneum.at\/digital-transformation-in-healthcare\/master\/wp-json\/wp\/v2\/pages\/146\/revisions"}],"predecessor-version":[{"id":153,"href":"https:\/\/www.fh-joanneum.at\/digital-transformation-in-healthcare\/master\/wp-json\/wp\/v2\/pages\/146\/revisions\/153"}],"up":[{"embeddable":true,"href":"https:\/\/www.fh-joanneum.at\/digital-transformation-in-healthcare\/master\/wp-json\/wp\/v2\/pages\/115"}],"wp:featuredmedia":[{"embeddable":true,"href":"https:\/\/www.fh-joanneum.at\/digital-transformation-in-healthcare\/master\/wp-json\/wp\/v2\/media\/156"}],"wp:attachment":[{"href":"https:\/\/www.fh-joanneum.at\/digital-transformation-in-healthcare\/master\/wp-json\/wp\/v2\/media?parent=146"}],"curies":[{"name":"wp","href":"https:\/\/api.w.org\/{rel}","templated":true}]}}