{"id":200,"date":"2025-02-20T13:16:04","date_gmt":"2025-02-20T12:16:04","guid":{"rendered":"https:\/\/www.fh-joanneum.at\/digital-transformation-in-healthcare\/master\/?page_id=200"},"modified":"2025-02-20T13:16:06","modified_gmt":"2025-02-20T12:16:06","slug":"kooperation-mit-dedalus-healthcare","status":"publish","type":"page","link":"https:\/\/www.fh-joanneum.at\/digital-transformation-in-healthcare\/master\/im-studium\/ehealth-unternehmen\/kooperation-mit-dedalus-healthcare\/","title":{"rendered":"Kooperation mit Dedalus HealthCare"},"content":{"rendered":"<div id=\"\" class=\"wp-block-text-content margin-bottom-normal\">\n    <div class=\"container-lg\">\n        <div class=\"row\">\n            <div class=\"col\">\n                <p><a href=\"https:\/\/www.dedalus.com\/dach\/de\" target=\"_blank\" rel=\"noopener noreferrer\">Dedalus HealthCare<\/a> ist rund um den Globus ein f&uuml;hrender Anbieter von IT-gest&uuml;tzten Gesundheitsl&ouml;sungen f&uuml;r den Einsatz im Gesundheitswesen. Die Qualit&auml;t der Patient:innenversorgung zu verbessern und &Auml;rzt:innen sowie und dem gesamten Gesundheitspersonal zu helfen, besser zu arbeiten, ist unsere Mission. Dazu tragen fast 7.000 Mitarbeitende in &uuml;ber 40 L&auml;ndern bei, die forschen, L&ouml;sungen entwickeln und die Innovationen im Gesundheitswesen vorantreiben.<\/p>\n<h5>Business Intelligence made in Graz<\/h5>\n<p>In der Niederlassung Graz entwickeln wir mit circa 110 Mitarbeitenden die Business Intelligence-L&ouml;sung <a href=\"https:\/\/www.tiphce.com\/\" target=\"_blank\" rel=\"noopener noreferrer\">TIP HCe<\/a>. Die L&ouml;sung wird in Krankenh&auml;usern im Controlling eingesetzt und gibt einen &Uuml;berblick &uuml;ber die Patient:innen, Leistungen, Kosten und vieles mehr. Das Herzst&uuml;ck der L&ouml;sung ist ein Data Warehouse, in das &uuml;ber Schnittstellen die im Krankenhaus bestehenden datenhaltenden Systeme angebunden werden. Daraus entsteht ein Berichtswesen, auf das man &uuml;ber Webapplikationen zugreift, f&uuml;r Detailanalysen gibt es ein Excel Add-In.<\/p>\n\n            <\/div>\n        <\/div>\n            <\/div>\n<\/div>\n\n\n<div\n    id=\"\"\n    class=\"wp-block-content-image margin-bottom-normal\"\n>\n    <div class=\"container-lg\">\n        <div class=\"row\">\n            <div class=\"col-12\">\n                <div >\n\n                    <div class=\"image-wrapper\">\n                        <picture>\n                        <source\n                media=\"(max-width: 576px)\"\n                srcset=\"https:\/\/cdn3.fh-joanneum.at\/media\/sites\/138\/2025\/02\/kooperation-mit-dedalus-healthcare-2-576x348.png, https:\/\/cdn3.fh-joanneum.at\/media\/sites\/138\/2025\/02\/kooperation-mit-dedalus-healthcare-2.png 2x\"\n            \/>\n                    <source\n                media=\"(max-width: 605px)\"\n                srcset=\"https:\/\/cdn3.fh-joanneum.at\/media\/sites\/138\/2025\/02\/kooperation-mit-dedalus-healthcare-2.png, https:\/\/cdn3.fh-joanneum.at\/media\/sites\/138\/2025\/02\/kooperation-mit-dedalus-healthcare-2.png 2x\"\n            \/>\n                    <source\n                media=\"(max-width: 605px)\"\n                srcset=\"https:\/\/cdn3.fh-joanneum.at\/media\/sites\/138\/2025\/02\/kooperation-mit-dedalus-healthcare-2.png, https:\/\/cdn3.fh-joanneum.at\/media\/sites\/138\/2025\/02\/kooperation-mit-dedalus-healthcare-2.png 2x\"\n            \/>\n                    <source\n                media=\"(max-width: 605px)\"\n                srcset=\"https:\/\/cdn3.fh-joanneum.at\/media\/sites\/138\/2025\/02\/kooperation-mit-dedalus-healthcare-2.png, https:\/\/cdn3.fh-joanneum.at\/media\/sites\/138\/2025\/02\/kooperation-mit-dedalus-healthcare-2.png 2x\"\n            \/>\n                    <source\n                media=\"(max-width: 605px)\"\n                srcset=\"https:\/\/cdn3.fh-joanneum.at\/media\/sites\/138\/2025\/02\/kooperation-mit-dedalus-healthcare-2.png, https:\/\/cdn3.fh-joanneum.at\/media\/sites\/138\/2025\/02\/kooperation-mit-dedalus-healthcare-2.png 2x\"\n            \/>\n                <img decoding=\"async\"\n        class=\"img-fluid @if ($image_credit || $media_subtitle) mb-2 @endif @if ($lightbox) modal-trigger @endif\" @click=\"modal = !modal\" aria-expanded=\"false\"\n        src=\"https:\/\/cdn3.fh-joanneum.at\/media\/sites\/138\/2025\/02\/kooperation-mit-dedalus-healthcare-2.png\"\n        alt=\"\"\n        title=\"\"\n         loading=\"lazy\"             >\n<\/picture>\n\n                                                                            <p class=\"text-muted\">Beispielbericht in TIP HCe<\/p>\n                                            <\/div>\n\n                                    <\/div>\n\n            <\/div>\n        <\/div>\n    <\/div>\n<\/div>\n\n\n<div id=\"\" class=\"wp-block-text-content margin-bottom-normal\">\n    <div class=\"container-lg\">\n        <div class=\"row\">\n            <div class=\"col\">\n                <p>Durch die Mitarbeit im Projektmanagement, im Support oder bei der Web- und Datenbankprogrammierung erwerben Studierende tiefgreifendes Know-how &uuml;ber Prozesse im Gesundheitswesen sowie praktische Erfahrung im Programmieren, bei der Organisation und der Entwicklung von eHealth-Anwendungen. Ein aktueller Schwerpunkt ist die Integration von K&uuml;nstlicher Intelligenz in unsere L&ouml;sung.<\/p>\n\n            <\/div>\n        <\/div>\n            <\/div>\n<\/div>\n\n\n<!-- TODO:\n      Short Code und Cookie Notice anpassen\n      Barrierefreiheit Texte\n-->\n<div\n    id=\"\"\n    class=\"wp-block-video margin-bottom-normal\"\n>\n    <div class=\"container-lg\">\n        <div class=\"row\">\n            <div class=\"col\">\n\n                                    <div class='embed-container'> <div class=\"brlbs-cmpnt-container brlbs-cmpnt-content-blocker\" data-borlabs-cookie-content-blocker-id=\"youtube-content-blocker\" data-borlabs-cookie-content=\"PGlmcmFtZSBpZD0ndmlkZW8nIHNyYz0nLy93d3cueW91dHViZS5jb20vZW1iZWQvYjlwNHJ4MkFQQzQ\/cmVsPTAmY29udHJvbHM9MCZzaG93aW5mbz0wJmVuYWJsZWpzYXBpPTEmbW9kZXN0YnJhbmRpbmc9MScgZnJhbWVib3JkZXI9JzAnIGFsbG93ZnVsbHNjcmVlbj48L2lmcmFtZT4=\" ><div class=\"brlbs-cmpnt-cb-preset-b\"> <div class=\"brlbs-cmpnt-cb-thumbnail\" style=\"background-image: url('https:\/\/cdn.fh-joanneum.at\/media\/2021\/02\/conversory-fh-joanneum-video-overlay-bg.jpg')\"><\/div> <div class=\"brlbs-cmpnt-cb-main\"> <div class=\"brlbs-cmpnt-cb-content\"> <h4 class=\"brlbs-cmpnt-cb-description\">Mit dem Laden des Videos stimmen Sie der <a href=\"https:\/\/www.youtube.com\/intl\/ALL_at\/howyoutubeworks\/user-settings\/privacy\/\" target=\"_blank\">Datenschutzerkl\u00e4rung<\/a> von YouTube zu.<\/h4> <\/div> <div class=\"brlbs-cmpnt-cb-buttons\"> <a class=\"brlbs-cmpnt-cb-btn\" href=\"#\" data-borlabs-cookie-accept-service role=\"button\" style=\"display: inherit\">Video laden<\/a> <\/div> <\/div> <\/div><\/div><\/div>                            <\/div>\n        <\/div>\n    <\/div>\n<\/div>\n\n\n<div id=\"\" class=\"wp-block-text-content margin-bottom-normal\">\n    <div class=\"container-lg\">\n        <div class=\"row\">\n            <div class=\"col\">\n                <h5>Einbettung in den Konzern Dedalus HealthCare<\/h5>\n<p>Obwohl wir Teil des Konzerns Dedalus HealthCare sind, agieren wir in Graz sehr eigenst&auml;ndig. Die Software-Entwicklung, das Produkt- und Projektmanagement, der Kund:innensupport und das Marketing f&uuml;r die L&ouml;sung TIP HCe befinden sich in Graz. Vertriebsniederlassungen haben wir auch in Z&uuml;rich und in Bonn, wo sich auch die DACH-Zentrale der Firmengruppe befindet. Der Konzernsitz befindet sich in Mailand. Die gr&ouml;&szlig;ten Vorteile an der Einbettung in den Konzern sind die Arbeitsplatzsicherheit und die vielf&auml;ltigen Weiterentwicklungsm&ouml;glichkeiten in Graz und im Konzern, wie beispielsweise auch Auslandspraktika.<\/p>\n<h5>Ein starkes Team<\/h5>\n<p>Wir arbeiten nicht nur konzentriert, sondern wir feiern auch sehr gerne gemeinsam. Bei regelm&auml;&szlig;igen Team-Events und Festen sto&szlig;en wir auf unsere Erfolge an und st&auml;rken unseren Team-Spirit.<\/p>\n\n            <\/div>\n        <\/div>\n            <\/div>\n<\/div>\n\n\n<div\n    id=\"\"\n    class=\"wp-block-content-image margin-bottom-normal\"\n>\n    <div class=\"container-lg\">\n        <div class=\"row\">\n            <div class=\"col-12\">\n                <div >\n\n                    <div class=\"image-wrapper\">\n                        <picture>\n                        <source\n                media=\"(max-width: 576px)\"\n                srcset=\"https:\/\/cdn3.fh-joanneum.at\/media\/sites\/138\/2025\/02\/kooperation-mit-dedalus-healthcare-3-576x392.png, https:\/\/cdn3.fh-joanneum.at\/media\/sites\/138\/2025\/02\/kooperation-mit-dedalus-healthcare-3.png 2x\"\n            \/>\n                    <source\n                media=\"(max-width: 605px)\"\n                srcset=\"https:\/\/cdn3.fh-joanneum.at\/media\/sites\/138\/2025\/02\/kooperation-mit-dedalus-healthcare-3.png, https:\/\/cdn3.fh-joanneum.at\/media\/sites\/138\/2025\/02\/kooperation-mit-dedalus-healthcare-3.png 2x\"\n            \/>\n                    <source\n                media=\"(max-width: 605px)\"\n                srcset=\"https:\/\/cdn3.fh-joanneum.at\/media\/sites\/138\/2025\/02\/kooperation-mit-dedalus-healthcare-3.png, https:\/\/cdn3.fh-joanneum.at\/media\/sites\/138\/2025\/02\/kooperation-mit-dedalus-healthcare-3.png 2x\"\n            \/>\n                    <source\n                media=\"(max-width: 605px)\"\n                srcset=\"https:\/\/cdn3.fh-joanneum.at\/media\/sites\/138\/2025\/02\/kooperation-mit-dedalus-healthcare-3.png, https:\/\/cdn3.fh-joanneum.at\/media\/sites\/138\/2025\/02\/kooperation-mit-dedalus-healthcare-3.png 2x\"\n            \/>\n                    <source\n                media=\"(max-width: 605px)\"\n                srcset=\"https:\/\/cdn3.fh-joanneum.at\/media\/sites\/138\/2025\/02\/kooperation-mit-dedalus-healthcare-3.png, https:\/\/cdn3.fh-joanneum.at\/media\/sites\/138\/2025\/02\/kooperation-mit-dedalus-healthcare-3.png 2x\"\n            \/>\n                <img decoding=\"async\"\n        class=\"img-fluid @if ($image_credit || $media_subtitle) mb-2 @endif @if ($lightbox) modal-trigger @endif\" @click=\"modal = !modal\" aria-expanded=\"false\"\n        src=\"https:\/\/cdn3.fh-joanneum.at\/media\/sites\/138\/2025\/02\/kooperation-mit-dedalus-healthcare-3.png\"\n        alt=\"\"\n        title=\"\"\n         loading=\"lazy\"             >\n<\/picture>\n\n                                                                            <p class=\"text-muted\">Das TIP HCe-Team im Rahmen der Weihnachtsfeier 2022.<\/p>\n                                            <\/div>\n\n                                    <\/div>\n\n            <\/div>\n        <\/div>\n    <\/div>\n<\/div>\n\n\n<div id=\"\" class=\"wp-block-text-content margin-bottom-normal\">\n    <div class=\"container-lg\">\n        <div class=\"row\">\n            <div class=\"col\">\n                <h5>Angebote f&uuml;r FH-Studierende im Rahmen der Kooperation<\/h5>\n<ul>\n<li>Ferialpraktika<\/li>\n<li>Bachelor- und Masterarbeiten<\/li>\n<li>Teilzeitjobs w&auml;hrend des Studiums<\/li>\n<\/ul>\n<p>Praktika sind eine gute M&ouml;glichkeit, unser Unternehmen und die verschiedenen Arbeitsbereiche kennenzulernen. Oft entsteht daraus eine l&auml;ngerfristige Teilzeitt&auml;tigkeit, die parallel zum Studium fortgef&uuml;hrt und in den Ferien intensiviert wird. So kann neben dem Studium schon wertvolle praktische Erfahrung gesammelt werden, die den Einstieg ins Berufsleben wesentlich erleichtert. &Uuml;ber 20 Studierende der FH JOANNEUM waren oder sind auf diese Weise bei TIP HCe besch&auml;ftigt und etlichen hat es bei gut gefallen, dass sie nach dem Studienabschluss gleich bei uns geblieben sind.<\/p>\n<h5>Das sagt eine eHealth-Absolventin der FH JOANNEUM zu Ihrem Job bei TIP HCe:<\/h5>\n\n            <\/div>\n        <\/div>\n            <\/div>\n<\/div>\n\n\n<div\n    id=\"\"\n    class=\"wp-block-blockquote margin-bottom-normal\"\n>\n    <div class=\"container-lg\">\n        <div class=\"row\">\n            <div class=\"col\">\n                <div class=\"d-block mb-2 fs-5 major-text-color\">\u201eIm Fr\u00fchjahr 2019 wurde ich am Karrieretag der FH JOANNEUM auf die Firma Dedalus HealthCare aufmerksam und bewarb mich kurz darauf f\u00fcr ein zweimonatiges Ferialpraktikum. W\u00e4hrend diesem Praktikum wurde ich von den hilfsbereiten Kolleg:innen eingeschult und erlernte wichtige Grundkenntnisse im Bereich der Datenbankentwicklung. Anschlie\u00dfend an mein Praktikum wurde mir die M\u00f6glichkeit geboten, auch neben meinem Studium zu arbeiten, was ich gerne annahm, da ich motiviert war, noch mehr \u00fcber die vielf\u00e4ltigen T\u00e4tigkeiten im Bereich der Datenbankentwicklung zu lernen. <br>Das Wissen aus meinem Bachelor- und Masterstudium \u201eeHealth\u201c an der FH konnte ich von Beginn an in meinem Berufsalltag anwenden. Nicht nur die Inhalte aus technisch orientierten Vorlesungen, wie zum Beispiel \u201eDatenbankentwicklung\u201c, sind f\u00fcr meine beruflichen Aufgaben von gro\u00dfem Vorteil, auch Grundlagen zu Krankenhausfinanzierung und den Prozessen in Krankenh\u00e4usern, welche im Studium ebenfalls vermittelt wurden, erweisen sich als \u00e4u\u00dferst n\u00fctzlich. Zu meinen T\u00e4tigkeiten geh\u00f6ren die Anbindung der Datenbanken bei Kunden und die Entwicklung von Cubes. Mittlerweile besteht das Team aus vielen Studierenden und Absolvent:innen der FH JOANNEUM, wodurch wir ein sehr angenehmes und vertrautes Arbeitsklima haben.\u201c<\/div>\n                <span class=\"d-flex justify-content-end\">Katja H\u00e4mmerle, Datenbank-Entwicklerin, seit 2019 bei TIP HCe<\/span>\n            <\/div>\n        <\/div>\n    <\/div>\n<\/div>\n\n\n<div id=\"\" class=\"wp-block-links-block margin-bottom-normal\">\n    <div class=\"container-lg\">\n        <div class=\"row\">\n            <div class=\"col-12\">\n                <div>\n                    <h4><\/h4>\n                    \n                <\/div>\n            <\/div>\n                            <div class=\"col-12\">\n                    <div class=\" border-top py-3\">\n                                                    <a href=\"https:\/\/www.tiphce.com\" target=\"_blank\" class=\"link arrow-link large-arrow major-text-color-hover text-decoration-none\" data-analytics=\"\" rel=\"noopener noreferrer\">\n                                <div class=\"link-content w-100\">\n                                    <div class=\"d-flex align-items-center\">\n                                        <h5 class=\"w-100  mb-0 me-2 \">\n                                            Informationen zu TIP HCe<\/h5>\n                                        <svg width=\"9\" height=\"15\" viewbox=\"0 0 9 15\" fill=\"none\" xmlns=\"http:\/\/www.w3.org\/2000\/svg\">\n    <path id=\"chevron_right\" d=\"M1.5 1.5L7.5 7.5L1.5 13.5\" stroke=\"\" stroke-width=\"1.5\" stroke-linecap=\"round\"><\/path>\n<\/svg>                                    <\/div>\n                                    \n                                <\/div>\n                            <\/a>\n                                            <\/div>\n                <\/div>\n                            <div class=\"col-12\">\n                    <div class=\" border-top py-3\">\n                                                    <a href=\"https:\/\/www.dedalus.com\/dach\/de\" target=\"_blank\" class=\"link arrow-link large-arrow major-text-color-hover text-decoration-none\" data-analytics=\"\" rel=\"noopener noreferrer\">\n                                <div class=\"link-content w-100\">\n                                    <div class=\"d-flex align-items-center\">\n                                        <h5 class=\"w-100  mb-0 me-2 \">\n                                            Informationen zu Dedalus HealthCare<\/h5>\n                                        <svg width=\"9\" height=\"15\" viewbox=\"0 0 9 15\" fill=\"none\" xmlns=\"http:\/\/www.w3.org\/2000\/svg\">\n    <path id=\"chevron_right\" d=\"M1.5 1.5L7.5 7.5L1.5 13.5\" stroke=\"\" stroke-width=\"1.5\" stroke-linecap=\"round\"><\/path>\n<\/svg>                                    <\/div>\n                                    \n                                <\/div>\n                            <\/a>\n                                            <\/div>\n                <\/div>\n                            <div class=\"col-12\">\n                    <div class=\" border-bottom  border-top py-3\">\n                                                    <a href=\"https:\/\/www.tiphce.com\/jobs\/\" target=\"_blank\" class=\"link arrow-link large-arrow major-text-color-hover text-decoration-none\" data-analytics=\"\" rel=\"noopener noreferrer\">\n                                <div class=\"link-content w-100\">\n                                    <div class=\"d-flex align-items-center\">\n                                        <h5 class=\"w-100  mb-0 me-2 \">\n                                            Kontakt und Stellenanzeigen<\/h5>\n                                        <svg width=\"9\" height=\"15\" viewbox=\"0 0 9 15\" fill=\"none\" xmlns=\"http:\/\/www.w3.org\/2000\/svg\">\n    <path id=\"chevron_right\" d=\"M1.5 1.5L7.5 7.5L1.5 13.5\" stroke=\"\" stroke-width=\"1.5\" stroke-linecap=\"round\"><\/path>\n<\/svg>                                    <\/div>\n                                    \n                                <\/div>\n                            <\/a>\n                                            <\/div>\n                <\/div>\n                    <\/div>\n    <\/div>\n<\/div>\n","protected":false},"excerpt":{"rendered":"<p>Erfahrung sammeln beim weltweit f\u00fchrenden Anbieter von eHealth-L\u00f6sungen, das erm\u00f6glichen wir in unserem B\u00fcro in Graz, in Gehdistanz zur FH JOANNEUM. Im Rahmen der Partnerschaft bieten wir Praktika, Bachelor- und Masterarbeiten sowie Teilzeitjobs, die sich mit dem Studium vereinbaren lassen.<\/p>\n","protected":false},"author":143,"featured_media":201,"parent":115,"menu_order":96,"comment_status":"closed","ping_status":"closed","template":"template-absolvent.blade.php","meta":{"_acf_changed":false,"footnotes":""},"acf":[],"aioseo_notices":[],"_links":{"self":[{"href":"https:\/\/www.fh-joanneum.at\/digital-transformation-in-healthcare\/master\/wp-json\/wp\/v2\/pages\/200"}],"collection":[{"href":"https:\/\/www.fh-joanneum.at\/digital-transformation-in-healthcare\/master\/wp-json\/wp\/v2\/pages"}],"about":[{"href":"https:\/\/www.fh-joanneum.at\/digital-transformation-in-healthcare\/master\/wp-json\/wp\/v2\/types\/page"}],"author":[{"embeddable":true,"href":"https:\/\/www.fh-joanneum.at\/digital-transformation-in-healthcare\/master\/wp-json\/wp\/v2\/users\/143"}],"replies":[{"embeddable":true,"href":"https:\/\/www.fh-joanneum.at\/digital-transformation-in-healthcare\/master\/wp-json\/wp\/v2\/comments?post=200"}],"version-history":[{"count":1,"href":"https:\/\/www.fh-joanneum.at\/digital-transformation-in-healthcare\/master\/wp-json\/wp\/v2\/pages\/200\/revisions"}],"predecessor-version":[{"id":207,"href":"https:\/\/www.fh-joanneum.at\/digital-transformation-in-healthcare\/master\/wp-json\/wp\/v2\/pages\/200\/revisions\/207"}],"up":[{"embeddable":true,"href":"https:\/\/www.fh-joanneum.at\/digital-transformation-in-healthcare\/master\/wp-json\/wp\/v2\/pages\/115"}],"wp:featuredmedia":[{"embeddable":true,"href":"https:\/\/www.fh-joanneum.at\/digital-transformation-in-healthcare\/master\/wp-json\/wp\/v2\/media\/201"}],"wp:attachment":[{"href":"https:\/\/www.fh-joanneum.at\/digital-transformation-in-healthcare\/master\/wp-json\/wp\/v2\/media?parent=200"}],"curies":[{"name":"wp","href":"https:\/\/api.w.org\/{rel}","templated":true}]}}