{"id":208,"date":"2025-02-20T13:24:52","date_gmt":"2025-02-20T12:24:52","guid":{"rendered":"https:\/\/www.fh-joanneum.at\/digital-transformation-in-healthcare\/master\/?page_id=208"},"modified":"2025-02-20T13:24:54","modified_gmt":"2025-02-20T12:24:54","slug":"kooperation-mit-telbiomed","status":"publish","type":"page","link":"https:\/\/www.fh-joanneum.at\/digital-transformation-in-healthcare\/master\/im-studium\/ehealth-unternehmen\/kooperation-mit-telbiomed\/","title":{"rendered":"Kooperation mit TELBIOMED"},"content":{"rendered":"<div\n    id=\"\"\n    class=\"wp-block-blockquote margin-bottom-normal\"\n>\n    <div class=\"container-lg\">\n        <div class=\"row\">\n            <div class=\"col\">\n                <div class=\"d-block mb-2 fs-5 major-text-color\">Im Rahmen einer Partnerschaft mit dem eHealth-Institut der FH JOANNEUM bieten wir interessierten Studierenden die M\u00f6glichkeit, ihr Berufspraktikum bei uns zu absolvieren. Aktuelle, praxisnahe Themen k\u00f6nnen als Bachelor- oder Masterarbeiten bearbeitet werden.<\/div>\n                <span class=\"d-flex justify-content-end\">TELBIOMED Medizintechnik und IT-Service GmbH<\/span>\n            <\/div>\n        <\/div>\n    <\/div>\n<\/div>\n\n\n<div id=\"\" class=\"wp-block-text-content margin-bottom-normal\">\n    <div class=\"container-lg\">\n        <div class=\"row\">\n            <div class=\"col\">\n                <p>Die <a href=\"https:\/\/www.telbiomed.at\/\" target=\"_blank\" rel=\"noopener noreferrer\">TELBIOMED Medizintechnik und IT-Service GmbH<\/a> ist ein Spin-off-Unternehmen der <a href=\"https:\/\/www.ait.ac.at\/\" target=\"_blank\" rel=\"noopener noreferrer\">AIT &ndash; Austria Institute of Technolgoy GmbH<\/a> mit Firmensitz in Graz. TELBIOMED konzipiert, implementiert und betreibt Digital Healthcare Solutions f&uuml;r Gesundheitsdienstleister, Krankenkassen und Pharmakunden. Das Leistungs- und Angebotsportfolio umfasst Consulting, Deployment &amp; Service Lifecycle, Helpdesk &amp; Logistics f&uuml;r Telehealth-Services.<\/p>\n<p>Das Kern-Know-how liegt im Bereich der digitalen Gesundheitsanwendungen, was auch zur Entwicklung der Keep-In-Touch (KIT) Telehealth-Rahmeninfrastruktur gef&uuml;hrt hat. Die KIT Telehealth-Plattform, die sowohl national als auch international in Verwendung ist, wird in enger Kooperation zwischen den eHealth-Expert:innen der TELBIOMED und dem Forschungs- und Entwicklungsteam am AIT weiterentwickelt.<\/p>\n<h5>Software-L&ouml;sung f&uuml;r die integrierte Versorgung bei chronischen Erkrankungen<\/h5>\n<p>Die KIT Telehealth-Plattform der TELBIOMED bietet eine flexible, modular aufgebaute L&ouml;sung zur Therapieunterst&uuml;tzung von chronisch kranken Menschen an. Das System ist einfach und effizient zugleich: Der:die Patient:in &uuml;bermittelt mittels App seine Vitaldaten an betreuende &Auml;rzt:innen oder Therapeuten:innen, die die Entwicklung beobachteen und gegebenenfalls Therapieanpassungen durchf&uuml;hren.<\/p>\n<p>Durch den modularen Aufbau ist das System exakt an die Anforderungen von einzelnen chronischen Erkrankungen wie Herzinsuffizienz, Bluthochdruck, Diabetes etc. anpassbar, um die diversen Indikationen optimal versorgen zu k&ouml;nnen.<\/p>\n\n            <\/div>\n        <\/div>\n            <\/div>\n<\/div>\n\n\n<div\n    id=\"\"\n    class=\"wp-block-content-image margin-bottom-normal\"\n>\n    <div class=\"container-lg\">\n        <div class=\"row\">\n            <div class=\"col-12\">\n                <div >\n\n                    <div class=\"image-wrapper\">\n                        <picture>\n                        <source\n                media=\"(max-width: 565px)\"\n                srcset=\"https:\/\/cdn3.fh-joanneum.at\/media\/sites\/138\/2025\/02\/kooperation-mit-telbiomed-8-565x576.png, https:\/\/cdn3.fh-joanneum.at\/media\/sites\/138\/2025\/02\/kooperation-mit-telbiomed-8.png 2x\"\n            \/>\n                    <source\n                media=\"(max-width: 728px)\"\n                srcset=\"https:\/\/cdn3.fh-joanneum.at\/media\/sites\/138\/2025\/02\/kooperation-mit-telbiomed-8.png, https:\/\/cdn3.fh-joanneum.at\/media\/sites\/138\/2025\/02\/kooperation-mit-telbiomed-8.png 2x\"\n            \/>\n                    <source\n                media=\"(max-width: 728px)\"\n                srcset=\"https:\/\/cdn3.fh-joanneum.at\/media\/sites\/138\/2025\/02\/kooperation-mit-telbiomed-8.png, https:\/\/cdn3.fh-joanneum.at\/media\/sites\/138\/2025\/02\/kooperation-mit-telbiomed-8.png 2x\"\n            \/>\n                    <source\n                media=\"(max-width: 728px)\"\n                srcset=\"https:\/\/cdn3.fh-joanneum.at\/media\/sites\/138\/2025\/02\/kooperation-mit-telbiomed-8.png, https:\/\/cdn3.fh-joanneum.at\/media\/sites\/138\/2025\/02\/kooperation-mit-telbiomed-8.png 2x\"\n            \/>\n                    <source\n                media=\"(max-width: 728px)\"\n                srcset=\"https:\/\/cdn3.fh-joanneum.at\/media\/sites\/138\/2025\/02\/kooperation-mit-telbiomed-8.png, https:\/\/cdn3.fh-joanneum.at\/media\/sites\/138\/2025\/02\/kooperation-mit-telbiomed-8.png 2x\"\n            \/>\n                <img decoding=\"async\"\n        class=\"img-fluid @if ($image_credit || $media_subtitle) mb-2 @endif @if ($lightbox) modal-trigger @endif\" @click=\"modal = !modal\" aria-expanded=\"false\"\n        src=\"https:\/\/cdn3.fh-joanneum.at\/media\/sites\/138\/2025\/02\/kooperation-mit-telbiomed-8.png\"\n        alt=\"\"\n        title=\"\"\n         loading=\"lazy\"             >\n<\/picture>\n\n                                                                            <p class=\"text-muted\">Komponenten der KIT Telehealth-Plattform. Foto: \u00a9 telbiomed Medizintechnik und IT-Service GmbH<\/p>\n                                            <\/div>\n\n                                    <\/div>\n\n            <\/div>\n        <\/div>\n    <\/div>\n<\/div>\n\n\n<div id=\"\" class=\"wp-block-text-content margin-bottom-normal\">\n    <div class=\"container-lg\">\n        <div class=\"row\">\n            <div class=\"col\">\n                <p>Schritt f&uuml;r Schritt werden mit Partner:innen aus Medizin und Pflege neue Anwendungsbereiche erarbeitet und der funktionale Umfang der Plattform entsprechend erg&auml;nzt.<\/p>\n<p>Eine wichtige Referenzanwendung in &Ouml;sterreich ist <a href=\"https:\/\/www.telbiomed.at\/herzmobil\/\" target=\"_blank\" rel=\"noopener noreferrer\">HerzMobil<\/a>, der erste telemedizinische Behandlungspfad in der Regelversorgung. Mit der Etablierung von HerzMobil ist es gelungen, einen neuen Versorgungsstandard f&uuml;r chronische Erkrankungen in &Ouml;sterreich aufzubauen.<\/p>\n\n            <\/div>\n        <\/div>\n            <\/div>\n<\/div>\n\n\n<div\n    id=\"\"\n    class=\"wp-block-content-image margin-bottom-normal\"\n>\n    <div class=\"container-lg\">\n        <div class=\"row\">\n            <div class=\"col-12\">\n                <div >\n\n                    <div class=\"image-wrapper\">\n                        <picture>\n                        <source\n                media=\"(max-width: 576px)\"\n                srcset=\"https:\/\/cdn3.fh-joanneum.at\/media\/sites\/138\/2025\/02\/kooperation-mit-telbiomed-7-576x320.png, https:\/\/cdn3.fh-joanneum.at\/media\/sites\/138\/2025\/02\/kooperation-mit-telbiomed-7-768x427.png 2x\"\n            \/>\n                    <source\n                media=\"(max-width: 768px)\"\n                srcset=\"https:\/\/cdn3.fh-joanneum.at\/media\/sites\/138\/2025\/02\/kooperation-mit-telbiomed-7-768x427.png, https:\/\/cdn3.fh-joanneum.at\/media\/sites\/138\/2025\/02\/kooperation-mit-telbiomed-7-1024x569.png 2x\"\n            \/>\n                    <source\n                media=\"(max-width: 1024px)\"\n                srcset=\"https:\/\/cdn3.fh-joanneum.at\/media\/sites\/138\/2025\/02\/kooperation-mit-telbiomed-7-1024x569.png, https:\/\/cdn3.fh-joanneum.at\/media\/sites\/138\/2025\/02\/kooperation-mit-telbiomed-7.png 2x\"\n            \/>\n                    <source\n                media=\"(max-width: 1186px)\"\n                srcset=\"https:\/\/cdn3.fh-joanneum.at\/media\/sites\/138\/2025\/02\/kooperation-mit-telbiomed-7.png, https:\/\/cdn3.fh-joanneum.at\/media\/sites\/138\/2025\/02\/kooperation-mit-telbiomed-7.png 2x\"\n            \/>\n                    <source\n                media=\"(max-width: 1186px)\"\n                srcset=\"https:\/\/cdn3.fh-joanneum.at\/media\/sites\/138\/2025\/02\/kooperation-mit-telbiomed-7.png, https:\/\/cdn3.fh-joanneum.at\/media\/sites\/138\/2025\/02\/kooperation-mit-telbiomed-7.png 2x\"\n            \/>\n                <img decoding=\"async\"\n        class=\"img-fluid @if ($image_credit || $media_subtitle) mb-2 @endif @if ($lightbox) modal-trigger @endif\" @click=\"modal = !modal\" aria-expanded=\"false\"\n        src=\"https:\/\/cdn3.fh-joanneum.at\/media\/sites\/138\/2025\/02\/kooperation-mit-telbiomed-7.png\"\n        alt=\"\"\n        title=\"\"\n         loading=\"lazy\"             >\n<\/picture>\n\n                                                                            <p class=\"text-muted\">Die vier S\u00e4ulen des Versorgungsprogramms HerzMobil. \u00a9 telbiomed Medizintechnik und IT-Service GmbH<\/p>\n                                            <\/div>\n\n                                    <\/div>\n\n            <\/div>\n        <\/div>\n    <\/div>\n<\/div>\n\n\n<div id=\"\" class=\"wp-block-text-content margin-bottom-normal\">\n    <div class=\"container-lg\">\n        <div class=\"row\">\n            <div class=\"col\">\n                <h5>Mitarbeit in unserem Team<\/h5>\n<p>Durch die Mitarbeit bei telbiomed bekommen Studierende Einblicke in den Bereichen Deployment &amp; Service, Lifecycle Management, 2nd Level Support und Logistics f&uuml;r Telehealth-Services. Zudem erwerben Studierende Know-how &uuml;ber das &ouml;sterreichische Gesundheitssystem und das Zusammenspiel relevanter Akteur:innen sowie &uuml;ber Faktoren, die bei der &Uuml;berf&uuml;hrung eines telemedizinischen Versorgungsprogramms in die Regelversorgung zu beachten sind.<\/p>\n<p>Unser agiles Team ist noch weiter im Aufbau. Studierende bekommen im Zuge von Praktika, Bachelor- oder Masterarbeiten Einblicke in viele verschiedene Arbeitsbereiche und werden aktiv in die unterschiedlichen Prozesse eingebunden. Wir sch&auml;tzen die Meinung und Ideen sowie die individuellen Kompetenzen von neuen Mitarbeiter:innen.<\/p>\n<p>Durch regelm&auml;&szlig;ige Team-Aktivit&auml;ten (2023: Wanderung auf den Sch&ouml;ckl, Teilnahme beim Business Marathon in Graz) sorgen wir nicht nur f&uuml;r Abwechslung im Berufsalltag, sondern f&ouml;rdern gleichzeitig das Arbeitsklima und unsere Zusammenarbeit.<\/p>\n\n            <\/div>\n        <\/div>\n            <\/div>\n<\/div>\n\n\n<div\n    id=\"\"\n    class=\"wp-block-content-image margin-bottom-normal\"\n>\n    <div class=\"container-lg\">\n        <div class=\"row\">\n            <div class=\"col-12\">\n                <div >\n\n                    <div class=\"image-wrapper\">\n                        <picture>\n                        <source\n                media=\"(max-width: 576px)\"\n                srcset=\"https:\/\/cdn3.fh-joanneum.at\/media\/sites\/138\/2025\/02\/kooperation-mit-telbiomed-4-2048x1367-1-576x384.jpg, https:\/\/cdn3.fh-joanneum.at\/media\/sites\/138\/2025\/02\/kooperation-mit-telbiomed-4-2048x1367-1-768x513.jpg 2x\"\n            \/>\n                    <source\n                media=\"(max-width: 768px)\"\n                srcset=\"https:\/\/cdn3.fh-joanneum.at\/media\/sites\/138\/2025\/02\/kooperation-mit-telbiomed-4-2048x1367-1-768x513.jpg, https:\/\/cdn3.fh-joanneum.at\/media\/sites\/138\/2025\/02\/kooperation-mit-telbiomed-4-2048x1367-1-1024x684.jpg 2x\"\n            \/>\n                    <source\n                media=\"(max-width: 1024px)\"\n                srcset=\"https:\/\/cdn3.fh-joanneum.at\/media\/sites\/138\/2025\/02\/kooperation-mit-telbiomed-4-2048x1367-1-1024x684.jpg, https:\/\/cdn3.fh-joanneum.at\/media\/sites\/138\/2025\/02\/kooperation-mit-telbiomed-4-2048x1367-1-1536x1025.jpg 2x\"\n            \/>\n                    <source\n                media=\"(max-width: 1536px)\"\n                srcset=\"https:\/\/cdn3.fh-joanneum.at\/media\/sites\/138\/2025\/02\/kooperation-mit-telbiomed-4-2048x1367-1-1536x1025.jpg, https:\/\/cdn3.fh-joanneum.at\/media\/sites\/138\/2025\/02\/kooperation-mit-telbiomed-4-2048x1367-1.jpg 2x\"\n            \/>\n                    <source\n                media=\"(max-width: 2048px)\"\n                srcset=\"https:\/\/cdn3.fh-joanneum.at\/media\/sites\/138\/2025\/02\/kooperation-mit-telbiomed-4-2048x1367-1.jpg, https:\/\/cdn3.fh-joanneum.at\/media\/sites\/138\/2025\/02\/kooperation-mit-telbiomed-4-2048x1367-1.jpg 2x\"\n            \/>\n                <img decoding=\"async\"\n        class=\"img-fluid @if ($image_credit || $media_subtitle) mb-2 @endif @if ($lightbox) modal-trigger @endif\" @click=\"modal = !modal\" aria-expanded=\"false\"\n        src=\"https:\/\/cdn3.fh-joanneum.at\/media\/sites\/138\/2025\/02\/kooperation-mit-telbiomed-4-2048x1367-1.jpg\"\n        alt=\"\"\n        title=\"\"\n         loading=\"lazy\"             >\n<\/picture>\n\n                                                                            <p class=\"text-muted\">TELBIOMED-Team. \u00a9 telbiomed Medizintechnik und IT-Service GmbH<\/p>\n                                            <\/div>\n\n                                    <\/div>\n\n            <\/div>\n        <\/div>\n    <\/div>\n<\/div>\n\n\n<div id=\"\" class=\"wp-block-text-content margin-bottom-normal\">\n    <div class=\"container-lg\">\n        <div class=\"row\">\n            <div class=\"col\">\n                <h5>Angebote f&uuml;r Studierende der FH JOANNEUM im Rahmen einer Koooperation<\/h5>\n<p>Nicht nur der Themenbereich Digital Health verbindet uns mit dem eHealth Institut der FH JOANNEUM, sondern auch die geografische N&auml;he zur FH durch unseren Sitz im SFG &minus; Smart Businees Center in der Reininghausstra&szlig;e in Graz. Zudem haben wir seit einigen Jahren gemeinsam mit dem AIT eine Vortragst&auml;tigkeit bei der Vorlesung &bdquo;pHealth &minus; Anwendungen&ldquo;.<\/p>\n<p>In den Vorlesungen machen wir gerne auf unsere Angebote und Kooperationsm&ouml;glichkeiten f&uuml;r FH-Studierende aufmerksam:<\/p>\n<ul>\n<li>Ferialpraktika \/ Berufspraktika<\/li>\n<li>Themen f&uuml;r Bachelor- und Masterarbeiten<\/li>\n<li>Teilzeitjobs mit flexiblen Arbeitszeiten<\/li>\n<\/ul>\n\n            <\/div>\n        <\/div>\n            <\/div>\n<\/div>\n\n\n<div\n    id=\"\"\n    class=\"wp-block-blockquote margin-bottom-normal\"\n>\n    <div class=\"container-lg\">\n        <div class=\"row\">\n            <div class=\"col\">\n                <div class=\"d-block mb-2 fs-5 major-text-color\">Durch das Verfassen meiner Masterarbeit bin ich w\u00e4hrend meiner Studienzeit auf das Versorgungsprogramm HerzMobil aufmerksam geworden. Die Idee dahinter hat mich sofort begeistert, weshalb ich mehr \u00fcber die Hersteller der Software erfahren wollte. Dadurch bin ich auf die TELBIOMED und das AIT gesto\u00dfen, da die Software von AIT entwickelt wurde und von TELBIOMED vertrieben wird. <\/br><br><br \/>\r\n<br \/>\r\nSeit Studienabschluss bin ich nun bei TELBIOMED und der Studiengang eHealth hat mir die notwendige Basis mit auf den beruflichen Weg gegeben. Jene Kompetenzen, Fachbegriffe und Methoden, die w\u00e4hrend des Studiums gelehrt wurden, werden im t\u00e4glichen Berufsalltag immer wieder aufs Neue gefordert. Durch das Studium bekam ich einen guten \u00dcberblick \u00fcber die verwendeten Standards zum Austausch von Gesundheitsdaten, \u00fcber das \u00f6sterreichische Gesundheitssystem und \u00fcber die Relevanz der Interoperabilit\u00e4t und des Zusammenspiels verschiedener Systeme. <\/br><br><\/div>\n                <span class=\"d-flex justify-content-end\">Dalia H\u00e4mmerle, MSc, eHealth Engineer, Masterabschluss \u201eeHealth\u201c, seit 2022 bei telbiomed<\/span>\n            <\/div>\n        <\/div>\n    <\/div>\n<\/div>\n\n\n<div id=\"\" class=\"wp-block-text-content margin-bottom-normal\">\n    <div class=\"container-lg\">\n        <div class=\"row\">\n            <div class=\"col\">\n                <p><strong>telbiomed Medizintechnik und IT Service GmbH<\/strong><\/p>\n<p>Reininghausstra&szlig;e 13, 8020 Graz, AUSTRIA<\/p>\n<p><a href=\"mailto:office@telbiomed.at\">office@telbiomed.at<\/a> | <a href=\"https:\/\/www.telbiomed.at\/\" target=\"_blank\" rel=\"noopener noreferrer\">www.telbiomed.at<\/a><\/p>\n<p>FBN: 478120v HG Wien | UID: ATU 72640305<\/p>\n\n            <\/div>\n        <\/div>\n            <\/div>\n<\/div>\n","protected":false},"excerpt":{"rendered":"<p>TELBIOMED ist ein Spin-off-Unternehmen des AIT Austrian Institute of Technology mit Fokus auf digitale Gesundheitsdienstleistungen. eHealth-Studierende k\u00f6nnen bei TELBIOMED in Graz praktische Erfahrungen im Bereich Telemedizin und Digital Health sammeln.<\/p>\n","protected":false},"author":143,"featured_media":209,"parent":115,"menu_order":96,"comment_status":"closed","ping_status":"closed","template":"template-absolvent.blade.php","meta":{"_acf_changed":false,"footnotes":""},"acf":[],"aioseo_notices":[],"_links":{"self":[{"href":"https:\/\/www.fh-joanneum.at\/digital-transformation-in-healthcare\/master\/wp-json\/wp\/v2\/pages\/208"}],"collection":[{"href":"https:\/\/www.fh-joanneum.at\/digital-transformation-in-healthcare\/master\/wp-json\/wp\/v2\/pages"}],"about":[{"href":"https:\/\/www.fh-joanneum.at\/digital-transformation-in-healthcare\/master\/wp-json\/wp\/v2\/types\/page"}],"author":[{"embeddable":true,"href":"https:\/\/www.fh-joanneum.at\/digital-transformation-in-healthcare\/master\/wp-json\/wp\/v2\/users\/143"}],"replies":[{"embeddable":true,"href":"https:\/\/www.fh-joanneum.at\/digital-transformation-in-healthcare\/master\/wp-json\/wp\/v2\/comments?post=208"}],"version-history":[{"count":1,"href":"https:\/\/www.fh-joanneum.at\/digital-transformation-in-healthcare\/master\/wp-json\/wp\/v2\/pages\/208\/revisions"}],"predecessor-version":[{"id":217,"href":"https:\/\/www.fh-joanneum.at\/digital-transformation-in-healthcare\/master\/wp-json\/wp\/v2\/pages\/208\/revisions\/217"}],"up":[{"embeddable":true,"href":"https:\/\/www.fh-joanneum.at\/digital-transformation-in-healthcare\/master\/wp-json\/wp\/v2\/pages\/115"}],"wp:featuredmedia":[{"embeddable":true,"href":"https:\/\/www.fh-joanneum.at\/digital-transformation-in-healthcare\/master\/wp-json\/wp\/v2\/media\/209"}],"wp:attachment":[{"href":"https:\/\/www.fh-joanneum.at\/digital-transformation-in-healthcare\/master\/wp-json\/wp\/v2\/media?parent=208"}],"curies":[{"name":"wp","href":"https:\/\/api.w.org\/{rel}","templated":true}]}}