{"id":218,"date":"2025-02-20T13:31:58","date_gmt":"2025-02-20T12:31:58","guid":{"rendered":"https:\/\/www.fh-joanneum.at\/digital-transformation-in-healthcare\/master\/?page_id=218"},"modified":"2025-02-20T13:32:00","modified_gmt":"2025-02-20T12:32:00","slug":"kooperation-mit-sanlas-holding","status":"publish","type":"page","link":"https:\/\/www.fh-joanneum.at\/digital-transformation-in-healthcare\/master\/im-studium\/ehealth-unternehmen\/kooperation-mit-sanlas-holding\/","title":{"rendered":"Kooperation mit SANLAS Holding"},"content":{"rendered":"<div id=\"\" class=\"wp-block-text-content margin-bottom-normal\">\n    <div class=\"container-lg\">\n        <div class=\"row\">\n            <div class=\"col\">\n                <h5>Wir stellen uns vor<\/h5>\n<p>Die <a href=\"https:\/\/sanlas.at\/\" target=\"_blank\" rel=\"noopener noreferrer\">SANLAS Holding<\/a> hat sich unter der Leitung von OMR Prim. Prof. Dr. G&uuml;nter Nebel zu einem der renommiertesten Unternehmen &Ouml;sterreichs im Gesundheits- und Sozialbereich entwickelt. Dieser ausgezeichnete Ruf basiert auf langj&auml;hriger Erfahrung, Know-how und hohen Qualit&auml;tsanspr&uuml;chen. Insgesamt betreibt die Sanlas Holding &uuml;ber 1.500 Betten mit rund 1.200 Mitarbeiter:innen in 7 medizinischen Einrichtungen und 6 Partner Pflegeeinrichtungen in &Ouml;sterreich sowie 2 Hotels. Zudem bietet die Sanlas Holding Unternehmen im In- und Ausland Unterst&uuml;tzung in der Entwicklung von Managementkonzepten und- l&ouml;sungen.<\/p>\n<p>Neben den medizinischen Leistungen bietet die SANLAS Holding auch Gesundheitsmanagement und Consulting. Hierbei konnten wir uns auch international einen guten Ruf erarbeiten und sind bereits in vielen L&auml;ndern Europas, MENA (Middle East &amp; North Africa) Staaten, Zentralasien und China t&auml;tig. Dank der langj&auml;hrigen Erfahrung in der F&uuml;hrung von Rehabilitations-, Pflege- und Senior:inneneinrichtungen k&ouml;nnen hochwertige L&ouml;sungen in Planung, Konzeption und Krankenhausmanagement bereitgestellt werden.<\/p>\n\n            <\/div>\n        <\/div>\n            <\/div>\n<\/div>\n\n\n<div\n    id=\"\"\n    class=\"wp-block-content-image margin-bottom-normal\"\n>\n    <div class=\"container-lg\">\n        <div class=\"row\">\n            <div class=\"col-12\">\n                <div >\n\n                    <div class=\"image-wrapper\">\n                        <picture>\n                        <source\n                media=\"(max-width: 576px)\"\n                srcset=\"https:\/\/cdn3.fh-joanneum.at\/media\/sites\/138\/2025\/02\/kooperation-mit-sanlas-holding-3-2048x1688-1-576x475.jpg, https:\/\/cdn3.fh-joanneum.at\/media\/sites\/138\/2025\/02\/kooperation-mit-sanlas-holding-3-2048x1688-1-768x633.jpg 2x\"\n            \/>\n                    <source\n                media=\"(max-width: 768px)\"\n                srcset=\"https:\/\/cdn3.fh-joanneum.at\/media\/sites\/138\/2025\/02\/kooperation-mit-sanlas-holding-3-2048x1688-1-768x633.jpg, https:\/\/cdn3.fh-joanneum.at\/media\/sites\/138\/2025\/02\/kooperation-mit-sanlas-holding-3-2048x1688-1-1024x844.jpg 2x\"\n            \/>\n                    <source\n                media=\"(max-width: 1024px)\"\n                srcset=\"https:\/\/cdn3.fh-joanneum.at\/media\/sites\/138\/2025\/02\/kooperation-mit-sanlas-holding-3-2048x1688-1-1024x844.jpg, https:\/\/cdn3.fh-joanneum.at\/media\/sites\/138\/2025\/02\/kooperation-mit-sanlas-holding-3-2048x1688-1-1536x1266.jpg 2x\"\n            \/>\n                    <source\n                media=\"(max-width: 1536px)\"\n                srcset=\"https:\/\/cdn3.fh-joanneum.at\/media\/sites\/138\/2025\/02\/kooperation-mit-sanlas-holding-3-2048x1688-1-1536x1266.jpg, https:\/\/cdn3.fh-joanneum.at\/media\/sites\/138\/2025\/02\/kooperation-mit-sanlas-holding-3-2048x1688-1.jpg 2x\"\n            \/>\n                    <source\n                media=\"(max-width: 2048px)\"\n                srcset=\"https:\/\/cdn3.fh-joanneum.at\/media\/sites\/138\/2025\/02\/kooperation-mit-sanlas-holding-3-2048x1688-1.jpg, https:\/\/cdn3.fh-joanneum.at\/media\/sites\/138\/2025\/02\/kooperation-mit-sanlas-holding-3-2048x1688-1.jpg 2x\"\n            \/>\n                <img decoding=\"async\"\n        class=\"img-fluid @if ($image_credit || $media_subtitle) mb-2 @endif @if ($lightbox) modal-trigger @endif\" @click=\"modal = !modal\" aria-expanded=\"false\"\n        src=\"https:\/\/cdn3.fh-joanneum.at\/media\/sites\/138\/2025\/02\/kooperation-mit-sanlas-holding-3-2048x1688-1.jpg\"\n        alt=\"\"\n        title=\"\"\n         loading=\"lazy\"             >\n<\/picture>\n\n                                                                            <p class=\"text-muted\">SANLAS Personal \u00a9 SANLAS Holding GmbH<\/p>\n                                            <\/div>\n\n                                    <\/div>\n\n            <\/div>\n        <\/div>\n    <\/div>\n<\/div>\n\n\n<div id=\"\" class=\"wp-block-text-content margin-bottom-normal\">\n    <div class=\"container-lg\">\n        <div class=\"row\">\n            <div class=\"col\">\n                <h5>IT in der SANLAS Holding GmbH<\/h5>\n<p>Die Informationstechnologie (IT) hat in den letzten Jahrzehnten in der Gesundheitsbranche eine revolution&auml;re Ver&auml;nderung herbeigef&uuml;hrt. Sowohl in Krankenh&auml;usern als auch in Pflegeheimen spielt die IT eine immer zentralere Rolle. Die Bedeutung dieser Technologie ist nicht mehr wegzudenken, da sie die Qualit&auml;t der Patient:innenversorgung, die Effizienz der Verwaltung und die Sicherheit der medizinischen Daten erheblich verbessert.<\/p>\n<p>In Krankenh&auml;usern erm&ouml;glicht die IT eine effiziente Patient:innenverwaltung und -&uuml;berwachung. Elektronische Patient:innenakten (EPA) bieten einen umfassenden &Uuml;berblick &uuml;ber die medizinische Geschichte eines Patienten oder einer Patientin, was &Auml;rzt:innen und Pflegefachkr&auml;ften hilft, fundierte Entscheidungen zu treffen. Im Pflegeheimbereich unterst&uuml;tzt die IT die Verwaltung von Patient:innendaten und Pflegepl&auml;nen. Elektronische Pflegedokumentationssysteme erh&ouml;hen die Genauigkeit und Effizienz der Pflegeprotokolle. Au&szlig;erdem k&ouml;nnen Gesundheits-Apps die Lebensqualit&auml;t von Pflegeheimbewohner:innen verbessern, indem sie Gesundheitsdaten &uuml;berwachen und fr&uuml;hzeitig auf Probleme hinweisen.<\/p>\n<p>Ein weiterer wichtiger Aspekt ist die Sicherheit von Patient:innendaten. Die IT spielt eine entscheidende Rolle bei der Gew&auml;hrleistung des Datenschutzes und der Einhaltung gesetzlicher Vorschriften wie der Datenschutz-Grundverordnung (DSGVO) im Gesundheitswesen.<\/p>\n<p>Insgesamt kann die IT die Effizienz steigern, Fehler minimieren und die Patient:innenversorgung optimieren. Die Digitalisierung im Gesundheitswesen wird weiterhin an Bedeutung gewinnen und somit die Qualit&auml;t der medizinischen Versorgung in Krankenh&auml;usern und Pflegeheimen kontinuierlich verbessern. Um diesen Qualit&auml;tsanspr&uuml;chen gerecht zu werden, ist es uns ein besonderes Anliegen gemeinsam mit eHealth-Spezialist:innen an modernen L&ouml;sungsans&auml;tzen zu arbeiten.<\/p>\n<p>eHealth-Spezialist:innen spielen eine entscheidende Rolle bei der Modernisierung des Gesundheitswesens und der Bereitstellung effizienterer und qualitativ hochwertigerer Gesundheitsversorgung. Sie weisen ein tiefes Verst&auml;ndnis sowohl f&uuml;r die technischen Aspekte der Informationstechnologie als auch f&uuml;r die Anforderungen des Gesundheitswesens auf.<\/p>\n<p>Die SANLAS Holding GmbH ist hocherfreut dar&uuml;ber, mit jungen, engagierten eHealth-Studierenden zusammenzuarbeiten und gemeinsam die Zukunft der Gesundheitsinformatik zu gestalten. In den medizinischen Einrichtungen des Unternehmens k&ouml;nnen die Studierenden ihr erlerntes Wissen in der Praxis, w&auml;hrend ihrer Ausbildung in Form eines Praktikums, aber auch nach erfolgreichem Abschluss ihres Studiums, als Sanlas-Mitarbeiter:in, einsetzen.<\/p>\n\n            <\/div>\n        <\/div>\n            <\/div>\n<\/div>\n\n\n<div\n    id=\"\"\n    class=\"wp-block-content-image margin-bottom-normal\"\n>\n    <div class=\"container-lg\">\n        <div class=\"row\">\n            <div class=\"col-12\">\n                <div >\n\n                    <div class=\"image-wrapper\">\n                        <picture>\n                        <source\n                media=\"(max-width: 576px)\"\n                srcset=\"https:\/\/cdn3.fh-joanneum.at\/media\/sites\/138\/2025\/02\/kooperation-mit-sanlas-holding-13-576x289.jpg, https:\/\/cdn3.fh-joanneum.at\/media\/sites\/138\/2025\/02\/kooperation-mit-sanlas-holding-13-768x386.jpg 2x\"\n            \/>\n                    <source\n                media=\"(max-width: 768px)\"\n                srcset=\"https:\/\/cdn3.fh-joanneum.at\/media\/sites\/138\/2025\/02\/kooperation-mit-sanlas-holding-13-768x386.jpg, https:\/\/cdn3.fh-joanneum.at\/media\/sites\/138\/2025\/02\/kooperation-mit-sanlas-holding-13-1024x515.jpg 2x\"\n            \/>\n                    <source\n                media=\"(max-width: 1024px)\"\n                srcset=\"https:\/\/cdn3.fh-joanneum.at\/media\/sites\/138\/2025\/02\/kooperation-mit-sanlas-holding-13-1024x515.jpg, https:\/\/cdn3.fh-joanneum.at\/media\/sites\/138\/2025\/02\/kooperation-mit-sanlas-holding-13.jpg 2x\"\n            \/>\n                    <source\n                media=\"(max-width: 1170px)\"\n                srcset=\"https:\/\/cdn3.fh-joanneum.at\/media\/sites\/138\/2025\/02\/kooperation-mit-sanlas-holding-13.jpg, https:\/\/cdn3.fh-joanneum.at\/media\/sites\/138\/2025\/02\/kooperation-mit-sanlas-holding-13.jpg 2x\"\n            \/>\n                    <source\n                media=\"(max-width: 1170px)\"\n                srcset=\"https:\/\/cdn3.fh-joanneum.at\/media\/sites\/138\/2025\/02\/kooperation-mit-sanlas-holding-13.jpg, https:\/\/cdn3.fh-joanneum.at\/media\/sites\/138\/2025\/02\/kooperation-mit-sanlas-holding-13.jpg 2x\"\n            \/>\n                <img decoding=\"async\"\n        class=\"img-fluid @if ($image_credit || $media_subtitle) mb-2 @endif @if ($lightbox) modal-trigger @endif\" @click=\"modal = !modal\" aria-expanded=\"false\"\n        src=\"https:\/\/cdn3.fh-joanneum.at\/media\/sites\/138\/2025\/02\/kooperation-mit-sanlas-holding-13.jpg\"\n        alt=\"\"\n        title=\"\"\n         loading=\"lazy\"             >\n<\/picture>\n\n                                                                            <p class=\"text-muted\">Privatklinik La\u00dfnitzh\u00f6he \u00a9 SANLAS Holding GmbH<\/p>\n                                            <\/div>\n\n                                    <\/div>\n\n            <\/div>\n        <\/div>\n    <\/div>\n<\/div>\n\n\n<div id=\"\" class=\"wp-block-text-content margin-bottom-normal\">\n    <div class=\"container-lg\">\n        <div class=\"row\">\n            <div class=\"col\">\n                <h5>Spannende Aufgabengebiete im IT-Projektmanagement-Praktikum<\/h5>\n<p>In einem bevorstehenden Praktikum im Bereich IT-Projektmanagement erwarten eHealth-Studierende vielf&auml;ltige und anspruchsvolle Aufgaben, die einen Einblick in die spannende Welt der Gesundheitsinformatik bieten. Die Studierende erhalten vor den eigenst&auml;ndigen T&auml;tigkeiten selbstverst&auml;ndlich zu allen folgenden Themen eine genaue Einschulung von unseren Mitarbeiter:innen, um einen gr&ouml;&szlig;tm&ouml;glichen Nutzen aus dem Praktikum ziehen zu k&ouml;nnen. Hier sind ein paar Hauptthemen von vielen, mit denen die Studierende w&auml;hrend ihres Praktikums in Ber&uuml;hrung kommen k&ouml;nnen:<\/p>\n<ol>\n<li><strong>Mitarbeit und Betreuung des Krankenhausinformationssystems (KIS):<\/strong> Die Studierenden werden aktiv an der Betreuung verschiedener Bereiche im Umgang mit unserem Krankenhausinformationssystem teilnehmen. Das beinhaltet die Unterst&uuml;tzung bei der Systemnutzung, Fehlerbehebung und die Gew&auml;hrleistung einer reibungslosen Anwendung.<\/li>\n<li><strong>Interdisziplin&auml;re Digitalisierungsprojekte:<\/strong> Die Studierenden k&ouml;nnen in interdisziplin&auml;ren und einrichtungs&uuml;bergreifenden Digitalisierungsprojekten mitwirken. Hierbei werden sie die Anbindung verschiedener Systeme an das KIS unterst&uuml;tzen, Schnittstellen betreuen und aktiv an der Weiterentwicklung digitaler L&ouml;sungen teilnehmen.<\/li>\n<li><strong>Eigenst&auml;ndige Umsetzung von Kleinprojekten:<\/strong> Die Studierenden erhalten die Gelegenheit, Kleinprojekte eigenst&auml;ndig zu leiten. Dies k&ouml;nnte auch einfache Programmiert&auml;tigkeiten beinhalten, um innovative L&ouml;sungen zu entwickeln und umzusetzen.<\/li>\n<li><strong>Prozessanalysen und -verbesserungen:<\/strong> Die Studierenden k&ouml;nnen unser Team bei der Analyse bestehender Prozesse unterst&uuml;tzen und dabei helfen, Optimierungsm&ouml;glichkeiten zu identifizieren und umzusetzen.<\/li>\n<li><strong>Abrechnungssysteme und Schnittstellen:<\/strong> W&auml;hrend des Praktikums k&ouml;nnen den Studierenden Einblicke in verschiedene Abrechnungssystematiken wie PRIKRAF und xEdikur gew&auml;hrt werden und lernen, wie diese mit dem KIS der SANLAS Holding GmbH durchgef&uuml;hrt werden.<\/li>\n<li><strong>XML-Formulare erstellen und bearbeiten:<\/strong> Die Studierenden k&ouml;nnen bei der Erstellung und Bearbeitung von Formularen in XML mitwirken und wichtige Fertigkeiten im Bereich der elektronischen Datenerfassung erlernen.<\/li>\n<li><strong>Teilnahme an interdisziplin&auml;ren Besprechungen:<\/strong> Die Studierenden k&ouml;nnen die Gelegenheit nutzen, an interdisziplin&auml;ren Besprechungen teilzunehmen und aktiv zur Umsetzung von Neuerungen sowie Change-Requests im KIS beitragen.<\/li>\n<li><strong>IT-Projektmanagement:<\/strong> Die Studierenden k&ouml;nnen bei der Erstellung von Pflichtenheften und Anforderungskatalogen sowie dem Ausarbeiten von Anforderungskonzepten mitwirken und k&ouml;nnen dabei Mitarbeiter:innen bei projektspezifischen Fragestellungen unterst&uuml;tzen.<\/li>\n<\/ol>\n<p>Aufgrund der bestehenden Kooperation mit dem Institut eHealth der FH JOANNEUM Graz freuen wir uns darauf, eHealth-Studierende w&auml;hrend ihrer Ausbildung in Form von Praktika begleiten zu d&uuml;rfen. Dar&uuml;ber hinaus freuen wir uns Absolvent:innen in unserem Sanlas-Team willkommen zu hei&szlig;en und gemeinsam mit ihnen an spannenden Projekten zu arbeiten.<\/p>\n<p>Bei Fragestellungen jeglicher Art k&ouml;nnen Sie sich gerne an mich wenden:<\/p>\n<p><a href=\"https:\/\/sanlas.at\/karriere-mitarbeiter\/praktikum-bei-sanlas\/\" target=\"_blank\" rel=\"noopener noreferrer\">https:\/\/sanlas.at\/karriere-mitarbeiter\/praktikum-bei-sanlas\/<\/a><\/p>\n<h6>Kontakt<\/h6>\n<p>Kerstin Pletzl, BSc MSc<br>\nZentrales Praktikantenmanagement<br>\n<a href=\"tel:0043313322749122\">+ 43 3133 2274-9122<\/a><br>\n<a href=\"mailito:praktikanten-mngmt@sanlas.at\">praktikanten-mngmt@sanlas.at<\/a><\/p>\n<h5>Stimmen unserer Mitarbeiter und eHealth-Absolventen der FH JOANNEUM<\/h5>\n\n            <\/div>\n        <\/div>\n            <\/div>\n<\/div>\n\n\n<div\n    id=\"\"\n    class=\"wp-block-blockquote margin-bottom-normal\"\n>\n    <div class=\"container-lg\">\n        <div class=\"row\">\n            <div class=\"col\">\n                <div class=\"d-block mb-2 fs-5 major-text-color\">Ich bin durch mein Pflichtpraktikum im Bachelorstudium Gesundheitsinformatik \/ eHealth ins IT-Projektmanagement der Sanlas Holding GmbH gekommen und bin bis heute als Vollzeitkraft in dieser Abteilung t\u00e4tig. Bereits w\u00e4hrend des Praktikums konnte ich meine im Studium erlernten F\u00e4higkeiten im Projektmanagement und Programmieren vertiefen und durfte diese mittlerweile bei der Einf\u00fchrung eines neuen KIS in vier Einrichtungen mit unterschiedlichen Schwerpunkten zum Einsatz bringen.<\/div>\n                <span class=\"d-flex justify-content-end\">ROHRER Peter, BSc \u2013 IT Projektmanagement<\/span>\n            <\/div>\n        <\/div>\n    <\/div>\n<\/div>\n\n\n<div\n    id=\"\"\n    class=\"wp-block-blockquote margin-bottom-normal\"\n>\n    <div class=\"container-lg\">\n        <div class=\"row\">\n            <div class=\"col\">\n                <div class=\"d-block mb-2 fs-5 major-text-color\">Das Studium an der FH JOANNEUM hat mir ein tiefes Verst\u00e4ndnis vermittelt, wie Technologie im Gesundheitswesen eingesetzt werden kann. Dies erm\u00f6glicht mir IT-Projekte pr\u00e4zise auf die Bed\u00fcrfnisse unserer Einrichtungen zuzuschneiden. Zudem kann ich durch mein Studium innovative IT-L\u00f6sungen entwickeln und implementieren, die zur Verbesserung der Patient:innenversorgung und zur Effizienzsteigerung in unseren Einrichtungen beitragen. <\/div>\n                <span class=\"d-flex justify-content-end\">ENTER Jakob, BSc \u2013 IT Organisation<\/span>\n            <\/div>\n        <\/div>\n    <\/div>\n<\/div>\n","protected":false},"excerpt":{"rendered":"<p>Die SANLAS Holding hat sich als f\u00fchrendes Unternehmen im Gesundheits- und Sozialbereich \u00d6sterreichs einen exzellenten Ruf erarbeitet. Die Zusammenarbeit mit dem Institut eHealth der FH JOANNEUM Graz ist ein Beweis daf\u00fcr, dass die SANLAS Holding stets bestrebt ist, neue Wege zu gehen und von frischem Wissen und Engagement zu profitieren.<\/p>\n","protected":false},"author":143,"featured_media":219,"parent":115,"menu_order":95,"comment_status":"closed","ping_status":"closed","template":"template-absolvent.blade.php","meta":{"_acf_changed":false,"footnotes":""},"acf":[],"aioseo_notices":[],"_links":{"self":[{"href":"https:\/\/www.fh-joanneum.at\/digital-transformation-in-healthcare\/master\/wp-json\/wp\/v2\/pages\/218"}],"collection":[{"href":"https:\/\/www.fh-joanneum.at\/digital-transformation-in-healthcare\/master\/wp-json\/wp\/v2\/pages"}],"about":[{"href":"https:\/\/www.fh-joanneum.at\/digital-transformation-in-healthcare\/master\/wp-json\/wp\/v2\/types\/page"}],"author":[{"embeddable":true,"href":"https:\/\/www.fh-joanneum.at\/digital-transformation-in-healthcare\/master\/wp-json\/wp\/v2\/users\/143"}],"replies":[{"embeddable":true,"href":"https:\/\/www.fh-joanneum.at\/digital-transformation-in-healthcare\/master\/wp-json\/wp\/v2\/comments?post=218"}],"version-history":[{"count":1,"href":"https:\/\/www.fh-joanneum.at\/digital-transformation-in-healthcare\/master\/wp-json\/wp\/v2\/pages\/218\/revisions"}],"predecessor-version":[{"id":225,"href":"https:\/\/www.fh-joanneum.at\/digital-transformation-in-healthcare\/master\/wp-json\/wp\/v2\/pages\/218\/revisions\/225"}],"up":[{"embeddable":true,"href":"https:\/\/www.fh-joanneum.at\/digital-transformation-in-healthcare\/master\/wp-json\/wp\/v2\/pages\/115"}],"wp:featuredmedia":[{"embeddable":true,"href":"https:\/\/www.fh-joanneum.at\/digital-transformation-in-healthcare\/master\/wp-json\/wp\/v2\/media\/219"}],"wp:attachment":[{"href":"https:\/\/www.fh-joanneum.at\/digital-transformation-in-healthcare\/master\/wp-json\/wp\/v2\/media?parent=218"}],"curies":[{"name":"wp","href":"https:\/\/api.w.org\/{rel}","templated":true}]}}