{"id":226,"date":"2025-02-20T13:39:46","date_gmt":"2025-02-20T12:39:46","guid":{"rendered":"https:\/\/www.fh-joanneum.at\/digital-transformation-in-healthcare\/master\/?page_id=226"},"modified":"2025-02-20T13:39:48","modified_gmt":"2025-02-20T12:39:48","slug":"kooperation-mit-black-tusk","status":"publish","type":"page","link":"https:\/\/www.fh-joanneum.at\/digital-transformation-in-healthcare\/master\/im-studium\/ehealth-unternehmen\/kooperation-mit-black-tusk\/","title":{"rendered":"Kooperation mit Black Tusk"},"content":{"rendered":"<div id=\"\" class=\"wp-block-text-content margin-bottom-normal\">\n    <div class=\"container-lg\">\n        <div class=\"row\">\n            <div class=\"col\">\n                <h5>&Uuml;ber uns<\/h5>\n<p>Die <a href=\"https:\/\/blacktusk.eu\/de\/\" target=\"_blank\" rel=\"noopener noreferrer\">Black Tusk GmbH<\/a> ist ein &ouml;sterreichisches eHealth Unternehmen, welches urspr&uuml;nglich mit dem Ziel gegr&uuml;ndet wurde, eine innovative Cloud-Plattform f&uuml;r den Bereich Leistungssport und Lifestyle zu schaffen. Im Jahr 2015 erfolgte dann die Neuausrichtung hin zu eHealth, wobei der Fokus von der Kommunikation zwischen Sportler:innen und Trainer:innen auf die Interaktion zwischen Patient:innen und &Auml;rzt:innen verschoben wurde. Trotz der Umstellung bleibt das Unternehmen weiterhin darauf fokussiert, dichte Datenpunkte wie Bewegungsdaten, physiologische und klinische Informationen in einem zentralen Datenlager zu strukturieren. Einige Jahre sp&auml;ter vollzog sich die Firma der n&auml;chsten logischen und entscheidenden Transformation in Richtung semantischer und syntaktischer Interoperabilit&auml;t: Die Implementierung des FHIR&reg; (Fast Healthcare Interoperabiltity Resource) Standards.<\/p>\n<p>Mittlerweile kann Black Tusk auf langj&auml;hrige Erfahrung im Bereich Entwicklung, Testautomatisierung, Standardisierung sowie Qualit&auml;tsmanagement zur&uuml;ckblicken.<br>\nDieses Wissen setzen wir gezielt ein, um ma&szlig;geschneiderte und qualit&auml;tsgesicherte Interoperabilit&auml;tsl&ouml;sungen f&uuml;r das Gesundheitswesen zu entwickeln.<br>\nHierbei f&auml;llt unser Hauptaugenmerk auf die Entwicklung von FHIR-spezifischen Produkten sowie auf die Beratung zu Datenstrategien im Gesundheitswesen, insbesondere zum Thema FHIR. Dar&uuml;ber hinaus bietet Black Tusk gemeinsam mit Partnern Dienstleistungen im Qualit&auml;tsmanagement und in der Entwicklung von Medizinprodukten an. Unsere Vision ist es, die Versorgung im Gesundheitswesen mit unseren L&ouml;sungen durch sichere und standardisierte Vernetzung unterschiedlicher Systeme, strukturell zu verbessern. Um historisch gewachsene Barrieren in der Gesundheits-IT zu &uuml;berwinden und Datensilos zu durchbrechen, ist eine umfassende Datenstrategie unabdingbar. Hierbei spielt semantische Interoperabilit&auml;t eine zentrale Rolle. Sie bildet einen integralen Bestandteil unserer eHealth Produkte.<\/p>\n\n            <\/div>\n        <\/div>\n            <\/div>\n<\/div>\n\n\n<div\n    id=\"\"\n    class=\"wp-block-content-image margin-bottom-normal\"\n>\n    <div class=\"container-lg\">\n        <div class=\"row\">\n            <div class=\"col-12\">\n                <div >\n\n                    <div class=\"image-wrapper\">\n                        <picture>\n                        <source\n                media=\"(max-width: 576px)\"\n                srcset=\"https:\/\/cdn3.fh-joanneum.at\/media\/sites\/138\/2025\/02\/kooperation-mit-black-tusk-2-576x407.png, https:\/\/cdn3.fh-joanneum.at\/media\/sites\/138\/2025\/02\/kooperation-mit-black-tusk-2-768x543.png 2x\"\n            \/>\n                    <source\n                media=\"(max-width: 768px)\"\n                srcset=\"https:\/\/cdn3.fh-joanneum.at\/media\/sites\/138\/2025\/02\/kooperation-mit-black-tusk-2-768x543.png, https:\/\/cdn3.fh-joanneum.at\/media\/sites\/138\/2025\/02\/kooperation-mit-black-tusk-2-1024x724.png 2x\"\n            \/>\n                    <source\n                media=\"(max-width: 1024px)\"\n                srcset=\"https:\/\/cdn3.fh-joanneum.at\/media\/sites\/138\/2025\/02\/kooperation-mit-black-tusk-2-1024x724.png, https:\/\/cdn3.fh-joanneum.at\/media\/sites\/138\/2025\/02\/kooperation-mit-black-tusk-2.png 2x\"\n            \/>\n                    <source\n                media=\"(max-width: 1169px)\"\n                srcset=\"https:\/\/cdn3.fh-joanneum.at\/media\/sites\/138\/2025\/02\/kooperation-mit-black-tusk-2.png, https:\/\/cdn3.fh-joanneum.at\/media\/sites\/138\/2025\/02\/kooperation-mit-black-tusk-2.png 2x\"\n            \/>\n                    <source\n                media=\"(max-width: 1169px)\"\n                srcset=\"https:\/\/cdn3.fh-joanneum.at\/media\/sites\/138\/2025\/02\/kooperation-mit-black-tusk-2.png, https:\/\/cdn3.fh-joanneum.at\/media\/sites\/138\/2025\/02\/kooperation-mit-black-tusk-2.png 2x\"\n            \/>\n                <img decoding=\"async\"\n        class=\"img-fluid @if ($image_credit || $media_subtitle) mb-2 @endif @if ($lightbox) modal-trigger @endif\" @click=\"modal = !modal\" aria-expanded=\"false\"\n        src=\"https:\/\/cdn3.fh-joanneum.at\/media\/sites\/138\/2025\/02\/kooperation-mit-black-tusk-2.png\"\n        alt=\"\"\n        title=\"\"\n         loading=\"lazy\"             >\n<\/picture>\n\n                                                                            <p class=\"text-muted\">FIYAWARE Server. \u00a9 Black Tusk GmbH<\/p>\n                                            <\/div>\n\n                                    <\/div>\n\n            <\/div>\n        <\/div>\n    <\/div>\n<\/div>\n\n\n<div id=\"\" class=\"wp-block-text-content margin-bottom-normal\">\n    <div class=\"container-lg\">\n        <div class=\"row\">\n            <div class=\"col\">\n                <p>FIYAWARE Server ist die hauseigene Implementierung des FHIR&reg; Standards zur schnellen und sicheren Verarbeitung, Validierung und Verwaltung von Gesundheitsdaten und gleichzeitig zentraler Bestandteil unseres Interoperabilit&auml;tsbaukastens. Wir haben FIYAWARE Server entwickelt, um das Gesundheitssystem mit einer Plattform zu unterst&uuml;tzen, welche s&auml;mtliche Daten von diversen partizipierenden Gesundheitsdiensten empfangen, austauschen, weiterverarbeiten und patientenzentriert speichern kann. FIYAWARE Server wurde prim&auml;r f&uuml;r das medizinische Umfeld implementiert. Neben Ger&auml;tedaten finden die Services jedoch auch im Wearable-Bereich Anwendung.<\/p>\n<p>Das Produkt &bdquo;FIYAWARE Facade&ldquo; erm&ouml;glicht es, Daten aus Altsystemen, zug&auml;nglich zu machen. Durch die Transformation von &bdquo;Legacy-Formaten&ldquo; werden Daten eines Prim&auml;rsystems f&uuml;r Gesundheits- und Patient:innendaten entsprechend der Spezifikation in FHIR Ressourcen konvertiert und &uuml;ber unsere FIYAWARE Facade verf&uuml;gbar gemacht.<\/p>\n<p>Die myHD App f&uuml;r iOS erm&ouml;glicht es Nutzer:innen Gesundheitsdaten wie Blutdruck, Puls, Blutzucker, Gewicht und K&ouml;rpertemperatur schnell und sicher zu erfassen und zu verwalten, und deren Messung zu planen. Dar&uuml;ber hinaus dient die Applikation als Datenlieferant von Patient:innendaten mit integriertem FHIR-Export. Dieser soll helfen, Eintr&auml;ge mit behandelnden &Auml;rzt:innen zu teilen &ndash; eine ideale Dokumentationsbegleitung. Die Daten k&ouml;nnen als MIO oder in FHIR exportiert werden und k&ouml;nnen sowohl an FIYAWARE Server, sowie jeden anderen FHIR Server sicher angebunden werden.<\/p>\n\n            <\/div>\n        <\/div>\n            <\/div>\n<\/div>\n\n\n<div\n    id=\"\"\n    class=\"wp-block-content-image margin-bottom-normal\"\n>\n    <div class=\"container-lg\">\n        <div class=\"row\">\n            <div class=\"col-12\">\n                <div >\n\n                    <div class=\"image-wrapper\">\n                        <picture>\n                        <source\n                media=\"(max-width: 576px)\"\n                srcset=\"https:\/\/cdn3.fh-joanneum.at\/media\/sites\/138\/2025\/02\/kooperation-mit-black-tusk-3-576x324.png, https:\/\/cdn3.fh-joanneum.at\/media\/sites\/138\/2025\/02\/kooperation-mit-black-tusk-3-768x432.png 2x\"\n            \/>\n                    <source\n                media=\"(max-width: 768px)\"\n                srcset=\"https:\/\/cdn3.fh-joanneum.at\/media\/sites\/138\/2025\/02\/kooperation-mit-black-tusk-3-768x432.png, https:\/\/cdn3.fh-joanneum.at\/media\/sites\/138\/2025\/02\/kooperation-mit-black-tusk-3-1024x576.png 2x\"\n            \/>\n                    <source\n                media=\"(max-width: 1024px)\"\n                srcset=\"https:\/\/cdn3.fh-joanneum.at\/media\/sites\/138\/2025\/02\/kooperation-mit-black-tusk-3-1024x576.png, https:\/\/cdn3.fh-joanneum.at\/media\/sites\/138\/2025\/02\/kooperation-mit-black-tusk-3.png 2x\"\n            \/>\n                    <source\n                media=\"(max-width: 1280px)\"\n                srcset=\"https:\/\/cdn3.fh-joanneum.at\/media\/sites\/138\/2025\/02\/kooperation-mit-black-tusk-3.png, https:\/\/cdn3.fh-joanneum.at\/media\/sites\/138\/2025\/02\/kooperation-mit-black-tusk-3.png 2x\"\n            \/>\n                    <source\n                media=\"(max-width: 1280px)\"\n                srcset=\"https:\/\/cdn3.fh-joanneum.at\/media\/sites\/138\/2025\/02\/kooperation-mit-black-tusk-3.png, https:\/\/cdn3.fh-joanneum.at\/media\/sites\/138\/2025\/02\/kooperation-mit-black-tusk-3.png 2x\"\n            \/>\n                <img decoding=\"async\"\n        class=\"img-fluid @if ($image_credit || $media_subtitle) mb-2 @endif @if ($lightbox) modal-trigger @endif\" @click=\"modal = !modal\" aria-expanded=\"false\"\n        src=\"https:\/\/cdn3.fh-joanneum.at\/media\/sites\/138\/2025\/02\/kooperation-mit-black-tusk-3.png\"\n        alt=\"\"\n        title=\"\"\n         loading=\"lazy\"             >\n<\/picture>\n\n                                                                            <p class=\"text-muted\">MyHealthDiary App. \u00a9 Black Tusk GmbH<\/p>\n                                            <\/div>\n\n                                    <\/div>\n\n            <\/div>\n        <\/div>\n    <\/div>\n<\/div>\n\n\n<div id=\"\" class=\"wp-block-text-content margin-bottom-normal\">\n    <div class=\"container-lg\">\n        <div class=\"row\">\n            <div class=\"col\">\n                <p>Neben unseren Forschungsaktivit&auml;ten bieten wir auch Auftragsentwicklung an. Unsere Expertise reicht von Frontend Entwicklung in ReactJS &uuml;ber Wearable Entwicklung f&uuml;r Garmin bis hin zu .NET und Python Know-How f&uuml;r Backend-Entwicklung.<br>\nIm Wearable-Sektor publizieren wir als Garmin Partner regelm&auml;&szlig;ig eigene Apps auf dem Garmin Marketplace.<\/p>\n<h5>Arbeiten bei der BT<\/h5>\n<p>Bei der Black Tusk setzen wir auf hybrides, flexibles Arbeiten in einem jungen, dynamischen Team. Wir entwickeln L&ouml;sungen f&uuml;r spezielle Anforderungen im medizinischen Bereich. Wir bieten individuelle Arbeitszeiten durch ein &auml;u&szlig;erst flexibles Gleitzeitmodell sowie eine sehr arbeitnehmerfreundliche Home-Office Politik. Mehrmals im Jahr streben wir gemeinsame Treffen und Teamaktivit&auml;ten an, um alle Dienstnehmer:innen an einen Standort zu bringen mit dem Ziel uns gemeinsam austauschen zu k&ouml;nnen und unseren Teamgeist zu st&auml;rken.<\/p>\n\n            <\/div>\n        <\/div>\n            <\/div>\n<\/div>\n\n\n<div\n    id=\"\"\n    class=\"wp-block-content-image margin-bottom-normal\"\n>\n    <div class=\"container-lg\">\n        <div class=\"row\">\n            <div class=\"col-12\">\n                <div >\n\n                    <div class=\"image-wrapper\">\n                        <picture>\n                        <source\n                media=\"(max-width: 576px)\"\n                srcset=\"https:\/\/cdn3.fh-joanneum.at\/media\/sites\/138\/2025\/02\/kooperation-mit-black-tusk-4-576x461.png, https:\/\/cdn3.fh-joanneum.at\/media\/sites\/138\/2025\/02\/kooperation-mit-black-tusk-4-768x614.png 2x\"\n            \/>\n                    <source\n                media=\"(max-width: 768px)\"\n                srcset=\"https:\/\/cdn3.fh-joanneum.at\/media\/sites\/138\/2025\/02\/kooperation-mit-black-tusk-4-768x614.png, https:\/\/cdn3.fh-joanneum.at\/media\/sites\/138\/2025\/02\/kooperation-mit-black-tusk-4-1024x819.png 2x\"\n            \/>\n                    <source\n                media=\"(max-width: 1024px)\"\n                srcset=\"https:\/\/cdn3.fh-joanneum.at\/media\/sites\/138\/2025\/02\/kooperation-mit-black-tusk-4-1024x819.png, https:\/\/cdn3.fh-joanneum.at\/media\/sites\/138\/2025\/02\/kooperation-mit-black-tusk-4-1536x1229.png 2x\"\n            \/>\n                    <source\n                media=\"(max-width: 1536px)\"\n                srcset=\"https:\/\/cdn3.fh-joanneum.at\/media\/sites\/138\/2025\/02\/kooperation-mit-black-tusk-4-1536x1229.png, https:\/\/cdn3.fh-joanneum.at\/media\/sites\/138\/2025\/02\/kooperation-mit-black-tusk-4.png 2x\"\n            \/>\n                    <source\n                media=\"(max-width: 2000px)\"\n                srcset=\"https:\/\/cdn3.fh-joanneum.at\/media\/sites\/138\/2025\/02\/kooperation-mit-black-tusk-4.png, https:\/\/cdn3.fh-joanneum.at\/media\/sites\/138\/2025\/02\/kooperation-mit-black-tusk-4.png 2x\"\n            \/>\n                <img decoding=\"async\"\n        class=\"img-fluid @if ($image_credit || $media_subtitle) mb-2 @endif @if ($lightbox) modal-trigger @endif\" @click=\"modal = !modal\" aria-expanded=\"false\"\n        src=\"https:\/\/cdn3.fh-joanneum.at\/media\/sites\/138\/2025\/02\/kooperation-mit-black-tusk-4.png\"\n        alt=\"\"\n        title=\"\"\n         loading=\"lazy\"             >\n<\/picture>\n\n                                                                            <p class=\"text-muted\">Team. \u00a9 Black Tusk GmbH<\/p>\n                                            <\/div>\n\n                                    <\/div>\n\n            <\/div>\n        <\/div>\n    <\/div>\n<\/div>\n\n\n<div\n    id=\"\"\n    class=\"wp-block-blockquote margin-bottom-normal\"\n>\n    <div class=\"container-lg\">\n        <div class=\"row\">\n            <div class=\"col\">\n                <div class=\"d-block mb-2 fs-5 major-text-color\">&#8220;Durch das Arbeiten bei der Black Tusk konnte ich nicht nur einen tieferen Einblick in die Entwicklung von Medizinproduktsoftware bekommen, sondern auch meinen eigenen Horizont durch themenspezifische Weiterbildungen erweitern.&#8221;<\/div>\n                <span class=\"d-flex justify-content-end\">Manuel Medwed, MSc, 2023<\/span>\n            <\/div>\n        <\/div>\n    <\/div>\n<\/div>\n\n\n<div\n    id=\"\"\n    class=\"wp-block-blockquote margin-bottom-normal\"\n>\n    <div class=\"container-lg\">\n        <div class=\"row\">\n            <div class=\"col\">\n                <div class=\"d-block mb-2 fs-5 major-text-color\">&#8220;Dank der Black Tusk konnte ich direkt im Anschluss an mein eHealth Studium mein gelerntes Wissen in der Praxis anwenden.&#8221;<\/div>\n                <span class=\"d-flex justify-content-end\">Lilly Hassler, MSc, 2023<\/span>\n            <\/div>\n        <\/div>\n    <\/div>\n<\/div>\n\n\n<div\n    id=\"\"\n    class=\"wp-block-blockquote margin-bottom-normal\"\n>\n    <div class=\"container-lg\">\n        <div class=\"row\">\n            <div class=\"col\">\n                <div class=\"d-block mb-2 fs-5 major-text-color\">&#8220;Das Arbeiten in der Black Tusk erm\u00f6glicht es mir, mich tagt\u00e4glich in einer meiner gr\u00f6\u00dften Leidenschaften zu verbessern: Das Entwickeln mit FHIR.&#8221;<\/div>\n                <span class=\"d-flex justify-content-end\">Katarina Pavlovskaya, BSc, 2024<\/span>\n            <\/div>\n        <\/div>\n    <\/div>\n<\/div>\n\n\n<div id=\"\" class=\"wp-block-text-content margin-bottom-normal\">\n    <div class=\"container-lg\">\n        <div class=\"row\">\n            <div class=\"col\">\n                <p><strong>Angebote f&uuml;r Gesundheitsinformatik \/ eHealth Studierende im Rahmen der Kooperation<\/strong><\/p>\n<ul>\n<li>Ferialpraktika<\/li>\n<li>Bachelor- und Masterarbeiten<\/li>\n<li>Teilzeitjobs w&auml;hrend des Studiums<\/li>\n<li>Go-to place f&uuml;r Absolvent:innen<\/li>\n<\/ul>\n<p>Da uns die F&ouml;rderung von jungen Studierenden sehr am Herzen liegt, bieten wir auch gerne Praktika an und freuen uns auf eure Initiativbewerbung. Dar&uuml;ber hinaus bieten wir Gesundheitsinformatik \/ eHealth Studierenden der FH Joanneum auch gerne die Betreuung von Bachelor- und\/oder Masterarbeiten an. Hier ein Auszug aus den Arbeiten der letzten Jahre:<\/p>\n<ul>\n<li><a href=\"https:\/\/epub.fh-joanneum.at\/obvfhjhs\/content\/titleinfo\/6479435\" target=\"_blank\" rel=\"noopener noreferrer\">M&ouml;glichkeit der Umsetzung von Qualit&auml;tsmanagement in Projekten nach ISO 13485 mit dem Schwerpunkt agile Entwicklung und verteilten virtuellen Teams <\/a> &ndash; Aleli Isabella Helena Gebhart<\/li>\n<li><a href=\"https:\/\/epub.fh-joanneum.at\/obvfhjhs\/content\/titleinfo\/6205938\" target=\"_blank\" rel=\"noopener noreferrer\">Transformation von Wearable-Schlafdaten in FHIR<\/a> &ndash; Armin Griebler<\/li>\n<li><a href=\"https:\/\/epub.fh-joanneum.at\/obvfhjhs\/content\/titleinfo\/6208450\" target=\"_blank\" rel=\"noopener noreferrer\">Transformation des Mikrobiologischen ELGA-CDA Laborbefundes in FHIR<\/a> &ndash; Maximilian Ossana<\/li>\n<li>Transformation und Darstellung von Dialyse-Daten im FHIR-Standard mittels Python-Automatisierung &ndash; Katarina Pavlovskaya<\/li>\n<\/ul>\n\n            <\/div>\n        <\/div>\n            <\/div>\n<\/div>\n","protected":false},"excerpt":{"rendered":"<p>Bei der Black Tusk setzen wir auf hybrides, flexibles Arbeiten in einem jungen, dynamischen Team. Wir entwickeln L\u00f6sungen f\u00fcr spezielle Anforderungen im medizinischen Bereich. Wir sehen uns als Go-to Place f\u00fcr Gesundheitsinformatik \/ eHealth Absolvent:innen und bieten gerne auch Praktika, die Betreuung von Bachelor- und Masterarbeiten sowie Teilzeitjobs schon w\u00e4hrend des Studiums an.<\/p>\n","protected":false},"author":143,"featured_media":227,"parent":115,"menu_order":94,"comment_status":"closed","ping_status":"closed","template":"template-absolvent.blade.php","meta":{"_acf_changed":false,"footnotes":""},"acf":[],"aioseo_notices":[],"_links":{"self":[{"href":"https:\/\/www.fh-joanneum.at\/digital-transformation-in-healthcare\/master\/wp-json\/wp\/v2\/pages\/226"}],"collection":[{"href":"https:\/\/www.fh-joanneum.at\/digital-transformation-in-healthcare\/master\/wp-json\/wp\/v2\/pages"}],"about":[{"href":"https:\/\/www.fh-joanneum.at\/digital-transformation-in-healthcare\/master\/wp-json\/wp\/v2\/types\/page"}],"author":[{"embeddable":true,"href":"https:\/\/www.fh-joanneum.at\/digital-transformation-in-healthcare\/master\/wp-json\/wp\/v2\/users\/143"}],"replies":[{"embeddable":true,"href":"https:\/\/www.fh-joanneum.at\/digital-transformation-in-healthcare\/master\/wp-json\/wp\/v2\/comments?post=226"}],"version-history":[{"count":1,"href":"https:\/\/www.fh-joanneum.at\/digital-transformation-in-healthcare\/master\/wp-json\/wp\/v2\/pages\/226\/revisions"}],"predecessor-version":[{"id":235,"href":"https:\/\/www.fh-joanneum.at\/digital-transformation-in-healthcare\/master\/wp-json\/wp\/v2\/pages\/226\/revisions\/235"}],"up":[{"embeddable":true,"href":"https:\/\/www.fh-joanneum.at\/digital-transformation-in-healthcare\/master\/wp-json\/wp\/v2\/pages\/115"}],"wp:featuredmedia":[{"embeddable":true,"href":"https:\/\/www.fh-joanneum.at\/digital-transformation-in-healthcare\/master\/wp-json\/wp\/v2\/media\/227"}],"wp:attachment":[{"href":"https:\/\/www.fh-joanneum.at\/digital-transformation-in-healthcare\/master\/wp-json\/wp\/v2\/media?parent=226"}],"curies":[{"name":"wp","href":"https:\/\/api.w.org\/{rel}","templated":true}]}}