{"id":236,"date":"2025-02-20T13:46:02","date_gmt":"2025-02-20T12:46:02","guid":{"rendered":"https:\/\/www.fh-joanneum.at\/digital-transformation-in-healthcare\/master\/?page_id=236"},"modified":"2025-02-20T13:46:04","modified_gmt":"2025-02-20T12:46:04","slug":"kooperation-mit-probando","status":"publish","type":"page","link":"https:\/\/www.fh-joanneum.at\/digital-transformation-in-healthcare\/master\/im-studium\/ehealth-unternehmen\/kooperation-mit-probando\/","title":{"rendered":"Kooperation mit Probando\u00ae"},"content":{"rendered":"<div id=\"\" class=\"wp-block-text-content margin-bottom-normal\">\n    <div class=\"container-lg\">\n        <div class=\"row\">\n            <div class=\"col\">\n                <h5>&Uuml;ber Probando&reg;<\/h5>\n<p><strong>Connecting the right people to create a better future for everyone.<\/strong><\/p>\n<p><a href=\"https:\/\/www.probando.io\/home\" target=\"_blank\" rel=\"noopener noreferrer\">Probando&reg;<\/a> ist 2020 in &Ouml;sterreich gestartet und Hidden Champion am Markt f&uuml;r klinische Studien, mit bereits mehr als 250 erfolgreich abgeschlossenen Studien in &uuml;ber 20 L&auml;ndern und rund 15 Millionen erreichten Menschen. Probando&reg; bietet unter anderem eine Internetplattform f&uuml;r Studien, die Forschende mit Studienteilnehmenden zusammenf&uuml;hrt und vernetzt. Grundlage ist eine intelligente, Machine-Learning-basierte Plattform, die mit der smarten Anwendung von Algorithmen effiziente L&ouml;sungen erzielt. Forschungseinrichtungen stellen ihre Studie bei Probando ein und finden schnell und einfach ihre Probandinnen und Probanden &ndash; Gesunde wie Kranke. Dabei stehen Transparenz und die Sichtbarkeit der medizinischen Forschung besonders im Fokus.<\/p>\n<p><strong>Unsere Mission ist klar:<\/strong> die Kluft zwischen Forschung und Gesellschaft zu &uuml;berbr&uuml;cken und die Landschaft der Innovation und Forschung zu ver&auml;ndern. Mit unseren benutzerfreundlichen Schnittstellen und schlanken Prozessen ebnen wir den Weg f&uuml;r einen transparenten und attraktiven Zugang zu Forschungsm&ouml;glichkeiten.<\/p>\n\n            <\/div>\n        <\/div>\n            <\/div>\n<\/div>\n\n\n<div\n    id=\"\"\n    class=\"wp-block-content-image margin-bottom-normal\"\n>\n    <div class=\"container-lg\">\n        <div class=\"row\">\n            <div class=\"col-12\">\n                <div >\n\n                    <div class=\"image-wrapper\">\n                        <picture>\n                        <source\n                media=\"(max-width: 576px)\"\n                srcset=\"https:\/\/cdn3.fh-joanneum.at\/media\/sites\/138\/2025\/02\/kooperation-mit-probando-2-576x324.png, https:\/\/cdn3.fh-joanneum.at\/media\/sites\/138\/2025\/02\/kooperation-mit-probando-2-768x432.png 2x\"\n            \/>\n                    <source\n                media=\"(max-width: 768px)\"\n                srcset=\"https:\/\/cdn3.fh-joanneum.at\/media\/sites\/138\/2025\/02\/kooperation-mit-probando-2-768x432.png, https:\/\/cdn3.fh-joanneum.at\/media\/sites\/138\/2025\/02\/kooperation-mit-probando-2-1024x576.png 2x\"\n            \/>\n                    <source\n                media=\"(max-width: 1024px)\"\n                srcset=\"https:\/\/cdn3.fh-joanneum.at\/media\/sites\/138\/2025\/02\/kooperation-mit-probando-2-1024x576.png, https:\/\/cdn3.fh-joanneum.at\/media\/sites\/138\/2025\/02\/kooperation-mit-probando-2.png 2x\"\n            \/>\n                    <source\n                media=\"(max-width: 1366px)\"\n                srcset=\"https:\/\/cdn3.fh-joanneum.at\/media\/sites\/138\/2025\/02\/kooperation-mit-probando-2.png, https:\/\/cdn3.fh-joanneum.at\/media\/sites\/138\/2025\/02\/kooperation-mit-probando-2.png 2x\"\n            \/>\n                    <source\n                media=\"(max-width: 1366px)\"\n                srcset=\"https:\/\/cdn3.fh-joanneum.at\/media\/sites\/138\/2025\/02\/kooperation-mit-probando-2.png, https:\/\/cdn3.fh-joanneum.at\/media\/sites\/138\/2025\/02\/kooperation-mit-probando-2.png 2x\"\n            \/>\n                <img decoding=\"async\"\n        class=\"img-fluid @if ($image_credit || $media_subtitle) mb-2 @endif @if ($lightbox) modal-trigger @endif\" @click=\"modal = !modal\" aria-expanded=\"false\"\n        src=\"https:\/\/cdn3.fh-joanneum.at\/media\/sites\/138\/2025\/02\/kooperation-mit-probando-2.png\"\n        alt=\"\"\n        title=\"\"\n         loading=\"lazy\"             >\n<\/picture>\n\n                                                    <p class=\"text-muted fst-italic\">Photo: Probando\u00ae<\/p>\n                                                                    <\/div>\n\n                                    <\/div>\n\n            <\/div>\n        <\/div>\n    <\/div>\n<\/div>\n\n\n<div id=\"\" class=\"wp-block-text-content margin-bottom-normal\">\n    <div class=\"container-lg\">\n        <div class=\"row\">\n            <div class=\"col\">\n                <h5>Probando&reg; Recruitment<\/h5>\n<p>&hellip; erm&ouml;glicht die Rekrutierung geeigneter Teilnehmer:innen (Gesunde sowie Erkrankte) f&uuml;r klinische Studien, nicht-klinische Studien, Produkttests und Umfragen. Wir bringen potenzielle Teilnehmende und Forschende mit unserer Smart-Matching-L&ouml;sung zusammen. Einerseits mit Hilfe tausender registrierter Personen auf unserer Plattform Probando.io. Zus&auml;tzlich sind wir durch ethik-konformes Social Media Marketing und gezielte Online-Kampagnen in der Lage, eine gro&szlig;e Anzahl von Personen zu erreichen, die den jeweiligen Einschlusskriterien der Studie entsprechen.<\/p>\n<h5>Probando&reg; Pay<\/h5>\n<p>&hellip; ist eine digitale Zahlungsl&ouml;sung, die speziell f&uuml;r (klinische) Studien entwickelt wurde. Mit unserem Service k&ouml;nnen Spesenabrechnungen und Reisekosten sicher, schnell und einfach auf das Bankkonto des jeweiligen Studienteilnehmenden &uuml;berwiesen werden und dabei stets der &Uuml;berblick &uuml;ber alle Zahlungen und Verg&uuml;tungen im Blick behalten werden.<br>\nProbando&reg; Pay vereinfacht den Zahlungsmanagementprozess f&uuml;r alle Beteiligten: Sponsoren, Studienzentren und Studienteilnehmende.<\/p>\n<p>Unser &uuml;bergeordnetes Ziel ist jedoch die Entwicklung eines holistischen &Ouml;kosystems f&uuml;r Studien, darunter verstehen wir die Ausweitung unserer Plattform auf diverseste Anwendungsgebiete rund um (klinische) Forschung. Dieses Ziel erreichen wir durch innovative Ans&auml;tze, aber auch durch die Zusammenarbeit mit verschiedensten Partnern, unter anderem auch FH Joanneum.<\/p>\n<h5>Kooperation Probando&reg; X FH Joanneum<\/h5>\n<p>Die Rolle von dir als eHealth-Spezialist:in ist entscheidend f&uuml;r die Modernisierung des Gesundheitswesens und die F&ouml;rderung von Innovationen im Bereich Digital Health. Durch das Know-How sowohl im technischen Bereich der Informationstechnologie als auch das tiefergehende Verst&auml;ndnis f&uuml;r die Forschung im Gesundheitssektor, bietest du die perfekten Voraussetzungen, um an unserem innovativen Konzept mitzuwirken.<\/p>\n<p>Kl&uuml;ge K&ouml;pfe und geistreiche Ideen sind bei Probando&reg; mehr als willkommen, wir bieten (Pflicht-)Praktika, Voll- sowie Teilzeitstellen, individuell abgestimmt auf deine Bed&uuml;rfnisse in diversen Bereichen: arbeite mit dem neuesten Stack und unterst&uuml;tze das Dev-Team unsere Plattformen noch effizienter und ansprechender zu gestalten oder ist dir die &ldquo;front row&rdquo; lieber? Dann sei Part des Sales Team, das mittlerweile international, in mehr als 20 L&auml;ndern, unser Produkt vertreibt oder jonglierst du liebend gerne mit Zahlen, Daten, Fakten? Dann bist du in unserem Finance Team genau richtig, dass uns immer gut auf Kurs h&auml;lt.<\/p>\n<p>Au&szlig;erdem m&ouml;chten wir Studierende in ihren Abschlussarbeiten unterst&uuml;tzen und die M&ouml;glichkeit bieten, potenzielle Forschungsteilnehmer:innen &uuml;ber unsere Plattform zu finden, oder aber auch als Praxispartner die eine oder andere Abschlussarbeit begleiten.<\/p>\n<p><strong>Kooperationsm&ouml;glichkeiten f&uuml;r FH-Studierende:<\/strong><\/p>\n<ul>\n<li>Ferial- und Berufspraktika<\/li>\n<li>Themen f&uuml;r Bachelor- und Masterarbeiten<\/li>\n<li>Unterst&uuml;tzung in der Rekrutierung von Teilnehmer:innen f&uuml;r Abschlussarbeiten<\/li>\n<li>Teilzeitjobs mit flexiblen Arbeitszeiten<\/li>\n<li>M&ouml;glichkeit auf Festanstellung<\/li>\n<\/ul>\n\n            <\/div>\n        <\/div>\n            <\/div>\n<\/div>\n\n\n<div\n    id=\"\"\n    class=\"wp-block-content-image margin-bottom-normal\"\n>\n    <div class=\"container-lg\">\n        <div class=\"row\">\n            <div class=\"col-12\">\n                <div >\n\n                    <div class=\"image-wrapper\">\n                        <picture>\n                        <source\n                media=\"(max-width: 576px)\"\n                srcset=\"https:\/\/cdn3.fh-joanneum.at\/media\/sites\/138\/2025\/02\/kooperation-mit-probando-3-576x324.png, https:\/\/cdn3.fh-joanneum.at\/media\/sites\/138\/2025\/02\/kooperation-mit-probando-3-768x432.png 2x\"\n            \/>\n                    <source\n                media=\"(max-width: 768px)\"\n                srcset=\"https:\/\/cdn3.fh-joanneum.at\/media\/sites\/138\/2025\/02\/kooperation-mit-probando-3-768x432.png, https:\/\/cdn3.fh-joanneum.at\/media\/sites\/138\/2025\/02\/kooperation-mit-probando-3-1024x576.png 2x\"\n            \/>\n                    <source\n                media=\"(max-width: 1024px)\"\n                srcset=\"https:\/\/cdn3.fh-joanneum.at\/media\/sites\/138\/2025\/02\/kooperation-mit-probando-3-1024x576.png, https:\/\/cdn3.fh-joanneum.at\/media\/sites\/138\/2025\/02\/kooperation-mit-probando-3.png 2x\"\n            \/>\n                    <source\n                media=\"(max-width: 1366px)\"\n                srcset=\"https:\/\/cdn3.fh-joanneum.at\/media\/sites\/138\/2025\/02\/kooperation-mit-probando-3.png, https:\/\/cdn3.fh-joanneum.at\/media\/sites\/138\/2025\/02\/kooperation-mit-probando-3.png 2x\"\n            \/>\n                    <source\n                media=\"(max-width: 1366px)\"\n                srcset=\"https:\/\/cdn3.fh-joanneum.at\/media\/sites\/138\/2025\/02\/kooperation-mit-probando-3.png, https:\/\/cdn3.fh-joanneum.at\/media\/sites\/138\/2025\/02\/kooperation-mit-probando-3.png 2x\"\n            \/>\n                <img decoding=\"async\"\n        class=\"img-fluid @if ($image_credit || $media_subtitle) mb-2 @endif @if ($lightbox) modal-trigger @endif\" @click=\"modal = !modal\" aria-expanded=\"false\"\n        src=\"https:\/\/cdn3.fh-joanneum.at\/media\/sites\/138\/2025\/02\/kooperation-mit-probando-3.png\"\n        alt=\"\"\n        title=\"\"\n         loading=\"lazy\"             >\n<\/picture>\n\n                                                    <p class=\"text-muted fst-italic\">Photo: Probando\u00ae<\/p>\n                                                                    <\/div>\n\n                                    <\/div>\n\n            <\/div>\n        <\/div>\n    <\/div>\n<\/div>\n\n\n<div id=\"\" class=\"wp-block-text-content margin-bottom-normal\">\n    <div class=\"container-lg\">\n        <div class=\"row\">\n            <div class=\"col\">\n                <h5>Probando&reg; als Arbeitgeber<\/h5>\n<p>Probando&reg; ist die digitale Plattform f&uuml;r Studien. Wir vernetzen Forschende und Unternehmen mit studieninteressierten Menschen. Wir machen Forschung zu einem gemeinsamen Unterfangen und so die Welt f&uuml;r Jede:n nachhaltig lebenswerter &ndash; das ist unsere Vision. Wir sind bereits in &uuml;ber 20 L&auml;ndern weltweit vertreten und wachsen stetig weiter. Unser Team w&auml;chst mit!<\/p>\n<p>Bei uns kannst du deinem ganz eigenen Selbst freien Lauf lassen. Wir setzen auf Zusammenarbeit mit jungen, dynamischen und eigenverantwortlichen Kolleg:innen, die, wie wir, dazu beitragen wollen, die Welt ein St&uuml;ck weit besser zu machen!<\/p>\n<p>Was Arbeiten bei Probando&reg; ausmacht:<\/p>\n<ul>\n<li><strong>Agilit&auml;t<\/strong><br>\nUnser junges, dynamisches Team arbeitet mit unterschiedlichen agilen Frameworks, um besonders schnell auf Ver&auml;nderungen reagieren zu k&ouml;nnen.<\/li>\n<li><strong>Zusammenarbeit auf Augenh&ouml;he<\/strong><br>\nEigenverantwortung und Selbstorganisation werden bei uns gro&szlig; geschrieben und Hierarchien daf&uuml;r klein gehalten.<\/li>\n<li><strong>Work-Life-Balance<\/strong><br>\nWir bringen Beruf und Privatleben in Einklang.<\/li>\n<li><strong>Teamevents<\/strong><br>\nUnser Team und Zusammenhalt sind unsere gr&ouml;&szlig;ten St&auml;rken und diese entstehen durch regelm&auml;&szlig;ige gemeinsame Teamevents.<\/li>\n<li><strong>Weiterbildung &amp; Growth<\/strong><br>\nGemeinsam immer besser werden, durch fachliche und pers&ouml;nliche Weiterbildungsm&ouml;glichkeiten.<\/li>\n<li><strong>Onboarding<\/strong><br>\nWir geben alles, um dich so schnell wie m&ouml;glich &ldquo;an Board&rdquo; zu holen.<\/li>\n<li><strong>Office dogs<\/strong><br>\nAre very welcome<\/li>\n<li><strong>Workation Arbeiten im Ausland?<\/strong><br>\nKein Thema, verlege deine Arbeit an einen sch&ouml;nen Ort deiner Wahl.<\/li>\n<li><strong>Maximale Flexibilit&auml;t<\/strong><br>\nHome office, remote work, workation &ndash; Du gestaltest deine Arbeitszeit, wie es dir gef&auml;llt.<\/li>\n<\/ul>\n\n            <\/div>\n        <\/div>\n            <\/div>\n<\/div>\n\n\n<div\n    id=\"\"\n    class=\"wp-block-blockquote margin-bottom-normal\"\n>\n    <div class=\"container-lg\">\n        <div class=\"row\">\n            <div class=\"col\">\n                <div class=\"d-block mb-2 fs-5 major-text-color\">Bei Probando zu arbeiten, ist besonders spannend, da ich meine im eHealth-Studium erlernten Kenntnisse in Gesundheitsinformatik und digitales Gesundheitsmanagement direkt anwenden kann. Die T\u00e4tigkeit hier erm\u00f6glicht es mir, die digitale Transformation im Gesundheitswesen aktiv mitzugestalten, was eine zentrale Komponente meines Studiums war. Zudem bietet Probando innovative Projekte im Bereich der klinischen Studien, die perfekt zu den Forschungsschwerpunkten meiner Ausbildung passen.<\/div>\n                <span class=\"d-flex justify-content-end\">Fabian Fratzl, Software Developer bei Probando GmbH<\/span>\n            <\/div>\n        <\/div>\n    <\/div>\n<\/div>\n\n\n<div id=\"\" class=\"wp-block-text-content margin-bottom-normal\">\n    <div class=\"container-lg\">\n        <div class=\"row\">\n            <div class=\"col\">\n                <p><strong>Kontakt f&uuml;r Praktika\/ Jobs bei Probando:<\/strong><br>\nJulia Harrer<br>\nCOO &amp; Performance Marketing Manager<br>\n<a href=\"mailto:%20robert.pasold@probando.io\">j<\/a><a href=\"mailto:ulia.harrer@probando.io\">ulia.harrer@probando.io<\/a><\/p>\n<p><strong>Kontakt f&uuml;r Kooperationen:<\/strong><br>\n<a href=\"mailto:hello@probando.io\">hello@probando.io<\/a><br>\n&hellip;<\/p>\n<p>Disclaimer:<br>\nDie Marke Probando ist eine eingetragene Marke im Amt der Europ&auml;ischen Union f&uuml;r geistiges Eigentum (EUIPO). Reg.Nr. 018317274<\/p>\n\n            <\/div>\n        <\/div>\n            <\/div>\n<\/div>\n","protected":false},"excerpt":{"rendered":"<p>Probando\u00ae ist ein digitaler Dienstleister f\u00fcr klinische Studien. Wir f\u00fchren Studienanbietende mit geeigneten Teilnehmenden zusammen und haben mit Probando\u00a9 Pay auch eine L\u00f6sung f\u00fcr die Verg\u00fctung von Teilnehmenden entwickelt.<\/p>\n","protected":false},"author":143,"featured_media":237,"parent":115,"menu_order":93,"comment_status":"closed","ping_status":"closed","template":"template-absolvent.blade.php","meta":{"_acf_changed":false,"footnotes":""},"acf":[],"aioseo_notices":[],"_links":{"self":[{"href":"https:\/\/www.fh-joanneum.at\/digital-transformation-in-healthcare\/master\/wp-json\/wp\/v2\/pages\/236"}],"collection":[{"href":"https:\/\/www.fh-joanneum.at\/digital-transformation-in-healthcare\/master\/wp-json\/wp\/v2\/pages"}],"about":[{"href":"https:\/\/www.fh-joanneum.at\/digital-transformation-in-healthcare\/master\/wp-json\/wp\/v2\/types\/page"}],"author":[{"embeddable":true,"href":"https:\/\/www.fh-joanneum.at\/digital-transformation-in-healthcare\/master\/wp-json\/wp\/v2\/users\/143"}],"replies":[{"embeddable":true,"href":"https:\/\/www.fh-joanneum.at\/digital-transformation-in-healthcare\/master\/wp-json\/wp\/v2\/comments?post=236"}],"version-history":[{"count":1,"href":"https:\/\/www.fh-joanneum.at\/digital-transformation-in-healthcare\/master\/wp-json\/wp\/v2\/pages\/236\/revisions"}],"predecessor-version":[{"id":243,"href":"https:\/\/www.fh-joanneum.at\/digital-transformation-in-healthcare\/master\/wp-json\/wp\/v2\/pages\/236\/revisions\/243"}],"up":[{"embeddable":true,"href":"https:\/\/www.fh-joanneum.at\/digital-transformation-in-healthcare\/master\/wp-json\/wp\/v2\/pages\/115"}],"wp:featuredmedia":[{"embeddable":true,"href":"https:\/\/www.fh-joanneum.at\/digital-transformation-in-healthcare\/master\/wp-json\/wp\/v2\/media\/237"}],"wp:attachment":[{"href":"https:\/\/www.fh-joanneum.at\/digital-transformation-in-healthcare\/master\/wp-json\/wp\/v2\/media?parent=236"}],"curies":[{"name":"wp","href":"https:\/\/api.w.org\/{rel}","templated":true}]}}