{"id":244,"date":"2025-02-20T13:50:50","date_gmt":"2025-02-20T12:50:50","guid":{"rendered":"https:\/\/www.fh-joanneum.at\/digital-transformation-in-healthcare\/master\/?page_id=244"},"modified":"2025-02-20T13:50:52","modified_gmt":"2025-02-20T12:50:52","slug":"kooperation-mit-x-tention","status":"publish","type":"page","link":"https:\/\/www.fh-joanneum.at\/digital-transformation-in-healthcare\/master\/im-studium\/ehealth-unternehmen\/kooperation-mit-x-tention\/","title":{"rendered":"Kooperation mit x-tention"},"content":{"rendered":"<div id=\"\" class=\"wp-block-text-content margin-bottom-normal\">\n    <div class=\"container-lg\">\n        <div class=\"row\">\n            <div class=\"col\">\n                <h4><strong>&Uuml;ber x-tention Informationstechnologie GmbH<\/strong><\/h4>\n<p>&ldquo;IT with care&ldquo;, daf&uuml;r steht x-tention. Wir harmonisieren und integrieren unterschiedliche IT-Systeme im Gesundheitswesen, damit sich unsere Kunden ganz auf ihr Kerngesch&auml;ft konzentrieren k&ouml;nnen.<\/p>\n<p>Fast 800 Mitarbeitende der x-tention Unternehmensgruppe unterst&uuml;tzen an 16 Standorten mehr als 1.000 Kund:innen erfolgreich in den Bereichen Consulting, Softwareentwicklung, Data Science, Delivery, Managed Services und Cybersecurity.<\/p>\n<p>Weitere Informationen erhalten Sie unter <a href=\"https:\/\/x-tention.com\/de\" target=\"_blank\" rel=\"noopener noreferrer\">x-tention.com<\/a>.<\/p>\n\n            <\/div>\n        <\/div>\n            <\/div>\n<\/div>\n\n\n<div\n    id=\"\"\n    class=\"wp-block-content-image margin-bottom-normal\"\n>\n    <div class=\"container-lg\">\n        <div class=\"row\">\n            <div class=\"col-12\">\n                <div >\n\n                    <div class=\"image-wrapper\">\n                        <picture>\n                        <source\n                media=\"(max-width: 576px)\"\n                srcset=\"https:\/\/cdn3.fh-joanneum.at\/media\/sites\/138\/2025\/02\/xt_DMEA_Gruppenfoto_2024-2048x1152-1-576x324.jpg, https:\/\/cdn3.fh-joanneum.at\/media\/sites\/138\/2025\/02\/xt_DMEA_Gruppenfoto_2024-2048x1152-1-768x432.jpg 2x\"\n            \/>\n                    <source\n                media=\"(max-width: 768px)\"\n                srcset=\"https:\/\/cdn3.fh-joanneum.at\/media\/sites\/138\/2025\/02\/xt_DMEA_Gruppenfoto_2024-2048x1152-1-768x432.jpg, https:\/\/cdn3.fh-joanneum.at\/media\/sites\/138\/2025\/02\/xt_DMEA_Gruppenfoto_2024-2048x1152-1-1024x576.jpg 2x\"\n            \/>\n                    <source\n                media=\"(max-width: 1024px)\"\n                srcset=\"https:\/\/cdn3.fh-joanneum.at\/media\/sites\/138\/2025\/02\/xt_DMEA_Gruppenfoto_2024-2048x1152-1-1024x576.jpg, https:\/\/cdn3.fh-joanneum.at\/media\/sites\/138\/2025\/02\/xt_DMEA_Gruppenfoto_2024-2048x1152-1-1536x864.jpg 2x\"\n            \/>\n                    <source\n                media=\"(max-width: 1536px)\"\n                srcset=\"https:\/\/cdn3.fh-joanneum.at\/media\/sites\/138\/2025\/02\/xt_DMEA_Gruppenfoto_2024-2048x1152-1-1536x864.jpg, https:\/\/cdn3.fh-joanneum.at\/media\/sites\/138\/2025\/02\/xt_DMEA_Gruppenfoto_2024-2048x1152-1.jpg 2x\"\n            \/>\n                    <source\n                media=\"(max-width: 2048px)\"\n                srcset=\"https:\/\/cdn3.fh-joanneum.at\/media\/sites\/138\/2025\/02\/xt_DMEA_Gruppenfoto_2024-2048x1152-1.jpg, https:\/\/cdn3.fh-joanneum.at\/media\/sites\/138\/2025\/02\/xt_DMEA_Gruppenfoto_2024-2048x1152-1.jpg 2x\"\n            \/>\n                <img decoding=\"async\"\n        class=\"img-fluid @if ($image_credit || $media_subtitle) mb-2 @endif @if ($lightbox) modal-trigger @endif\" @click=\"modal = !modal\" aria-expanded=\"false\"\n        src=\"https:\/\/cdn3.fh-joanneum.at\/media\/sites\/138\/2025\/02\/xt_DMEA_Gruppenfoto_2024-2048x1152-1.jpg\"\n        alt=\"\"\n        title=\"\"\n         loading=\"lazy\"             >\n<\/picture>\n\n                                                                            <p class=\"text-muted\">Foto: \u00a9 x-tention Informationstechnologie GmbH<\/p>\n                                            <\/div>\n\n                                    <\/div>\n\n            <\/div>\n        <\/div>\n    <\/div>\n<\/div>\n\n\n<div id=\"\" class=\"wp-block-text-content margin-bottom-normal\">\n    <div class=\"container-lg\">\n        <div class=\"row\">\n            <div class=\"col\">\n                <p>Drei Werte pr&auml;gen unsere Unternehmenskultur: Zusammenhalt, Zufriedenheit, Zukunft.<\/p>\n<p><strong>Zusammenhalt<\/strong><\/p>\n<p>Weltweite Standorte, internationale Projekte &ndash; trotzdem arbeiten wir in famili&auml;rer Atmosph&auml;re und in flachen Hierarchien. Unsere Mitarbeiter:innen meistern alle Herausforderungen in starken Teams und feiern gemeinsam Erfolge.<\/p>\n<p><strong>Zufriedenheit<\/strong><\/p>\n<p>Wir legen gro&szlig;en Wert darauf, dass unsere Kolleg:innen sich rundum wohl f&uuml;hlen. Daf&uuml;r sorgen wir mit modernen Arbeitspl&auml;tzen, spannenden Projekten und gesund wachsenden Teams. Kein Wunder, dass so viele unserer Mitarbeiter:innen schon seit Jahren mit an Bord sind.<\/p>\n<p><strong>Zukunft<\/strong><\/p>\n<p>Der wichtigste Baustein unseres Erfolgs sind die Menschen, die t&auml;glich ihr Bestes geben. Das geben wir gern zur&uuml;ck: Wir investieren viel Zeit und Ressourcen in Aus- und Weiterbildungen. Damit Mitarbeiter:innen individuell gef&ouml;rdert ihr gesamtes Potenzial entfalten k&ouml;nnen.<\/p>\n<p>Von der Bewerbung direkt ins Team &ndash; so wirst du Teil der x-tention Unternehmensgruppe<\/p>\n<h4><strong>Mehr Infos zum Einstieg bei x-tention: <\/strong><\/h4>\n<p><a href=\"https:\/\/karriere.x-tention.com\/\" target=\"_blank\" rel=\"noopener noreferrer\">karriere.x-tention.com<\/a><\/p>\n<p>&nbsp;<\/p>\n<h4><strong>Angebote f&uuml;r Studierende der FH JOANNEUM im Rahmen einer Kooperation<\/strong><\/h4>\n<ul>\n<li>Ferialpraktika<\/li>\n<li>Berufspraktika<\/li>\n<li>Bachelor- und Masterarbeiten<\/li>\n<li>Teilzeitjobs w&auml;hrend des Studiums und auch nach dem Studium<\/li>\n<\/ul>\n<p>&nbsp;<\/p>\n<h4><strong>Aktuelle Stellenangebote:<\/strong><\/h4>\n<p><a href=\"https:\/\/x-tention.com\/de\/offene-stellen\" target=\"_blank\" rel=\"noopener noreferrer\">x-tention.com\/offene-stellen<\/a><\/p>\n\n            <\/div>\n        <\/div>\n            <\/div>\n<\/div>\n","protected":false},"excerpt":{"rendered":"<p>\u201cIT with care\u201c, daf\u00fcr steht x-tention. Wir harmonisieren und integrieren unterschiedliche IT-Systeme im Gesundheitswesen, damit sich unsere Kunden ganz auf ihr Kerngesch\u00e4ft konzentrieren k\u00f6nnen. F\u00fcr Studierende der FH JOANNEUM gibt es im Rahmen der Kooperation das Angebot Praktika, Bachelor- und Masterarbeiten sowie Teilzeit w\u00e4hrend und nach dem Studium zu arbeiten.<\/p>\n","protected":false},"author":143,"featured_media":245,"parent":115,"menu_order":92,"comment_status":"closed","ping_status":"closed","template":"template-absolvent.blade.php","meta":{"_acf_changed":false,"footnotes":""},"acf":[],"aioseo_notices":[],"_links":{"self":[{"href":"https:\/\/www.fh-joanneum.at\/digital-transformation-in-healthcare\/master\/wp-json\/wp\/v2\/pages\/244"}],"collection":[{"href":"https:\/\/www.fh-joanneum.at\/digital-transformation-in-healthcare\/master\/wp-json\/wp\/v2\/pages"}],"about":[{"href":"https:\/\/www.fh-joanneum.at\/digital-transformation-in-healthcare\/master\/wp-json\/wp\/v2\/types\/page"}],"author":[{"embeddable":true,"href":"https:\/\/www.fh-joanneum.at\/digital-transformation-in-healthcare\/master\/wp-json\/wp\/v2\/users\/143"}],"replies":[{"embeddable":true,"href":"https:\/\/www.fh-joanneum.at\/digital-transformation-in-healthcare\/master\/wp-json\/wp\/v2\/comments?post=244"}],"version-history":[{"count":1,"href":"https:\/\/www.fh-joanneum.at\/digital-transformation-in-healthcare\/master\/wp-json\/wp\/v2\/pages\/244\/revisions"}],"predecessor-version":[{"id":249,"href":"https:\/\/www.fh-joanneum.at\/digital-transformation-in-healthcare\/master\/wp-json\/wp\/v2\/pages\/244\/revisions\/249"}],"up":[{"embeddable":true,"href":"https:\/\/www.fh-joanneum.at\/digital-transformation-in-healthcare\/master\/wp-json\/wp\/v2\/pages\/115"}],"wp:featuredmedia":[{"embeddable":true,"href":"https:\/\/www.fh-joanneum.at\/digital-transformation-in-healthcare\/master\/wp-json\/wp\/v2\/media\/245"}],"wp:attachment":[{"href":"https:\/\/www.fh-joanneum.at\/digital-transformation-in-healthcare\/master\/wp-json\/wp\/v2\/media?parent=244"}],"curies":[{"name":"wp","href":"https:\/\/api.w.org\/{rel}","templated":true}]}}