{"id":250,"date":"2025-02-20T13:56:43","date_gmt":"2025-02-20T12:56:43","guid":{"rendered":"https:\/\/www.fh-joanneum.at\/digital-transformation-in-healthcare\/master\/?page_id=250"},"modified":"2025-02-20T13:56:45","modified_gmt":"2025-02-20T12:56:45","slug":"kooperation-mit-compugroup-medical-cgm","status":"publish","type":"page","link":"https:\/\/www.fh-joanneum.at\/digital-transformation-in-healthcare\/master\/im-studium\/ehealth-unternehmen\/kooperation-mit-compugroup-medical-cgm\/","title":{"rendered":"Kooperation mit CompuGroup Medical (CGM)"},"content":{"rendered":"<div id=\"\" class=\"wp-block-text-content margin-bottom-normal\">\n    <div class=\"container-lg\">\n        <div class=\"row\">\n            <div class=\"col\">\n                <p><a href=\"https:\/\/www.cgm.com\/aut_de\" target=\"_blank\" rel=\"noopener noreferrer\">CompuGroup Medical (CGM)<\/a> ist ein &ouml;sterreichischer Softwarehersteller, der umfassende IT-L&ouml;sungen zur Optimierung des Gesundheitswesens implementiert. Softwareprodukte, die alle relevanten Arbeitsschritte der handelnden Gesundheitsberufe unterst&uuml;tzen &ndash; Prozesse von niedergelassenen &Auml;rzten und dessen Personal sowie von medizinischem, pflegerischem und administrativem Krankenhauspersonal.<\/p>\n<p>Als Tochterunternehmungen der CompuGroup Medical SE &amp; Co. KGaA, einem der global f&uuml;hrenden eHealth-Konzerne, sind CompuGroup Medical CEE (Holding), CGM Clinical, CGM Arztsysteme, Aescudata, HCS, Intermedix und Insight Health wertvolle S&auml;ulen einer zuverl&auml;ssigen <em>&bdquo;Made In Austria&ldquo;-<\/em>Philosophie.<\/p>\n<p>Seit 1987 arbeitet die heutige CompuGroup Medical an der Vision von einem&nbsp;digitalisierten Gesundheitswesen. Seitdem treiben wir unabl&auml;ssig die Entwicklung von Technologien und L&ouml;sungen voran, um die Arbeit und das&nbsp;Leben von Gesundheitsprofis und B&uuml;rgern bestm&ouml;glich zu unterst&uuml;tzen.<\/p>\n<p><strong>Praxissoftware f&uuml;r ein vernetztes Gesundheitswesen<\/strong><\/p>\n<p>F&uuml;r das Wohl von Patientinnen und Patienten und den Erfolg ihrer Praxis geben &Auml;rzt:innen tagt&auml;glich alles. Dabei bauen sie auf ein starkes Team, einen reibungslosen Ablauf und verl&auml;ssliche Informationen. Immer neue Gesetze und Regulationen stellen hohe Anforderungen an sie und Ihre Mitarbeitenden. Das gilt auch f&uuml;r die fortschreitende Digitalisierung im Gesundheitswesen. Die Verantwortung f&uuml;r Praxisinhaber:innen ist gro&szlig;. Eine Software, die sie bei allen Aufgaben zuverl&auml;ssig unterst&uuml;tzt, geh&ouml;rt daher zu den wichtigsten Hilfsmitteln im Praxisalltag.<\/p>\n<p>Unsere Softwareprodukte optimieren alle &auml;rztlichen, organisatorischen und administrativen T&auml;tigkeiten in modernen Arztpraxen und tragen somit einen wesentlichen Beitrag zur Effektivit&auml;ts- und Effizienzsteigerung im Gesundheitswesen bei &ndash; egal ob es sich um individuelle Softwareanpassungen oder die Errichtung bzw. Aufrechterhaltung der IT-Infrastruktur in der Ordination handelt. Unsere Software-L&ouml;sungen sind so individuell wie die Personen, die sie nutzen.<\/p>\n<p><strong>Wissenstransfer in Kooperationsform<\/strong><\/p>\n<p>In einem gemeinsamen Bestreben, innovative L&ouml;sungen im Gesundheitswesen zu f&ouml;rdern, haben wir im Rahmen unserer Kooperation dem eHealth-Institut der FH JOANNEUM unsere neueste webbasierte Arztsoftware CGM MAXX f&uuml;r Studien- und Forschungszwecke zur Verf&uuml;gung gestellt. Diese Zusammenarbeit erm&ouml;glicht es den Studierenden, praxisnahe Erfahrungen zu sammeln und die Software in verschiedenen Projekten zu nutzen.<\/p>\n<p>Dar&uuml;ber hinaus halten wir Gastvortr&auml;ge an der FH JOANNEUM, um unser Know-how und unsere Erfahrungen mit den Studierenden zu teilen. Wir glauben, dass der Austausch von Wissen und Ideen entscheidend ist, um die n&auml;chste Generation von Expert:innen im Gesundheitssektor zu inspirieren und auszubilden.<\/p>\n<p><strong>&Uuml;ber CGM MAXX<\/strong><\/p>\n<p>Mit neuester Technologie, modernstem Design und gut durchdachten Workflows unterst&uuml;tzt die neue, webbasierte Arztsoftware bei der t&auml;glichen Arbeit in Ordinationen. <a href=\"https:\/\/www.cgm.com\/aut_de\/produkte\/arztpraxis\/cgm-maxx.html\" target=\"_blank\" rel=\"noopener noreferrer\">CGM MAXX<\/a> begleitet entlang aller Touchpoints der Patient:innenbetreuung, von der Behandlungsplanung und Terminkoordination &uuml;ber die medizinische Dokumentation bis zur Abrechnung der erbrachten Leistungen &ndash; mit den aktuellsten, technologischen Standards, am Puls der Zeit.<\/p>\n\n            <\/div>\n        <\/div>\n            <\/div>\n<\/div>\n\n\n<div\n    id=\"\"\n    class=\"wp-block-content-image margin-bottom-normal\"\n>\n    <div class=\"container-lg\">\n        <div class=\"row\">\n            <div class=\"col-12\">\n                <div >\n\n                    <div class=\"image-wrapper\">\n                        <picture>\n                        <source\n                media=\"(max-width: 576px)\"\n                srcset=\"https:\/\/cdn3.fh-joanneum.at\/media\/sites\/138\/2025\/02\/CGM-MAXX-Karteikarte_2410-576x350.png, https:\/\/cdn3.fh-joanneum.at\/media\/sites\/138\/2025\/02\/CGM-MAXX-Karteikarte_2410-768x466.png 2x\"\n            \/>\n                    <source\n                media=\"(max-width: 768px)\"\n                srcset=\"https:\/\/cdn3.fh-joanneum.at\/media\/sites\/138\/2025\/02\/CGM-MAXX-Karteikarte_2410-768x466.png, https:\/\/cdn3.fh-joanneum.at\/media\/sites\/138\/2025\/02\/CGM-MAXX-Karteikarte_2410-1024x622.png 2x\"\n            \/>\n                    <source\n                media=\"(max-width: 1024px)\"\n                srcset=\"https:\/\/cdn3.fh-joanneum.at\/media\/sites\/138\/2025\/02\/CGM-MAXX-Karteikarte_2410-1024x622.png, https:\/\/cdn3.fh-joanneum.at\/media\/sites\/138\/2025\/02\/CGM-MAXX-Karteikarte_2410-1536x933.png 2x\"\n            \/>\n                    <source\n                media=\"(max-width: 1536px)\"\n                srcset=\"https:\/\/cdn3.fh-joanneum.at\/media\/sites\/138\/2025\/02\/CGM-MAXX-Karteikarte_2410-1536x933.png, https:\/\/cdn3.fh-joanneum.at\/media\/sites\/138\/2025\/02\/CGM-MAXX-Karteikarte_2410.png 2x\"\n            \/>\n                    <source\n                media=\"(max-width: 1912px)\"\n                srcset=\"https:\/\/cdn3.fh-joanneum.at\/media\/sites\/138\/2025\/02\/CGM-MAXX-Karteikarte_2410.png, https:\/\/cdn3.fh-joanneum.at\/media\/sites\/138\/2025\/02\/CGM-MAXX-Karteikarte_2410.png 2x\"\n            \/>\n                <img decoding=\"async\"\n        class=\"img-fluid @if ($image_credit || $media_subtitle) mb-2 @endif @if ($lightbox) modal-trigger @endif\" @click=\"modal = !modal\" aria-expanded=\"false\"\n        src=\"https:\/\/cdn3.fh-joanneum.at\/media\/sites\/138\/2025\/02\/CGM-MAXX-Karteikarte_2410.png\"\n        alt=\"\"\n        title=\"\"\n         loading=\"lazy\"             >\n<\/picture>\n\n                                                                            <p class=\"text-muted\">CGM MAXX Karteikarte. \u00a9 CompuGroup Medical<\/p>\n                                            <\/div>\n\n                                    <\/div>\n\n            <\/div>\n        <\/div>\n    <\/div>\n<\/div>\n\n\n<div id=\"\" class=\"wp-block-text-content margin-bottom-normal\">\n    <div class=\"container-lg\">\n        <div class=\"row\">\n            <div class=\"col\">\n                <p><strong>We create the future of e-health<\/strong><\/p>\n<p>Daf&uuml;r sind wir mit Kopf, Herz und Hand bei der Sache. Denn es geht nicht um irgendwas oder irgendwen. Es geht um die Gesundheit, manchmal sogar um Menschenleben. Wir helfen zu heilen. Das ist unser Anspruch und unsere Motivation. Egal seit wann und wo wir unseren Beitrag leisten &ndash; wir arbeiten alle gemeinsam an einem Ziel. Mutig und mit gesundem Hausverstand k&ouml;nnen wir uns aufeinander verlassen. Und werden dabei gest&auml;rkt durch ein Set an Erfolgsregeln und nachvollziehbaren Entscheidungen. F&uuml;r den gemeinsamen Erfolg &ndash; gestern, heute und in Zukunft.<\/p>\n<p>Nach dem Leitsatz von Frank Gotthardt, dem Gr&uuml;nder der CGM, geben wir t&auml;glich unser Bestes: <em>&bdquo;Niemand soll leiden oder gar sterben, nur weil einmal irgendwann, irgendwo eine medizinische Information fehlt.&ldquo;<\/em><\/p>\n<p>Wir leben konsequente Kundenorientierung: Knapp 500 Mitarbeiter stehen unseren Kunden an 14 &ouml;sterreichischen Standorten in 7 Bundesl&auml;ndern eng zur Seite. Auf Basis unserer zahlreichen Standorte sind wir in der Lage, den pers&ouml;nlichen Kontakt zu unseren Kunden zu pflegen und bei Bedarf entsprechend kurzfristig vor Ort zu sein.<\/p>\n\n            <\/div>\n        <\/div>\n            <\/div>\n<\/div>\n\n\n<div\n    id=\"\"\n    class=\"wp-block-blockquote margin-bottom-normal\"\n>\n    <div class=\"container-lg\">\n        <div class=\"row\">\n            <div class=\"col\">\n                <div class=\"d-block mb-2 fs-5 major-text-color\">\u201eWir arbeiten stetig an der Weiterentwicklung unserer Produktqualit\u00e4t &#8211; mit dem Ziel, f\u00fcr sp\u00fcrbare Erleichterung im stressigen Ordinationsalltag zu sorgen.\u201c<\/div>\n                <span class=\"d-flex justify-content-end\">Roland Romirer, Gesch\u00e4ftsf\u00fchrer CGM Arztsysteme \u00d6sterreich und HCS<\/span>\n            <\/div>\n        <\/div>\n    <\/div>\n<\/div>\n\n\n<div\n    id=\"\"\n    class=\"wp-block-content-image margin-bottom-normal\"\n>\n    <div class=\"container-lg\">\n        <div class=\"row\">\n            <div class=\"col-12\">\n                <div >\n\n                    <div class=\"image-wrapper\">\n                        <picture>\n                        <source\n                media=\"(max-width: 576px)\"\n                srcset=\"https:\/\/cdn3.fh-joanneum.at\/media\/sites\/138\/2025\/02\/foto_c_pfeffel-partner-23080-2048x1366-1-576x384.jpg, https:\/\/cdn3.fh-joanneum.at\/media\/sites\/138\/2025\/02\/foto_c_pfeffel-partner-23080-2048x1366-1-768x512.jpg 2x\"\n            \/>\n                    <source\n                media=\"(max-width: 768px)\"\n                srcset=\"https:\/\/cdn3.fh-joanneum.at\/media\/sites\/138\/2025\/02\/foto_c_pfeffel-partner-23080-2048x1366-1-768x512.jpg, https:\/\/cdn3.fh-joanneum.at\/media\/sites\/138\/2025\/02\/foto_c_pfeffel-partner-23080-2048x1366-1-1024x683.jpg 2x\"\n            \/>\n                    <source\n                media=\"(max-width: 1024px)\"\n                srcset=\"https:\/\/cdn3.fh-joanneum.at\/media\/sites\/138\/2025\/02\/foto_c_pfeffel-partner-23080-2048x1366-1-1024x683.jpg, https:\/\/cdn3.fh-joanneum.at\/media\/sites\/138\/2025\/02\/foto_c_pfeffel-partner-23080-2048x1366-1-1536x1025.jpg 2x\"\n            \/>\n                    <source\n                media=\"(max-width: 1536px)\"\n                srcset=\"https:\/\/cdn3.fh-joanneum.at\/media\/sites\/138\/2025\/02\/foto_c_pfeffel-partner-23080-2048x1366-1-1536x1025.jpg, https:\/\/cdn3.fh-joanneum.at\/media\/sites\/138\/2025\/02\/foto_c_pfeffel-partner-23080-2048x1366-1.jpg 2x\"\n            \/>\n                    <source\n                media=\"(max-width: 2048px)\"\n                srcset=\"https:\/\/cdn3.fh-joanneum.at\/media\/sites\/138\/2025\/02\/foto_c_pfeffel-partner-23080-2048x1366-1.jpg, https:\/\/cdn3.fh-joanneum.at\/media\/sites\/138\/2025\/02\/foto_c_pfeffel-partner-23080-2048x1366-1.jpg 2x\"\n            \/>\n                <img decoding=\"async\"\n        class=\"img-fluid @if ($image_credit || $media_subtitle) mb-2 @endif @if ($lightbox) modal-trigger @endif\" @click=\"modal = !modal\" aria-expanded=\"false\"\n        src=\"https:\/\/cdn3.fh-joanneum.at\/media\/sites\/138\/2025\/02\/foto_c_pfeffel-partner-23080-2048x1366-1.jpg\"\n        alt=\"\"\n        title=\"\"\n         loading=\"lazy\"             >\n<\/picture>\n\n                                                                            <p class=\"text-muted\">Roland Romirer, Gesch\u00e4ftsf\u00fchrer CGM Arztsysteme \u00d6sterreich und HCS. \u00a9 CompuGroup Medical<\/p>\n                                            <\/div>\n\n                                    <\/div>\n\n            <\/div>\n        <\/div>\n    <\/div>\n<\/div>\n\n\n<div id=\"\" class=\"wp-block-text-content margin-bottom-normal\">\n    <div class=\"container-lg\">\n        <div class=\"row\">\n            <div class=\"col\">\n                <p><strong>Praktika- und Berufschancen bei CGM<\/strong><\/p>\n<p>Ein weiterer wichtiger Bestandteil unserer Kooperation sind die angebotenen Berufspraktika. Wir sind stets auf der Suche nach talentierten und engagierten Studierenden, die Interesse an unserer Branche haben und sich in einem dynamischen Umfeld weiterentwickeln m&ouml;chten. Durch Praktika bieten wir die M&ouml;glichkeit, wertvolle Einblicke in unsere Arbeitsweise zu gewinnen und aktiv an innovativen Projekten mitzuwirken.<\/p>\n<p>Au&szlig;erdem freuen wir uns &uuml;ber Zuwachs an engagierten, tatkr&auml;ftigen Mitarbeitenden und erm&ouml;glichen Absolventinnen und Absolventen den Karrierestart in der E-Health-Branche in Voll- oder Teilzeit.<\/p>\n<p>Aktuelle Stellenangebote: <a href=\"https:\/\/cgm.wd3.myworkdayjobs.com\/de-DE\/cgm?locationCountry=d004c0d1a6c84511ab048669fcdf9fd7\" target=\"_blank\" rel=\"noopener noreferrer\">CGM Career<\/a><\/p>\n\n            <\/div>\n        <\/div>\n            <\/div>\n<\/div>\n","protected":false},"excerpt":{"rendered":"<p>Die CompuGroup Medical bietet eine breite Palette an eHealth L\u00f6sungen f\u00fcr die Gesundheitsbranche an. Unter anderem ist sie Marktf\u00fchrer in \u00d6sterreich f\u00fcr Arztinformationssysteme im Prim\u00e4rversorgungsbereich und deswegen ein sehr interessanter Firmenpartner f\u00fcr unsere Ausbildungsangebote, die wir stark an der Praxis ausrichten.<\/p>\n","protected":false},"author":143,"featured_media":251,"parent":115,"menu_order":92,"comment_status":"closed","ping_status":"closed","template":"template-absolvent.blade.php","meta":{"_acf_changed":false,"footnotes":""},"acf":[],"aioseo_notices":[],"_links":{"self":[{"href":"https:\/\/www.fh-joanneum.at\/digital-transformation-in-healthcare\/master\/wp-json\/wp\/v2\/pages\/250"}],"collection":[{"href":"https:\/\/www.fh-joanneum.at\/digital-transformation-in-healthcare\/master\/wp-json\/wp\/v2\/pages"}],"about":[{"href":"https:\/\/www.fh-joanneum.at\/digital-transformation-in-healthcare\/master\/wp-json\/wp\/v2\/types\/page"}],"author":[{"embeddable":true,"href":"https:\/\/www.fh-joanneum.at\/digital-transformation-in-healthcare\/master\/wp-json\/wp\/v2\/users\/143"}],"replies":[{"embeddable":true,"href":"https:\/\/www.fh-joanneum.at\/digital-transformation-in-healthcare\/master\/wp-json\/wp\/v2\/comments?post=250"}],"version-history":[{"count":1,"href":"https:\/\/www.fh-joanneum.at\/digital-transformation-in-healthcare\/master\/wp-json\/wp\/v2\/pages\/250\/revisions"}],"predecessor-version":[{"id":257,"href":"https:\/\/www.fh-joanneum.at\/digital-transformation-in-healthcare\/master\/wp-json\/wp\/v2\/pages\/250\/revisions\/257"}],"up":[{"embeddable":true,"href":"https:\/\/www.fh-joanneum.at\/digital-transformation-in-healthcare\/master\/wp-json\/wp\/v2\/pages\/115"}],"wp:featuredmedia":[{"embeddable":true,"href":"https:\/\/www.fh-joanneum.at\/digital-transformation-in-healthcare\/master\/wp-json\/wp\/v2\/media\/251"}],"wp:attachment":[{"href":"https:\/\/www.fh-joanneum.at\/digital-transformation-in-healthcare\/master\/wp-json\/wp\/v2\/media?parent=250"}],"curies":[{"name":"wp","href":"https:\/\/api.w.org\/{rel}","templated":true}]}}