{"id":284,"date":"2025-02-20T14:59:27","date_gmt":"2025-02-20T13:59:27","guid":{"rendered":"https:\/\/www.fh-joanneum.at\/digital-transformation-in-healthcare\/master\/?page_id=284"},"modified":"2025-02-20T14:59:29","modified_gmt":"2025-02-20T13:59:29","slug":"iris-falkenhein-msc-ba","status":"publish","type":"page","link":"https:\/\/www.fh-joanneum.at\/digital-transformation-in-healthcare\/master\/nach-dem-studium\/absolventinnen\/iris-falkenhein-msc-ba\/","title":{"rendered":"Iris Falkenhein, MSc BA"},"content":{"rendered":"<div id=\"\" class=\"wp-block-text-content margin-bottom-normal\">\n    <div class=\"container-lg\">\n        <div class=\"row\">\n            <div class=\"col\">\n                <p><strong>Eckdaten<\/strong><\/p>\n<p><strong>Jobbezeichnung:<\/strong> Consultant im Gesundheitswesen<br>\n<strong>Unternehmen: <\/strong><a href=\"https:\/\/www.deloitte.com\/\" target=\"_blank\" rel=\"noopener noreferrer\">Deloitte<\/a><br>\n<strong>Ich arbeite in:<\/strong> M&uuml;nchen, Deutschland<br>\n<strong>Ich arbeite hier seit:<\/strong> 05\/2024<\/p>\n<p><a href=\"https:\/\/www.linkedin.com\/in\/iris-falkenhein\/\" target=\"_blank\" rel=\"noopener noreferrer\">Mein Kontakt<\/a><\/p>\n<p><strong>Sie haben den Master in eHealth an der FH Joanneum absolviert, in welchem Jahrgang waren Sie?<\/strong><\/p>\n<p>Im Jahrgang 2021.<\/p>\n<p>&nbsp;<\/p>\n<p><strong>Welches Bachelorstudium haben Sie als Voraussetzung mitgebracht, und wo haben Sie vorher studiert?<\/strong><\/p>\n<p>Betriebswirtschaft im Gesundheitswesen an der Hochschule f&uuml;r angewandte Wissenschaften Neu-Ulm.<\/p>\n<p>&nbsp;<\/p>\n<p><strong>Wie habe Sie von uns erfahren und was hat Sie dazu bewogen, f&uuml;r Ihren Masterabschluss nach &Ouml;sterreich zu kommen?<\/strong><\/p>\n<p>Bereits am Ende meines Bachelorstudiums hatte ich meinen fachlichen Fokus auf den Bereich eHealth\/ Digital Health gelegt. Der Ausl&ouml;ser war ein Praktikum in einem kommunalen Krankenhaus. Hier habe ich gemerkt, dass viele aktuelle Herausforderungen nicht direkt in der Klinik gel&ouml;st werden k&ouml;nnen. Vielfach braucht es intelligente, digitale, aber auch intuitiv bedienbare L&ouml;sungen, um den Krankenhausalltag zu erleichtern. Nach dem Bachelorabschluss habe ich dann ein Praktikum im Bereich eHealth bei einem bekannten Medizin- und Sicherheitstechnik-Unternehmen absolviert. Ein wichtiger Fokus lag hier auf der kunden-\/nutzerzentrierten Entwicklung von digitalen L&ouml;sungen f&uuml;r Kliniken. Durch das Praktikum wurde mir klar, dass ich dieses Thema in meinem Masterstudium vertiefen m&ouml;chte.<\/p>\n<p>Ich hatte daf&uuml;r im Internet nach dem Begriff <strong>&bdquo;eHealth Master&ldquo;<\/strong> gesucht und bin so auf die FH JOANNEUM gesto&szlig;en. Das Curriculum klang sowohl spannend als auch herausfordern f&uuml;r mich. Au&szlig;erdem fand ich auch die Stadt Graz interessant.<\/p>\n<p>Ein weiterer Beweggrund f&uuml;r das Studium in Graz war, dass der eHealth Master <strong>&bdquo;berufserm&ouml;glichend&ldquo;<\/strong> ist. Nach meinem Praktikum wurde mir eine Werkstudentenstelle angeboten und so hatte ich die M&ouml;glichkeit, zwei Tage die Woche zu arbeiten und dabei meine an den weiteren drei Tagen an der Hochschule erlernten Kenntnisse in der Praxis anzuwenden.<\/p>\n<p>&nbsp;<\/p>\n<p><strong>Wie w&uuml;rden Sie das Studium in einem Satz beschreiben?<\/strong><\/p>\n<p>Ein sehr zukunftstr&auml;chtiges Themenfeld mit einem vielf&auml;ltigen Angebot und der M&ouml;glichkeit, seinen individuellen Interessen nachzugehen.<\/p>\n<p>&nbsp;<\/p>\n<p><strong>Hat der Studiengang gleich Ihre Erwartungen erf&uuml;llt? Was war die gr&ouml;&szlig;te Herausforderung?<\/strong><\/p>\n<p>Ich hatte aus meinem Bachelorstudium keine Programmiererfahrung mitgebracht. Da dies aber eine Voraussetzung f&uuml;r den eHealth Master war, habe ich mir im Sommer vor Studienbeginn gewisse Basics selbst angeeignet. Projekte und Studienf&auml;cher, in denen wir programmieren mussten, waren f&uuml;r mich meist etwas herausfordernder als f&uuml;r meine Mitstudierenden. Mit dem n&ouml;tigen Durchhalteverm&ouml;gen und Ehrgeiz, habe ich das aber sehr gut hinbekommen. Gleiches galt f&uuml;r <strong>medizinische Standards<\/strong> wie z.B. <strong>FHIR<\/strong>. Nachdem ich aber genau all das vom eHealth Master erwartet hatte, wurden meine Erwartungen absolut erf&uuml;llt. Ich mochte es, mich in diese Themen einzuarbeiten und habe mir wichtige Kenntnisse aneignen k&ouml;nnen.<\/p>\n<p>&nbsp;<\/p>\n<p><strong>Wie hat Sie das Studium auf Ihren jetzigen Beruf vorbereitet? Welche F&auml;higkeiten und welches Know-how konnten Sie aus dem Studium mitnehmen?<\/strong><\/p>\n<p>Sich immer wieder in neue, herausfordernde Themen einarbeiten ist auf alle F&auml;lle eine wichtige F&auml;higkeit, die ich in meinem eHealth-Masterstudium erlernt habe.<\/p>\n<p>&nbsp;<\/p>\n<p><strong>Worum geht es in Ihrem aktuellen Job? Was kann man sich genau darunter vorstellen?<\/strong><\/p>\n<p>In meinem aktuellen Job geht es kurz gesagt darum, Krankenh&auml;user in diversen Digitalisierungsthemen zu beraten. Ein sehr aktuelles Thema in deutschen Krankenh&auml;usern ist die Umsetzung des Krankenhauszukunftsgesetzes (KHZG).<\/p>\n<p>Das KHZG zielt darauf ab, die <strong>Digitalisierung und Modernisierung von Krankenh&auml;usern<\/strong> zu f&ouml;rdern und die Versorgung der Patient:innen zu verbessern. Es sieht insbesondere Investitionen in digitale Infrastruktur, <strong>Telemedizin<\/strong> und die St&auml;rkung der Notfallversorgung vor.<\/p>\n<p>&nbsp;<\/p>\n<p><strong>Wie schaut ein typischer Arbeitsalltag f&uuml;r Sie aus? An welchen Projekten\/welchem Projekt arbeiten Sie zurzeit?<\/strong><\/p>\n<p>Ein typischer Arbeitstag beinhaltet diverse Abstimmungen, Ergebnispr&auml;sentationen oder Working Sessions mit internen Kollegen oder externen Kunden zu den aktuell laufenden Themen. Dies kann sowohl remote als auch beim Kunden vor Ort stattfinden.<\/p>\n<p>Mein aktuelles Projekt ist an einer Universit&auml;tsklinik. Hier unterst&uuml;tzen wir bei der Umsetzung des KHZG und sind f&uuml;r das &uuml;bergreifende Programmmanagement und diverse operative Einzelprojekte zust&auml;ndig. Eines davon ist die Beschaffung und Einf&uuml;hrung einer telemedizinischen L&ouml;sung f&uuml;r den intensivmedizinischen Bereich.<\/p>\n<p>&nbsp;<\/p>\n<p><strong>Was gef&auml;llt Ihnen am besten an Ihrem Job? Was ist besonders interessant? Was sind die Herausforderungen in Ihrem Job?<\/strong><\/p>\n<p>An meinem Job gef&auml;llt mir besonders das gro&szlig;e Netzwerk, das man sich durch die vielen Kolleg:innen innerhalb k&uuml;rzester Zeit aufbauen kann. Jede dieser Personen bringt besondere Expertise und F&auml;higkeiten mit und durch den gemeinsamen Austausch entsteht so ein enormer Wissenspool, von dem alle profitieren k&ouml;nnen.<\/p>\n<p>Nat&uuml;rlich gibt es wie in jedem Job auch sehr arbeitsintensive und herausfordernde Phasen. Ich habe das Gl&uuml;ck, in einem wirklich tollen Team zu arbeiten, so dass auch diese Phasen wertvoll sind.<\/p>\n<p>&nbsp;<\/p>\n<p><strong>Welche F&auml;higkeiten brauchen Sie in diesem Beruf? Was muss man k&ouml;nnen, um in Ihrem Berufsfeld arbeiten zu k&ouml;nnen?<\/strong><\/p>\n<p>F&uuml;r den Beruf braucht es eine hohe Kommunikations- und Teamf&auml;higkeit, Interesse und Offenheit f&uuml;r neue Aufgaben und Herausforderungen sowie analytisches und l&ouml;sungsorientiertes Denkverm&ouml;gen. Auch sollten sehr gute Kenntnisse in Deutsch und Englisch sowie eine gewisse Reisebereitschaft mitgebracht werden. Speziell f&uuml;r meine Stelle sind Kenntnisse &uuml;ber das deutsche Gesundheitswesen, aktuelle Digitalisierungstrends sowie ein gewisses technisches Knowhow erforderlich.<\/p>\n<p>&nbsp;<\/p>\n<p><strong>Was w&uuml;nschen Sie sich f&uuml;r die Zukunft? Welche Karriereziele haben Sie?<\/strong><\/p>\n<p>Ich w&uuml;nsche mir, dass viele eHealth Themen Realit&auml;t werden und vieles von dem, was wir in der Theorie schon erprobt haben, auch in der Praxis umgesetzt werden kann.<\/p>\n<p>Ich m&ouml;chte weiterhin die Digitalisierung im (deutschen) Gesundheitswesen vorantreiben und im Laufe meiner Karriere immer mehr Verantwortung daf&uuml;r &uuml;bernehmen. Au&szlig;erdem kann ich mir sehr gut vorstellen, mein Wissen, das ich dann nach einigen Jahren im Beruf gesammelt habe, an Studierende weiterzugeben.<\/p>\n\n            <\/div>\n        <\/div>\n            <\/div>\n<\/div>\n","protected":false},"excerpt":{"rendered":"<p>Iris Falkenhein ist in M\u00fcnchen als Consultant im Gesundheitswesen bei Deloitte t\u00e4tig. Im Interview erz\u00e4hlt sie \u00fcber ihre Entscheidung in \u00d6sterreich ihr Masterstudium \u201eeHealth\u201c zu absolvieren, ihren aktuellen Job, Zukunftsw\u00fcnsche und Karriereziele.<\/p>\n","protected":false},"author":143,"featured_media":285,"parent":261,"menu_order":50,"comment_status":"closed","ping_status":"closed","template":"template-absolvent.blade.php","meta":{"_acf_changed":false,"footnotes":""},"acf":[],"aioseo_notices":[],"_links":{"self":[{"href":"https:\/\/www.fh-joanneum.at\/digital-transformation-in-healthcare\/master\/wp-json\/wp\/v2\/pages\/284"}],"collection":[{"href":"https:\/\/www.fh-joanneum.at\/digital-transformation-in-healthcare\/master\/wp-json\/wp\/v2\/pages"}],"about":[{"href":"https:\/\/www.fh-joanneum.at\/digital-transformation-in-healthcare\/master\/wp-json\/wp\/v2\/types\/page"}],"author":[{"embeddable":true,"href":"https:\/\/www.fh-joanneum.at\/digital-transformation-in-healthcare\/master\/wp-json\/wp\/v2\/users\/143"}],"replies":[{"embeddable":true,"href":"https:\/\/www.fh-joanneum.at\/digital-transformation-in-healthcare\/master\/wp-json\/wp\/v2\/comments?post=284"}],"version-history":[{"count":1,"href":"https:\/\/www.fh-joanneum.at\/digital-transformation-in-healthcare\/master\/wp-json\/wp\/v2\/pages\/284\/revisions"}],"predecessor-version":[{"id":287,"href":"https:\/\/www.fh-joanneum.at\/digital-transformation-in-healthcare\/master\/wp-json\/wp\/v2\/pages\/284\/revisions\/287"}],"up":[{"embeddable":true,"href":"https:\/\/www.fh-joanneum.at\/digital-transformation-in-healthcare\/master\/wp-json\/wp\/v2\/pages\/261"}],"wp:featuredmedia":[{"embeddable":true,"href":"https:\/\/www.fh-joanneum.at\/digital-transformation-in-healthcare\/master\/wp-json\/wp\/v2\/media\/285"}],"wp:attachment":[{"href":"https:\/\/www.fh-joanneum.at\/digital-transformation-in-healthcare\/master\/wp-json\/wp\/v2\/media?parent=284"}],"curies":[{"name":"wp","href":"https:\/\/api.w.org\/{rel}","templated":true}]}}