{"id":10000044,"date":"2022-06-30T12:15:21","date_gmt":"2022-06-30T10:15:21","guid":{"rendered":"https:\/\/www.fh-joanneum.at\/digitale-gesundheitskommunikation\/academic_certificate_programme\/?page_id=44"},"modified":"2022-07-21T11:38:17","modified_gmt":"2022-07-21T09:38:17","slug":"voraussetzungen","status":"publish","type":"page","link":"https:\/\/www.fh-joanneum.at\/digitale-gesundheitskommunikation\/academic_certificate_programme\/vor-dem-lehrgang\/voraussetzungen\/","title":{"rendered":"Voraussetzungen"},"content":{"rendered":"<div id=\"\" class=\"wp-block-text-content margin-bottom-none\">\n    <div class=\"container-lg\">\n        <div class=\"row\">\n            <div class=\"col\">\n                <div class=\"module-migration-headline\">\n<h3>Voraussetzungen<\/h3>\n<\/div>\n\n            <\/div>\n        <\/div>\n            <\/div>\n<\/div>\n\n<div id=\"\" class=\"wp-block-text-content margin-bottom-normal\">\n    <div class=\"container-lg\">\n        <div class=\"row\">\n            <div class=\"col\">\n                <p>Zugangsvoraussetzungen f&uuml;r den zweisemestrigen akademischen Lehrgang &bdquo;Digitale Gesundheitskommunikation&ldquo; sind<\/p>\n<ul>\n<li>allgemeine Hochschulreife sowie<\/li>\n<li>eine f&uuml;nfj&auml;hrige facheinschl&auml;gige Berufserfahrung.<\/li>\n<\/ul>\n<p>Als facheinschl&auml;gige Bereiche gelten zum Beispiel:<\/p>\n<ul>\n<li>Gesundheitsberufe<\/li>\n<li>Management in Gesundheitsorganisationen <\/li>\n<li>Interessensvertretungen der Gesundheitsberufe <\/li>\n<li>Krankenhaus&#8208; und Spitalsmanagement <\/li>\n<li>Gesundheits&#8208; und Public&#8208;Health&#8208;Management <\/li>\n<li>Gesundheits&#8208; und sozialmedizinische Einrichtungen <\/li>\n<li>Gesundheitsbeh&ouml;rden und Gesundheitsverwaltung  <\/li>\n<li>Non&#8208;Profit&#8208;Gesundheitsorganisationen und &#8208;Verb&auml;nde <\/li>\n<li>Gesundheits&#8208;, Medizin&#8208; und Wissenschaftsjournalismus <\/li>\n<li>Gesundheits&#8208;PR <\/li>\n<li>Kommunikations&#8208; und PR&#8208;Agenturen <\/li>\n<li>Medical Writer in Verlagen und Medienunternehmen<\/li>\n<\/ul>\n<p>Die fachlich und inhaltlich auf den akademischen Lehrgang bezogenen T&auml;tigkeiten sind nachzuweisen und zu dokumentieren. <\/p>\n\n            <\/div>\n        <\/div>\n            <\/div>\n<\/div>\n\n<div\n    id=\"\"\n    class=\"wp-block-tipp-box margin-bottom-normal\"\n>\n    <div class=\"container-lg\">\n        <div class=\"row\">\n            <div class=\"col\">\n                <div class=\"tipp-box border border-info\">\n                    <div class=\"tipp-box-inner p-2 p-md-3\">\n                        <h4 class=\"\">Hinweis<\/h4>\n                        <p>Deutsch ist Unterrichtssprache und deren Kenntnis wird als erforderlich vorausgesetzt.<\/p>\n\n                    <\/div>\n                <\/div>\n            <\/div>\n        <\/div>\n    <\/div>\n<\/div>\n\n","protected":false},"excerpt":{"rendered":"<p>Welche Voraussetzungen m\u00fcssen Sie f\u00fcr den Lehrgang erf\u00fcllen? Die Antwort auf diese Frage geben wir Ihnen hier.<\/p>\n","protected":false},"author":11,"featured_media":0,"parent":10000042,"menu_order":9,"comment_status":"closed","ping_status":"closed","template":"","meta":{"_acf_changed":false,"footnotes":""},"acf":[],"aioseo_notices":[],"_links":{"self":[{"href":"https:\/\/www.fh-joanneum.at\/digitale-gesundheitskommunikation\/academic_certificate_programme\/wp-json\/wp\/v2\/pages\/10000044"}],"collection":[{"href":"https:\/\/www.fh-joanneum.at\/digitale-gesundheitskommunikation\/academic_certificate_programme\/wp-json\/wp\/v2\/pages"}],"about":[{"href":"https:\/\/www.fh-joanneum.at\/digitale-gesundheitskommunikation\/academic_certificate_programme\/wp-json\/wp\/v2\/types\/page"}],"author":[{"embeddable":true,"href":"https:\/\/www.fh-joanneum.at\/digitale-gesundheitskommunikation\/academic_certificate_programme\/wp-json\/wp\/v2\/users\/11"}],"replies":[{"embeddable":true,"href":"https:\/\/www.fh-joanneum.at\/digitale-gesundheitskommunikation\/academic_certificate_programme\/wp-json\/wp\/v2\/comments?post=10000044"}],"version-history":[{"count":0,"href":"https:\/\/www.fh-joanneum.at\/digitale-gesundheitskommunikation\/academic_certificate_programme\/wp-json\/wp\/v2\/pages\/10000044\/revisions"}],"up":[{"embeddable":true,"href":"https:\/\/www.fh-joanneum.at\/digitale-gesundheitskommunikation\/academic_certificate_programme\/wp-json\/wp\/v2\/pages\/10000042"}],"wp:attachment":[{"href":"https:\/\/www.fh-joanneum.at\/digitale-gesundheitskommunikation\/academic_certificate_programme\/wp-json\/wp\/v2\/media?parent=10000044"}],"curies":[{"name":"wp","href":"https:\/\/api.w.org\/{rel}","templated":true}]}}