{"id":10000045,"date":"2022-06-30T12:20:36","date_gmt":"2022-06-30T10:20:36","guid":{"rendered":"https:\/\/www.fh-joanneum.at\/digitale-gesundheitskommunikation\/academic_certificate_programme\/?page_id=45"},"modified":"2024-09-09T13:09:20","modified_gmt":"2024-09-09T11:09:20","slug":"bewerbung-aufnahme","status":"publish","type":"page","link":"https:\/\/www.fh-joanneum.at\/digitale-gesundheitskommunikation\/academic_certificate_programme\/vor-dem-lehrgang\/bewerbung-aufnahme\/","title":{"rendered":"Bewerbung und Aufnahme"},"content":{"rendered":"<div id=\"\" class=\"wp-block-text-content margin-bottom-none\">\n    <div class=\"container-lg\">\n        <div class=\"row\">\n            <div class=\"col\">\n                <div class=\"module-migration-headline\">\n<h3>Bewerbung<\/h3>\n<\/div>\n\n            <\/div>\n        <\/div>\n            <\/div>\n<\/div>\n\n<div id=\"\" class=\"wp-block-text-content margin-bottom-normal\">\n    <div class=\"container-lg\">\n        <div class=\"row\">\n            <div class=\"col\">\n                <p>Grundlage f&uuml;r die Aufnahme in den akademischen Lehrgang &bdquo;Digitale Gesundheitskommunikation&ldquo; ist neben der Erf&uuml;llung der Zugangsvoraussetzungen eine Onlinebewerbung an die FH JOANNEUM. Dabei sind Vorbildungen, Abschl&uuml;sse und berufliche Praxis mit Zeugnissen und Best&auml;tigungen nachzuweisen. <\/p>\n<p>Die Unterlagen werden vertraulich behandelt.<\/p>\n\n            <\/div>\n        <\/div>\n            <\/div>\n<\/div>\n\n<div id=\"\" class=\"wp-block-text-content margin-bottom-normal\">\n    <div class=\"container-lg\">\n        <div class=\"row\">\n            <div class=\"col\">\n                <p>Die Bewerbungsunterlagen:  <\/p>\n<ul>\n<li>Bewerbungsschreiben \/ Motivationsschreiben<\/li>\n<li>Lebenslauf <\/li>\n<li>Kopie des Staatsb&uuml;rgerschaftsnachweises oder des Reisepasses <\/li>\n<li>Nachweis der allgemeinen Hochschulreife oder Studienberechtigungspr&uuml;fung<\/li>\n<li>Nachweis &uuml;ber eine f&uuml;nfj&auml;hrige einschl&auml;gige berufliche Qualifikation <\/li>\n<\/ul>\n\n            <\/div>\n        <\/div>\n            <\/div>\n<\/div>\n\n<div\n    id=\"\"\n    class=\"wp-block-tipp-box margin-bottom-normal\"\n>\n    <div class=\"container-lg\">\n        <div class=\"row\">\n            <div class=\"col\">\n                <div class=\"tipp-box border border-info\">\n                    <div class=\"tipp-box-inner p-2 p-md-3\">\n                        <h4 class=\"\">Hinweis<\/h4>\n                        <p><strong>Welche Regeln gelten f\u00fcr internationalen Dokumente?<\/strong><\/p>\n<p>F\u00fcr nicht-\u00f6sterreichische Dokumente gibt es Sonderregeln. Diese m\u00fcssen Sie einhalten, damit Ihre Bewerbung akzeptiert werden kann. Welche Richtlinien einzuhalten sind, h\u00e4ngt davon ab, in welchem Land die Dokumente ausgestellt wurden: <a href=\"https:\/\/www.fh-joanneum.at\/beglaubigungs-und-uebersetzungsrichtlinien\/\">Beglaubigungs- und \u00dcbersetzungsrichtlinien nach L\u00e4ndern<\/a>. <\/p>\n\n                    <\/div>\n                <\/div>\n            <\/div>\n        <\/div>\n    <\/div>\n<\/div>\n\n<div id=\"\" class=\"wp-block-text-content margin-bottom-normal\">\n    <div class=\"container-lg\">\n        <div class=\"row\">\n            <div class=\"col\">\n                <h4>Onlinebewerbung<\/h4>\n<h5><a href=\"https:\/\/www.fh-joanneum.at\/studium\/online-bewerbung\/\">Hier geht es zur Onlinebewerbung.<\/a><\/h5>\n\n            <\/div>\n        <\/div>\n            <\/div>\n<\/div>\n\n\n<div id=\"\" class=\"wp-block-text-content margin-bottom-normal\">\n    <div class=\"container-lg\">\n        <div class=\"row\">\n            <div class=\"col\">\n                <h4>Pers&ouml;nliches Gespr&auml;ch<\/h4>\n<p>Ihre Bewerbung wird von der Abteilung Weiterbildung, Studienadministration und studienrechtliche Angelegenheiten sowie der Lehrgangsleitung &uuml;berpr&uuml;ft. Alle Bewerber:innen, die die formalen Voraussetzungen erf&uuml;llen, werden zu einem pers&ouml;nlichen Gespr&auml;ch eingeladen. Die Gespr&auml;che finden laufend statt.<\/p>\n\n            <\/div>\n        <\/div>\n            <\/div>\n<\/div>\n\n","protected":false},"excerpt":{"rendered":"<p>Hier erfahren sie alles zur Bewerbung und zum Aufnahmegespr\u00e4ch.<\/p>\n","protected":false},"author":11,"featured_media":0,"parent":10000042,"menu_order":10,"comment_status":"closed","ping_status":"closed","template":"","meta":{"_acf_changed":false,"footnotes":""},"acf":[],"aioseo_notices":[],"_links":{"self":[{"href":"https:\/\/www.fh-joanneum.at\/digitale-gesundheitskommunikation\/academic_certificate_programme\/wp-json\/wp\/v2\/pages\/10000045"}],"collection":[{"href":"https:\/\/www.fh-joanneum.at\/digitale-gesundheitskommunikation\/academic_certificate_programme\/wp-json\/wp\/v2\/pages"}],"about":[{"href":"https:\/\/www.fh-joanneum.at\/digitale-gesundheitskommunikation\/academic_certificate_programme\/wp-json\/wp\/v2\/types\/page"}],"author":[{"embeddable":true,"href":"https:\/\/www.fh-joanneum.at\/digitale-gesundheitskommunikation\/academic_certificate_programme\/wp-json\/wp\/v2\/users\/11"}],"replies":[{"embeddable":true,"href":"https:\/\/www.fh-joanneum.at\/digitale-gesundheitskommunikation\/academic_certificate_programme\/wp-json\/wp\/v2\/comments?post=10000045"}],"version-history":[{"count":1,"href":"https:\/\/www.fh-joanneum.at\/digitale-gesundheitskommunikation\/academic_certificate_programme\/wp-json\/wp\/v2\/pages\/10000045\/revisions"}],"predecessor-version":[{"id":10000081,"href":"https:\/\/www.fh-joanneum.at\/digitale-gesundheitskommunikation\/academic_certificate_programme\/wp-json\/wp\/v2\/pages\/10000045\/revisions\/10000081"}],"up":[{"embeddable":true,"href":"https:\/\/www.fh-joanneum.at\/digitale-gesundheitskommunikation\/academic_certificate_programme\/wp-json\/wp\/v2\/pages\/10000042"}],"wp:attachment":[{"href":"https:\/\/www.fh-joanneum.at\/digitale-gesundheitskommunikation\/academic_certificate_programme\/wp-json\/wp\/v2\/media?parent=10000045"}],"curies":[{"name":"wp","href":"https:\/\/api.w.org\/{rel}","templated":true}]}}