{"id":10000048,"date":"2022-06-30T12:36:40","date_gmt":"2022-06-30T10:36:40","guid":{"rendered":"https:\/\/www.fh-joanneum.at\/digitale-gesundheitskommunikation\/academic_certificate_programme\/?page_id=48"},"modified":"2023-05-04T11:34:14","modified_gmt":"2023-05-04T09:34:14","slug":"der-lehrgang","status":"publish","type":"page","link":"https:\/\/www.fh-joanneum.at\/digitale-gesundheitskommunikation\/academic_certificate_programme\/im-lehrgang\/der-lehrgang\/","title":{"rendered":"Der Lehrgang"},"content":{"rendered":"<div id=\"\" class=\"wp-block-text-content margin-bottom-none\">\n    <div class=\"container-lg\">\n        <div class=\"row\">\n            <div class=\"col\">\n                <div class=\"module-migration-headline\">\n<h3>Schwerpunkte des Lehrgangs<\/h3>\n<\/div>\n\n            <\/div>\n        <\/div>\n            <\/div>\n<\/div>\n\n<div id=\"\" class=\"wp-block-text-content margin-bottom-normal\">\n    <div class=\"container-lg\">\n        <div class=\"row\">\n            <div class=\"col\">\n                <p>Themenmanagement und Storytelling mit Inhalten aus den verschiedenen Gesundheitsdisziplinen stehen im Fokus des zweisemestrigen akademischen Lehrgangs. Dazu braucht es Kenntnisse und Kompetenzen aus Medien und Kommunikation. <\/p>\n<p>Blogs, Videos, Podcasts und Social Media bilden wesentliche Facetten der &ouml;ffentlichen News-Rezeption. Aber auch Wissen &uuml;ber Funktion, Aufgaben und Struktur von Gesundheitsadministration und nationaler sowie internationaler Gesundheitspolitik sind gefragt. Dazu kommen Insights zu Recht, Ethik und aktuellen gesellschaftlichen Debatten. Ebenfalls relevant: Welche Funktionen erf&uuml;llt Gesundheitsjournalismus, welche Rolle spielt Gesundheits-PR? Was macht eine effiziente Info-Kampagne aus? Die praxisorientierte Ausbildung vermittelt berufsspezifische Kenntnisse und praktische Fertigkeiten auf akademischem Niveau.<\/p>\n<h6>Thematische und inhaltliche Schwerpunkte sind:<\/h6>\n<ul>\n<li>Storytelling, Content- und Themenmanagement<\/li>\n<li>Gesundheitskampagnen und Public Affairs<\/li>\n<li>Journalismus vs. PR im Gesundheitswesen<\/li>\n<li>Krisenkommunikation<\/li>\n<li>Ethik und digitaler Humanismus <\/li>\n<li>Visuelle Kommunikation und Visualisierung<\/li>\n<li>Nationale und internationale Gesundheitspolitik<\/li>\n<li>Analyse und Evaluierung von Cases der Gesundheitskommunikation<\/li>\n<li>Medienrezeption und &Ouml;ffentlichkeit<\/li>\n<li>Social Media in der Gesundheitskommunikation<\/li>\n<li>Rechtliche und soziale Aspekte <\/li>\n<\/ul>\n\n            <\/div>\n        <\/div>\n            <\/div>\n<\/div>\n\n<div\n    id=\"\"\n    class=\"wp-block-blockquote margin-bottom-normal\"\n>\n    <div class=\"container-lg\">\n        <div class=\"row\">\n            <div class=\"col\">\n                <div class=\"d-block mb-2 fs-5 major-text-color\">\u201eEntwicklungen und Ereignisse, die uns alle tangiert haben, zeigen, wie wesentlich eine funktionierende und professionelle Kommunikation f\u00fcr Gesellschaft und \u00d6ffentlichkeit ist. Eine rasche, klare und unmissverst\u00e4ndliche Vermittlung von Gesundheitsinformationen ist von h\u00f6chster Bedeutung, mitunter sogar \u00fcberlebenswichtig.\u201c <br \/>\r\n<br \/>\r\n<\/div>\n                <span class=\"d-flex justify-content-end\">Beate Salchinger, Department Gesundheitsstudien, Heinz M. Fischer, Institut Journalismus und Digitale Medien <\/span>\n            <\/div>\n        <\/div>\n    <\/div>\n<\/div>\n\n\n\n<div\n    id=\"\"\n    class=\"wp-block-downloads margin-bottom-normal\"\n>\n    <div class=\"container-lg\">\n        <div class=\"row\">\n                                                                        <div class=\"col-12 col-md-6 mb-4\">\n                            <a\n                                download\n                                href=\"https:\/\/cdn3.fh-joanneum.at\/media\/sites\/98\/2023\/05\/LehrgFolder_DGL_DGA.pdf\"\n                                target=\"_blank\"\n                                class=\"d-block text-decoration-none major-text-color-hover border p-2\"\n                            >\n                                <div class=\"d-flex align-items-center\">\n                                    <?xml version=\"1.0\" encoding=\"UTF-8\"?>\n<svg class=\"me-2 flex-shrink-0\" xmlns=\"http:\/\/www.w3.org\/2000\/svg\"  width=\"44\" height=\"48\" viewBox=\"0 0 512 512\">\n      <path d=\"m21 53l0 406c0 29 24 53 54 53l170 0c6 0 11-5 11-11 0-6-5-10-11-10l-170 0c-18 0-32-15-32-32l0-363c9 7 20 11 32 11l352 0 0 128c0 6 4 10 10 10 6 0 11-4 11-10l0-150-373 0c-18 0-32-14-32-32 0-17 14-32 32-32l362 0c6 0 11-4 11-10 0-6-5-11-11-11l-362 0c-30 0-54 24-54 53z m342 459c-71 0-128-57-128-128 0-71 57-128 128-128 70 0 128 57 128 128 0 71-58 128-128 128z m-8-67c0 0 0 0 0 0l-43-43c-4-4-4-11 0-15 5-4 11-4 16 0l24 25 0-81c0-6 5-11 11-11 6 0 10 5 10 11l0 81 25-25c4-4 11-4 15 0 4 4 4 11 0 15l-43 43c0 0 0 0 0 0l-7 7z m8-168c-59 0-107 48-107 107 0 59 48 107 107 107 58 0 106-48 106-107 0-59-48-107-106-107z m-288-234l0 21 352 0 0-21z\"\/>\n<\/svg>                                    <div class=\"download-info\">\n                                        <span class=\"download-title fw-bold\">\n                                            Lehrgangsfolder\n                                        <\/span>\n\n                                        <div class=\"download-meta\">\n                                            <span class=\"download-size\">404 kB<\/span>\n                                            <span class=\"download-cta\">PDF<\/span>\n                                        <\/div>\n                                    <\/div>\n                                <\/div>\n                            <\/a>\n                        <\/div>\n                                                        <\/div>\n    <\/div>\n<\/div>\n\n","protected":false},"excerpt":{"rendered":"<p>Hier erfahren Sie alles zu den Themen und Schwerpunkten der Weiterbildung.<\/p>\n","protected":false},"author":11,"featured_media":10000054,"parent":10000047,"menu_order":12,"comment_status":"closed","ping_status":"closed","template":"","meta":{"_acf_changed":false,"footnotes":""},"acf":[],"aioseo_notices":[],"_links":{"self":[{"href":"https:\/\/www.fh-joanneum.at\/digitale-gesundheitskommunikation\/academic_certificate_programme\/wp-json\/wp\/v2\/pages\/10000048"}],"collection":[{"href":"https:\/\/www.fh-joanneum.at\/digitale-gesundheitskommunikation\/academic_certificate_programme\/wp-json\/wp\/v2\/pages"}],"about":[{"href":"https:\/\/www.fh-joanneum.at\/digitale-gesundheitskommunikation\/academic_certificate_programme\/wp-json\/wp\/v2\/types\/page"}],"author":[{"embeddable":true,"href":"https:\/\/www.fh-joanneum.at\/digitale-gesundheitskommunikation\/academic_certificate_programme\/wp-json\/wp\/v2\/users\/11"}],"replies":[{"embeddable":true,"href":"https:\/\/www.fh-joanneum.at\/digitale-gesundheitskommunikation\/academic_certificate_programme\/wp-json\/wp\/v2\/comments?post=10000048"}],"version-history":[{"count":0,"href":"https:\/\/www.fh-joanneum.at\/digitale-gesundheitskommunikation\/academic_certificate_programme\/wp-json\/wp\/v2\/pages\/10000048\/revisions"}],"up":[{"embeddable":true,"href":"https:\/\/www.fh-joanneum.at\/digitale-gesundheitskommunikation\/academic_certificate_programme\/wp-json\/wp\/v2\/pages\/10000047"}],"wp:featuredmedia":[{"embeddable":true,"href":"https:\/\/www.fh-joanneum.at\/digitale-gesundheitskommunikation\/academic_certificate_programme\/wp-json\/wp\/v2\/media\/10000054"}],"wp:attachment":[{"href":"https:\/\/www.fh-joanneum.at\/digitale-gesundheitskommunikation\/academic_certificate_programme\/wp-json\/wp\/v2\/media?parent=10000048"}],"curies":[{"name":"wp","href":"https:\/\/api.w.org\/{rel}","templated":true}]}}