{"id":10000074,"date":"2022-06-29T12:44:15","date_gmt":"2022-06-29T10:44:15","guid":{"rendered":"https:\/\/www.fh-joanneum.at\/digitale-gesundheitskommunikation\/postgraduate\/?page_id=74"},"modified":"2023-03-02T14:41:45","modified_gmt":"2023-03-02T13:41:45","slug":"voraussetzungen","status":"publish","type":"page","link":"https:\/\/www.fh-joanneum.at\/digitale-gesundheitskommunikation\/postgraduate\/vor-dem-studium\/voraussetzungen\/","title":{"rendered":"Voraussetzungen"},"content":{"rendered":"<div id=\"\" class=\"wp-block-text-content margin-bottom-none\">\n    <div class=\"container-lg\">\n        <div class=\"row\">\n            <div class=\"col\">\n                <div class=\"module-migration-headline\">\n<h3>Voraussetzungen<\/h3>\n<\/div>\n\n            <\/div>\n        <\/div>\n            <\/div>\n<\/div>\n\n\n<div id=\"\" class=\"wp-block-text-content margin-bottom-normal\">\n    <div class=\"container-lg\">\n        <div class=\"row\">\n            <div class=\"col\">\n                <p>Zugangsvoraussetzungen sind:<\/p>\n<ul>\n<li>ein qualifizierter Studienabschluss mit mindestens 180 ECTS-Anrechnungspunkten an Bachelor- oder Diplomstudieng&auml;ngen &ouml;sterreichischer oder vergleichbarer ausl&auml;ndischer Universit&auml;ten und Fachhochschulen <strong>sowie<\/strong><\/li>\n<li>eine mehrj&auml;hrige facheinschl&auml;gige Besch&auml;ftigung in einer der Schwerpunktdisziplinen Gesundheits- und Krankenberufe, Management beziehungsweise Administration in Gesundheitsorganisationen oder im Medien- und Kommunikationsbereich. <\/li>\n<\/ul>\n<p>Aufgrund der intendierten Zielgruppe werden vor allem Interessierte mit Bachelorabschluss zum einen aus dem Bereich der medizinischen und nichtmedizinischen Gesundheitsberufe, zum anderen aus den Feldern professioneller Kommunikation, Journalismus und PR angesprochen.<\/p>\n\n            <\/div>\n        <\/div>\n            <\/div>\n<\/div>\n\n\n\n\n\n<div\n    id=\"\"\n    class=\"wp-block-tipp-box margin-bottom-normal\"\n>\n    <div class=\"container-lg\">\n        <div class=\"row\">\n            <div class=\"col\">\n                <div class=\"tipp-box border border-info\">\n                    <div class=\"tipp-box-inner p-2 p-md-3\">\n                        <h4 class=\"\">Hinweis<\/h4>\n                        <p>Deutsch ist Unterrichtssprache und deren Kenntnis wird als erforderlich vorausgesetzt.<\/p>\n\n                    <\/div>\n                <\/div>\n            <\/div>\n        <\/div>\n    <\/div>\n<\/div>\n\n","protected":false},"excerpt":{"rendered":"<p>Diese Voraussetzungen m\u00fcssen Sie f\u00fcr die Teilnahme am Lehrgang erf\u00fcllen.<\/p>\n","protected":false},"author":11,"featured_media":0,"parent":10000073,"menu_order":8,"comment_status":"closed","ping_status":"closed","template":"","meta":{"_acf_changed":false,"footnotes":""},"acf":[],"aioseo_notices":[],"_links":{"self":[{"href":"https:\/\/www.fh-joanneum.at\/digitale-gesundheitskommunikation\/postgraduate\/wp-json\/wp\/v2\/pages\/10000074"}],"collection":[{"href":"https:\/\/www.fh-joanneum.at\/digitale-gesundheitskommunikation\/postgraduate\/wp-json\/wp\/v2\/pages"}],"about":[{"href":"https:\/\/www.fh-joanneum.at\/digitale-gesundheitskommunikation\/postgraduate\/wp-json\/wp\/v2\/types\/page"}],"author":[{"embeddable":true,"href":"https:\/\/www.fh-joanneum.at\/digitale-gesundheitskommunikation\/postgraduate\/wp-json\/wp\/v2\/users\/11"}],"replies":[{"embeddable":true,"href":"https:\/\/www.fh-joanneum.at\/digitale-gesundheitskommunikation\/postgraduate\/wp-json\/wp\/v2\/comments?post=10000074"}],"version-history":[{"count":0,"href":"https:\/\/www.fh-joanneum.at\/digitale-gesundheitskommunikation\/postgraduate\/wp-json\/wp\/v2\/pages\/10000074\/revisions"}],"up":[{"embeddable":true,"href":"https:\/\/www.fh-joanneum.at\/digitale-gesundheitskommunikation\/postgraduate\/wp-json\/wp\/v2\/pages\/10000073"}],"wp:attachment":[{"href":"https:\/\/www.fh-joanneum.at\/digitale-gesundheitskommunikation\/postgraduate\/wp-json\/wp\/v2\/media?parent=10000074"}],"curies":[{"name":"wp","href":"https:\/\/api.w.org\/{rel}","templated":true}]}}