{"id":29,"date":"2024-09-16T05:07:48","date_gmt":"2024-09-16T05:07:48","guid":{"rendered":"https:\/\/www.fh-joanneum.at\/e-sports-management\/master\/?page_id=29"},"modified":"2024-10-22T11:29:11","modified_gmt":"2024-10-22T11:29:11","slug":"voraussetzungen","status":"publish","type":"page","link":"https:\/\/www.fh-joanneum.at\/e-sports-management\/master\/vor-dem-studium\/voraussetzungen\/","title":{"rendered":"Voraussetzungen"},"content":{"rendered":"<div id=\"\" class=\"wp-block-text-content margin-bottom-normal\">\n    <div class=\"container-lg\">\n        <div class=\"row\">\n            <div class=\"col\">\n                <h3>Voraussetzungen f&uuml;r das Studium<\/h3>\n<p>Als fachliche Zugangsvoraussetzung f&uuml;r das Masterstudium m&uuml;ssen Sie einen qualifizierten Studienabschluss<\/p>\n<ul>\n<li>eines facheinschl&auml;gigen Bachelorstudiums oder<\/li>\n<li>eines gleichwertigen Studiums<\/li>\n<\/ul>\n<p>einer anerkannten inl&auml;ndischen oder ausl&auml;ndischen postsekund&auml;ren Bildungseinrichtung nachweisen.<\/p>\n<p>Die Unterrichtssprache am Studiengang ist Deutsch. Ausgew&auml;hlte Lehrveranstaltungen werden zudem auf Englisch unterrichtet. Mit Sprachkenntnissen auf Level B2 k&ouml;nnen Sie den Studieninhalten ohne Probleme folgen. Best&auml;tigen Sie uns Ihre Sprachkenntnisse bitte mit einem Zertifikat, sofern Sie nicht in Maturazeugnissen oder &auml;hnlichen Diplomen genannt sind.<\/p>\n<p>&nbsp;<\/p>\n<h3>Details zu den Zugangsvoraussetzungen<\/h3>\n<p>Die Teilnahme an diesem Masterstudium erm&ouml;glichen<\/p>\n<ul>\n<li>ein abgeschlossenes Bachelor- oder Diplomstudium der Fachrichtungen Tourismus, Freizeit, Gesundheitswissenschaften, Sport, Bewegung, Event oder Training.<\/li>\n<li>ein facheinschl&auml;giges wirtschafts-, gesundheits-, sozial &ndash; oder naturwissenschaftliches Studium.<\/li>\n<\/ul>\n<p>Als facheinschl&auml;giges Bachelorstudium z&auml;hlen derzeit<\/p>\n<ul>\n<li>Gesundheits- und Tourismusmanagement der FH JOANNEUM sowie<\/li>\n<li>Bachelor-Studieng&auml;nge von Fachhochschulen und Universit&auml;ten aus den Bereichen Tourismus, Freizeit, Sport, Bewegung, Event, Naturwissenschaften, Informatik, Wirtschafts- und Sozialwissenschaften. Dazu z&auml;hlen beispielsweise:<\/li>\n<li>Tourismusmanagement<\/li>\n<li>Marketing<\/li>\n<li>Betriebswirtschaftslehre<\/li>\n<li>Sportwissenschaft<\/li>\n<li>Informationsdesign<\/li>\n<\/ul>\n<p>Alle Ausbildungen m&uuml;ssen an einer anerkannten in- oder ausl&auml;ndischen postsekund&auml;ren Bildungseinrichtung abgelegt worden sein.<\/p>\n<p>Wenn die Zugangsvoraussetzungen nicht zur G&auml;nze erf&uuml;llt sind, k&ouml;nnen die notwendigen Erg&auml;nzungspr&uuml;fungen aus dem Bachelorstudium &bdquo;Gesundheits- und Tourismusmanagement&ldquo; parallel zum Masterstudium abgelegt werden.<\/p>\n<p>In nicht eindeutigen F&auml;llen obliegt es der Studiengangsleitung zu entscheiden, ob die Zugangsvoraussetzungen erf&uuml;llt sind. Eine verbindliche Auskunft dar&uuml;ber erhalten Sie nach Einlangen Ihrer vollst&auml;ndigen Bewerbungsunterlagen.<\/p>\n<p>&nbsp;<\/p>\n<h4>Sie sind keine &ouml;sterreichische Staatsb&uuml;rgerin oder kein &ouml;sterreichischer Staatsb&uuml;rger?<\/h4>\n<p>F&uuml;r Sie gibt es einige Besonderheiten zu beachten. Mehr Informationen dazu finden Sie in unter dem Men&uuml;punkt <a href=\"https:\/\/www.fh-joanneum.at\/sport-und-eventmanagement\/master\/vor-dem-studium\/internationale-bewerberinnen-bewerber\/\"><strong>Internationale BewerberInnen<\/strong>.<\/a><\/p>\n\n            <\/div>\n        <\/div>\n            <\/div>\n<\/div>\n","protected":false},"excerpt":{"rendered":"<p>Diese Voraussetzungen m\u00fcssen Sie f\u00fcr das Studium erf\u00fcllen.<\/p>\n","protected":false},"author":143,"featured_media":0,"parent":5,"menu_order":20,"comment_status":"closed","ping_status":"closed","template":"","meta":{"_acf_changed":false,"footnotes":""},"acf":[],"aioseo_notices":[],"_links":{"self":[{"href":"https:\/\/www.fh-joanneum.at\/e-sports-management\/master\/wp-json\/wp\/v2\/pages\/29"}],"collection":[{"href":"https:\/\/www.fh-joanneum.at\/e-sports-management\/master\/wp-json\/wp\/v2\/pages"}],"about":[{"href":"https:\/\/www.fh-joanneum.at\/e-sports-management\/master\/wp-json\/wp\/v2\/types\/page"}],"author":[{"embeddable":true,"href":"https:\/\/www.fh-joanneum.at\/e-sports-management\/master\/wp-json\/wp\/v2\/users\/143"}],"replies":[{"embeddable":true,"href":"https:\/\/www.fh-joanneum.at\/e-sports-management\/master\/wp-json\/wp\/v2\/comments?post=29"}],"version-history":[{"count":5,"href":"https:\/\/www.fh-joanneum.at\/e-sports-management\/master\/wp-json\/wp\/v2\/pages\/29\/revisions"}],"predecessor-version":[{"id":176,"href":"https:\/\/www.fh-joanneum.at\/e-sports-management\/master\/wp-json\/wp\/v2\/pages\/29\/revisions\/176"}],"up":[{"embeddable":true,"href":"https:\/\/www.fh-joanneum.at\/e-sports-management\/master\/wp-json\/wp\/v2\/pages\/5"}],"wp:attachment":[{"href":"https:\/\/www.fh-joanneum.at\/e-sports-management\/master\/wp-json\/wp\/v2\/media?parent=29"}],"curies":[{"name":"wp","href":"https:\/\/api.w.org\/{rel}","templated":true}]}}