{"id":33,"date":"2024-09-16T05:13:59","date_gmt":"2024-09-16T05:13:59","guid":{"rendered":"https:\/\/www.fh-joanneum.at\/e-sports-management\/master\/?page_id=33"},"modified":"2024-09-16T05:14:01","modified_gmt":"2024-09-16T05:14:01","slug":"aufnahmeverfahren","status":"publish","type":"page","link":"https:\/\/www.fh-joanneum.at\/e-sports-management\/master\/vor-dem-studium\/aufnahmeverfahren\/","title":{"rendered":"Aufnahmeverfahren"},"content":{"rendered":"<div id=\"\" class=\"wp-block-text-content margin-bottom-none\">\n    <div class=\"container-lg\">\n        <div class=\"row\">\n            <div class=\"col\">\n                <h3>Aufnahmeverfahren<\/h3>\n\n            <\/div>\n        <\/div>\n            <\/div>\n<\/div>\n\n\n<div\n    id=\"\"\n    class=\"wp-block-tipp-box margin-bottom-normal\"\n>\n    <div class=\"container-lg\">\n        <div class=\"row\">\n            <div class=\"col\">\n                <div class=\"tipp-box border border-warning\">\n                    <div class=\"tipp-box-inner p-2 p-md-3\">\n                        <h4 class=\"\">Tipp<\/h4>\n                        <p>Sie werden zum weiteren Aufnahmeverfahren eingeladen, wenn Sie die Voraussetzungen f\u00fcr die Zulassung erf\u00fcllen und Ihre Bewerbung vollst\u00e4ndig und fristgerecht eingereicht haben.<\/p>\n\n                    <\/div>\n                <\/div>\n            <\/div>\n        <\/div>\n    <\/div>\n<\/div>\n\n\n<div id=\"\" class=\"wp-block-text-content margin-bottom-normal\">\n    <div class=\"container-lg\">\n        <div class=\"row\">\n            <div class=\"col\">\n                <p>Das Aufnahmeverfahren setzt sich zusammen aus:<\/p>\n<ul>\n<li>einer vollst&auml;ndigen Bewerbung<\/li>\n<li>einem schriftlichen Online-Reihungstest<\/li>\n<li>einem Online-Gespr&auml;ch mit der Aufnahmekommission<\/li>\n<li>Bewertung der vorangegangenen Ausbildung und der beruflichen Erfahrung<\/li>\n<\/ul>\n<p>Die Form der Bewerbung flie&szlig;t in die Beurteilung ein.<\/p>\n<h4>Der Online-Reihungstest<\/h4>\n<p>Der Online-Reihungstest umfasst die Themenbereiche Wissenschaftliches Arbeiten inklusive beschreibender Statistik sowie Betriebswirtschaftslehre inklusive Marketing und Marktforschung. Alle pr&uuml;fungsrelevanten Unterlagen werden vorab zur Verf&uuml;gung gestellt. Den dazugeh&ouml;rigen Link erhalten Sie zeitgleich mit der Best&auml;tigung &uuml;ber das Einlangen Ihrer Bewerbungsunterlagen.<\/p>\n<h4>Das Online-Gespr&auml;ch<\/h4>\n<p>Sie werden zu einem Gespr&auml;ch eingeladen, wenn Sie die Voraussetzungen f&uuml;r die Zulassung erf&uuml;llen, Ihre Bewerbung vollst&auml;ndig und fristgerecht eingereicht haben sowie der Reihungstest absolviert wurde. Informationen mit allen Details zum Online-Gespr&auml;ch erhalten Sie zeitgerecht vor dem Termin per E-Mail.<\/p>\n<p>Das Gespr&auml;ch erfolgt online via Videotelefonie. Von der Bewerberin beziehungsweise dem Bewerber ist zu best&auml;tigen, dass keine unerlaubten Hilfsmittel verwendet werden und keine weiteren Personen zur Unterst&uuml;tzung anwesend sind. Zur Feststellung der Identit&auml;t ist zu Beginn des Gespr&auml;chs ein amtlicher Lichtbildausweis vorzuweisen.<\/p>\n<p>Sie f&uuml;hren das Gespr&auml;ch mit der Aufnahmekommission des Studiengangs. Es dauert in etwa 20 Minuten.<\/p>\n<p>&nbsp;<\/p>\n<h4>Bewertung der vorangegangenen Ausbildung und der beruflichen Erfahrung<\/h4>\n<p>Als zus&auml;tzliche Kriterien f&uuml;r die Aufnahmeentscheidung werden berufliche Erfahrungen und fachspezifische Aus- und Weiterbildungen ber&uuml;cksichtigt.<\/p>\n\n            <\/div>\n        <\/div>\n            <\/div>\n<\/div>\n","protected":false},"excerpt":{"rendered":"<p>Im Zuge des Aufnahmeverfahrens ermitteln wir Ihre pers\u00f6nlichen F\u00e4higkeiten und Potenziale f\u00fcr das Studium. Was Sie genau erwartet, und wie Sie sich darauf vorbereiten k\u00f6nnen.<\/p>\n","protected":false},"author":143,"featured_media":0,"parent":5,"menu_order":40,"comment_status":"closed","ping_status":"closed","template":"","meta":{"_acf_changed":false,"footnotes":""},"acf":[],"aioseo_notices":[],"_links":{"self":[{"href":"https:\/\/www.fh-joanneum.at\/e-sports-management\/master\/wp-json\/wp\/v2\/pages\/33"}],"collection":[{"href":"https:\/\/www.fh-joanneum.at\/e-sports-management\/master\/wp-json\/wp\/v2\/pages"}],"about":[{"href":"https:\/\/www.fh-joanneum.at\/e-sports-management\/master\/wp-json\/wp\/v2\/types\/page"}],"author":[{"embeddable":true,"href":"https:\/\/www.fh-joanneum.at\/e-sports-management\/master\/wp-json\/wp\/v2\/users\/143"}],"replies":[{"embeddable":true,"href":"https:\/\/www.fh-joanneum.at\/e-sports-management\/master\/wp-json\/wp\/v2\/comments?post=33"}],"version-history":[{"count":1,"href":"https:\/\/www.fh-joanneum.at\/e-sports-management\/master\/wp-json\/wp\/v2\/pages\/33\/revisions"}],"predecessor-version":[{"id":34,"href":"https:\/\/www.fh-joanneum.at\/e-sports-management\/master\/wp-json\/wp\/v2\/pages\/33\/revisions\/34"}],"up":[{"embeddable":true,"href":"https:\/\/www.fh-joanneum.at\/e-sports-management\/master\/wp-json\/wp\/v2\/pages\/5"}],"wp:attachment":[{"href":"https:\/\/www.fh-joanneum.at\/e-sports-management\/master\/wp-json\/wp\/v2\/media?parent=33"}],"curies":[{"name":"wp","href":"https:\/\/api.w.org\/{rel}","templated":true}]}}