{"id":10000268,"date":"2015-08-10T14:29:32","date_gmt":"2015-08-10T12:29:32","guid":{"rendered":"https:\/\/www.fh-joanneum.at\/elektronik-und-computer-engineering\/bachelor\/?page_id=268"},"modified":"2023-11-02T13:43:43","modified_gmt":"2023-11-02T11:43:43","slug":"absolventinnen-absolventen","status":"publish","type":"page","link":"https:\/\/www.fh-joanneum.at\/elektronik-und-computer-engineering\/bachelor\/nach-dem-studium\/absolventinnen-absolventen\/","title":{"rendered":"Absolvent:innen"},"content":{"rendered":"<div id=\"\" class=\"wp-block-text-content margin-bottom-none\">\n    <div class=\"container-lg\">\n        <div class=\"row\">\n            <div class=\"col\">\n                <div class=\"module-migration-headline\">\n<h3>Was machen unsere Absolvent:innen?<\/h3>\n<\/div>\n\n            <\/div>\n        <\/div>\n            <\/div>\n<\/div>\n\n<div id=\"\" class=\"wp-block-list-of-graduates margin-bottom-normal\">\n  <div class=\"container-lg\">\n    <div class=\"row\">\n                        <div class=\"col-6 col-sm-4 col-md-6 col-lg-4 col-xl-4 mb-4\">\n            <a\n    href=\"https:\/\/www.fh-joanneum.at\/elektronik-und-computer-engineering\/bachelor\/nach-dem-studium\/absolventinnen-absolventen\/bertram-winter\/\"\n    class=\"graduate-card bg-light\"\n>\n    <div class=\"border border-light h-100\">\n        <div class=\"image-wrapper\">\n            <picture>\n                        <source\n                media=\"(max-width: 236px)\"\n                srcset=\"https:\/\/cdn3.fh-joanneum.at\/media\/sites\/11\/2017\/03\/bertram-winter.jpg, https:\/\/cdn3.fh-joanneum.at\/media\/sites\/11\/2017\/03\/bertram-winter.jpg 2x\"\n            \/>\n                    <source\n                media=\"(max-width: 236px)\"\n                srcset=\"https:\/\/cdn3.fh-joanneum.at\/media\/sites\/11\/2017\/03\/bertram-winter.jpg, https:\/\/cdn3.fh-joanneum.at\/media\/sites\/11\/2017\/03\/bertram-winter.jpg 2x\"\n            \/>\n                    <source\n                media=\"(max-width: 236px)\"\n                srcset=\"https:\/\/cdn3.fh-joanneum.at\/media\/sites\/11\/2017\/03\/bertram-winter.jpg, https:\/\/cdn3.fh-joanneum.at\/media\/sites\/11\/2017\/03\/bertram-winter.jpg 2x\"\n            \/>\n                    <source\n                media=\"(max-width: 236px)\"\n                srcset=\"https:\/\/cdn3.fh-joanneum.at\/media\/sites\/11\/2017\/03\/bertram-winter.jpg, https:\/\/cdn3.fh-joanneum.at\/media\/sites\/11\/2017\/03\/bertram-winter.jpg 2x\"\n            \/>\n                    <source\n                media=\"(max-width: 236px)\"\n                srcset=\"https:\/\/cdn3.fh-joanneum.at\/media\/sites\/11\/2017\/03\/bertram-winter.jpg, https:\/\/cdn3.fh-joanneum.at\/media\/sites\/11\/2017\/03\/bertram-winter.jpg 2x\"\n            \/>\n                <img decoding=\"async\"\n        class=\"img-fluid\"\n        src=\"https:\/\/cdn3.fh-joanneum.at\/media\/sites\/11\/2017\/03\/bertram-winter.jpg\"\n        alt=\"Bertram Winter\"\n        title=\"\"\n         loading=\"lazy\"             >\n<\/picture>\n\n        <\/div>\n        <div class=\"p-2 p-xl-3\">\n            <h6>Bertram Winter, BSc MSc<\/h6>\n            <p class=\"mb-0 hyphens\">\n                Bertram Winter ist als Design Support Engineer bei ams AG besch\u00e4ftigt. \n            <\/p>\n        <\/div>\n    <\/div>\n<\/a>\n          <\/div>\n                  <div class=\"col-6 col-sm-4 col-md-6 col-lg-4 col-xl-4 mb-4\">\n            <a\n    href=\"https:\/\/www.fh-joanneum.at\/elektronik-und-computer-engineering\/bachelor\/nach-dem-studium\/absolventinnen-absolventen\/simon-schober\/\"\n    class=\"graduate-card bg-light\"\n>\n    <div class=\"border border-light h-100\">\n        <div class=\"image-wrapper\">\n            <picture>\n                        <source\n                media=\"(max-width: 576px)\"\n                srcset=\"https:\/\/cdn3.fh-joanneum.at\/media\/sites\/11\/2017\/03\/simon-schober.jpg, https:\/\/cdn3.fh-joanneum.at\/media\/sites\/11\/2017\/03\/simon-schober-768x512.jpg 2x\"\n            \/>\n                    <source\n                media=\"(max-width: 768px)\"\n                srcset=\"https:\/\/cdn3.fh-joanneum.at\/media\/sites\/11\/2017\/03\/simon-schober-768x512.jpg, https:\/\/cdn3.fh-joanneum.at\/media\/sites\/11\/2017\/03\/simon-schober-1024x683.jpg 2x\"\n            \/>\n                    <source\n                media=\"(max-width: 1024px)\"\n                srcset=\"https:\/\/cdn3.fh-joanneum.at\/media\/sites\/11\/2017\/03\/simon-schober-1024x683.jpg, https:\/\/cdn3.fh-joanneum.at\/media\/sites\/11\/2017\/03\/simon-schober.jpg 2x\"\n            \/>\n                    <source\n                media=\"(max-width: 1536px)\"\n                srcset=\"https:\/\/cdn3.fh-joanneum.at\/media\/sites\/11\/2017\/03\/simon-schober.jpg, https:\/\/cdn3.fh-joanneum.at\/media\/sites\/11\/2017\/03\/simon-schober.jpg 2x\"\n            \/>\n                    <source\n                media=\"(max-width: 2048px)\"\n                srcset=\"https:\/\/cdn3.fh-joanneum.at\/media\/sites\/11\/2017\/03\/simon-schober.jpg, https:\/\/cdn3.fh-joanneum.at\/media\/sites\/11\/2017\/03\/simon-schober.jpg 2x\"\n            \/>\n                <img decoding=\"async\"\n        class=\"img-fluid\"\n        src=\"https:\/\/cdn3.fh-joanneum.at\/media\/sites\/11\/2017\/03\/simon-schober.jpg\"\n        alt=\"Simon Schober\"\n        title=\"\"\n         loading=\"lazy\"             >\n<\/picture>\n\n        <\/div>\n        <div class=\"p-2 p-xl-3\">\n            <h6>Simon Schober, BSc<\/h6>\n            <p class=\"mb-0 hyphens\">\n                Simon Schober sch\u00e4tzt in seinem Job als Electronic Engineer bei LOGICDATA Electronic &amp; Software Entwicklungs GmbH das famili\u00e4re Umfeld und die Firmenf\u00fchrung, der das Wohl der Mitarbeiterinnen und Mitarbeiter sehr am Herzen liegt. \n            <\/p>\n        <\/div>\n    <\/div>\n<\/a>\n          <\/div>\n                  <div class=\"col-6 col-sm-4 col-md-6 col-lg-4 col-xl-4 mb-4\">\n            <a\n    href=\"https:\/\/www.fh-joanneum.at\/elektronik-und-computer-engineering\/bachelor\/nach-dem-studium\/absolventinnen-absolventen\/richard-sbuell\/\"\n    class=\"graduate-card bg-light\"\n>\n    <div class=\"border border-light h-100\">\n        <div class=\"image-wrapper\">\n            <picture>\n                        <source\n                media=\"(max-width: 576px)\"\n                srcset=\"https:\/\/cdn3.fh-joanneum.at\/media\/sites\/11\/2021\/12\/richard-sbuell.jpg, https:\/\/cdn3.fh-joanneum.at\/media\/sites\/11\/2021\/12\/richard-sbuell-768x768.jpg 2x\"\n            \/>\n                    <source\n                media=\"(max-width: 768px)\"\n                srcset=\"https:\/\/cdn3.fh-joanneum.at\/media\/sites\/11\/2021\/12\/richard-sbuell-768x768.jpg, https:\/\/cdn3.fh-joanneum.at\/media\/sites\/11\/2021\/12\/richard-sbuell-1024x1024.jpg 2x\"\n            \/>\n                    <source\n                media=\"(max-width: 1024px)\"\n                srcset=\"https:\/\/cdn3.fh-joanneum.at\/media\/sites\/11\/2021\/12\/richard-sbuell-1024x1024.jpg, https:\/\/cdn3.fh-joanneum.at\/media\/sites\/11\/2021\/12\/richard-sbuell-1536x1536.jpg 2x\"\n            \/>\n                    <source\n                media=\"(max-width: 1536px)\"\n                srcset=\"https:\/\/cdn3.fh-joanneum.at\/media\/sites\/11\/2021\/12\/richard-sbuell-1536x1536.jpg, https:\/\/cdn3.fh-joanneum.at\/media\/sites\/11\/2021\/12\/richard-sbuell.jpg 2x\"\n            \/>\n                    <source\n                media=\"(max-width: 1772px)\"\n                srcset=\"https:\/\/cdn3.fh-joanneum.at\/media\/sites\/11\/2021\/12\/richard-sbuell.jpg, https:\/\/cdn3.fh-joanneum.at\/media\/sites\/11\/2021\/12\/richard-sbuell.jpg 2x\"\n            \/>\n                <img decoding=\"async\"\n        class=\"img-fluid\"\n        src=\"https:\/\/cdn3.fh-joanneum.at\/media\/sites\/11\/2021\/12\/richard-sbuell.jpg\"\n        alt=\"Richard Sb\u00fcll\"\n        title=\"\"\n         loading=\"lazy\"             >\n<\/picture>\n\n        <\/div>\n        <div class=\"p-2 p-xl-3\">\n            <h6>Richard Sb\u00fcll<\/h6>\n            <p class=\"mb-0 hyphens\">\n                Komplexe Elektronik, Kreativit\u00e4t und viel Liebe zum Detail inspirierten Richard Sb\u00fcll nach Abschluss des Studiums an der FH JOANNEUM dazu, ein eigenes Unternehmen zu gr\u00fcnden.\r\n \n            <\/p>\n        <\/div>\n    <\/div>\n<\/a>\n          <\/div>\n                  <div class=\"col-6 col-sm-4 col-md-6 col-lg-4 col-xl-4 mb-4\">\n            <a\n    href=\"https:\/\/www.fh-joanneum.at\/elektronik-und-computer-engineering\/bachelor\/nach-dem-studium\/absolventinnen-absolventen\/sebastian-handel\/\"\n    class=\"graduate-card bg-light\"\n>\n    <div class=\"border border-light h-100\">\n        <div class=\"image-wrapper\">\n            <picture>\n                        <source\n                media=\"(max-width: 432px)\"\n                srcset=\"https:\/\/cdn3.fh-joanneum.at\/media\/sites\/11\/2021\/02\/sebastian-handel.jpg, https:\/\/cdn3.fh-joanneum.at\/media\/sites\/11\/2021\/02\/sebastian-handel-768x1024.jpg 2x\"\n            \/>\n                    <source\n                media=\"(max-width: 768px)\"\n                srcset=\"https:\/\/cdn3.fh-joanneum.at\/media\/sites\/11\/2021\/02\/sebastian-handel-768x1024.jpg, https:\/\/cdn3.fh-joanneum.at\/media\/sites\/11\/2021\/02\/sebastian-handel-768x1024.jpg 2x\"\n            \/>\n                    <source\n                media=\"(max-width: 768px)\"\n                srcset=\"https:\/\/cdn3.fh-joanneum.at\/media\/sites\/11\/2021\/02\/sebastian-handel-768x1024.jpg, https:\/\/cdn3.fh-joanneum.at\/media\/sites\/11\/2021\/02\/sebastian-handel.jpg 2x\"\n            \/>\n                    <source\n                media=\"(max-width: 1152px)\"\n                srcset=\"https:\/\/cdn3.fh-joanneum.at\/media\/sites\/11\/2021\/02\/sebastian-handel.jpg, https:\/\/cdn3.fh-joanneum.at\/media\/sites\/11\/2021\/02\/sebastian-handel.jpg 2x\"\n            \/>\n                    <source\n                media=\"(max-width: 1536px)\"\n                srcset=\"https:\/\/cdn3.fh-joanneum.at\/media\/sites\/11\/2021\/02\/sebastian-handel.jpg, https:\/\/cdn3.fh-joanneum.at\/media\/sites\/11\/2021\/02\/sebastian-handel.jpg 2x\"\n            \/>\n                <img decoding=\"async\"\n        class=\"img-fluid\"\n        src=\"https:\/\/cdn3.fh-joanneum.at\/media\/sites\/11\/2021\/02\/sebastian-handel.jpg\"\n        alt=\"Sebastian Handel\"\n        title=\"\"\n         loading=\"lazy\"             >\n<\/picture>\n\n        <\/div>\n        <div class=\"p-2 p-xl-3\">\n            <h6>Sebastian Handel, BSc<\/h6>\n            <p class=\"mb-0 hyphens\">\n                Elektronik in Verbindung mit Informatik f\u00fchrten Sebastian Handel in die Welt des 3-D Imaging bei Infineon Technologies.\n            <\/p>\n        <\/div>\n    <\/div>\n<\/a>\n          <\/div>\n                  <div class=\"col-6 col-sm-4 col-md-6 col-lg-4 col-xl-4 mb-4\">\n            <a\n    href=\"https:\/\/www.fh-joanneum.at\/elektronik-und-computer-engineering\/bachelor\/nach-dem-studium\/absolventinnen-absolventen\/christian-fragner-bsc-msc\/\"\n    class=\"graduate-card bg-light\"\n>\n    <div class=\"border border-light h-100\">\n        <div class=\"image-wrapper\">\n            <picture>\n                        <source\n                media=\"(max-width: 234px)\"\n                srcset=\"https:\/\/cdn3.fh-joanneum.at\/media\/sites\/11\/2020\/03\/christian-fragner-bsc-msc.png, https:\/\/cdn3.fh-joanneum.at\/media\/sites\/11\/2020\/03\/christian-fragner-bsc-msc.png 2x\"\n            \/>\n                    <source\n                media=\"(max-width: 234px)\"\n                srcset=\"https:\/\/cdn3.fh-joanneum.at\/media\/sites\/11\/2020\/03\/christian-fragner-bsc-msc.png, https:\/\/cdn3.fh-joanneum.at\/media\/sites\/11\/2020\/03\/christian-fragner-bsc-msc.png 2x\"\n            \/>\n                    <source\n                media=\"(max-width: 234px)\"\n                srcset=\"https:\/\/cdn3.fh-joanneum.at\/media\/sites\/11\/2020\/03\/christian-fragner-bsc-msc.png, https:\/\/cdn3.fh-joanneum.at\/media\/sites\/11\/2020\/03\/christian-fragner-bsc-msc.png 2x\"\n            \/>\n                    <source\n                media=\"(max-width: 234px)\"\n                srcset=\"https:\/\/cdn3.fh-joanneum.at\/media\/sites\/11\/2020\/03\/christian-fragner-bsc-msc.png, https:\/\/cdn3.fh-joanneum.at\/media\/sites\/11\/2020\/03\/christian-fragner-bsc-msc.png 2x\"\n            \/>\n                    <source\n                media=\"(max-width: 234px)\"\n                srcset=\"https:\/\/cdn3.fh-joanneum.at\/media\/sites\/11\/2020\/03\/christian-fragner-bsc-msc.png, https:\/\/cdn3.fh-joanneum.at\/media\/sites\/11\/2020\/03\/christian-fragner-bsc-msc.png 2x\"\n            \/>\n                <img decoding=\"async\"\n        class=\"img-fluid\"\n        src=\"https:\/\/cdn3.fh-joanneum.at\/media\/sites\/11\/2020\/03\/christian-fragner-bsc-msc.png\"\n        alt=\"Christian Fragner BSc MSC\"\n        title=\"\"\n         loading=\"lazy\"             >\n<\/picture>\n\n        <\/div>\n        <div class=\"p-2 p-xl-3\">\n            <h6>Christian Fragner, BSc MSC<\/h6>\n            <p class=\"mb-0 hyphens\">\n                Die Softwareentwicklung f\u00fcr intelligente und effiziente LED-Lichtquellen ist eine der Kernaufgaben von Christian Fragner bei der Tridonic GmbH. \n            <\/p>\n        <\/div>\n    <\/div>\n<\/a>\n          <\/div>\n                  <div class=\"col-6 col-sm-4 col-md-6 col-lg-4 col-xl-4 mb-4\">\n            <a\n    href=\"https:\/\/www.fh-joanneum.at\/elektronik-und-computer-engineering\/bachelor\/nach-dem-studium\/absolventinnen-absolventen\/kajetan-knapp\/\"\n    class=\"graduate-card bg-light\"\n>\n    <div class=\"border border-light h-100\">\n        <div class=\"image-wrapper\">\n            <picture>\n                        <source\n                media=\"(max-width: 576px)\"\n                srcset=\"https:\/\/cdn3.fh-joanneum.at\/media\/sites\/11\/2022\/02\/kajetan-knapp-bsc-2.jpg, https:\/\/cdn3.fh-joanneum.at\/media\/sites\/11\/2022\/02\/kajetan-knapp-bsc-2-768x536.jpg 2x\"\n            \/>\n                    <source\n                media=\"(max-width: 768px)\"\n                srcset=\"https:\/\/cdn3.fh-joanneum.at\/media\/sites\/11\/2022\/02\/kajetan-knapp-bsc-2-768x536.jpg, https:\/\/cdn3.fh-joanneum.at\/media\/sites\/11\/2022\/02\/kajetan-knapp-bsc-2-1024x715.jpg 2x\"\n            \/>\n                    <source\n                media=\"(max-width: 1024px)\"\n                srcset=\"https:\/\/cdn3.fh-joanneum.at\/media\/sites\/11\/2022\/02\/kajetan-knapp-bsc-2-1024x715.jpg, https:\/\/cdn3.fh-joanneum.at\/media\/sites\/11\/2022\/02\/kajetan-knapp-bsc-2-1536x1073.jpg 2x\"\n            \/>\n                    <source\n                media=\"(max-width: 1536px)\"\n                srcset=\"https:\/\/cdn3.fh-joanneum.at\/media\/sites\/11\/2022\/02\/kajetan-knapp-bsc-2-1536x1073.jpg, https:\/\/cdn3.fh-joanneum.at\/media\/sites\/11\/2022\/02\/kajetan-knapp-bsc-2.jpg 2x\"\n            \/>\n                    <source\n                media=\"(max-width: 2000px)\"\n                srcset=\"https:\/\/cdn3.fh-joanneum.at\/media\/sites\/11\/2022\/02\/kajetan-knapp-bsc-2.jpg, https:\/\/cdn3.fh-joanneum.at\/media\/sites\/11\/2022\/02\/kajetan-knapp-bsc-2.jpg 2x\"\n            \/>\n                <img decoding=\"async\"\n        class=\"img-fluid\"\n        src=\"https:\/\/cdn3.fh-joanneum.at\/media\/sites\/11\/2022\/02\/kajetan-knapp-bsc-2.jpg\"\n        alt=\"Kajetan Knapp, BSc\"\n        title=\"\"\n         loading=\"lazy\"             >\n<\/picture>\n\n        <\/div>\n        <div class=\"p-2 p-xl-3\">\n            <h6>Kajetan Knapp, BSc<\/h6>\n            <p class=\"mb-0 hyphens\">\n                Kajetan Knapp startete direkt vom Berufspraktikum in den Job und gr\u00fcndete gemeinsam mit einem ehemaligen Studienkollegen beim Einstieg in das Unternehmen XAL GmbH die neue Abteilung Embedded Software Engineering.\n            <\/p>\n        <\/div>\n    <\/div>\n<\/a>\n          <\/div>\n                  <\/div>\n  <\/div>\n<\/div>\n\n<div id=\"\" class=\"wp-block-text-content margin-bottom-none\">\n    <div class=\"container-lg\">\n        <div class=\"row\">\n            <div class=\"col\">\n                <div class=\"module-migration-headline\">\n<h3>Alumni Institut Electronic Engineering (Alumni IEE)<\/h3>\n<\/div>\n\n            <\/div>\n        <\/div>\n            <\/div>\n<\/div>\n\n<div id=\"\" class=\"wp-block-links-block margin-bottom-normal\">\n    <div class=\"container-lg\">\n        <div class=\"row\">\n            <div class=\"col-12\">\n                <div>\n                    <h4><\/h4>\n                    \n                <\/div>\n            <\/div>\n                            <div class=\"col-12\">\n                    <div class=\" border-bottom  border-top py-3\">\n                                                    <a href=\"https:\/\/www.facebook.com\/alumniiee\/\" target=\"_blank\" class=\"link arrow-link large-arrow major-text-color-hover text-decoration-none\" data-analytics=\"\" rel=\"noopener noreferrer\">\n                                <div class=\"link-content w-100\">\n                                    <div class=\"d-flex align-items-center\">\n                                        <h5 class=\"w-100  mb-0 me-2 \">\n                                            Almuni IEE auf Facebook<\/h5>\n                                        <svg width=\"9\" height=\"15\" viewbox=\"0 0 9 15\" fill=\"none\" xmlns=\"http:\/\/www.w3.org\/2000\/svg\">\n    <path id=\"chevron_right\" d=\"M1.5 1.5L7.5 7.5L1.5 13.5\" stroke=\"\" stroke-width=\"1.5\" stroke-linecap=\"round\"><\/path>\n<\/svg>                                    <\/div>\n                                    \n                                <\/div>\n                            <\/a>\n                                            <\/div>\n                <\/div>\n                    <\/div>\n    <\/div>\n<\/div>\n\n","protected":false},"excerpt":{"rendered":"<p>Wollen Sie mehr \u00fcber die Berufs- und Karrierewege unserer Absolventinnen und Absolventen erfahren? Wir haben einige unserer ehemaligen Studierenden portraitiert, damit Sie sich selbst ein Bild machen k\u00f6nnen.<\/p>\n","protected":false},"author":12,"featured_media":0,"parent":10000264,"menu_order":71,"comment_status":"closed","ping_status":"closed","template":"","meta":{"_acf_changed":false,"footnotes":""},"acf":[],"aioseo_notices":[],"_links":{"self":[{"href":"https:\/\/www.fh-joanneum.at\/elektronik-und-computer-engineering\/bachelor\/wp-json\/wp\/v2\/pages\/10000268"}],"collection":[{"href":"https:\/\/www.fh-joanneum.at\/elektronik-und-computer-engineering\/bachelor\/wp-json\/wp\/v2\/pages"}],"about":[{"href":"https:\/\/www.fh-joanneum.at\/elektronik-und-computer-engineering\/bachelor\/wp-json\/wp\/v2\/types\/page"}],"author":[{"embeddable":true,"href":"https:\/\/www.fh-joanneum.at\/elektronik-und-computer-engineering\/bachelor\/wp-json\/wp\/v2\/users\/12"}],"replies":[{"embeddable":true,"href":"https:\/\/www.fh-joanneum.at\/elektronik-und-computer-engineering\/bachelor\/wp-json\/wp\/v2\/comments?post=10000268"}],"version-history":[{"count":0,"href":"https:\/\/www.fh-joanneum.at\/elektronik-und-computer-engineering\/bachelor\/wp-json\/wp\/v2\/pages\/10000268\/revisions"}],"up":[{"embeddable":true,"href":"https:\/\/www.fh-joanneum.at\/elektronik-und-computer-engineering\/bachelor\/wp-json\/wp\/v2\/pages\/10000264"}],"wp:attachment":[{"href":"https:\/\/www.fh-joanneum.at\/elektronik-und-computer-engineering\/bachelor\/wp-json\/wp\/v2\/media?parent=10000268"}],"curies":[{"name":"wp","href":"https:\/\/api.w.org\/{rel}","templated":true}]}}