{"id":10000280,"date":"2015-08-10T14:29:31","date_gmt":"2015-08-10T12:29:31","guid":{"rendered":"https:\/\/www.fh-joanneum.at\/elektronik-und-computer-engineering\/bachelor\/?page_id=280"},"modified":"2025-12-04T14:12:45","modified_gmt":"2025-12-04T13:12:45","slug":"auslandssemester","status":"publish","type":"page","link":"https:\/\/www.fh-joanneum.at\/elektronik-und-computer-engineering\/bachelor\/im-studium\/auslandssemester\/","title":{"rendered":"Auslandssemester"},"content":{"rendered":"<div id=\"\" class=\"wp-block-text-content margin-bottom-none\">\n    <div class=\"container-lg\">\n        <div class=\"row\">\n            <div class=\"col\">\n                <div class=\"module-migration-headline\">\n<h3>Auslandssemester w&auml;hrend des Studiums<\/h3>\n<\/div>\n\n            <\/div>\n        <\/div>\n            <\/div>\n<\/div>\n\n\n<div id=\"\" class=\"wp-block-text-content margin-bottom-normal\">\n    <div class=\"container-lg\">\n        <div class=\"row\">\n            <div class=\"col\">\n                <p>Ein Auslandsaufenthalt geh&ouml;rt heute zu einer zukunftssicheren technischen Ausbildung dazu. Gerade im Bereich Elektronik und Computer Engineering ist internationale Zusammenarbeit selbstverst&auml;ndlich: globale Unternehmen, weltweite Innovationsnetzwerke und interkulturelle Teams pr&auml;gen das sp&auml;tere Berufsleben. Deshalb bieten wir Ihnen zahlreiche M&ouml;glichkeiten, Ihr Studium international auszurichten &ndash; praxisnah, gut begleitet und flexibel planbar.<\/p>\n<h4><strong>Erste internationale Erfahrungen: BIPs im 4. und 5. Semester<\/strong><\/h4>\n<p>Wenn Sie schon fr&uuml;h internationale Luft schnuppern m&ouml;chten, k&ouml;nnen Sie im vierten oder f&uuml;nften Semester an Erasmus+-gef&ouml;rderten Blended Intensive Programs (BIPs) teilnehmen.<\/p>\n<p>Sie bereiten sich bei uns auf eine Lehrveranstaltung vor und absolvieren anschlie&szlig;end innerhalb von ein bis zwei Wochen die vertiefenden Inhalte samt Pr&uuml;fung an einer Partnerhochschule im Ausland.<br>\nSo sammeln Sie erste Auslandserfahrung, ohne den roten Faden im Studium zu verlieren &ndash; ideal, um sich auf gr&ouml;&szlig;ere internationale Schritte vorzubereiten.<\/p>\n<h4><strong>Warum ein Auslandssemester Sie weiterbringt<\/strong><\/h4>\n<p>Ein Auslandsaufenthalt st&auml;rkt Ihre fachlichen F&auml;higkeiten, Ihre Pers&ouml;nlichkeit und Ihre internationale Handlungskompetenz. Sie lernen neue Arbeitsweisen kennen, erweitern Ihren Horizont und schaffen sich einen klaren Vorteil auf einem globalen Arbeitsmarkt. International. Praxisnah. Zukunftssicher.<\/p>\n\n            <\/div>\n        <\/div>\n            <\/div>\n<\/div>\n\n\n<div\n    id=\"\"\n    class=\"wp-block-tipp-box margin-bottom-normal\"\n>\n    <div class=\"container-lg\">\n        <div class=\"row\">\n            <div class=\"col\">\n                <div class=\"tipp-box border border-warning\">\n                    <div class=\"tipp-box-inner p-2 p-md-3\">\n                        <h4 class=\"\">Tipp<\/h4>\n                        <p>Im f\u00fcnften Semester werden alle Lehrveranstaltungen vollst\u00e4ndig auf Englisch unterrichtet, sodass Sie Fachenglisch direkt im Studienverlauf erlernen k\u00f6nnen.<\/p>\n\n                    <\/div>\n                <\/div>\n            <\/div>\n        <\/div>\n    <\/div>\n<\/div>\n\n\n<div id=\"\" class=\"wp-block-text-content margin-bottom-none\">\n    <div class=\"container-lg\">\n        <div class=\"row\">\n            <div class=\"col\">\n                <div class=\"module-migration-headline\">\n<h4>Ablauf des Auslandssemesters<\/h4>\n<\/div>\n\n            <\/div>\n        <\/div>\n            <\/div>\n<\/div>\n\n\n<div id=\"\" class=\"wp-block-text-content margin-bottom-normal\">\n    <div class=\"container-lg\">\n        <div class=\"row\">\n            <div class=\"col\">\n                <p>Das Auslandssemester kann im f&uuml;nften Semester absolviert werden. Der Lehrplan wurde sorgf&auml;ltig darauf abgestimmt. In Europa kann daf&uuml;r eine Erasmus+ F&ouml;rderung, die zur Deckung der erh&ouml;hten Lebenshaltungskosten dient, beantragt werden. F&uuml;r Aufenthalte au&szlig;erhalb Europas k&ouml;nnen Sie sich f&uuml;r diverse andere Unterst&uuml;tzungen bewerben, wobei wir Ihnen gerne behilflich sind. <\/p>\n\n            <\/div>\n        <\/div>\n            <\/div>\n<\/div>\n\n\n<div id=\"\" class=\"wp-block-text-content margin-bottom-none\">\n    <div class=\"container-lg\">\n        <div class=\"row\">\n            <div class=\"col\">\n                <div class=\"module-migration-headline\">\n<h4>Partnerhochschulen<\/h4>\n<\/div>\n\n            <\/div>\n        <\/div>\n            <\/div>\n<\/div>\n\n\n<div id=\"\" class=\"wp-block-text-content margin-bottom-normal\">\n    <div class=\"container-lg\">\n        <div class=\"row\">\n            <div class=\"col\">\n                <p>Durch zahlreiche Projekte, Kooperationen und pers&ouml;nliche Kontakte des Studiengangs konnten erfolgreich hochkar&auml;tige Partnerhochschulen als Lehr- und Projektpartner gewonnen werden. Die internationale Zusammenarbeit in innovativen Projekten flie&szlig;t nicht nur in Form von technischen Erkenntnissen in die Lehre ein, sondern bietet Studierenden die M&ouml;glichkeit, an den Projekten mitzuwirken. Wir sind laufend darum bem&uuml;ht, unser Programm mit den Partnerhochschulen zu verbessern, damit Sie von Ihrem Aufenthalt maximal profitieren.<\/p>\n\n            <\/div>\n        <\/div>\n            <\/div>\n<\/div>\n\n\n<div id=\"\" class=\"wp-block-links-block margin-bottom-normal\">\n    <div class=\"container-lg\">\n        <div class=\"row\">\n            <div class=\"col-12\">\n                <div>\n                    <h4><\/h4>\n                    \n                <\/div>\n            <\/div>\n                            <div class=\"col-12\">\n                    <div class=\" border-bottom  border-top py-3\">\n                                                    <a href=\"https:\/\/mobility.fh-joanneum.at\/mobility\/PortalServlet?identifier=GRAZ09&amp;showAll=0&amp;showPartner=0&amp;showAgreements=1&amp;showCooperations=0&amp;showMultiCooperations=0&amp;showQuestions=0&amp;preselectTab=ver_nav_button&amp;studr_id=4998\" target=\"_blank\" class=\"link arrow-link large-arrow major-text-color-hover text-decoration-none\" data-analytics=\"\" rel=\"noopener noreferrer\">\n                                <div class=\"link-content w-100\">\n                                    <div class=\"d-flex align-items-center\">\n                                        <h5 class=\"w-100 \">\n                                            Unsere Partnerhochschulen<\/h5>\n                                        <svg width=\"9\" height=\"15\" viewbox=\"0 0 9 15\" fill=\"none\" xmlns=\"http:\/\/www.w3.org\/2000\/svg\">\n    <path id=\"chevron_right\" d=\"M1.5 1.5L7.5 7.5L1.5 13.5\" stroke=\"\" stroke-width=\"1.5\" stroke-linecap=\"round\"><\/path>\n<\/svg>                                    <\/div>\n                                    <p>W&auml;hlen Sie unter dem Link das aktuelle Studienjahr aus, um einen &Uuml;berblick &uuml;ber die Partnerhochschulen zu erhalten.<\/p>\n\n                                <\/div>\n                            <\/a>\n                                            <\/div>\n                <\/div>\n                    <\/div>\n    <\/div>\n<\/div>\n\n\n\n\n<div id=\"\" class=\"wp-block-text-content margin-bottom-none\">\n    <div class=\"container-lg\">\n        <div class=\"row\">\n            <div class=\"col\">\n                <div class=\"module-migration-headline\">\n<h4>Kontakt und Hilfe<\/h4>\n<\/div>\n\n            <\/div>\n        <\/div>\n            <\/div>\n<\/div>\n\n\n<div id=\"\" class=\"wp-block-text-content margin-bottom-normal\">\n    <div class=\"container-lg\">\n        <div class=\"row\">\n            <div class=\"col\">\n                <p>Unsere Koordinatorin f&uuml;r Internationale Angelegenheiten hilft gerne bei Fragen bez&uuml;glich des Auslandssemesters.<\/p>\n<p><strong>Ihre Ansprechperson:<\/strong><br>\nMag. Nina Blasonig<br>\nE: <a href=\"mailto:nina.blasonig@fh-joanneum.at\" title=\"E-Mail an Nina Blasonig senden\">nina.blasonig@fh-joanneum.at<\/a><br>\nT: <a href=\"tel:+433862336006326\" title=\"Nina Blasonig anrufen\">+43 3862 33600 6326<\/a><\/p>\n\n            <\/div>\n        <\/div>\n            <\/div>\n<\/div>\n\n\n<div\n    id=\"\"\n    class=\"wp-block-tipp-box margin-bottom-normal\"\n>\n    <div class=\"container-lg\">\n        <div class=\"row\">\n            <div class=\"col\">\n                <div class=\"tipp-box border border-warning\">\n                    <div class=\"tipp-box-inner p-2 p-md-3\">\n                        <h4 class=\"\">Tipp<\/h4>\n                        <p>Sie k\u00f6nnen sich schon vor Ihrem Auslandsaufenthalt \u00fcber den genauen Ablauf, das Sprachangebot und die Services der FH JOANNEUM informieren. Wichtiges rund um ein Auslandssemester finden Sie <a href=\"https:\/\/fh-joanneum.at\/international\/outgoing-studierende\/\">hier<\/a>. Interessieren Sie sich f\u00fcr ein Praktikum im Ausland finden Sie <a href=\"https:\/\/fh-joanneum.at\/international\/outgoing-praktikum\/\">hier<\/a> alle n\u00f6tigen Informationen.<\/p>\n\n                    <\/div>\n                <\/div>\n            <\/div>\n        <\/div>\n    <\/div>\n<\/div>\n\n\n<div id=\"\" class=\"wp-block-text-content margin-bottom-none\">\n    <div class=\"container-lg\">\n        <div class=\"row\">\n            <div class=\"col\">\n                <div class=\"module-migration-headline\">\n<h3>Studierende erz&auml;hlen &uuml;ber ihr Auslandssemester <\/h3>\n<\/div>\n\n            <\/div>\n        <\/div>\n            <\/div>\n<\/div>\n\n\n<div id=\"\" class=\"wp-block-list-of-graduates margin-bottom-normal\">\n  <div class=\"container-lg\">\n    <div class=\"row\">\n                        <div class=\"col-6 col-sm-4 col-md-6 col-lg-4 col-xl-4 mb-4\">\n            <a\n    href=\"https:\/\/www.fh-joanneum.at\/elektronik-und-computer-engineering\/bachelor\/im-studium\/auslandssemester\/stefan-teschl\/\"\n    class=\"graduate-card bg-light\"\n>\n    <div class=\"border border-light h-100\">\n        <div class=\"image-wrapper\">\n            <picture>\n                        <source\n                media=\"(max-width: 300px)\"\n                srcset=\"https:\/\/cdn3.fh-joanneum.at\/media\/sites\/11\/2018\/10\/stefan-teschl-8.jpg, https:\/\/cdn3.fh-joanneum.at\/media\/sites\/11\/2018\/10\/stefan-teschl-8.jpg 2x\"\n            \/>\n                    <source\n                media=\"(max-width: 300px)\"\n                srcset=\"https:\/\/cdn3.fh-joanneum.at\/media\/sites\/11\/2018\/10\/stefan-teschl-8.jpg, https:\/\/cdn3.fh-joanneum.at\/media\/sites\/11\/2018\/10\/stefan-teschl-8.jpg 2x\"\n            \/>\n                    <source\n                media=\"(max-width: 300px)\"\n                srcset=\"https:\/\/cdn3.fh-joanneum.at\/media\/sites\/11\/2018\/10\/stefan-teschl-8.jpg, https:\/\/cdn3.fh-joanneum.at\/media\/sites\/11\/2018\/10\/stefan-teschl-8.jpg 2x\"\n            \/>\n                    <source\n                media=\"(max-width: 300px)\"\n                srcset=\"https:\/\/cdn3.fh-joanneum.at\/media\/sites\/11\/2018\/10\/stefan-teschl-8.jpg, https:\/\/cdn3.fh-joanneum.at\/media\/sites\/11\/2018\/10\/stefan-teschl-8.jpg 2x\"\n            \/>\n                    <source\n                media=\"(max-width: 300px)\"\n                srcset=\"https:\/\/cdn3.fh-joanneum.at\/media\/sites\/11\/2018\/10\/stefan-teschl-8.jpg, https:\/\/cdn3.fh-joanneum.at\/media\/sites\/11\/2018\/10\/stefan-teschl-8.jpg 2x\"\n            \/>\n                <img decoding=\"async\"\n        class=\"img-fluid\"\n        src=\"https:\/\/cdn3.fh-joanneum.at\/media\/sites\/11\/2018\/10\/stefan-teschl-8.jpg\"\n        alt=\"Stefan Teschl 7\"\n        title=\"\"\n         loading=\"lazy\"             >\n<\/picture>\n\n        <\/div>\n        <div class=\"p-2 p-xl-3\">\n            <h6>Stefan Teschl<\/h6>\n            <p class=\"mb-0 hyphens\">\n                Mein Auslandssemster an der Grand Valley State University, Michigan\n            <\/p>\n        <\/div>\n    <\/div>\n<\/a>\n          <\/div>\n                  <div class=\"col-6 col-sm-4 col-md-6 col-lg-4 col-xl-4 mb-4\">\n            <a\n    href=\"https:\/\/www.fh-joanneum.at\/elektronik-und-computer-engineering\/bachelor\/im-studium\/auslandssemester\/andreas-reinbacher\/\"\n    class=\"graduate-card bg-light\"\n>\n    <div class=\"border border-light h-100\">\n        <div class=\"image-wrapper\">\n            <picture>\n                        <source\n                media=\"(max-width: 461px)\"\n                srcset=\"https:\/\/cdn3.fh-joanneum.at\/media\/sites\/11\/2018\/05\/andreas-reinbacher-7.jpg, https:\/\/cdn3.fh-joanneum.at\/media\/sites\/11\/2018\/05\/andreas-reinbacher-7-768x960.jpg 2x\"\n            \/>\n                    <source\n                media=\"(max-width: 768px)\"\n                srcset=\"https:\/\/cdn3.fh-joanneum.at\/media\/sites\/11\/2018\/05\/andreas-reinbacher-7-768x960.jpg, https:\/\/cdn3.fh-joanneum.at\/media\/sites\/11\/2018\/05\/andreas-reinbacher-7-819x1024.jpg 2x\"\n            \/>\n                    <source\n                media=\"(max-width: 819px)\"\n                srcset=\"https:\/\/cdn3.fh-joanneum.at\/media\/sites\/11\/2018\/05\/andreas-reinbacher-7-819x1024.jpg, https:\/\/cdn3.fh-joanneum.at\/media\/sites\/11\/2018\/05\/andreas-reinbacher-7.jpg 2x\"\n            \/>\n                    <source\n                media=\"(max-width: 1155px)\"\n                srcset=\"https:\/\/cdn3.fh-joanneum.at\/media\/sites\/11\/2018\/05\/andreas-reinbacher-7.jpg, https:\/\/cdn3.fh-joanneum.at\/media\/sites\/11\/2018\/05\/andreas-reinbacher-7.jpg 2x\"\n            \/>\n                    <source\n                media=\"(max-width: 1155px)\"\n                srcset=\"https:\/\/cdn3.fh-joanneum.at\/media\/sites\/11\/2018\/05\/andreas-reinbacher-7.jpg, https:\/\/cdn3.fh-joanneum.at\/media\/sites\/11\/2018\/05\/andreas-reinbacher-7.jpg 2x\"\n            \/>\n                <img decoding=\"async\"\n        class=\"img-fluid\"\n        src=\"https:\/\/cdn3.fh-joanneum.at\/media\/sites\/11\/2018\/05\/andreas-reinbacher-7.jpg\"\n        alt=\"Andreas Reinbacher\"\n        title=\"\"\n         loading=\"lazy\"             >\n<\/picture>\n\n        <\/div>\n        <div class=\"p-2 p-xl-3\">\n            <h6>Andreas Reinbacher<\/h6>\n            <p class=\"mb-0 hyphens\">\n                Mein Auslandssemster am Campus Quer\u00e9taro der Mexiko Tec de Monterrey.\n            <\/p>\n        <\/div>\n    <\/div>\n<\/a>\n          <\/div>\n                  <div class=\"col-6 col-sm-4 col-md-6 col-lg-4 col-xl-4 mb-4\">\n            <a\n    href=\"https:\/\/www.fh-joanneum.at\/elektronik-und-computer-engineering\/bachelor\/im-studium\/auslandssemester\/domink-wagner\/\"\n    class=\"graduate-card bg-light\"\n>\n    <div class=\"border border-light h-100\">\n        <div class=\"image-wrapper\">\n            <picture>\n                        <source\n                media=\"(max-width: 400px)\"\n                srcset=\"https:\/\/cdn3.fh-joanneum.at\/media\/sites\/11\/2015\/08\/auslandssemester-2.jpg, https:\/\/cdn3.fh-joanneum.at\/media\/sites\/11\/2015\/08\/auslandssemester-2.jpg 2x\"\n            \/>\n                    <source\n                media=\"(max-width: 400px)\"\n                srcset=\"https:\/\/cdn3.fh-joanneum.at\/media\/sites\/11\/2015\/08\/auslandssemester-2.jpg, https:\/\/cdn3.fh-joanneum.at\/media\/sites\/11\/2015\/08\/auslandssemester-2.jpg 2x\"\n            \/>\n                    <source\n                media=\"(max-width: 400px)\"\n                srcset=\"https:\/\/cdn3.fh-joanneum.at\/media\/sites\/11\/2015\/08\/auslandssemester-2.jpg, https:\/\/cdn3.fh-joanneum.at\/media\/sites\/11\/2015\/08\/auslandssemester-2.jpg 2x\"\n            \/>\n                    <source\n                media=\"(max-width: 400px)\"\n                srcset=\"https:\/\/cdn3.fh-joanneum.at\/media\/sites\/11\/2015\/08\/auslandssemester-2.jpg, https:\/\/cdn3.fh-joanneum.at\/media\/sites\/11\/2015\/08\/auslandssemester-2.jpg 2x\"\n            \/>\n                    <source\n                media=\"(max-width: 400px)\"\n                srcset=\"https:\/\/cdn3.fh-joanneum.at\/media\/sites\/11\/2015\/08\/auslandssemester-2.jpg, https:\/\/cdn3.fh-joanneum.at\/media\/sites\/11\/2015\/08\/auslandssemester-2.jpg 2x\"\n            \/>\n                <img decoding=\"async\"\n        class=\"img-fluid\"\n        src=\"https:\/\/cdn3.fh-joanneum.at\/media\/sites\/11\/2015\/08\/auslandssemester-2.jpg\"\n        alt=\"Auslandssemester\"\n        title=\"\"\n         loading=\"lazy\"             >\n<\/picture>\n\n        <\/div>\n        <div class=\"p-2 p-xl-3\">\n            <h6>Dominik Wagner<\/h6>\n            <p class=\"mb-0 hyphens\">\n                Mein Auslandssemester an der FHNW Fachhochschule Nordwestschweiz.\n            <\/p>\n        <\/div>\n    <\/div>\n<\/a>\n          <\/div>\n                  <\/div>\n  <\/div>\n<\/div>\n","protected":false},"excerpt":{"rendered":"<p>Im Auslandssemester an einer unserer Partnerhochschulen weltweit sammeln Sie interkulturelle Erfahrungen und erweitern Ihren fachlichen Horizont. Mehr Informationen \u00fcber die Voraussetzungen und den Ablauf finden Sie hier.<\/p>\n","protected":false},"author":12,"featured_media":0,"parent":10000270,"menu_order":59,"comment_status":"closed","ping_status":"closed","template":"","meta":{"_acf_changed":false,"footnotes":""},"acf":[],"aioseo_notices":[],"_links":{"self":[{"href":"https:\/\/www.fh-joanneum.at\/elektronik-und-computer-engineering\/bachelor\/wp-json\/wp\/v2\/pages\/10000280"}],"collection":[{"href":"https:\/\/www.fh-joanneum.at\/elektronik-und-computer-engineering\/bachelor\/wp-json\/wp\/v2\/pages"}],"about":[{"href":"https:\/\/www.fh-joanneum.at\/elektronik-und-computer-engineering\/bachelor\/wp-json\/wp\/v2\/types\/page"}],"author":[{"embeddable":true,"href":"https:\/\/www.fh-joanneum.at\/elektronik-und-computer-engineering\/bachelor\/wp-json\/wp\/v2\/users\/12"}],"replies":[{"embeddable":true,"href":"https:\/\/www.fh-joanneum.at\/elektronik-und-computer-engineering\/bachelor\/wp-json\/wp\/v2\/comments?post=10000280"}],"version-history":[{"count":4,"href":"https:\/\/www.fh-joanneum.at\/elektronik-und-computer-engineering\/bachelor\/wp-json\/wp\/v2\/pages\/10000280\/revisions"}],"predecessor-version":[{"id":10001127,"href":"https:\/\/www.fh-joanneum.at\/elektronik-und-computer-engineering\/bachelor\/wp-json\/wp\/v2\/pages\/10000280\/revisions\/10001127"}],"up":[{"embeddable":true,"href":"https:\/\/www.fh-joanneum.at\/elektronik-und-computer-engineering\/bachelor\/wp-json\/wp\/v2\/pages\/10000270"}],"wp:attachment":[{"href":"https:\/\/www.fh-joanneum.at\/elektronik-und-computer-engineering\/bachelor\/wp-json\/wp\/v2\/media?parent=10000280"}],"curies":[{"name":"wp","href":"https:\/\/api.w.org\/{rel}","templated":true}]}}