{"id":10000516,"date":"2017-04-07T12:36:10","date_gmt":"2017-04-07T10:36:10","guid":{"rendered":"https:\/\/www.fh-joanneum.at\/elektronik-und-computer-engineering\/bachelor\/?page_id=516"},"modified":"2020-03-26T13:09:50","modified_gmt":"2020-03-26T11:09:50","slug":"simon-schober","status":"publish","type":"page","link":"https:\/\/www.fh-joanneum.at\/elektronik-und-computer-engineering\/bachelor\/nach-dem-studium\/absolventinnen-absolventen\/simon-schober\/","title":{"rendered":"Simon Schober, BSc"},"content":{"rendered":"<div id=\"\" class=\"wp-block-text-content margin-bottom-normal\">\n    <div class=\"container-lg\">\n        <div class=\"row\">\n            <div class=\"col\">\n                <h4>Eckdaten<\/h4>\n<p><strong>Jobbezeichnung:<\/strong> Electronic Engineer <br>\n<strong>Unternehmen:<\/strong> <a href=\"http:\/\/www.logicdata.net\/\" target=\"_blank\" rel=\"noopener noreferrer\">LOGICDATA Electronic &amp; Software Entwicklungs GmbH<\/a>  <br>\n<strong>Ich arbeite in:<\/strong> Deutschlandsberg, &Ouml;sterreich <br>\n<strong>Ich arbeite hier seit:<\/strong> 2016 <br>\n<strong>Mein Kontakt:<\/strong> <a href=\"mailto:simon.schober@logicdata.net\">simon.schober@logicdata.net<\/a> <br>\n<strong>Ich im Web:<\/strong> <br>\n<a href=\"https:\/\/www.linkedin.com\/in\/simon-schober-026222102\/\" target=\"_blank\" rel=\"noopener noreferrer\">LinkedIn<\/a>    <br>\n<a href=\"https:\/\/www.xing.com\/profile\/Simon_Schober4\/cv\" target=\"_blank\" rel=\"noopener noreferrer\">XING<\/a>     <\/p>\n<h4>Was ich mache<\/h4>\n<p>Ich entwickle elektronische Schaltungen im Bereich Leistungselektronik und Stromversorgung bis zur Serienreife. Zudem besch&auml;ftige ich mich mit Hardwaredesign und plane DVPs (Design Verification Process) und FPAs (Fail Proof Assessment) und f&uuml;hre diese auch durch. <\/p>\n<h4>Warum ich meinen Beruf liebe<\/h4>\n<p>An meinem Job sch&auml;tze ich das famili&auml;re Umfeld, die Mischung aus selbstst&auml;ndigem Arbeiten und Teamarbeit sowie die Firmenf&uuml;hrung, der das Wohl der Mitarbeiterinnen und Mitarbeiter wirklich am Herzen liegt. Wird ein Produkt entwickelt, bin ich vom ersten Konzept bis zur Serienproduktion beteiligt, was mir sehr gef&auml;llt. <\/p>\n<h4>Wichtige F&auml;higkeiten in meinem Job:<\/h4>\n<ul>\n<li>Teamf&auml;higkeit <\/li>\n<li>L&ouml;sungsorientierte Denkweise <\/li>\n<li>Die F&auml;higkeit, das theoretische Wissen praktisch umzusetzen<\/li>\n<\/ul>\n<h4>Der bisher gr&ouml;&szlig;ter Erfolg in meiner Karriere<\/h4>\n<p>Am sch&ouml;nsten ist es, mitzuerleben, wie sich ein Produkt weiterentwickelt, wenn man viel Arbeit und Motivation investiert. Sind die ersten Messungen und Tests einer neuen Hardware auch manchmal nicht zufriedenstellend, ist es am Ende immer sch&ouml;n, zu sehen, wie sie doch gut funktioniert, wenn die L&ouml;sungsans&auml;tze richtig sind. <\/p>\n<h4>So bin ich zu meinem Job gekommen<\/h4>\n<p>Eine Personalvermittlungsfirma (Catro S&uuml;d) hat uns Studierende im vierten Semester per Mail kontaktiert. Auf meine Antwort hin habe ich gleich einen Termin f&uuml;r ein Bewerbungsgespr&auml;ch bekommen. <\/p>\n<h4>Das habe ich im Studium f&uuml;rs Berufsleben gelernt<\/h4>\n<p>Durch die im Studium erlernten Soft Skills konnte ich auf pers&ouml;nlicher Ebene &uuml;berzeugen. W&auml;hrend der praxisnahen Labor&uuml;bungen konnte ich bereits Erfahrungen sammeln, weshalb ich schon in der ersten Arbeitswoche selbstst&auml;ndig Messungen durchf&uuml;hren konnte. Bei den Projektarbeiten wurde eine gute Verbindung zwischen Theorie und Praxis geschaffen, was wichtig in der Hardwareentwicklung ist. Das Wissen aus den Vorlesungen im Bereich Leistungselektronik ist f&uuml;r meine allt&auml;glichen Entwicklungsaufgaben eine wichtige Basis. <\/p>\n<h4>Die Jobchancen in meinem Bereich<\/h4>\n<p>F&uuml;r Neueinsteigerinnen und Neueinsteiger, die bereits einige Erfahrung auf dem Gebiet der praktischen Hardwareentwicklung mitbringen, sind die Berufsaussichten sehr gut. Es ist unbedingt notwendig, Erfahrung an der Umsetzung von theoretischem Wissen in die Praxis zu besitzen. Gerade in der Hardwareentwicklung gibt es einen hohen Bedarf an praxisorientierten Ingenieurinnen und Ingenieuren. <\/p>\n<h4>Ich bin:<\/h4>\n<ul>\n<li>motiviert <\/li>\n<li>zielstrebig <\/li>\n<li>offen <\/li>\n<\/ul>\n<h4>Ich &uuml;ber meinen Job<\/h4>\n<p>In meiner t&auml;glichen Arbeit entwickle ich Hardware im Bereich Leistungselektronik. Ich erstelle das erste Konzept und entwickle die Schaltung. Sobald die ersten Prototypen verf&uuml;gbar sind, beginnt die Testphase. In dieser Zeit arbeite ich auch vermehrt mit anderen Abteilungen zusammen, die sich um die Entwicklung der Software, Geh&auml;use und Produktionstechnik k&uuml;mmern. Zum Schluss meiner Entwicklungsarbeit startet die Serienproduktion. Mein Karriereziel ist, die vertiefende Spezialisierung auf Schaltnetzteil-Entwicklung im Bereich Leistungselektronik. Interessentinnen und Interessenten kann ich mitgeben, dass das Studium eine sehr gute Mischung zwischen Theorie und Praxis bietet, wobei aber auch die im t&auml;glichen (Arbeits-)Leben wichtigen Soft Skills nicht zu kurz kommen. Studierenden kann ich empfehlen, die praktische Umsetzung einer elektronischen Schaltung in den Projekten zu &uuml;ben.<\/p>\n\n            <\/div>\n        <\/div>\n            <\/div>\n<\/div>\n\n<div\n    id=\"\"\n    class=\"wp-block-image-slider margin-bottom-normal\"\n>\n    <div class=\"container-lg\">\n        <div class=\"row\">\n            <div class=\"col-12\">\n                <div class=\"swiper-outer-wrapper\">\n                    <div class=\"image-header\">\n                        <div class=\"swiper-navigation\">\n                            <div class=\"swiper-button-prev-custom\">\n                                <svg xmlns=\"http:\/\/www.w3.org\/2000\/svg\" width=\"9\" height=\"14\" viewBox=\"0 0 9 14\" fill=\"none\">\n  <path d=\"M8 13L2 7L8 1\" stroke=\"\" stroke-width=\"1.5\" stroke-linecap=\"round\"\/>\n<\/svg>                            <\/div>\n                            <div class=\"swiper-button-next-custom\">\n                                <svg xmlns=\"http:\/\/www.w3.org\/2000\/svg\" width=\"9\" height=\"14\" viewBox=\"0 0 9 14\" fill=\"none\">\n  <path d=\"M1 1L7 7L1 13\" stroke=\"\" stroke-width=\"1.5\" stroke-linecap=\"round\"\/>\n<\/svg>                            <\/div>\n                        <\/div>\n                    <\/div>\n                    <div class=\"swiper image-slider-swiper\">\n                        <div class=\"swiper-wrapper\">\n                                                                                                <div class=\"swiper-slide item\">\n                                        <picture>\n                        <source\n                media=\"(max-width: 384px)\"\n                srcset=\"https:\/\/cdn3.fh-joanneum.at\/media\/sites\/11\/2017\/03\/simon-schober-6.jpg, https:\/\/cdn3.fh-joanneum.at\/media\/sites\/11\/2017\/03\/simon-schober-6-768x1152.jpg 2x\"\n            \/>\n                    <source\n                media=\"(max-width: 768px)\"\n                srcset=\"https:\/\/cdn3.fh-joanneum.at\/media\/sites\/11\/2017\/03\/simon-schober-6-768x1152.jpg, https:\/\/cdn3.fh-joanneum.at\/media\/sites\/11\/2017\/03\/simon-schober-6-683x1024.jpg 2x\"\n            \/>\n                    <source\n                media=\"(max-width: 683px)\"\n                srcset=\"https:\/\/cdn3.fh-joanneum.at\/media\/sites\/11\/2017\/03\/simon-schober-6-683x1024.jpg, https:\/\/cdn3.fh-joanneum.at\/media\/sites\/11\/2017\/03\/simon-schober-6.jpg 2x\"\n            \/>\n                    <source\n                media=\"(max-width: 1024px)\"\n                srcset=\"https:\/\/cdn3.fh-joanneum.at\/media\/sites\/11\/2017\/03\/simon-schober-6.jpg, https:\/\/cdn3.fh-joanneum.at\/media\/sites\/11\/2017\/03\/simon-schober-6.jpg 2x\"\n            \/>\n                    <source\n                media=\"(max-width: 1365px)\"\n                srcset=\"https:\/\/cdn3.fh-joanneum.at\/media\/sites\/11\/2017\/03\/simon-schober-6.jpg, https:\/\/cdn3.fh-joanneum.at\/media\/sites\/11\/2017\/03\/simon-schober-6.jpg 2x\"\n            \/>\n                <img decoding=\"async\"\n        class=\"img-fluid\"\n        src=\"https:\/\/cdn3.fh-joanneum.at\/media\/sites\/11\/2017\/03\/simon-schober-6.jpg\"\n        alt=\"Simon Schober 5\"\n        title=\"\"\n         loading=\"lazy\"             >\n<\/picture>\n\n                                                                            <\/div>\n                                                                    <div class=\"swiper-slide item\">\n                                        <picture>\n                        <source\n                media=\"(max-width: 576px)\"\n                srcset=\"https:\/\/cdn3.fh-joanneum.at\/media\/sites\/11\/2017\/03\/simon-schober-5.jpg, https:\/\/cdn3.fh-joanneum.at\/media\/sites\/11\/2017\/03\/simon-schober-5-768x512.jpg 2x\"\n            \/>\n                    <source\n                media=\"(max-width: 768px)\"\n                srcset=\"https:\/\/cdn3.fh-joanneum.at\/media\/sites\/11\/2017\/03\/simon-schober-5-768x512.jpg, https:\/\/cdn3.fh-joanneum.at\/media\/sites\/11\/2017\/03\/simon-schober-5-1024x683.jpg 2x\"\n            \/>\n                    <source\n                media=\"(max-width: 1024px)\"\n                srcset=\"https:\/\/cdn3.fh-joanneum.at\/media\/sites\/11\/2017\/03\/simon-schober-5-1024x683.jpg, https:\/\/cdn3.fh-joanneum.at\/media\/sites\/11\/2017\/03\/simon-schober-5.jpg 2x\"\n            \/>\n                    <source\n                media=\"(max-width: 1536px)\"\n                srcset=\"https:\/\/cdn3.fh-joanneum.at\/media\/sites\/11\/2017\/03\/simon-schober-5.jpg, https:\/\/cdn3.fh-joanneum.at\/media\/sites\/11\/2017\/03\/simon-schober-5.jpg 2x\"\n            \/>\n                    <source\n                media=\"(max-width: 2048px)\"\n                srcset=\"https:\/\/cdn3.fh-joanneum.at\/media\/sites\/11\/2017\/03\/simon-schober-5.jpg, https:\/\/cdn3.fh-joanneum.at\/media\/sites\/11\/2017\/03\/simon-schober-5.jpg 2x\"\n            \/>\n                <img decoding=\"async\"\n        class=\"img-fluid\"\n        src=\"https:\/\/cdn3.fh-joanneum.at\/media\/sites\/11\/2017\/03\/simon-schober-5.jpg\"\n        alt=\"Simon Schober 4\"\n        title=\"\"\n         loading=\"lazy\"             >\n<\/picture>\n\n                                                                            <\/div>\n                                                                    <div class=\"swiper-slide item\">\n                                        <picture>\n                        <source\n                media=\"(max-width: 576px)\"\n                srcset=\"https:\/\/cdn3.fh-joanneum.at\/media\/sites\/11\/2017\/03\/simon-schober-4.jpg, https:\/\/cdn3.fh-joanneum.at\/media\/sites\/11\/2017\/03\/simon-schober-4-768x512.jpg 2x\"\n            \/>\n                    <source\n                media=\"(max-width: 768px)\"\n                srcset=\"https:\/\/cdn3.fh-joanneum.at\/media\/sites\/11\/2017\/03\/simon-schober-4-768x512.jpg, https:\/\/cdn3.fh-joanneum.at\/media\/sites\/11\/2017\/03\/simon-schober-4-1024x683.jpg 2x\"\n            \/>\n                    <source\n                media=\"(max-width: 1024px)\"\n                srcset=\"https:\/\/cdn3.fh-joanneum.at\/media\/sites\/11\/2017\/03\/simon-schober-4-1024x683.jpg, https:\/\/cdn3.fh-joanneum.at\/media\/sites\/11\/2017\/03\/simon-schober-4.jpg 2x\"\n            \/>\n                    <source\n                media=\"(max-width: 1536px)\"\n                srcset=\"https:\/\/cdn3.fh-joanneum.at\/media\/sites\/11\/2017\/03\/simon-schober-4.jpg, https:\/\/cdn3.fh-joanneum.at\/media\/sites\/11\/2017\/03\/simon-schober-4.jpg 2x\"\n            \/>\n                    <source\n                media=\"(max-width: 2048px)\"\n                srcset=\"https:\/\/cdn3.fh-joanneum.at\/media\/sites\/11\/2017\/03\/simon-schober-4.jpg, https:\/\/cdn3.fh-joanneum.at\/media\/sites\/11\/2017\/03\/simon-schober-4.jpg 2x\"\n            \/>\n                <img decoding=\"async\"\n        class=\"img-fluid\"\n        src=\"https:\/\/cdn3.fh-joanneum.at\/media\/sites\/11\/2017\/03\/simon-schober-4.jpg\"\n        alt=\"Simon Schober 3\"\n        title=\"\"\n         loading=\"lazy\"             >\n<\/picture>\n\n                                                                            <\/div>\n                                                                    <div class=\"swiper-slide item\">\n                                        <picture>\n                        <source\n                media=\"(max-width: 576px)\"\n                srcset=\"https:\/\/cdn3.fh-joanneum.at\/media\/sites\/11\/2017\/03\/simon-schober-2.jpg, https:\/\/cdn3.fh-joanneum.at\/media\/sites\/11\/2017\/03\/simon-schober-2-768x512.jpg 2x\"\n            \/>\n                    <source\n                media=\"(max-width: 768px)\"\n                srcset=\"https:\/\/cdn3.fh-joanneum.at\/media\/sites\/11\/2017\/03\/simon-schober-2-768x512.jpg, https:\/\/cdn3.fh-joanneum.at\/media\/sites\/11\/2017\/03\/simon-schober-2-1024x683.jpg 2x\"\n            \/>\n                    <source\n                media=\"(max-width: 1024px)\"\n                srcset=\"https:\/\/cdn3.fh-joanneum.at\/media\/sites\/11\/2017\/03\/simon-schober-2-1024x683.jpg, https:\/\/cdn3.fh-joanneum.at\/media\/sites\/11\/2017\/03\/simon-schober-2.jpg 2x\"\n            \/>\n                    <source\n                media=\"(max-width: 1536px)\"\n                srcset=\"https:\/\/cdn3.fh-joanneum.at\/media\/sites\/11\/2017\/03\/simon-schober-2.jpg, https:\/\/cdn3.fh-joanneum.at\/media\/sites\/11\/2017\/03\/simon-schober-2.jpg 2x\"\n            \/>\n                    <source\n                media=\"(max-width: 2048px)\"\n                srcset=\"https:\/\/cdn3.fh-joanneum.at\/media\/sites\/11\/2017\/03\/simon-schober-2.jpg, https:\/\/cdn3.fh-joanneum.at\/media\/sites\/11\/2017\/03\/simon-schober-2.jpg 2x\"\n            \/>\n                <img decoding=\"async\"\n        class=\"img-fluid\"\n        src=\"https:\/\/cdn3.fh-joanneum.at\/media\/sites\/11\/2017\/03\/simon-schober-2.jpg\"\n        alt=\"Simon Schober 1\"\n        title=\"\"\n         loading=\"lazy\"             >\n<\/picture>\n\n                                                                            <\/div>\n                                                                                    <\/div>\n                    <\/div>\n\n                    <div class=\"swiper-navigation-pagination\">\n                        <div class=\"swiper-button-prev-custom\">\n                            <svg xmlns=\"http:\/\/www.w3.org\/2000\/svg\" width=\"9\" height=\"14\" viewBox=\"0 0 9 14\" fill=\"none\">\n  <path d=\"M8 13L2 7L8 1\" stroke=\"\" stroke-width=\"1.5\" stroke-linecap=\"round\"\/>\n<\/svg>                        <\/div>\n                        <div class=\"swiper-pagination\"><\/div>\n                        <div class=\"swiper-button-next-custom\">\n                            <svg xmlns=\"http:\/\/www.w3.org\/2000\/svg\" width=\"9\" height=\"14\" viewBox=\"0 0 9 14\" fill=\"none\">\n  <path d=\"M1 1L7 7L1 13\" stroke=\"\" stroke-width=\"1.5\" stroke-linecap=\"round\"\/>\n<\/svg>                        <\/div>\n                    <\/div>\n                <\/div>\n            <\/div>\n        <\/div>\n    <\/div>\n<\/div>\n\n","protected":false},"excerpt":{"rendered":"<p>Simon Schober sch\u00e4tzt in seinem Job als Electronic Engineer bei LOGICDATA Electronic &amp; Software Entwicklungs GmbH das famili\u00e4re Umfeld und die Firmenf\u00fchrung, der das Wohl der Mitarbeiterinnen und Mitarbeiter sehr am Herzen liegt. <\/p>\n","protected":false},"author":27,"featured_media":10000517,"parent":10000268,"menu_order":3,"comment_status":"closed","ping_status":"closed","template":"template-absolvent.blade.php","meta":{"_acf_changed":false,"footnotes":""},"acf":[],"aioseo_notices":[],"_links":{"self":[{"href":"https:\/\/www.fh-joanneum.at\/elektronik-und-computer-engineering\/bachelor\/wp-json\/wp\/v2\/pages\/10000516"}],"collection":[{"href":"https:\/\/www.fh-joanneum.at\/elektronik-und-computer-engineering\/bachelor\/wp-json\/wp\/v2\/pages"}],"about":[{"href":"https:\/\/www.fh-joanneum.at\/elektronik-und-computer-engineering\/bachelor\/wp-json\/wp\/v2\/types\/page"}],"author":[{"embeddable":true,"href":"https:\/\/www.fh-joanneum.at\/elektronik-und-computer-engineering\/bachelor\/wp-json\/wp\/v2\/users\/27"}],"replies":[{"embeddable":true,"href":"https:\/\/www.fh-joanneum.at\/elektronik-und-computer-engineering\/bachelor\/wp-json\/wp\/v2\/comments?post=10000516"}],"version-history":[{"count":0,"href":"https:\/\/www.fh-joanneum.at\/elektronik-und-computer-engineering\/bachelor\/wp-json\/wp\/v2\/pages\/10000516\/revisions"}],"up":[{"embeddable":true,"href":"https:\/\/www.fh-joanneum.at\/elektronik-und-computer-engineering\/bachelor\/wp-json\/wp\/v2\/pages\/10000268"}],"wp:featuredmedia":[{"embeddable":true,"href":"https:\/\/www.fh-joanneum.at\/elektronik-und-computer-engineering\/bachelor\/wp-json\/wp\/v2\/media\/10000517"}],"wp:attachment":[{"href":"https:\/\/www.fh-joanneum.at\/elektronik-und-computer-engineering\/bachelor\/wp-json\/wp\/v2\/media?parent=10000516"}],"curies":[{"name":"wp","href":"https:\/\/api.w.org\/{rel}","templated":true}]}}