{"id":10000054,"date":"2023-11-08T14:17:15","date_gmt":"2023-11-08T13:17:15","guid":{"rendered":"https:\/\/www.fh-joanneum.at\/embedded-systems-engineering\/master\/?page_id=54"},"modified":"2025-03-07T09:54:09","modified_gmt":"2025-03-07T08:54:09","slug":"das-studium","status":"publish","type":"page","link":"https:\/\/www.fh-joanneum.at\/embedded-systems-engineering\/master\/im-studium\/das-studium\/","title":{"rendered":"Das Studium"},"content":{"rendered":"<div\n    id=\"\"\n    class=\"wp-block-blockquote margin-bottom-normal\"\n>\n    <div class=\"container-lg\">\n        <div class=\"row\">\n            <div class=\"col\">\n                <div class=\"d-block mb-2 fs-5 major-text-color\">\u201eDer European Chip Act ist die bedeutendste Initiative der Europ\u00e4ischen Union zur nachhaltigen St\u00e4rkung der Halbleiterindustrie und der Elektronik in Europa. Die Region Steiermark-K\u00e4rnten ist einer der erfolgreichsten europ\u00e4ischen Entwicklungsstandorte f\u00fcr Halbleiterprodukte und profitiert unmittelbar davon. Als Absolvent:in der Studienrichtung Embedded Systems Engineering haben Sie dadurch langfristig beste Chancen auf eine erfolgreiche Karriere in der Elektronikindustrie.\u201c<br \/>\r\n<\/div>\n                <span class=\"d-flex justify-content-end\">FH-Prof. Priv.-Doz. DI Dr. Christian Vogel, Studiengangsleiter<\/span>\n            <\/div>\n        <\/div>\n    <\/div>\n<\/div>\n\n\n<div id=\"\" class=\"wp-block-text-content margin-bottom-none\">\n    <div class=\"container-lg\">\n        <div class=\"row\">\n            <div class=\"col\">\n                <div class=\"module-migration-headline\">\n<h3>Die Schwerpunkte des Masterstudiums<\/h3>\n<\/div>\n\n            <\/div>\n        <\/div>\n            <\/div>\n<\/div>\n\n\n<div id=\"\" class=\"wp-block-text-content margin-bottom-normal\">\n    <div class=\"container-lg\">\n        <div class=\"row\">\n            <div class=\"col\">\n                <h4>Innovativ. Agile Software- und Hardwareentwicklung.<\/h4>\n<p>Die hohe Komplexit&auml;t intelligenter Elektronik erfordert es, die Produktentwicklung neu zu denken. Sie lernen moderne Methoden und Prinzipien der agilen Software- und Hardwareentwicklung kennen, um Produkte flexibel und iterativ zu entwickeln. Sie entwerfen qualit&auml;tsgesicherte und zuverl&auml;ssige Soft- und Hardware f&uuml;r eine dynamische Welt.<\/p>\n<h4>KI. Maschinelles Lernen und Datenanalyse.<\/h4>\n<p>Sie vertiefen Ihr Verst&auml;ndnis f&uuml;r statistische Methoden und Datenanalyse, um datengetriebene L&ouml;sungen f&uuml;r verschiedene Anwendungsgebiete zu entwickeln. Sie lernen fortschrittliche Techniken und Algorithmen des maschinellen Lernens zu verstehen und anzuwenden, um Muster und Erkenntnisse aus gro&szlig;en Datens&auml;tzen zu extrahieren.<\/p>\n<h4>High-Tech. System-on-Chip Design.<\/h4>\n<p>Moderne integrierte Schaltkreise vereinen eine Vielzahl von Funktionen auf einem einzigen Chip und werden so zum System-on-Chip. Sie erwerben fundierte Kenntnisse der Mikroelektronik und Mikroprozessortechnik, um komplexe und leistungsf&auml;hige Chips zu entwerfen und zu verifizieren.<\/p>\n<h4>High-Performance.<\/h4>\n<p>Echtzeitreaktionen auf Eingaben und Ereignisse sind entscheidend f&uuml;r Anwendungen wie autonomes Fahren, industrielle Automatisierung und Energienetze. Sie befassen sich mit modernen Computer- und Softwarearchitekturen f&uuml;r eingebettete Systeme, um mit Algorithmen des maschinellen Lernens und der Signalverarbeitung gro&szlig;e Datenmengen mit minimaler Verz&ouml;gerung verarbeiten zu k&ouml;nnen.<\/p>\n<h4>Angewandte Forschung.<\/h4>\n<p>Nationale und internationale Kooperationen mit Hochschulen und Unternehmen erm&ouml;glichen Ihnen die direkte Mitarbeit an innovativen Technologieprojekten. Au&szlig;erdem vertiefen Sie Ihr Wissen auf dem Gebiet Ihrer Masterarbeit.<\/p>\n\n            <\/div>\n        <\/div>\n            <\/div>\n<\/div>\n\n\n\n\n<div id=\"\" class=\"wp-block-text-content margin-bottom-none\">\n    <div class=\"container-lg\">\n        <div class=\"row\">\n            <div class=\"col\">\n                <div class=\"module-migration-headline\">\n<h3>Organisation<\/h3>\n<\/div>\n\n            <\/div>\n        <\/div>\n            <\/div>\n<\/div>\n\n\n<div id=\"\" class=\"wp-block-text-content margin-bottom-normal\">\n    <div class=\"container-lg\">\n        <div class=\"row\">\n            <div class=\"col\">\n                <p>Unsere Studienorganisation zeichnet sich durch eine &auml;u&szlig;erst praxisorientierte Herangehensweise aus. In exzellent ausgestatteten Laboren arbeiten Studierende in kleinen Gruppen, um eine individuelle Betreuung und viele praktische Erfahrungen zu gew&auml;hrleisten. Dar&uuml;ber hinaus b&uuml;ndeln wir die Studien- und Pr&auml;senzzeiten von Mittwoch bis Freitag. Das erm&ouml;glicht es Ihnen durch eine Teilzeitbesch&auml;ftigung in einem facheinschl&auml;gigen Unternehmen zus&auml;tzliche Praxis zu sammeln.<\/p>\n\n            <\/div>\n        <\/div>\n            <\/div>\n<\/div>\n","protected":false},"excerpt":{"rendered":"<p>Durch eine inhaltlich umfangreiche und fachlich fundierte Ausbildung schaffen wir die Basis f\u00fcr Ihre berufliche Zukunft. Welche allgemeinen Inhalte, fachlichen Themen und spezifischen Schwerpunkte Sie im Studium erwarten, erfahren Sie hier.<\/p>\n","protected":false},"author":11,"featured_media":10000022,"parent":10000053,"menu_order":21,"comment_status":"closed","ping_status":"closed","template":"","meta":{"_acf_changed":false,"footnotes":""},"acf":[],"aioseo_notices":[],"_links":{"self":[{"href":"https:\/\/www.fh-joanneum.at\/embedded-systems-engineering\/master\/wp-json\/wp\/v2\/pages\/10000054"}],"collection":[{"href":"https:\/\/www.fh-joanneum.at\/embedded-systems-engineering\/master\/wp-json\/wp\/v2\/pages"}],"about":[{"href":"https:\/\/www.fh-joanneum.at\/embedded-systems-engineering\/master\/wp-json\/wp\/v2\/types\/page"}],"author":[{"embeddable":true,"href":"https:\/\/www.fh-joanneum.at\/embedded-systems-engineering\/master\/wp-json\/wp\/v2\/users\/11"}],"replies":[{"embeddable":true,"href":"https:\/\/www.fh-joanneum.at\/embedded-systems-engineering\/master\/wp-json\/wp\/v2\/comments?post=10000054"}],"version-history":[{"count":3,"href":"https:\/\/www.fh-joanneum.at\/embedded-systems-engineering\/master\/wp-json\/wp\/v2\/pages\/10000054\/revisions"}],"predecessor-version":[{"id":10000219,"href":"https:\/\/www.fh-joanneum.at\/embedded-systems-engineering\/master\/wp-json\/wp\/v2\/pages\/10000054\/revisions\/10000219"}],"up":[{"embeddable":true,"href":"https:\/\/www.fh-joanneum.at\/embedded-systems-engineering\/master\/wp-json\/wp\/v2\/pages\/10000053"}],"wp:featuredmedia":[{"embeddable":true,"href":"https:\/\/www.fh-joanneum.at\/embedded-systems-engineering\/master\/wp-json\/wp\/v2\/media\/10000022"}],"wp:attachment":[{"href":"https:\/\/www.fh-joanneum.at\/embedded-systems-engineering\/master\/wp-json\/wp\/v2\/media?parent=10000054"}],"curies":[{"name":"wp","href":"https:\/\/api.w.org\/{rel}","templated":true}]}}