{"id":10093323,"date":"2024-05-22T13:19:33","date_gmt":"2024-05-22T11:19:33","guid":{"rendered":"https:\/\/www.fh-joanneum.at\/?page_id=93323"},"modified":"2025-08-22T12:07:34","modified_gmt":"2025-08-22T10:07:34","slug":"about-the-startup-hub-team","status":"publish","type":"page","link":"https:\/\/www.fh-joanneum.at\/en\/topics\/startuphub\/about-the-startup-hub-team\/","title":{"rendered":"About the Startup Hub team"},"content":{"rendered":"<div\n    id=\"\"\n    class=\"wp-block-intro-text margin-bottom-normal\"\n>\n    <div class=\"container-lg\">\n        <div class=\"row\">\n            <div class=\"col\">\n                <div class=\"major-text-color fst-italic\"><div class=\"module-migration-intro-text\">\n<p>Wir sind ein interdisziplin\u00e4res und internationales Team, das seine Leidenschaft f\u00fcr Innovation eint. Dank der unterschiedlichen Berufs- und Bildungshintergr\u00fcnde gestalten wir so ein dynamisches Umfeld, in dem unterschiedliche Perspektiven aufeinandertreffen und brillante Ideen entwickelt werden.<\/p>\n<\/div>\n<\/div>\n            <\/div>\n        <\/div>\n    <\/div>\n<\/div>\n<div id=\"\" class=\"wp-block-text-content margin-bottom-normal\">\n    <div class=\"container-lg\">\n        <div class=\"row\">\n            <div class=\"col\">\n                <p><strong>P&auml;dagog:innen aus Leidenschaft:<\/strong> Wir verstehen die akademische Landschaft und setzen die Theorie in umsetzbare Schritte um, damit Ihr Vorhaben mit Ihrem Studium und Ihren Zielen &uuml;bereinstimmt.<\/p>\n<p><strong>Erfahrene Unternehmer:innen:<\/strong> Wir sind den Weg gegangen, haben unsere eigenen Unternehmen aufgebaut und haben so wertvolle Lektionen gelernt. Jetzt geben wir Ihnen praktische Einblicke und Ratschl&auml;ge aus Erfahrung.<\/p>\n<p><strong>Industriekontakte:<\/strong> Wir nutzen unser umfangreiches Netzwerk, um Sie mit Investor:innen, Mentor:innen und Branchenexpert:innen zusammenzubringen, die Ihr Wachstum beschleunigen k&ouml;nnen.<\/p>\n<p><strong>Kooperatives Team<\/strong>: Wir legen Wert auf Teamarbeit und glauben an die F&ouml;rderung eines unterst&uuml;tzenden Umfelds, in dem Sie lernen, Kontakte kn&uuml;pfen und sich entfalten k&ouml;nnen.<\/p>\n<p>&nbsp;<\/p>\n<h3>Startup Hub Koordinator<\/h3>\n\n            <\/div>\n        <\/div>\n            <\/div>\n<\/div>\n<div\n    id=\"\"\n    class=\"wp-block-person-cards margin-bottom-normal\"\n>\n    <div class=\"container-lg\">\n      <div class=\"row\">\n                                                          <div class=\"col-6 col-sm-4 col-md-6 col-lg-4 col-xl-3 mb-4\">\n                    <a href=\"https:\/\/www.fh-joanneum.at\/en\/university\/person\/bojan-jovanovski\"\n    class=\"person-card\">\n    <div class=\"border border-light h-100\">\n\n        <div class=\"image-wrapper\">\n            <picture>\n        <img decoding=\"async\"\n        class=\"img-fluid\"\n        src=\"https:\/\/online.fh-joanneum.at\/JOANNEUMonline\/visitenkarte.showImage?pPersonenGruppe=3&amp;pPersonenId=88A1461E08A6DE72\"\n        alt=\"\"\n        title=\"\"\n                 onerror=\"this.src = 'https:\/\/www.fh-joanneum.at\/app\/themes\/fh\/public\/images\/avatar_dummy.e5edf9.png'\"     >\n<\/picture>\n\n        <\/div>\n        <div class=\"p-2 p-xl-3\">\n                            <p class=\"mb-1 hyphens\">FH-Prof. DI Dr.<\/p>\n                        <h6>Bojan Jovanovski<\/h6>\n                            <p class=\"mb-1 hyphens\"> MSc<\/p>\n                        <p class=\"mb-0 hyphens\">\n              Senior Lecturer (FH)\n            <\/p>\n        <\/div>\n    <\/div>\n<\/a>                  <\/div>\n                                              <\/div>\n    <\/div>\n<\/div>\n<div id=\"\" class=\"wp-block-text-content margin-bottom-normal\">\n    <div class=\"container-lg\">\n        <div class=\"row\">\n            <div class=\"col\">\n                <h3>Team<\/h3>\n\n            <\/div>\n        <\/div>\n            <\/div>\n<\/div>\n<div\n    id=\"\"\n    class=\"wp-block-person-cards margin-bottom-normal\"\n>\n    <div class=\"container-lg\">\n      <div class=\"row\">\n                                                          <div class=\"col-6 col-sm-4 col-md-6 col-lg-4 col-xl-3 mb-4\">\n                    <a href=\"https:\/\/www.fh-joanneum.at\/en\/university\/person\/doris-kiendl\"\n    class=\"person-card\">\n    <div class=\"border border-light h-100\">\n\n        <div class=\"image-wrapper\">\n            <picture>\n        <img decoding=\"async\"\n        class=\"img-fluid\"\n        src=\"https:\/\/online.fh-joanneum.at\/JOANNEUMonline\/visitenkarte.showImage?pPersonenGruppe=3&amp;pPersonenId=B56EFB66F2E5F45E\"\n        alt=\"\"\n        title=\"\"\n                 onerror=\"this.src = 'https:\/\/www.fh-joanneum.at\/app\/themes\/fh\/public\/images\/avatar_dummy.e5edf9.png'\"     >\n<\/picture>\n\n        <\/div>\n        <div class=\"p-2 p-xl-3\">\n                            <p class=\"mb-1 hyphens\">FH-Prof. Mag.a Dr.<\/p>\n                        <h6>Doris Kiendl<\/h6>\n                        <p class=\"mb-0 hyphens\">\n              Head of Institute\n            <\/p>\n        <\/div>\n    <\/div>\n<\/a>                  <\/div>\n                                                                <div class=\"col-6 col-sm-4 col-md-6 col-lg-4 col-xl-3 mb-4\">\n                    <a href=\"https:\/\/www.fh-joanneum.at\/en\/university\/person\/elmar-krainz\"\n    class=\"person-card\">\n    <div class=\"border border-light h-100\">\n\n        <div class=\"image-wrapper\">\n            <picture>\n        <img decoding=\"async\"\n        class=\"img-fluid\"\n        src=\"https:\/\/online.fh-joanneum.at\/JOANNEUMonline\/visitenkarte.showImage?pPersonenGruppe=3&amp;pPersonenId=395F442AC008BB6C\"\n        alt=\"\"\n        title=\"\"\n                 onerror=\"this.src = 'https:\/\/www.fh-joanneum.at\/app\/themes\/fh\/public\/images\/avatar_dummy.e5edf9.png'\"     >\n<\/picture>\n\n        <\/div>\n        <div class=\"p-2 p-xl-3\">\n                            <p class=\"mb-1 hyphens\">FH-Prof. DI Dr.<\/p>\n                        <h6>Elmar Krainz<\/h6>\n                        <p class=\"mb-0 hyphens\">\n              Deputy Head of Institute<br>Head of Study Programmes Computer Science\n            <\/p>\n        <\/div>\n    <\/div>\n<\/a>                  <\/div>\n                                                                <div class=\"col-6 col-sm-4 col-md-6 col-lg-4 col-xl-3 mb-4\">\n                    <a href=\"https:\/\/www.fh-joanneum.at\/en\/university\/person\/wolfgang-granigg\"\n    class=\"person-card\">\n    <div class=\"border border-light h-100\">\n\n        <div class=\"image-wrapper\">\n            <picture>\n        <img decoding=\"async\"\n        class=\"img-fluid\"\n        src=\"https:\/\/online.fh-joanneum.at\/JOANNEUMonline\/visitenkarte.showImage?pPersonenGruppe=3&amp;pPersonenId=5615CC88CB453D29\"\n        alt=\"\"\n        title=\"\"\n                 onerror=\"this.src = 'https:\/\/www.fh-joanneum.at\/app\/themes\/fh\/public\/images\/avatar_dummy.e5edf9.png'\"     >\n<\/picture>\n\n        <\/div>\n        <div class=\"p-2 p-xl-3\">\n                            <p class=\"mb-1 hyphens\">MMMMag. DDr.<\/p>\n                        <h6>Wolfgang Granigg<\/h6>\n                        <p class=\"mb-0 hyphens\">\n              Head of Institute<br>Head of Degree Programme Computer Science<br>\n            <\/p>\n        <\/div>\n    <\/div>\n<\/a>                  <\/div>\n                                                                <div class=\"col-6 col-sm-4 col-md-6 col-lg-4 col-xl-3 mb-4\">\n                    <a href=\"https:\/\/www.fh-joanneum.at\/en\/university\/person\/christian-friedl\"\n    class=\"person-card\">\n    <div class=\"border border-light h-100\">\n\n        <div class=\"image-wrapper\">\n            <picture>\n        <img decoding=\"async\"\n        class=\"img-fluid\"\n        src=\"https:\/\/online.fh-joanneum.at\/JOANNEUMonline\/visitenkarte.showImage?pPersonenGruppe=3&amp;pPersonenId=AA4BA4A4A45C09D0\"\n        alt=\"\"\n        title=\"\"\n                 onerror=\"this.src = 'https:\/\/www.fh-joanneum.at\/app\/themes\/fh\/public\/images\/avatar_dummy.e5edf9.png'\"     >\n<\/picture>\n\n        <\/div>\n        <div class=\"p-2 p-xl-3\">\n                            <p class=\"mb-1 hyphens\">FH-Prof. Mag. Dr.<\/p>\n                        <h6>Christian Friedl<\/h6>\n                            <p class=\"mb-1 hyphens\"> MSc<\/p>\n                        <p class=\"mb-0 hyphens\">\n              Associate Professor, Head of Master\u00b4s programme \u201eDigital Entrepreneurship\u201c<br>\n            <\/p>\n        <\/div>\n    <\/div>\n<\/a>                  <\/div>\n                                                                <div class=\"col-6 col-sm-4 col-md-6 col-lg-4 col-xl-3 mb-4\">\n                    <a href=\"https:\/\/www.fh-joanneum.at\/en\/university\/person\/clarissa-maierhofer\"\n    class=\"person-card\">\n    <div class=\"border border-light h-100\">\n\n        <div class=\"image-wrapper\">\n            <picture>\n        <img decoding=\"async\"\n        class=\"img-fluid\"\n        src=\"https:\/\/online.fh-joanneum.at\/JOANNEUMonline\/visitenkarte.showImage?pPersonenGruppe=3&amp;pPersonenId=3ADCBE61C8D3EB74\"\n        alt=\"\"\n        title=\"\"\n                 onerror=\"this.src = 'https:\/\/www.fh-joanneum.at\/app\/themes\/fh\/public\/images\/avatar_dummy.e5edf9.png'\"     >\n<\/picture>\n\n        <\/div>\n        <div class=\"p-2 p-xl-3\">\n                        <h6>Clarissa Maierhofer<\/h6>\n                            <p class=\"mb-1 hyphens\"> MSc<\/p>\n                        <p class=\"mb-0 hyphens\">\n              Lecturer (FH)\n            <\/p>\n        <\/div>\n    <\/div>\n<\/a>                  <\/div>\n                                                                <div class=\"col-6 col-sm-4 col-md-6 col-lg-4 col-xl-3 mb-4\">\n                    <a href=\"https:\/\/www.fh-joanneum.at\/en\/university\/person\/ligia-franco-pasqualin\"\n    class=\"person-card\">\n    <div class=\"border border-light h-100\">\n\n        <div class=\"image-wrapper\">\n            <picture>\n        <img decoding=\"async\"\n        class=\"img-fluid\"\n        src=\"https:\/\/online.fh-joanneum.at\/JOANNEUMonline\/visitenkarte.showImage?pPersonenGruppe=3&amp;pPersonenId=C6280CA6426786D9\"\n        alt=\"\"\n        title=\"\"\n                 onerror=\"this.src = 'https:\/\/www.fh-joanneum.at\/app\/themes\/fh\/public\/images\/avatar_dummy.e5edf9.png'\"     >\n<\/picture>\n\n        <\/div>\n        <div class=\"p-2 p-xl-3\">\n                        <h6>Ligia Franco  Pasqualin<\/h6>\n                            <p class=\"mb-1 hyphens\"> MA<\/p>\n                        <p class=\"mb-0 hyphens\">\n              Lecturer (FH)\n            <\/p>\n        <\/div>\n    <\/div>\n<\/a>                  <\/div>\n                                                                <div class=\"col-6 col-sm-4 col-md-6 col-lg-4 col-xl-3 mb-4\">\n                    <a href=\"https:\/\/www.fh-joanneum.at\/en\/university\/person\/sabine-prossnegg\"\n    class=\"person-card\">\n    <div class=\"border border-light h-100\">\n\n        <div class=\"image-wrapper\">\n            <picture>\n        <img decoding=\"async\"\n        class=\"img-fluid\"\n        src=\"https:\/\/online.fh-joanneum.at\/JOANNEUMonline\/visitenkarte.showImage?pPersonenGruppe=3&amp;pPersonenId=B87F9248E3FCC056\"\n        alt=\"\"\n        title=\"\"\n                 onerror=\"this.src = 'https:\/\/www.fh-joanneum.at\/app\/themes\/fh\/public\/images\/avatar_dummy.e5edf9.png'\"     >\n<\/picture>\n\n        <\/div>\n        <div class=\"p-2 p-xl-3\">\n                            <p class=\"mb-1 hyphens\">FH-Prof. Mag.a Dr.<\/p>\n                        <h6>Sabine Pro\u00dfnegg<\/h6>\n                            <p class=\"mb-1 hyphens\"> LL.M.<\/p>\n                        <p class=\"mb-0 hyphens\">\n              Associate Professor (FH)\n            <\/p>\n        <\/div>\n    <\/div>\n<\/a>                  <\/div>\n                                                                <div class=\"col-6 col-sm-4 col-md-6 col-lg-4 col-xl-3 mb-4\">\n                    <a href=\"https:\/\/www.fh-joanneum.at\/en\/university\/person\/rupert-beinhauer\"\n    class=\"person-card\">\n    <div class=\"border border-light h-100\">\n\n        <div class=\"image-wrapper\">\n            <picture>\n        <img decoding=\"async\"\n        class=\"img-fluid\"\n        src=\"https:\/\/online.fh-joanneum.at\/JOANNEUMonline\/visitenkarte.showImage?pPersonenGruppe=3&amp;pPersonenId=E78269178F7D8D64\"\n        alt=\"\"\n        title=\"\"\n                 onerror=\"this.src = 'https:\/\/www.fh-joanneum.at\/app\/themes\/fh\/public\/images\/avatar_dummy.e5edf9.png'\"     >\n<\/picture>\n\n        <\/div>\n        <div class=\"p-2 p-xl-3\">\n                            <p class=\"mb-1 hyphens\">Mag. Dr.<\/p>\n                        <h6>Rupert Beinhauer<\/h6>\n                        <p class=\"mb-0 hyphens\">\n              Senior Lecturer (FH)\n            <\/p>\n        <\/div>\n    <\/div>\n<\/a>                  <\/div>\n                                                                <div class=\"col-6 col-sm-4 col-md-6 col-lg-4 col-xl-3 mb-4\">\n                    <a href=\"https:\/\/www.fh-joanneum.at\/en\/university\/person\/anika-kronberger\"\n    class=\"person-card\">\n    <div class=\"border border-light h-100\">\n\n        <div class=\"image-wrapper\">\n            <picture>\n        <img decoding=\"async\"\n        class=\"img-fluid\"\n        src=\"https:\/\/online.fh-joanneum.at\/JOANNEUMonline\/visitenkarte.showImage?pPersonenGruppe=3&amp;pPersonenId=A7F62C9B3C1CE750\"\n        alt=\"\"\n        title=\"\"\n                 onerror=\"this.src = 'https:\/\/www.fh-joanneum.at\/app\/themes\/fh\/public\/images\/avatar_dummy.e5edf9.png'\"     >\n<\/picture>\n\n        <\/div>\n        <div class=\"p-2 p-xl-3\">\n                            <p class=\"mb-1 hyphens\">DI (FH)<\/p>\n                        <h6>Anika Kronberger<\/h6>\n                            <p class=\"mb-1 hyphens\"> MA<\/p>\n                        <p class=\"mb-0 hyphens\">\n              Senior Lecturer (FH) \n            <\/p>\n        <\/div>\n    <\/div>\n<\/a>                  <\/div>\n                                                                <div class=\"col-6 col-sm-4 col-md-6 col-lg-4 col-xl-3 mb-4\">\n                    <a href=\"https:\/\/www.fh-joanneum.at\/en\/university\/person\/tanja-hatzl-schoenbacher\"\n    class=\"person-card\">\n    <div class=\"border border-light h-100\">\n\n        <div class=\"image-wrapper\">\n            <picture>\n        <img decoding=\"async\"\n        class=\"img-fluid\"\n        src=\"https:\/\/online.fh-joanneum.at\/JOANNEUMonline\/visitenkarte.showImage?pPersonenGruppe=3&amp;pPersonenId=E244829B38087BD1\"\n        alt=\"\"\n        title=\"\"\n                 onerror=\"this.src = 'https:\/\/www.fh-joanneum.at\/app\/themes\/fh\/public\/images\/avatar_dummy.e5edf9.png'\"     >\n<\/picture>\n\n        <\/div>\n        <div class=\"p-2 p-xl-3\">\n                            <p class=\"mb-1 hyphens\">Mag.a<\/p>\n                        <h6>Tanja Hatzl-Sch\u00f6nbacher<\/h6>\n                        <p class=\"mb-0 hyphens\">\n              Lecturer (FH)\n            <\/p>\n        <\/div>\n    <\/div>\n<\/a>                  <\/div>\n                                                                <div class=\"col-6 col-sm-4 col-md-6 col-lg-4 col-xl-3 mb-4\">\n                    <a href=\"https:\/\/www.fh-joanneum.at\/en\/university\/person\/bettina-gjecaj\"\n    class=\"person-card\">\n    <div class=\"border border-light h-100\">\n\n        <div class=\"image-wrapper\">\n            <picture>\n        <img decoding=\"async\"\n        class=\"img-fluid\"\n        src=\"https:\/\/online.fh-joanneum.at\/JOANNEUMonline\/visitenkarte.showImage?pPersonenGruppe=3&amp;pPersonenId=33E69D0AA9B4C6DD\"\n        alt=\"\"\n        title=\"\"\n                 onerror=\"this.src = 'https:\/\/www.fh-joanneum.at\/app\/themes\/fh\/public\/images\/avatar_dummy.e5edf9.png'\"     >\n<\/picture>\n\n        <\/div>\n        <div class=\"p-2 p-xl-3\">\n                            <p class=\"mb-1 hyphens\">Dipl.-Ing. (FH)<\/p>\n                        <h6>Bettina Gjecaj<\/h6>\n                            <p class=\"mb-1 hyphens\"> MA<\/p>\n                        <p class=\"mb-0 hyphens\">\n              Lecturer (FH)\n            <\/p>\n        <\/div>\n    <\/div>\n<\/a>                  <\/div>\n                                                                <div class=\"col-6 col-sm-4 col-md-6 col-lg-4 col-xl-3 mb-4\">\n                    <a href=\"https:\/\/www.fh-joanneum.at\/en\/university\/person\/ursula-lagger\"\n    class=\"person-card\">\n    <div class=\"border border-light h-100\">\n\n        <div class=\"image-wrapper\">\n            <picture>\n        <img decoding=\"async\"\n        class=\"img-fluid\"\n        src=\"https:\/\/online.fh-joanneum.at\/JOANNEUMonline\/visitenkarte.showImage?pPersonenGruppe=3&amp;pPersonenId=F909B3F0B8EDC40A\"\n        alt=\"\"\n        title=\"\"\n                 onerror=\"this.src = 'https:\/\/www.fh-joanneum.at\/app\/themes\/fh\/public\/images\/avatar_dummy.e5edf9.png'\"     >\n<\/picture>\n\n        <\/div>\n        <div class=\"p-2 p-xl-3\">\n                            <p class=\"mb-1 hyphens\">Mag.a Dr.<\/p>\n                        <h6>Ursula Lagger<\/h6>\n                        <p class=\"mb-0 hyphens\">\n              Lecturer (FH)\n            <\/p>\n        <\/div>\n    <\/div>\n<\/a>                  <\/div>\n                                                                <div class=\"col-6 col-sm-4 col-md-6 col-lg-4 col-xl-3 mb-4\">\n                    <a href=\"https:\/\/www.fh-joanneum.at\/en\/university\/person\/andrea-schlacher\"\n    class=\"person-card\">\n    <div class=\"border border-light h-100\">\n\n        <div class=\"image-wrapper\">\n            <picture>\n        <img decoding=\"async\"\n        class=\"img-fluid\"\n        src=\"https:\/\/online.fh-joanneum.at\/JOANNEUMonline\/visitenkarte.showImage?pPersonenGruppe=3&amp;pPersonenId=8A89D8B4CB218A72\"\n        alt=\"\"\n        title=\"\"\n                 onerror=\"this.src = 'https:\/\/www.fh-joanneum.at\/app\/themes\/fh\/public\/images\/avatar_dummy.e5edf9.png'\"     >\n<\/picture>\n\n        <\/div>\n        <div class=\"p-2 p-xl-3\">\n                            <p class=\"mb-1 hyphens\">Mag.a<\/p>\n                        <h6>Andrea Schlacher<\/h6>\n                        <p class=\"mb-0 hyphens\">\n              Lecturer (FH)\n            <\/p>\n        <\/div>\n    <\/div>\n<\/a>                  <\/div>\n                                                                <div class=\"col-6 col-sm-4 col-md-6 col-lg-4 col-xl-3 mb-4\">\n                    <a href=\"https:\/\/www.fh-joanneum.at\/en\/university\/person\/elizabeta-valentic\"\n    class=\"person-card\">\n    <div class=\"border border-light h-100\">\n\n        <div class=\"image-wrapper\">\n            <picture>\n        <img decoding=\"async\"\n        class=\"img-fluid\"\n        src=\"https:\/\/online.fh-joanneum.at\/JOANNEUMonline\/visitenkarte.showImage?pPersonenGruppe=3&amp;pPersonenId=2FDACAD317AEC376\"\n        alt=\"\"\n        title=\"\"\n                 onerror=\"this.src = 'https:\/\/www.fh-joanneum.at\/app\/themes\/fh\/public\/images\/avatar_dummy.e5edf9.png'\"     >\n<\/picture>\n\n        <\/div>\n        <div class=\"p-2 p-xl-3\">\n                            <p class=\"mb-1 hyphens\">Mag.a<\/p>\n                        <h6>Elizabeta Valentic<\/h6>\n                            <p class=\"mb-1 hyphens\"> MSc<\/p>\n                        <p class=\"mb-0 hyphens\">\n              Lecturer (FH)\n            <\/p>\n        <\/div>\n    <\/div>\n<\/a>                  <\/div>\n                                                                <div class=\"col-6 col-sm-4 col-md-6 col-lg-4 col-xl-3 mb-4\">\n                    <a href=\"https:\/\/www.fh-joanneum.at\/en\/university\/person\/barbara-reiter\"\n    class=\"person-card\">\n    <div class=\"border border-light h-100\">\n\n        <div class=\"image-wrapper\">\n            <picture>\n        <img decoding=\"async\"\n        class=\"img-fluid\"\n        src=\"https:\/\/online.fh-joanneum.at\/JOANNEUMonline\/visitenkarte.showImage?pPersonenGruppe=3&amp;pPersonenId=0EF192C2D55D5334\"\n        alt=\"\"\n        title=\"\"\n                 onerror=\"this.src = 'https:\/\/www.fh-joanneum.at\/app\/themes\/fh\/public\/images\/avatar_dummy.e5edf9.png'\"     >\n<\/picture>\n\n        <\/div>\n        <div class=\"p-2 p-xl-3\">\n                        <h6>Barbara Reiter<\/h6>\n                            <p class=\"mb-1 hyphens\"> BSc MA<\/p>\n                        <p class=\"mb-0 hyphens\">\n              Coordinator for Green KAIT &#8211; Green Startupmark\n            <\/p>\n        <\/div>\n    <\/div>\n<\/a>                  <\/div>\n                                                                <div class=\"col-6 col-sm-4 col-md-6 col-lg-4 col-xl-3 mb-4\">\n                    <a href=\"https:\/\/www.fh-joanneum.at\/en\/university\/person\/michael-murg\"\n    class=\"person-card\">\n    <div class=\"border border-light h-100\">\n\n        <div class=\"image-wrapper\">\n            <picture>\n        <img decoding=\"async\"\n        class=\"img-fluid\"\n        src=\"https:\/\/online.fh-joanneum.at\/JOANNEUMonline\/visitenkarte.showImage?pPersonenGruppe=3&amp;pPersonenId=64B98D8ADE02B352\"\n        alt=\"\"\n        title=\"\"\n                 onerror=\"this.src = 'https:\/\/www.fh-joanneum.at\/app\/themes\/fh\/public\/images\/avatar_dummy.e5edf9.png'\"     >\n<\/picture>\n\n        <\/div>\n        <div class=\"p-2 p-xl-3\">\n                            <p class=\"mb-1 hyphens\">Dr.<\/p>\n                        <h6>Michael Murg<\/h6>\n                            <p class=\"mb-1 hyphens\"> BA MSc MBA<\/p>\n                        <p class=\"mb-0 hyphens\">\n              Head of Institute\n            <\/p>\n        <\/div>\n    <\/div>\n<\/a>                  <\/div>\n                                                                <div class=\"col-6 col-sm-4 col-md-6 col-lg-4 col-xl-3 mb-4\">\n                    <a href=\"https:\/\/www.fh-joanneum.at\/en\/university\/person\/christian-huss\"\n    class=\"person-card\">\n    <div class=\"border border-light h-100\">\n\n        <div class=\"image-wrapper\">\n            <picture>\n        <img decoding=\"async\"\n        class=\"img-fluid\"\n        src=\"https:\/\/online.fh-joanneum.at\/JOANNEUMonline\/visitenkarte.showImage?pPersonenGruppe=3&amp;pPersonenId=0B29947268B550A8\"\n        alt=\"\"\n        title=\"\"\n                 onerror=\"this.src = 'https:\/\/www.fh-joanneum.at\/app\/themes\/fh\/public\/images\/avatar_dummy.e5edf9.png'\"     >\n<\/picture>\n\n        <\/div>\n        <div class=\"p-2 p-xl-3\">\n                        <h6>Christian Huss<\/h6>\n                            <p class=\"mb-1 hyphens\"> BA MBA<\/p>\n                        <p class=\"mb-0 hyphens\">\n              Senior Lecturer (FH)\n            <\/p>\n        <\/div>\n    <\/div>\n<\/a>                  <\/div>\n                                                                <div class=\"col-6 col-sm-4 col-md-6 col-lg-4 col-xl-3 mb-4\">\n                    <a href=\"https:\/\/www.fh-joanneum.at\/en\/university\/person\/simon-berner\"\n    class=\"person-card\">\n    <div class=\"border border-light h-100\">\n\n        <div class=\"image-wrapper\">\n            <picture>\n        <img decoding=\"async\"\n        class=\"img-fluid\"\n        src=\"https:\/\/online.fh-joanneum.at\/JOANNEUMonline\/visitenkarte.showImage?pPersonenGruppe=3&amp;pPersonenId=6E0D4468304542D9\"\n        alt=\"\"\n        title=\"\"\n                 onerror=\"this.src = 'https:\/\/www.fh-joanneum.at\/app\/themes\/fh\/public\/images\/avatar_dummy.e5edf9.png'\"     >\n<\/picture>\n\n        <\/div>\n        <div class=\"p-2 p-xl-3\">\n                            <p class=\"mb-1 hyphens\">FH-Prof. DI Dr.<\/p>\n                        <h6>Simon Berner<\/h6>\n                        <p class=\"mb-0 hyphens\">\n              Associate Professor (FH)\n            <\/p>\n        <\/div>\n    <\/div>\n<\/a>                  <\/div>\n                                                                <div class=\"col-6 col-sm-4 col-md-6 col-lg-4 col-xl-3 mb-4\">\n                    <a href=\"https:\/\/www.fh-joanneum.at\/en\/university\/person\/bianca-fuchs-neuhold\"\n    class=\"person-card\">\n    <div class=\"border border-light h-100\">\n\n        <div class=\"image-wrapper\">\n            <picture>\n        <img decoding=\"async\"\n        class=\"img-fluid\"\n        src=\"https:\/\/online.fh-joanneum.at\/JOANNEUMonline\/visitenkarte.showImage?pPersonenGruppe=3&amp;pPersonenId=45A7C87A46420078\"\n        alt=\"\"\n        title=\"\"\n                 onerror=\"this.src = 'https:\/\/www.fh-joanneum.at\/app\/themes\/fh\/public\/images\/avatar_dummy.e5edf9.png'\"     >\n<\/picture>\n\n        <\/div>\n        <div class=\"p-2 p-xl-3\">\n                            <p class=\"mb-1 hyphens\">Dr.<\/p>\n                        <h6>Bianca Fuchs-Neuhold<\/h6>\n                            <p class=\"mb-1 hyphens\"> BSc MSc<\/p>\n                        <p class=\"mb-0 hyphens\">\n              Senior Lecturer (FH)\n            <\/p>\n        <\/div>\n    <\/div>\n<\/a>                  <\/div>\n                                              <\/div>\n    <\/div>\n<\/div>\n","protected":false},"excerpt":{"rendered":"","protected":false},"author":143,"featured_media":10093317,"parent":10093320,"menu_order":755,"comment_status":"closed","ping_status":"closed","template":"","meta":{"_acf_changed":false,"footnotes":""},"acf":[],"aioseo_notices":[],"_links":{"self":[{"href":"https:\/\/www.fh-joanneum.at\/en\/wp-json\/wp\/v2\/pages\/10093323"}],"collection":[{"href":"https:\/\/www.fh-joanneum.at\/en\/wp-json\/wp\/v2\/pages"}],"about":[{"href":"https:\/\/www.fh-joanneum.at\/en\/wp-json\/wp\/v2\/types\/page"}],"author":[{"embeddable":true,"href":"https:\/\/www.fh-joanneum.at\/en\/wp-json\/wp\/v2\/users\/143"}],"replies":[{"embeddable":true,"href":"https:\/\/www.fh-joanneum.at\/en\/wp-json\/wp\/v2\/comments?post=10093323"}],"version-history":[{"count":6,"href":"https:\/\/www.fh-joanneum.at\/en\/wp-json\/wp\/v2\/pages\/10093323\/revisions"}],"predecessor-version":[{"id":100237115,"href":"https:\/\/www.fh-joanneum.at\/en\/wp-json\/wp\/v2\/pages\/10093323\/revisions\/100237115"}],"up":[{"embeddable":true,"href":"https:\/\/www.fh-joanneum.at\/en\/wp-json\/wp\/v2\/pages\/10093320"}],"wp:featuredmedia":[{"embeddable":true,"href":"https:\/\/www.fh-joanneum.at\/en\/wp-json\/wp\/v2\/media\/10093317"}],"wp:attachment":[{"href":"https:\/\/www.fh-joanneum.at\/en\/wp-json\/wp\/v2\/media?parent=10093323"}],"curies":[{"name":"wp","href":"https:\/\/api.w.org\/{rel}","templated":true}]}}