{"id":10000121,"date":"2015-08-11T11:21:31","date_gmt":"2015-08-11T11:21:31","guid":{"rendered":"https:\/\/www.fh-joanneum.at\/energie-verkehrs-und-umweltmanagement\/bachelor\/?page_id=121"},"modified":"2024-08-30T08:38:39","modified_gmt":"2024-08-30T06:38:39","slug":"aufnahmeverfahren","status":"publish","type":"page","link":"https:\/\/www.fh-joanneum.at\/energie-mobilitaets-und-umweltmanagement\/bachelor\/vor-dem-studium\/aufnahmeverfahren\/","title":{"rendered":"Aufnahmeverfahren"},"content":{"rendered":"<div id=\"\" class=\"wp-block-text-content margin-bottom-none\">\n    <div class=\"container-lg\">\n        <div class=\"row\">\n            <div class=\"col\">\n                <div class=\"module-migration-headline\">\n<h3>Wie absolviere ich das Aufnahmeverfahren?<\/h3>\n<\/div>\n\n            <\/div>\n        <\/div>\n            <\/div>\n<\/div>\n\n\n<div id=\"\" class=\"wp-block-text-content margin-bottom-normal\">\n    <div class=\"container-lg\">\n        <div class=\"row\">\n            <div class=\"col\">\n                <p>Das Aufnahmeverfahren besteht aus:<\/p>\n<ul>\n<li>Bewerbung<\/li>\n<li>Pers&ouml;nliches Gespr&auml;ch<\/li>\n<\/ul>\n\n            <\/div>\n        <\/div>\n            <\/div>\n<\/div>\n\n\n\n\n\n\n\n\n\n\n\n\n\n\n\n\n\n\n\n\n\n\n\n\n<div id=\"\" class=\"wp-block-text-content margin-bottom-normal\">\n    <div class=\"container-lg\">\n        <div class=\"row\">\n            <div class=\"col\">\n                <h4>Das pers&ouml;nliche Gespr&auml;ch<\/h4>\n<p>Alle Bewerber:innen werden zum pers&ouml;nlichen Gespr&auml;ch eingeladen. <\/p>\n<p>Sie f&uuml;hren das Gespr&auml;ch mit der Studiengangsleitung und einer oder einem Lehrenden des Instituts. Es dauert in etwa 20 Minuten. Im Gespr&auml;ch werden Fragen zu Motivation, Berufsbild, Vorstellungen vom Studium, Teamf&auml;higkeit, etc. gestellt. Im Gespr&auml;ch geht es darum, herauszufinden, ob das Studium zu Ihnen passt und Sie die notwendigen Begabungen mitbringen.<\/p>\n<p>Das Gespr&auml;ch erfolgt entweder vor Ort oder online via Videotelefonie. Alle Details &uuml;ber die konkrete Durchf&uuml;hrung des Gespr&auml;chs erhalten Sie zeitgerecht vor dem Termin.<\/p>\n\n            <\/div>\n        <\/div>\n            <\/div>\n<\/div>\n\n\n<div\n    id=\"\"\n    class=\"wp-block-tipp-box margin-bottom-normal\"\n>\n    <div class=\"container-lg\">\n        <div class=\"row\">\n            <div class=\"col\">\n                <div class=\"tipp-box border border-warning\">\n                    <div class=\"tipp-box-inner p-2 p-md-3\">\n                        <h4 class=\"\">Tipp<\/h4>\n                        <p>Das Aufnahmegespr\u00e4ch ist Ihre Chance, sich zu pr\u00e4sentieren. Nutzen Sie diese M\u00f6glichkeit und zeigen Sie, warum genau Sie einen Studienplatz bekommen sollten. Die Lehrenden des Instituts wollen erfahren, wer Sie sind und ob das Studium zu Ihnen passt. \u00dcberzeugen Sie sie durch Ihren Lebenslauf, Ihr Interesse an den Studieninhalten und Ihre Pers\u00f6nlichkeit. Dass Sie aufgeregt sind, ist klar. Aber das Gespr\u00e4ch ist keine Pr\u00fcfung! Seien Sie ehrlich und verstellen Sie sich nicht.<\/p>\n\n                    <\/div>\n                <\/div>\n            <\/div>\n        <\/div>\n    <\/div>\n<\/div>\n\n\n<div\n    id=\"\"\n    class=\"wp-block-tipp-box margin-bottom-normal\"\n>\n    <div class=\"container-lg\">\n        <div class=\"row\">\n            <div class=\"col\">\n                <div class=\"tipp-box border border-info\">\n                    <div class=\"tipp-box-inner p-2 p-md-3\">\n                        <h4 class=\"\">Hinweis<\/h4>\n                        <p><strong>Tipps f\u00fcr die Vorbereitung auf das Online-Aufnahmegespr\u00e4ch von der technischen Ausr\u00fcstung \u00fcber Setting und Recherche bis hin zum Ablauf finden Sie <a href=\"https:\/\/www.fh-joanneum.at\/blog\/tipps-fuer-das-online-aufnahmegespraech\/\">hier<\/a>.<\/strong><\/p>\n\n                    <\/div>\n                <\/div>\n            <\/div>\n        <\/div>\n    <\/div>\n<\/div>\n\n\n","protected":false},"excerpt":{"rendered":"<p>Im Zuge des Aufnahmeverfahrens ermitteln wir Ihre pers\u00f6nlichen F\u00e4higkeiten und Potenziale f\u00fcr das Studium. Was Sie genau erwartet, und wie Sie sich darauf vorbereiten k\u00f6nnen, erfahren Sie hier.<\/p>\n","protected":false},"author":12,"featured_media":0,"parent":10000993,"menu_order":42,"comment_status":"closed","ping_status":"closed","template":"","meta":{"_acf_changed":false,"footnotes":""},"acf":[],"aioseo_notices":[],"_links":{"self":[{"href":"https:\/\/www.fh-joanneum.at\/energie-mobilitaets-und-umweltmanagement\/bachelor\/wp-json\/wp\/v2\/pages\/10000121"}],"collection":[{"href":"https:\/\/www.fh-joanneum.at\/energie-mobilitaets-und-umweltmanagement\/bachelor\/wp-json\/wp\/v2\/pages"}],"about":[{"href":"https:\/\/www.fh-joanneum.at\/energie-mobilitaets-und-umweltmanagement\/bachelor\/wp-json\/wp\/v2\/types\/page"}],"author":[{"embeddable":true,"href":"https:\/\/www.fh-joanneum.at\/energie-mobilitaets-und-umweltmanagement\/bachelor\/wp-json\/wp\/v2\/users\/12"}],"replies":[{"embeddable":true,"href":"https:\/\/www.fh-joanneum.at\/energie-mobilitaets-und-umweltmanagement\/bachelor\/wp-json\/wp\/v2\/comments?post=10000121"}],"version-history":[{"count":2,"href":"https:\/\/www.fh-joanneum.at\/energie-mobilitaets-und-umweltmanagement\/bachelor\/wp-json\/wp\/v2\/pages\/10000121\/revisions"}],"predecessor-version":[{"id":10001045,"href":"https:\/\/www.fh-joanneum.at\/energie-mobilitaets-und-umweltmanagement\/bachelor\/wp-json\/wp\/v2\/pages\/10000121\/revisions\/10001045"}],"up":[{"embeddable":true,"href":"https:\/\/www.fh-joanneum.at\/energie-mobilitaets-und-umweltmanagement\/bachelor\/wp-json\/wp\/v2\/pages\/10000993"}],"wp:attachment":[{"href":"https:\/\/www.fh-joanneum.at\/energie-mobilitaets-und-umweltmanagement\/bachelor\/wp-json\/wp\/v2\/media?parent=10000121"}],"curies":[{"name":"wp","href":"https:\/\/api.w.org\/{rel}","templated":true}]}}