{"id":10000139,"date":"2015-08-11T11:23:01","date_gmt":"2015-08-11T11:23:01","guid":{"rendered":"https:\/\/www.fh-joanneum.at\/energie-verkehrs-und-umweltmanagement\/bachelor\/?page_id=139"},"modified":"2024-06-04T18:39:55","modified_gmt":"2024-06-04T16:39:55","slug":"praxisprojekte","status":"publish","type":"page","link":"https:\/\/www.fh-joanneum.at\/energie-mobilitaets-und-umweltmanagement\/bachelor\/im-studium\/praxisprojekte\/","title":{"rendered":"Praxisprojekte"},"content":{"rendered":"<div id=\"\" class=\"wp-block-text-content margin-bottom-none\">\n    <div class=\"container-lg\">\n        <div class=\"row\">\n            <div class=\"col\">\n                <div class=\"module-migration-headline\">\n<h3>Praxisprojekte im Studium<\/h3>\n<\/div>\n\n            <\/div>\n        <\/div>\n            <\/div>\n<\/div>\n\n\n<div id=\"\" class=\"wp-block-text-content margin-bottom-normal\">\n    <div class=\"container-lg\">\n        <div class=\"row\">\n            <div class=\"col\">\n                <p>Praxisbezug ist ein Kernelement des Studiums &bdquo;Umweltmanagement&ldquo;. Sie werden bereits ab dem 1. Semester des Studiums im Rahmen von Labs, Exkursionen und kleinen Projekten auf die Realit&auml;ten des Berufslebens vorbereitet und kn&uuml;pfen in der Ausbildung wesentliche Kontakte f&uuml;r Ihr Netzwerk. Daher begleitet Sie eine zukunftsorientierte Kombination aus Theorie und Praxis durch das gesamte Studium.<\/p>\n<p>Im Rahmen unterschiedlicher Lehrveranstaltungen arbeiten Sie an modernen Aufgabenstellungen der Umwelt-, Energie- und Mobilit&auml;tsbranche, welche teilweise auch von Industriepartnern zur Verf&uuml;gung gestellt werden. Jedes Studienjahr wird somit durch verschiedene Praxisprojekte bereichert. Zur optimalen Projektarbeit legen wir Wert auf die Arbeit in kleinen Gruppen, in denen Sie Ihr Wissen anwenden und Ihre interdisziplin&auml;ren F&auml;higkeiten unter Beweis stellen k&ouml;nnen. Das Institut Energie-, Verkehrs- und Umweltmanagement bietet besonders interessierten Studierenden auch die M&ouml;glichkeit, an aktuellen Forschungsprojekten am Institut mitzuarbeiten.<\/p>\n\n            <\/div>\n        <\/div>\n            <\/div>\n<\/div>\n\n\n<div id=\"\" class=\"wp-block-text-content margin-bottom-none\">\n    <div class=\"container-lg\">\n        <div class=\"row\">\n            <div class=\"col\">\n                <div class=\"module-migration-headline\">\n<h3>Aktuelle Projekte von Studierenden<\/h3>\n<\/div>\n\n            <\/div>\n        <\/div>\n            <\/div>\n<\/div>\n\n\n<div id=\"\" class=\"wp-block-text-content margin-bottom-normal\">\n    <div class=\"container-lg\">\n        <div class=\"row\">\n            <div class=\"col\">\n                <h4><strong>Exkursionswochen: Das Fenster zur internationalen Fachwelt<\/strong><\/h4>\n<p>Exkursionen im Rahmen von Exkursionstagen in den Grundlagensemestern und Exkursionswochen im 3. und 4. Semester des Studiums lassen Sie in eine neue fachliche Welt eintauchen. Ziel der praktischen Lehreinheiten ist es, verschiedene Bereiche in gro&szlig;en Konzernen oder Infrastrukturanlagen kennenzulernen, die der &Ouml;ffentlichkeit normalerweise nicht zug&auml;nglich sind. Au&szlig;erdem lernen Sie im Rahmen der internationalen Exkursionswoche andere Lebenswelten und Interpretationen von &bdquo;Umweltschutz&ldquo;, &bdquo;erneuerbarer Energie&ldquo; und &bdquo;Mobilit&auml;tswende&ldquo; kennen. Ob Fahrradautobahnen in den Niederlanden oder Offshore-Windparks an der K&uuml;ste, die Exkursionen er&ouml;ffnen einen komplett neuen Blickwinkel auf Herausforderungen in den Fachbereichen.<\/p>\n\n            <\/div>\n        <\/div>\n            <\/div>\n<\/div>\n\n\n<div\n    id=\"\"\n    class=\"wp-block-image-slider margin-bottom-normal\"\n>\n    <div class=\"container-lg\">\n        <div class=\"row\">\n            <div class=\"col-12\">\n                <div class=\"swiper-outer-wrapper\">\n                    <div class=\"image-header\">\n                        <div class=\"swiper-navigation\">\n                            <div class=\"swiper-button-prev-custom\">\n                                <svg xmlns=\"http:\/\/www.w3.org\/2000\/svg\" width=\"9\" height=\"14\" viewBox=\"0 0 9 14\" fill=\"none\">\n  <path d=\"M8 13L2 7L8 1\" stroke=\"\" stroke-width=\"1.5\" stroke-linecap=\"round\"\/>\n<\/svg>                            <\/div>\n                            <div class=\"swiper-button-next-custom\">\n                                <svg xmlns=\"http:\/\/www.w3.org\/2000\/svg\" width=\"9\" height=\"14\" viewBox=\"0 0 9 14\" fill=\"none\">\n  <path d=\"M1 1L7 7L1 13\" stroke=\"\" stroke-width=\"1.5\" stroke-linecap=\"round\"\/>\n<\/svg>                            <\/div>\n                        <\/div>\n                    <\/div>\n                    <div class=\"swiper image-slider-swiper\">\n                        <div class=\"swiper-wrapper\">\n                                                                                                <div class=\"swiper-slide item\">\n                                        <picture>\n                        <source\n                media=\"(max-width: 576px)\"\n                srcset=\"https:\/\/cdn3.fh-joanneum.at\/media\/sites\/30\/2024\/10\/Image1-576x422.jpeg, https:\/\/cdn3.fh-joanneum.at\/media\/sites\/30\/2024\/10\/Image1.jpeg 2x\"\n            \/>\n                    <source\n                media=\"(max-width: 750px)\"\n                srcset=\"https:\/\/cdn3.fh-joanneum.at\/media\/sites\/30\/2024\/10\/Image1.jpeg, https:\/\/cdn3.fh-joanneum.at\/media\/sites\/30\/2024\/10\/Image1.jpeg 2x\"\n            \/>\n                    <source\n                media=\"(max-width: 750px)\"\n                srcset=\"https:\/\/cdn3.fh-joanneum.at\/media\/sites\/30\/2024\/10\/Image1.jpeg, https:\/\/cdn3.fh-joanneum.at\/media\/sites\/30\/2024\/10\/Image1.jpeg 2x\"\n            \/>\n                    <source\n                media=\"(max-width: 750px)\"\n                srcset=\"https:\/\/cdn3.fh-joanneum.at\/media\/sites\/30\/2024\/10\/Image1.jpeg, https:\/\/cdn3.fh-joanneum.at\/media\/sites\/30\/2024\/10\/Image1.jpeg 2x\"\n            \/>\n                    <source\n                media=\"(max-width: 750px)\"\n                srcset=\"https:\/\/cdn3.fh-joanneum.at\/media\/sites\/30\/2024\/10\/Image1.jpeg, https:\/\/cdn3.fh-joanneum.at\/media\/sites\/30\/2024\/10\/Image1.jpeg 2x\"\n            \/>\n                <img decoding=\"async\"\n        class=\"img-fluid\"\n        src=\"https:\/\/cdn3.fh-joanneum.at\/media\/sites\/30\/2024\/10\/Image1.jpeg\"\n        alt=\"\"\n        title=\"\"\n         loading=\"lazy\"             >\n<\/picture>\n\n                                                                            <\/div>\n                                                                    <div class=\"swiper-slide item\">\n                                        <picture>\n                        <source\n                media=\"(max-width: 576px)\"\n                srcset=\"https:\/\/cdn3.fh-joanneum.at\/media\/sites\/30\/2024\/10\/IMG_0267-576x442.jpeg, https:\/\/cdn3.fh-joanneum.at\/media\/sites\/30\/2024\/10\/IMG_0267-768x589.jpeg 2x\"\n            \/>\n                    <source\n                media=\"(max-width: 768px)\"\n                srcset=\"https:\/\/cdn3.fh-joanneum.at\/media\/sites\/30\/2024\/10\/IMG_0267-768x589.jpeg, https:\/\/cdn3.fh-joanneum.at\/media\/sites\/30\/2024\/10\/IMG_0267-1024x786.jpeg 2x\"\n            \/>\n                    <source\n                media=\"(max-width: 1024px)\"\n                srcset=\"https:\/\/cdn3.fh-joanneum.at\/media\/sites\/30\/2024\/10\/IMG_0267-1024x786.jpeg, https:\/\/cdn3.fh-joanneum.at\/media\/sites\/30\/2024\/10\/IMG_0267-1536x1179.jpeg 2x\"\n            \/>\n                    <source\n                media=\"(max-width: 1536px)\"\n                srcset=\"https:\/\/cdn3.fh-joanneum.at\/media\/sites\/30\/2024\/10\/IMG_0267-1536x1179.jpeg, https:\/\/cdn3.fh-joanneum.at\/media\/sites\/30\/2024\/10\/IMG_0267.jpeg 2x\"\n            \/>\n                    <source\n                media=\"(max-width: 2022px)\"\n                srcset=\"https:\/\/cdn3.fh-joanneum.at\/media\/sites\/30\/2024\/10\/IMG_0267.jpeg, https:\/\/cdn3.fh-joanneum.at\/media\/sites\/30\/2024\/10\/IMG_0267.jpeg 2x\"\n            \/>\n                <img decoding=\"async\"\n        class=\"img-fluid\"\n        src=\"https:\/\/cdn3.fh-joanneum.at\/media\/sites\/30\/2024\/10\/IMG_0267.jpeg\"\n        alt=\"\"\n        title=\"\"\n         loading=\"lazy\"             >\n<\/picture>\n\n                                                                            <\/div>\n                                                                    <div class=\"swiper-slide item\">\n                                        <picture>\n                        <source\n                media=\"(max-width: 576px)\"\n                srcset=\"https:\/\/cdn3.fh-joanneum.at\/media\/sites\/30\/2024\/10\/Mobility-Exkursion_NL_2022_FHJ-576x384.jpg, https:\/\/cdn3.fh-joanneum.at\/media\/sites\/30\/2024\/10\/Mobility-Exkursion_NL_2022_FHJ-768x512.jpg 2x\"\n            \/>\n                    <source\n                media=\"(max-width: 768px)\"\n                srcset=\"https:\/\/cdn3.fh-joanneum.at\/media\/sites\/30\/2024\/10\/Mobility-Exkursion_NL_2022_FHJ-768x512.jpg, https:\/\/cdn3.fh-joanneum.at\/media\/sites\/30\/2024\/10\/Mobility-Exkursion_NL_2022_FHJ-1024x683.jpg 2x\"\n            \/>\n                    <source\n                media=\"(max-width: 1024px)\"\n                srcset=\"https:\/\/cdn3.fh-joanneum.at\/media\/sites\/30\/2024\/10\/Mobility-Exkursion_NL_2022_FHJ-1024x683.jpg, https:\/\/cdn3.fh-joanneum.at\/media\/sites\/30\/2024\/10\/Mobility-Exkursion_NL_2022_FHJ-1536x1024.jpg 2x\"\n            \/>\n                    <source\n                media=\"(max-width: 1536px)\"\n                srcset=\"https:\/\/cdn3.fh-joanneum.at\/media\/sites\/30\/2024\/10\/Mobility-Exkursion_NL_2022_FHJ-1536x1024.jpg, https:\/\/cdn3.fh-joanneum.at\/media\/sites\/30\/2024\/10\/Mobility-Exkursion_NL_2022_FHJ-2048x1365.jpg 2x\"\n            \/>\n                    <source\n                media=\"(max-width: 2048px)\"\n                srcset=\"https:\/\/cdn3.fh-joanneum.at\/media\/sites\/30\/2024\/10\/Mobility-Exkursion_NL_2022_FHJ-2048x1365.jpg, https:\/\/cdn3.fh-joanneum.at\/media\/sites\/30\/2024\/10\/Mobility-Exkursion_NL_2022_FHJ-scaled.jpg 2x\"\n            \/>\n                <img decoding=\"async\"\n        class=\"img-fluid\"\n        src=\"https:\/\/cdn3.fh-joanneum.at\/media\/sites\/30\/2024\/10\/Mobility-Exkursion_NL_2022_FHJ-scaled.jpg\"\n        alt=\"\"\n        title=\"\"\n         loading=\"lazy\"             >\n<\/picture>\n\n                                                                            <\/div>\n                                                                                    <\/div>\n                    <\/div>\n\n                    <div class=\"swiper-navigation-pagination\">\n                        <div class=\"swiper-button-prev-custom\">\n                            <svg xmlns=\"http:\/\/www.w3.org\/2000\/svg\" width=\"9\" height=\"14\" viewBox=\"0 0 9 14\" fill=\"none\">\n  <path d=\"M8 13L2 7L8 1\" stroke=\"\" stroke-width=\"1.5\" stroke-linecap=\"round\"\/>\n<\/svg>                        <\/div>\n                        <div class=\"swiper-pagination\"><\/div>\n                        <div class=\"swiper-button-next-custom\">\n                            <svg xmlns=\"http:\/\/www.w3.org\/2000\/svg\" width=\"9\" height=\"14\" viewBox=\"0 0 9 14\" fill=\"none\">\n  <path d=\"M1 1L7 7L1 13\" stroke=\"\" stroke-width=\"1.5\" stroke-linecap=\"round\"\/>\n<\/svg>                        <\/div>\n                    <\/div>\n                <\/div>\n            <\/div>\n        <\/div>\n    <\/div>\n<\/div>\n\n\n<div id=\"\" class=\"wp-block-text-content margin-bottom-none\">\n    <div class=\"container-lg\">\n        <div class=\"row\">\n            <div class=\"col\">\n                <div class=\"module-migration-headline\">\n<h4>Air-Beam-Feinstaubmessungen <\/h4>\n<\/div>\n\n            <\/div>\n        <\/div>\n            <\/div>\n<\/div>\n\n\n<div id=\"\" class=\"wp-block-text-content margin-bottom-normal\">\n    <div class=\"container-lg\">\n        <div class=\"row\">\n            <div class=\"col\">\n                <p>Im Rahmen der Lehrveranstaltung &bdquo;Umweltbelastungen im Energie- und Verkehrsbereich&ldquo; setzen sich Studierende auch mit dem Thema Feinstaub und dem Zusammenhang zwischen Luftqualit&auml;t und der Nutzung unterschiedlicher Heiz- und Verkehrstechnologien auseinander. In praktisch angewandten &Uuml;bungen erhalten Studierende die tragbaren Air-Beam-Messger&auml;te f&uuml;r Luftqualit&auml;t, um selbstst&auml;ndig Messungen im Alltag durchzuf&uuml;hren und mit Unterst&uuml;tzung einer App die erhobenen Feinstaubdaten zu analysieren und interpretieren. <\/p>\n\n            <\/div>\n        <\/div>\n            <\/div>\n<\/div>\n\n\n<div\n    id=\"\"\n    class=\"wp-block-content-image margin-bottom-normal\"\n>\n    <div class=\"container-lg\">\n        <div class=\"row\">\n            <div class=\"col-12\">\n                <div  x-data=\"{ modal: false }\" >\n\n                    <div class=\"image-wrapper\">\n                        <picture>\n                        <source\n                media=\"(max-width: 576px)\"\n                srcset=\"https:\/\/cdn3.fh-joanneum.at\/media\/sites\/30\/2021\/02\/praxisprojekte-3.jpg, https:\/\/cdn3.fh-joanneum.at\/media\/sites\/30\/2021\/02\/praxisprojekte-3-768x512.jpg 2x\"\n            \/>\n                    <source\n                media=\"(max-width: 768px)\"\n                srcset=\"https:\/\/cdn3.fh-joanneum.at\/media\/sites\/30\/2021\/02\/praxisprojekte-3-768x512.jpg, https:\/\/cdn3.fh-joanneum.at\/media\/sites\/30\/2021\/02\/praxisprojekte-3-1024x683.jpg 2x\"\n            \/>\n                    <source\n                media=\"(max-width: 1024px)\"\n                srcset=\"https:\/\/cdn3.fh-joanneum.at\/media\/sites\/30\/2021\/02\/praxisprojekte-3-1024x683.jpg, https:\/\/cdn3.fh-joanneum.at\/media\/sites\/30\/2021\/02\/praxisprojekte-3.jpg 2x\"\n            \/>\n                    <source\n                media=\"(max-width: 1200px)\"\n                srcset=\"https:\/\/cdn3.fh-joanneum.at\/media\/sites\/30\/2021\/02\/praxisprojekte-3.jpg, https:\/\/cdn3.fh-joanneum.at\/media\/sites\/30\/2021\/02\/praxisprojekte-3.jpg 2x\"\n            \/>\n                    <source\n                media=\"(max-width: 1200px)\"\n                srcset=\"https:\/\/cdn3.fh-joanneum.at\/media\/sites\/30\/2021\/02\/praxisprojekte-3.jpg, https:\/\/cdn3.fh-joanneum.at\/media\/sites\/30\/2021\/02\/praxisprojekte-3.jpg 2x\"\n            \/>\n                <img decoding=\"async\"\n        class=\"img-fluid @if ($image_credit || $media_subtitle) mb-2 @endif @if ($lightbox) modal-trigger @endif\" @click=\"modal = !modal\" aria-expanded=\"false\"\n        src=\"https:\/\/cdn3.fh-joanneum.at\/media\/sites\/30\/2021\/02\/praxisprojekte-3.jpg\"\n        alt=\"Airbeam \"\n        title=\"\"\n         loading=\"lazy\"             >\n<\/picture>\n\n                                                    <p class=\"text-muted fst-italic\">Photo: \u00a9 FH JOANNEUM <\/p>\n                                                                            <p class=\"text-muted\">Das tragbare Air-Beam-Messger\u00e4t eignet sich gut f\u00fcr praktische \u00dcbungen.<\/p>\n                                            <\/div>\n\n                                            <div\n                            class=\"modal-wrapper\"\n                            :class=\"{ 'active': modal }\"\n                        >\n                            <div\n                                class=\"backdrop\"\n                                x-show.transition.opacity.duration.600ms=\"modal\"\n                                @click=\"modal = false\"\n                                style=\"display: none;\"\n                            ><\/div>\n                            <button\n                                class=\"close-btn\"\n                                @click=\"modal = false\"\n                            >\n                                <svg class=\"fill\" id=\"icon-close\" viewBox=\"0 0 512 512\" xmlns=\"http:\/\/www.w3.org\/2000\/svg\">\n  <path d=\"m308 256l193-194c15-14 15-37 0-51-14-15-37-15-51 0l-194 193-194-193c-14-15-37-15-51 0-15 14-15 37 0 51l193 194-193 194c-15 14-15 37 0 51 7 7 16 11 26 11 9 0 18-4 25-11l194-193 194 193c7 7 16 11 25 11 10 0 19-4 26-11 15-14 15-37 0-51z\"\/>\n<\/svg>                            <\/button>\n                            <div class=\"modal-panel\">\n                                <picture>\n                        <source\n                media=\"(max-width: 576px)\"\n                srcset=\"https:\/\/cdn3.fh-joanneum.at\/media\/sites\/30\/2021\/02\/praxisprojekte-3.jpg, https:\/\/cdn3.fh-joanneum.at\/media\/sites\/30\/2021\/02\/praxisprojekte-3-768x512.jpg 2x\"\n            \/>\n                    <source\n                media=\"(max-width: 768px)\"\n                srcset=\"https:\/\/cdn3.fh-joanneum.at\/media\/sites\/30\/2021\/02\/praxisprojekte-3-768x512.jpg, https:\/\/cdn3.fh-joanneum.at\/media\/sites\/30\/2021\/02\/praxisprojekte-3-1024x683.jpg 2x\"\n            \/>\n                    <source\n                media=\"(max-width: 1024px)\"\n                srcset=\"https:\/\/cdn3.fh-joanneum.at\/media\/sites\/30\/2021\/02\/praxisprojekte-3-1024x683.jpg, https:\/\/cdn3.fh-joanneum.at\/media\/sites\/30\/2021\/02\/praxisprojekte-3.jpg 2x\"\n            \/>\n                    <source\n                media=\"(max-width: 1200px)\"\n                srcset=\"https:\/\/cdn3.fh-joanneum.at\/media\/sites\/30\/2021\/02\/praxisprojekte-3.jpg, https:\/\/cdn3.fh-joanneum.at\/media\/sites\/30\/2021\/02\/praxisprojekte-3.jpg 2x\"\n            \/>\n                    <source\n                media=\"(max-width: 1200px)\"\n                srcset=\"https:\/\/cdn3.fh-joanneum.at\/media\/sites\/30\/2021\/02\/praxisprojekte-3.jpg, https:\/\/cdn3.fh-joanneum.at\/media\/sites\/30\/2021\/02\/praxisprojekte-3.jpg 2x\"\n            \/>\n                <img decoding=\"async\"\n        class=\"img-fluid\"\n        src=\"https:\/\/cdn3.fh-joanneum.at\/media\/sites\/30\/2021\/02\/praxisprojekte-3.jpg\"\n        alt=\"Praxisprojekte 1\"\n        title=\"\"\n         loading=\"lazy\"             >\n<\/picture>\n\n                            <\/div>\n                        <\/div>\n                                    <\/div>\n\n            <\/div>\n        <\/div>\n    <\/div>\n<\/div>\n\n\n<div\n    id=\"\"\n    class=\"wp-block-content-image margin-bottom-normal\"\n>\n    <div class=\"container-lg\">\n        <div class=\"row\">\n            <div class=\"col-12\">\n                <div  x-data=\"{ modal: false }\" >\n\n                    <div class=\"image-wrapper\">\n                        <picture>\n                        <source\n                media=\"(max-width: 576px)\"\n                srcset=\"https:\/\/cdn3.fh-joanneum.at\/media\/sites\/30\/2021\/02\/praxisprojekte-5.jpg, https:\/\/cdn3.fh-joanneum.at\/media\/sites\/30\/2021\/02\/praxisprojekte-5-768x768.jpg 2x\"\n            \/>\n                    <source\n                media=\"(max-width: 768px)\"\n                srcset=\"https:\/\/cdn3.fh-joanneum.at\/media\/sites\/30\/2021\/02\/praxisprojekte-5-768x768.jpg, https:\/\/cdn3.fh-joanneum.at\/media\/sites\/30\/2021\/02\/praxisprojekte-5-1024x1024.jpg 2x\"\n            \/>\n                    <source\n                media=\"(max-width: 1024px)\"\n                srcset=\"https:\/\/cdn3.fh-joanneum.at\/media\/sites\/30\/2021\/02\/praxisprojekte-5-1024x1024.jpg, https:\/\/cdn3.fh-joanneum.at\/media\/sites\/30\/2021\/02\/praxisprojekte-5.jpg 2x\"\n            \/>\n                    <source\n                media=\"(max-width: 1200px)\"\n                srcset=\"https:\/\/cdn3.fh-joanneum.at\/media\/sites\/30\/2021\/02\/praxisprojekte-5.jpg, https:\/\/cdn3.fh-joanneum.at\/media\/sites\/30\/2021\/02\/praxisprojekte-5.jpg 2x\"\n            \/>\n                    <source\n                media=\"(max-width: 1200px)\"\n                srcset=\"https:\/\/cdn3.fh-joanneum.at\/media\/sites\/30\/2021\/02\/praxisprojekte-5.jpg, https:\/\/cdn3.fh-joanneum.at\/media\/sites\/30\/2021\/02\/praxisprojekte-5.jpg 2x\"\n            \/>\n                <img decoding=\"async\"\n        class=\"img-fluid @if ($image_credit || $media_subtitle) mb-2 @endif @if ($lightbox) modal-trigger @endif\" @click=\"modal = !modal\" aria-expanded=\"false\"\n        src=\"https:\/\/cdn3.fh-joanneum.at\/media\/sites\/30\/2021\/02\/praxisprojekte-5.jpg\"\n        alt=\"Praxisprojekte 3\"\n        title=\"\"\n         loading=\"lazy\"             >\n<\/picture>\n\n                                                    <p class=\"text-muted fst-italic\">Photo: \u00a9 FH JOANNEUM <\/p>\n                                                                            <p class=\"text-muted\">Die Messungen werden mittels App dokumentiert. <\/p>\n                                            <\/div>\n\n                                            <div\n                            class=\"modal-wrapper\"\n                            :class=\"{ 'active': modal }\"\n                        >\n                            <div\n                                class=\"backdrop\"\n                                x-show.transition.opacity.duration.600ms=\"modal\"\n                                @click=\"modal = false\"\n                                style=\"display: none;\"\n                            ><\/div>\n                            <button\n                                class=\"close-btn\"\n                                @click=\"modal = false\"\n                            >\n                                <svg class=\"fill\" id=\"icon-close\" viewBox=\"0 0 512 512\" xmlns=\"http:\/\/www.w3.org\/2000\/svg\">\n  <path d=\"m308 256l193-194c15-14 15-37 0-51-14-15-37-15-51 0l-194 193-194-193c-14-15-37-15-51 0-15 14-15 37 0 51l193 194-193 194c-15 14-15 37 0 51 7 7 16 11 26 11 9 0 18-4 25-11l194-193 194 193c7 7 16 11 25 11 10 0 19-4 26-11 15-14 15-37 0-51z\"\/>\n<\/svg>                            <\/button>\n                            <div class=\"modal-panel\">\n                                <picture>\n                        <source\n                media=\"(max-width: 576px)\"\n                srcset=\"https:\/\/cdn3.fh-joanneum.at\/media\/sites\/30\/2021\/02\/praxisprojekte-5.jpg, https:\/\/cdn3.fh-joanneum.at\/media\/sites\/30\/2021\/02\/praxisprojekte-5-768x768.jpg 2x\"\n            \/>\n                    <source\n                media=\"(max-width: 768px)\"\n                srcset=\"https:\/\/cdn3.fh-joanneum.at\/media\/sites\/30\/2021\/02\/praxisprojekte-5-768x768.jpg, https:\/\/cdn3.fh-joanneum.at\/media\/sites\/30\/2021\/02\/praxisprojekte-5-1024x1024.jpg 2x\"\n            \/>\n                    <source\n                media=\"(max-width: 1024px)\"\n                srcset=\"https:\/\/cdn3.fh-joanneum.at\/media\/sites\/30\/2021\/02\/praxisprojekte-5-1024x1024.jpg, https:\/\/cdn3.fh-joanneum.at\/media\/sites\/30\/2021\/02\/praxisprojekte-5.jpg 2x\"\n            \/>\n                    <source\n                media=\"(max-width: 1200px)\"\n                srcset=\"https:\/\/cdn3.fh-joanneum.at\/media\/sites\/30\/2021\/02\/praxisprojekte-5.jpg, https:\/\/cdn3.fh-joanneum.at\/media\/sites\/30\/2021\/02\/praxisprojekte-5.jpg 2x\"\n            \/>\n                    <source\n                media=\"(max-width: 1200px)\"\n                srcset=\"https:\/\/cdn3.fh-joanneum.at\/media\/sites\/30\/2021\/02\/praxisprojekte-5.jpg, https:\/\/cdn3.fh-joanneum.at\/media\/sites\/30\/2021\/02\/praxisprojekte-5.jpg 2x\"\n            \/>\n                <img decoding=\"async\"\n        class=\"img-fluid\"\n        src=\"https:\/\/cdn3.fh-joanneum.at\/media\/sites\/30\/2021\/02\/praxisprojekte-5.jpg\"\n        alt=\"Praxisprojekte 3\"\n        title=\"\"\n         loading=\"lazy\"             >\n<\/picture>\n\n                            <\/div>\n                        <\/div>\n                                    <\/div>\n\n            <\/div>\n        <\/div>\n    <\/div>\n<\/div>\n","protected":false},"excerpt":{"rendered":"<p>Die vielseitige Ausbildung erm\u00f6glicht Ihnen, im Studium an interessanten und spannenden Projekten zu arbeiten. Was dabei entstehen kann, wenn Sie ihr theoretisches Wissen in die Praxis umsetzen, erfahren Sie hier.<\/p>\n","protected":false},"author":12,"featured_media":0,"parent":10001005,"menu_order":63,"comment_status":"closed","ping_status":"closed","template":"","meta":{"_acf_changed":false,"footnotes":""},"acf":[],"aioseo_notices":[],"_links":{"self":[{"href":"https:\/\/www.fh-joanneum.at\/energie-mobilitaets-und-umweltmanagement\/bachelor\/wp-json\/wp\/v2\/pages\/10000139"}],"collection":[{"href":"https:\/\/www.fh-joanneum.at\/energie-mobilitaets-und-umweltmanagement\/bachelor\/wp-json\/wp\/v2\/pages"}],"about":[{"href":"https:\/\/www.fh-joanneum.at\/energie-mobilitaets-und-umweltmanagement\/bachelor\/wp-json\/wp\/v2\/types\/page"}],"author":[{"embeddable":true,"href":"https:\/\/www.fh-joanneum.at\/energie-mobilitaets-und-umweltmanagement\/bachelor\/wp-json\/wp\/v2\/users\/12"}],"replies":[{"embeddable":true,"href":"https:\/\/www.fh-joanneum.at\/energie-mobilitaets-und-umweltmanagement\/bachelor\/wp-json\/wp\/v2\/comments?post=10000139"}],"version-history":[{"count":2,"href":"https:\/\/www.fh-joanneum.at\/energie-mobilitaets-und-umweltmanagement\/bachelor\/wp-json\/wp\/v2\/pages\/10000139\/revisions"}],"predecessor-version":[{"id":10001104,"href":"https:\/\/www.fh-joanneum.at\/energie-mobilitaets-und-umweltmanagement\/bachelor\/wp-json\/wp\/v2\/pages\/10000139\/revisions\/10001104"}],"up":[{"embeddable":true,"href":"https:\/\/www.fh-joanneum.at\/energie-mobilitaets-und-umweltmanagement\/bachelor\/wp-json\/wp\/v2\/pages\/10001005"}],"wp:attachment":[{"href":"https:\/\/www.fh-joanneum.at\/energie-mobilitaets-und-umweltmanagement\/bachelor\/wp-json\/wp\/v2\/media?parent=10000139"}],"curies":[{"name":"wp","href":"https:\/\/api.w.org\/{rel}","templated":true}]}}