{"id":10000768,"date":"2020-03-26T13:30:53","date_gmt":"2020-03-26T13:30:53","guid":{"rendered":"https:\/\/www.fh-joanneum.at\/energie-mobilitaets-und-umweltmanagement\/bachelor\/?page_id=768"},"modified":"2020-03-26T14:45:41","modified_gmt":"2020-03-26T14:45:41","slug":"theresa-urbanz-bsc-msc","status":"publish","type":"page","link":"https:\/\/www.fh-joanneum.at\/energie-mobilitaets-und-umweltmanagement\/bachelor\/nach-dem-studium\/absolventinnen-absolventen\/theresa-urbanz-bsc-msc\/","title":{"rendered":"Theresa Urbanz, BSc MSc"},"content":{"rendered":"<div id=\"\" class=\"wp-block-text-content margin-bottom-normal\">\n    <div class=\"container-lg\">\n        <div class=\"row\">\n            <div class=\"col\">\n                <h4>Eckdaten<\/h4>\n<p><strong>Jobbezeichnung:<\/strong> Projektleiterin im Bereich Innovationen und Projektmanagement<\/p>\n<p><strong>Unternehmen:<\/strong> <a href=\"https:\/\/www.ea-stmk.at\/de_DE\" target=\"_blank\" rel=\"noopener noreferrer\">Energie Agentur Steiermark<\/a><\/p>\n\n            <\/div>\n        <\/div>\n            <\/div>\n<\/div>\n\n<div id=\"\" class=\"wp-block-text-content margin-bottom-none\">\n    <div class=\"container-lg\">\n        <div class=\"row\">\n            <div class=\"col\">\n                <div class=\"module-migration-headline\">\n<h4>Interview<\/h4>\n<\/div>\n\n            <\/div>\n        <\/div>\n            <\/div>\n<\/div>\n\n<div id=\"\" class=\"wp-block-text-content margin-bottom-normal\">\n    <div class=\"container-lg\">\n        <div class=\"row\">\n            <div class=\"col\">\n                <p><strong>Sie haben Energie, Mobilit&auml;t und Umweltmanagement studiert, in welchem Jahrgang waren Sie?<\/strong><\/p>\n<p>Ich war im Jahrgang 2012 des Bachelorstudiums &bdquo;Energie-, Mobilit&auml;t- und Umweltmanagement&ldquo; und im Jahrgang 2015 des &bdquo;Masterstudiums&ldquo; Energy and Transport Management.<\/p>\n<p><strong>Wie hat Ihnen das Studium an der FH JOANNEUM gefallen? Was hat Ihnen besonders gefallen?<\/strong><\/p>\n<p>Der breite Themenbereich sowie die berufserm&ouml;glichende Organisation des Masterstudiums sind jedenfalls hervorzuheben. Besonders gefallen hat mir die freundschaftliche und pers&ouml;nliche Atmosph&auml;re, kombiniert mit spannenden Vorlesungen. <\/p>\n<p><strong>Wie w&uuml;rden Sie das Studium in einem Satz beschreiben?<\/strong><\/p>\n<p>Praxisorientierte, abwechslungsreiche Ausbildung f&uuml;r die Planerinnen und Planer der Energiewende.<\/p>\n<p><strong>War es von Anfang an klar, dass Sie etwas in diese Richtung studieren werden? Wof&uuml;r haben Sie sich als Jugendliche interessiert?<\/strong><\/p>\n<p>Ich bin sehr naturverbunden aufgewachsen und umweltrelevante Themen sowie Technik fand ich schon immer spannend. Daher war die Wahl des Studiums nicht &uuml;berraschend. <\/p>\n<p><strong>Wie hat Sie das Studium auf Ihren Beruf vorbereitet? Welche F&auml;higkeiten und welches Know-how k&ouml;nnen Sie aus dem Studium mitnehmen?<\/strong><\/p>\n<p>Durch das Studium habe ich eine sehr gute, breit gef&auml;cherte Basis bekommen. Die Vorlesungsunterlagen bieten auch jetzt noch hilfreiche Nachschlagewerke im beruflichen Alltag. Der praxisorientierte Aufbau sowie der englischsprachige Master passen sehr gut zu meinem aktuellen T&auml;tigkeitsbereich mit internationalen F&ouml;rderprojekten. <\/p>\n<p><strong>Worum geht es in Ihrem aktuellen Job? Was kann man sich genau darunter vorstellen?<\/strong><\/p>\n<p>Aktuell arbeite ich bei der Energie Agentur Steiermark im Bereich Innovationen und Projektmanagement als Projektleiterin. Hierbei geht es um die Akquise und inhaltliche und organisatorische Abwicklung von nationalen und internationalen F&ouml;rderprojekten sowie um Auftr&auml;ge des Landes Steiermark rund um die Themen erneuerbare Energie, Energieeffizienz und die Energiewende. Ich arbeite mit vielen interessanten Menschen aus &Ouml;sterreich und ganz Europa zusammen, organisiere Veranstaltungen und unser Team kann die Zukunft jeden Tag ein bisschen gr&uuml;ner gestalten. <\/p>\n<p><strong>Wie schaut ein typischer Arbeitsalltag f&uuml;r Sie aus? An welchen Projekten arbeiten Sie zurzeit?<\/strong><\/p>\n<p>Meist arbeite ich an mehreren, thematisch oft unterschiedlichen Projekten gleichzeitig. Das bringt einerseits gro&szlig;e Abwechslung in den Alltag, kann aber auch durchaus herausfordernd sein. Aktuell sind wir unter anderem mit &ouml;sterreichischen Kolleginnen und Kollegen an der Entwicklung eines W&auml;rmeatlas f&uuml;r die Energieraumplanung, an der Organisation des Umweltpreises Energy Globe STYRIA Award Mitte Mai 2020 und mehreren europ&auml;ischen F&ouml;rderprojekten sowie Landesauftr&auml;gen besch&auml;ftigt. Mehr Infos gibt&rsquo;s auf der Homepage der Energie Agentur Steiermark. <\/p>\n<p><strong>Wie hat sich Ihre Karriere durch das Studium ver&auml;ndert?<\/strong><\/p>\n<p>Ohne dieses Studium w&auml;re ich vermutlich nicht bei der Energie Agentur Steiermark gelandet. Ich denke, es h&auml;tte mich in eine &auml;hnliche Richtung verschlagen, aber nur durch die gute, zeitliche Organisation des Studiums und dem damit m&ouml;glichen fr&uuml;hen Studienabschluss kann ich nun auch schon mit unter 30 Jahren bereits einige Jahre Berufserfahrung in meiner Branche vorweisen. <\/p>\n<p><strong>Was gef&auml;llt Ihnen am besten an Ihrem Job? Was ist besonders interessant? Was sind die Herausforderungen in Ihrem Job?<\/strong><\/p>\n<p>Es gef&auml;llt mir sehr, dass ich an wichtigen und zukunftsweisenden Themen arbeiten kann. Klimaschutz und Energiewende sind nun st&auml;rker denn je in der Gesellschaft pr&auml;sent und ich freue mich, dass ich jeden Tag dazu einen Beitrag leisten kann. Besonders gef&auml;llt mir, dass es inhaltlich abwechslungsreich ist und ich durch die internationalen Dienstreisen viele interessante Kolleginnen und Kollegen aus der Branche kennenlernen kann. Die gr&ouml;&szlig;te Herausforderung ist, sich immer wieder neuen Projekten und Themen zu stellen und mit den unterschiedlichen Kulturen und Mentalit&auml;ten Europas zusammenzuarbeiten. <\/p>\n<p><strong>Welche F&auml;higkeiten braucht es in diesem Beruf? Was muss man k&ouml;nnen, um in Ihrem Berufsfeld arbeiten zu k&ouml;nnen?<\/strong><\/p>\n<p>Stressresistenz, Flexibilit&auml;t und pers&ouml;nliches, fachliches Interesse spielen auf jeden Fall eine gro&szlig;e Rolle in meinem Alltag. Zudem sollte man teamf&auml;hig sein, Organisationstalent besitzen und gut kommunizieren k&ouml;nnen. Ein breites Wissen zum Energiesystem runden das Profil ab.<\/p>\n<p><strong>Welche Tipps w&uuml;rden Sie Berufseinsteigerinnen und Berufseinsteiger mitgeben?<\/strong><\/p>\n<p>So fr&uuml;h wie m&ouml;glich mit branchenrelevanten Praktika beginnen und wenn m&ouml;glich ein interessantes Bachelor- und Masterarbeitsthema in Zusammenarbeit mit einem Unternehmen bearbeiten.  <\/p>\n<p><strong>Haben Sie noch Kontakt zu ihren Studienkolleginnen und Studienkollegen?<\/strong><\/p>\n<p>Mit vielen Studienkolleginnen und Studienkollegen gibt es beruflichen und freundschaftlichen Kontakt. Viele sind in der Branche geblieben, sodass man sich immer wieder mal &uuml;ber den Weg l&auml;uft. Freunde f&uuml;rs Leben habe ich in den f&uuml;nf Jahren Studium ebenfalls gefunden. <\/p>\n<p><strong>Was w&uuml;nschen Sie sich f&uuml;r die Zukunft? Was m&ouml;chten Sie beruflich noch erreichen?<\/strong><\/p>\n<p>F&uuml;r die Zukunft w&uuml;nsche ich mir, dass es beruflich so abwechslungsreich und interessant bleibt.<\/p>\n<p><strong>Warum w&uuml;rden Sie einer jungen Maturantin oder einem Maturanten empfehlen, &bdquo;Energie-, Mobilit&auml;ts- und Umweltmanagement&ldquo; an der FH JOANNEUM zu studieren?<\/strong><\/p>\n<p>Ich kann das Studium jeder und jedem mit Interesse an Energie- und Klimaschutz weiterempfehlen. Durch die breite Basis steht es einem nach dem Studium offen, sich in die bevorzugte Fachrichtung weiterzuentwickeln. <\/p>\n<p><em>Das Interview mit Theresa Urbanz f&uuml;hrte Karin Kuchler, Hochschullektorin am Institut Energie-, Verkehrs- und Umweltmanagement.<\/em><\/p>\n\n            <\/div>\n        <\/div>\n            <\/div>\n<\/div>\n\n","protected":false},"excerpt":{"rendered":"<p>Theresa Urbanz ist als Projektleiterin bei der Energie Agentur Steiermark im Bereich Innovationen und Projektmanagement t\u00e4tig. Im Interview erz\u00e4hlt sie \u00fcber ihr Studium, ihren Job und was sie sich in Zukunft w\u00fcnscht.<\/p>\n","protected":false},"author":11,"featured_media":10000769,"parent":10000153,"menu_order":15,"comment_status":"closed","ping_status":"closed","template":"template-absolvent.blade.php","meta":{"_acf_changed":false,"footnotes":""},"acf":[],"aioseo_notices":[],"_links":{"self":[{"href":"https:\/\/www.fh-joanneum.at\/energie-mobilitaets-und-umweltmanagement\/bachelor\/wp-json\/wp\/v2\/pages\/10000768"}],"collection":[{"href":"https:\/\/www.fh-joanneum.at\/energie-mobilitaets-und-umweltmanagement\/bachelor\/wp-json\/wp\/v2\/pages"}],"about":[{"href":"https:\/\/www.fh-joanneum.at\/energie-mobilitaets-und-umweltmanagement\/bachelor\/wp-json\/wp\/v2\/types\/page"}],"author":[{"embeddable":true,"href":"https:\/\/www.fh-joanneum.at\/energie-mobilitaets-und-umweltmanagement\/bachelor\/wp-json\/wp\/v2\/users\/11"}],"replies":[{"embeddable":true,"href":"https:\/\/www.fh-joanneum.at\/energie-mobilitaets-und-umweltmanagement\/bachelor\/wp-json\/wp\/v2\/comments?post=10000768"}],"version-history":[{"count":0,"href":"https:\/\/www.fh-joanneum.at\/energie-mobilitaets-und-umweltmanagement\/bachelor\/wp-json\/wp\/v2\/pages\/10000768\/revisions"}],"up":[{"embeddable":true,"href":"https:\/\/www.fh-joanneum.at\/energie-mobilitaets-und-umweltmanagement\/bachelor\/wp-json\/wp\/v2\/pages\/10000153"}],"wp:featuredmedia":[{"embeddable":true,"href":"https:\/\/www.fh-joanneum.at\/energie-mobilitaets-und-umweltmanagement\/bachelor\/wp-json\/wp\/v2\/media\/10000769"}],"wp:attachment":[{"href":"https:\/\/www.fh-joanneum.at\/energie-mobilitaets-und-umweltmanagement\/bachelor\/wp-json\/wp\/v2\/media?parent=10000768"}],"curies":[{"name":"wp","href":"https:\/\/api.w.org\/{rel}","templated":true}]}}