{"id":10000834,"date":"2021-05-18T09:59:04","date_gmt":"2021-05-18T09:59:04","guid":{"rendered":"https:\/\/www.fh-joanneum.at\/energie-mobilitaets-und-umweltmanagement\/bachelor\/?page_id=834"},"modified":"2021-05-18T11:12:00","modified_gmt":"2021-05-18T11:12:00","slug":"thomas-koenigshofer-bsc-msc","status":"publish","type":"page","link":"https:\/\/www.fh-joanneum.at\/energie-mobilitaets-und-umweltmanagement\/bachelor\/nach-dem-studium\/absolventinnen-absolventen\/thomas-koenigshofer-bsc-msc\/","title":{"rendered":"Thomas K\u00f6nigshofer, BSc MSc"},"content":{"rendered":"<div id=\"\" class=\"wp-block-text-content margin-bottom-normal\">\n    <div class=\"container-lg\">\n        <div class=\"row\">\n            <div class=\"col\">\n                <h4>Eckdaten<\/h4>\n<p><strong>Jobbezeichnung:<\/strong> Auditor im Bereich Energiezertifizierungen und Experte im Bereich Umweltmesstechnik <\/p>\n<p><strong>Unternehmen:<\/strong> T&Uuml;V S&Uuml;D Landesgesellschaft &Ouml;sterreich GmbH in Bruck an der Mur <a href=\"https:\/\/www.tuvsud.com\/de-at\" target=\"_blank\" rel=\"noopener noreferrer\">(T&Uuml;V S&Uuml;D &Ouml;sterreich &ndash; Mehr Wert. Mehr Vertrauen. | T&Uuml;V S&Uuml;D &Ouml;sterreich)<\/a><\/p>\n\n            <\/div>\n        <\/div>\n            <\/div>\n<\/div>\n\n<div id=\"\" class=\"wp-block-text-content margin-bottom-none\">\n    <div class=\"container-lg\">\n        <div class=\"row\">\n            <div class=\"col\">\n                <div class=\"module-migration-headline\">\n<h4>Interview<\/h4>\n<\/div>\n\n            <\/div>\n        <\/div>\n            <\/div>\n<\/div>\n\n<div id=\"\" class=\"wp-block-text-content margin-bottom-normal\">\n    <div class=\"container-lg\">\n        <div class=\"row\">\n            <div class=\"col\">\n                <h6>Sie haben Energie, Mobilit&auml;t und Umweltmanagement studiert, in welchem Jahrgang waren Sie?<\/h6>\n<p>Ich war in den Jahrg&auml;ngen &bdquo;Energie-, Verkehrs-und Umweltmanagement&ldquo; 2012 und im Jahrgang 2015 des Masterstudiums &bdquo;Energy and Transport Management&ldquo;. <\/p>\n<h6>Wie hat Ihnen das Studium an der FH JOANNEUM gefallen? Was hat Ihnen besonders gefallen?<\/h6>\n<p>Besonders hervorzuheben ist, dass das Bachelorstudium sowie das Masterstudium den Zahn der Zeit treffen und mit den Schwerpunktthemen wie Energie und Mobilit&auml;t, aber vor allem auch Umwelt die Studierenden bestens auf den Arbeitsmarkt vorbereiten. Was mir pers&ouml;nlich aber auch immer sehr gut gefallen hat, ist die Kombination aus Technik und Management. Die Ausbildung zur Wirtschaftsingenieurin beziehungsweise zum Wirtschaftsingenieur ist ein gro&szlig;er Pluspunkt f&uuml;r das Studium und nat&uuml;rlich der gro&szlig;e Anteil an praktischen T&auml;tigkeiten. <\/p>\n<h6>Wie w&uuml;rden Sie das Studium in einem Satz beschreiben?<\/h6>\n<p>Das Studium schafft die Basis, um die Herausforderungen der Zukunft wie beispielsweise Dekarbonisierung und Green Deal bew&auml;ltigen zu k&ouml;nnen. <\/p>\n<h6>War es von Anfang an klar, dass Sie etwas in diese Richtung studieren werden? Wof&uuml;r haben Sie sich als Jugendlicher interessiert?<\/h6>\n<p>Ich habe mich bereits in meiner Jugend sehr f&uuml;r diese spannenden und zukunftsorientierten Themengebiete begeistern k&ouml;nnen und deshalb an der HTL Kapfenberg den Zweig Kunststoff- und Umwelttechnik absolviert. Nach meiner Matura hat es mich erst mal an die TU Graz in den Bereich Maschinenbau- und Wirtschaftsingenieurwesen verschlagen. <\/p>\n<p>Nach kurzer Zeit wurde mir jedoch klar, dass dies nicht der Bereich ist, in dem ich in Zukunft meine berufliche Karriere starten m&ouml;chte. Deshalb entschied ich mich, das Studium &bdquo;Energie-, Verkehrs- und Umweltmanagement&ldquo; und &bdquo;Energy and Transport Management&ldquo; an der FH JOANNEUM Kapfenberg zu absolvieren. Aus jetziger Sicht kann ich nur sagen, dass das auf jeden Fall die richtige Entscheidung f&uuml;r mich war.<\/p>\n<h6>Wie hat Sie das Studium auf Ihren Beruf vorbereitet? Welche F&auml;higkeiten und welches Know-how k&ouml;nnen Sie aus dem Studium mitnehmen?<\/h6>\n<p>Die Ausbildung im Bereich Energieerzeugung \/ Energiewirtschaft sowie die Wirkung verschiedener Prozesse auf die Umwelt liefern eine gute Grundlage f&uuml;r meine beruflichen T&auml;tigkeiten. Au&szlig;erdem bietet das Studium zahlreiche Zusatzausbildungen wie Umweltbeauftragter bzw. Umweltbeauftragte, interne Umweltauditorin bzw. interner Umweltauditor, Energieberaterin bzw. Energieberater etc., welche f&uuml;r die sp&auml;tere berufliche Laufbahn auf jeden Fall einen Vorteil bringen k&ouml;nnen. <\/p>\n<h6>Worum geht es in Ihrem aktuellen Job? Was kann man sich genau darunter vorstellen?<\/h6>\n<p>Aktuell bin ich bei der T&Uuml;V S&Uuml;D Landesgesellschaft &Ouml;sterreich GmbH, Abteilung Klimaschutz und Umwelttechnik, als Auditor im Bereich Energiezertifizierungen und als Experte f&uuml;r Umweltmesstechnik besch&auml;ftigt. Als Auditor konzentriere ich mich vor allem auf die Erzeugungszertifizierung erneuerbarer Energien wie gr&uuml;nem Strom und Wasserstoff. Au&szlig;erdem bin ich im Bereich des regulierten CO2-Handels (EU-ETS) t&auml;tig.<\/p>\n<p>Mein zweites Standbein neben der T&auml;tigkeit als Auditor beim T&Uuml;V S&Uuml;D ist der Bereich der Emissionsmesstechnik f&uuml;r Industrieanlagen und Biomasseheiz(kraft)werke. Da es mir ein gro&szlig;es Anliegen ist, dieses Wissen auch weiterzugeben, halte ich zudem Gastvortr&auml;ge an der FH JOANNEUM Kapfenberg am Bachelorstudiengang &bdquo;Energie-, Mobilit&auml;ts- und Umweltmanagement&ldquo; und der FH Technikum Wien am Masterstudiengang &bdquo;&Ouml;kotoxikologie und Umweltmanagement&ldquo;.<\/p>\n<h6>Wie schaut ein typischer Arbeitsalltag f&uuml;r Sie aus? An welchen Projekten arbeiten Sie zurzeit?<\/h6>\n<p>Einen typischen Arbeitsalltag gibt es in meinem Beruf eigentlich nicht, denn die Projekte, an denen ich arbeite, sind sehr unterschiedlich, aber aus diesem Grund auch sehr spannend. Aktuell besch&auml;ftige ich mich sehr intensiv mit der Zertifizierung von gr&uuml;nem Wasserstoff im In- und Ausland sowie mit der Bewertung von Treibhausgasemissionen. Dass diese Themen aktueller denn je sind, zeigen auch die Medien nur allzu gut. <\/p>\n<h6>Wie hat sich Ihre Karriere durch das Studium ver&auml;ndert?<\/h6>\n<p>Eigentlich hat mir das Studium an der FH JOANNEUM diese Karriere &uuml;berhaupt erst erm&ouml;glicht. <\/p>\n<h6>Was gef&auml;llt Ihnen am besten an Ihrem Job? Was ist besonders interessant? Was sind die Herausforderungen in Ihrem Job?<\/h6>\n<p>Auf jeden Fall die abwechslungsreichen und spannenden Problemstellungen und nat&uuml;rlich auch, dass man hier immer auf dem aktuellsten Stand der Technik bleiben und sich daher st&auml;ndig weiterbilden muss. <\/p>\n<h6>Welche F&auml;higkeiten braucht es in diesem Beruf? Was muss man k&ouml;nnen, um in Ihrem Berufsfeld arbeiten zu k&ouml;nnen?<\/h6>\n<p>Man braucht in erster Linie ein gutes technisches Verst&auml;ndnis f&uuml;r Anlagen und Prozesse von Industriebetrieben und nat&uuml;rlich generell f&uuml;r die Erzeugung von Energie. F&uuml;r den Bereich der Umweltmesstechnik sind Kenntnisse und F&auml;higkeiten der jeweiligen Mess- und Analyseverfahren sowie ein Grundwissen der Chemie gefordert. Neben diesen eher technischen F&auml;higkeiten sind nat&uuml;rlich auch gerade als Auditor Softskills im Bereich der Kommunikation wie Rhetorik und Gespr&auml;chsf&uuml;hrung sowie Projektmanagement sehr wichtig.<\/p>\n<h6>Welche Tipps w&uuml;rden Sie Personen f&uuml;r den Berufseinstieg mitgeben?<\/h6>\n<p>Man kann nach dem Studium nicht alles wissen, es liefert aber eine gute Basis f&uuml;r den Berufseinstieg und mit ausreichend Motivation und Ehrgeiz kann man alles erreichen. <\/p>\n<h6>Haben Sie noch Kontakt zu ihren Studienkolleginnen und Studienkollegen?<\/h6>\n<p>Nat&uuml;rlich. So breit wie das Studium aufgebaut ist, finden sich meine damaligen Studienkolleginnen und Studienkollegen heute in den vielf&auml;ltigsten Jobs im Energie-, Umwelt- und Mobilit&auml;tsbereich wieder. Es ist sehr spannend, sich immer wieder mit ihnen auszutauschen und Neuigkeiten aus der jeweiligen Branche zu erfahren.<\/p>\n<h6>Was w&uuml;nschen Sie sich f&uuml;r die Zukunft? Was m&ouml;chten Sie beruflich noch erreichen?<\/h6>\n<p>Die Zukunft soll auf jeden Fall ein noch st&auml;rkeres Umdenken der Bev&ouml;lkerung hinsichtlich Umweltschutz und Nachhaltigkeit bewirken. Beruflich w&uuml;nsche ich mir nat&uuml;rlich, diese Themen noch weiter forcieren und meine Karriere in diesem Bereich fortf&uuml;hren zu k&ouml;nnen. <\/p>\n<h6>W&uuml;rden Sie ihr Studium weiterempfehlen? Warum w&uuml;rden Sie einer jungen Maturantin oder einem Maturanten empfehlen, &bdquo;Energie-, Mobilit&auml;ts- und Umweltmanagement&ldquo; an der FH JOANNEUM zu studieren?<\/h6>\n<p>Ich w&uuml;rde das Studium auf jeden Fall weiterempfehlen, denn wie ich vorhin schon gesagt habe, ist es von zentraler Bedeutung, dass mehr Bewusstsein f&uuml;r diese Themen geschaffen wird. Und nur wenn wir alle unseren Beitrag leisten, k&ouml;nnen wir den Schritt in eine nachhaltigere Zukunft schaffen. Denn &bdquo;Umwelt-Know bringt klare Vorteile&ldquo; (T&Uuml;V S&Uuml;D, 2021).<\/p>\n<p><em>T&Uuml;V S&Uuml;D, 2021<\/em>   <br>\n<em>T&Uuml;V S&Uuml;D Landesgesellschaft &Ouml;sterreich (2021): Umwelttechnik und Klimaschutz, Umwelt-Know-how bringt klare Vorteile, <a href=\"https:\/\/www.tuvsud.com\/de-at\/dienstleistungen\/umwelttechnik-klimaschutz\" target=\"_blank\" rel=\"noopener noreferrer\">https:\/\/www.tuvsud.com\/de-at\/dienstleistungen\/umwelttechnik-klimaschutz<\/a>, abgerufen am 13. Mai 2021 um 14:30 Uhr<\/em><\/p>\n\n            <\/div>\n        <\/div>\n            <\/div>\n<\/div>\n\n","protected":false},"excerpt":{"rendered":"<p>Thomas K\u00f6nigshofer setzt sich als Experte f\u00fcr Umwelttechnik und Energiezertifizierungen f\u00fcr Klimaschutz und mehr Nachhaltigkeit ein. Im Interview erz\u00e4hlt er \u00fcber sein Studium, den Berufsalltag und was er sich f\u00fcr die Zukunft w\u00fcnscht. <\/p>\n","protected":false},"author":11,"featured_media":10000835,"parent":10000153,"menu_order":9,"comment_status":"closed","ping_status":"closed","template":"template-absolvent.blade.php","meta":{"_acf_changed":false,"footnotes":""},"acf":[],"aioseo_notices":[],"_links":{"self":[{"href":"https:\/\/www.fh-joanneum.at\/energie-mobilitaets-und-umweltmanagement\/bachelor\/wp-json\/wp\/v2\/pages\/10000834"}],"collection":[{"href":"https:\/\/www.fh-joanneum.at\/energie-mobilitaets-und-umweltmanagement\/bachelor\/wp-json\/wp\/v2\/pages"}],"about":[{"href":"https:\/\/www.fh-joanneum.at\/energie-mobilitaets-und-umweltmanagement\/bachelor\/wp-json\/wp\/v2\/types\/page"}],"author":[{"embeddable":true,"href":"https:\/\/www.fh-joanneum.at\/energie-mobilitaets-und-umweltmanagement\/bachelor\/wp-json\/wp\/v2\/users\/11"}],"replies":[{"embeddable":true,"href":"https:\/\/www.fh-joanneum.at\/energie-mobilitaets-und-umweltmanagement\/bachelor\/wp-json\/wp\/v2\/comments?post=10000834"}],"version-history":[{"count":0,"href":"https:\/\/www.fh-joanneum.at\/energie-mobilitaets-und-umweltmanagement\/bachelor\/wp-json\/wp\/v2\/pages\/10000834\/revisions"}],"up":[{"embeddable":true,"href":"https:\/\/www.fh-joanneum.at\/energie-mobilitaets-und-umweltmanagement\/bachelor\/wp-json\/wp\/v2\/pages\/10000153"}],"wp:featuredmedia":[{"embeddable":true,"href":"https:\/\/www.fh-joanneum.at\/energie-mobilitaets-und-umweltmanagement\/bachelor\/wp-json\/wp\/v2\/media\/10000835"}],"wp:attachment":[{"href":"https:\/\/www.fh-joanneum.at\/energie-mobilitaets-und-umweltmanagement\/bachelor\/wp-json\/wp\/v2\/media?parent=10000834"}],"curies":[{"name":"wp","href":"https:\/\/api.w.org\/{rel}","templated":true}]}}