{"id":10000984,"date":"2024-05-06T11:26:49","date_gmt":"2024-05-06T11:26:49","guid":{"rendered":"https:\/\/www.fh-joanneum.at\/energie-mobilitaets-und-umweltmanagement\/bachelor\/?page_id=984"},"modified":"2024-08-30T09:19:08","modified_gmt":"2024-08-30T07:19:08","slug":"faqs","status":"publish","type":"page","link":"https:\/\/www.fh-joanneum.at\/energie-mobilitaets-und-umweltmanagement\/bachelor\/vor-dem-studium\/faqs\/","title":{"rendered":"FAQs"},"content":{"rendered":"<div id=\"\" class=\"wp-block-text-content margin-bottom-none\">\n    <div class=\"container-lg\">\n        <div class=\"row\">\n            <div class=\"col\">\n                <div class=\"module-migration-headline\">\n<h3>FAQs<\/h3>\n<\/div>\n\n            <\/div>\n        <\/div>\n            <\/div>\n<\/div>\n\n\n<div\n    id=\"\"\n    class=\"wp-block-akkordeon margin-bottom-normal\"\n>\n    <div class=\"container-lg\">\n        <div class=\"row\">\n                                                <div class=\"col-12\">\n                        <h3 class=\"mb-0\"><\/h3>\n\n                                                                                                                    <div class=\"accordion-element-accordion\">\n                                    <a\n                                        data-bs-toggle=\"collapse\"\n                                        class=\"arrow-link large-arrow py-3 pe-1 d-block border-bottom collapsed\"\n                                        href=\"#accordion-1618621599\"\n                                    >\n                                        <h4\n                                            class=\"accordion-title mb-0 d-flex align-items-center justify-content-between\">\n                                            <span>Wie komme ich zur FH Kapfenberg?<\/span>\n                                            <svg width=\"12\" height=\"24\" viewBox=\"0 0 9 15\" fill=\"none\" xmlns=\"http:\/\/www.w3.org\/2000\/svg\">\n<path id=\"accordion_chevron\" d=\"M1.5 1.5L7.5 7.5L1.5 13.5\" stroke=\"currentColor\" stroke-width=\"1.5\" stroke-linecap=\"round\"\/>\n<\/svg>                                            <\/h5>\n                                    <\/a>\n                                    <div\n                                        class=\"collapse content-wrapper mt-4\"\n                                        id=\"accordion-1618621599\"\n                                    >\n                                        <p>Um zur FH JOANNEUM in Kapfenberg zu gelangen, stehen Ihnen verschiedene M\u00f6glichkeiten von Graz aus zur Verf\u00fcgung:<\/p>\n<ul>\n<li>\n<p>Mit dem Railjet: Nehmen Sie den Railjet am Hauptbahnhof Graz, der st\u00fcndlich in Richtung Wien f\u00e4hrt. Die Fahrt dauert etwa 40 Minuten bis nach Kapfenberg. Dort angekommen, steigen Sie um auf die S-Bahn Linie S9, die Sie direkt zur Haltestelle \u201eKapfenberg Fachhochschule Bahnsteig\u201c bringt. Von der Haltestelle aus ist es nur ein kurzer Fu\u00dfweg bis zum Campus.<\/p>\n<\/li>\n<li>\n<p>Mit der S-Bahn \u00fcber Bruck an der Mur: Eine alternative Route bietet die S-Bahn Linie S1, die Sie von Graz zum Bahnhof Bruck an der Mur bringt. Diese Fahrt dauert etwas l\u00e4nger, da der Zug an mehr Stationen h\u00e4lt. In Bruck an der Mur steigen Sie in die S-Bahn Linie S9 um, die Sie wiederum zur Haltestelle \u201eKapfenberg Fachhochschule Bahnsteig\u201c f\u00fchrt.<\/p>\n<\/li>\n<li>\n<p>Nicht so nachhaltig gibt es nat\u00fcrlich auch die Option der Anreise mit dem PKW: Starten Sie in Graz Nord und nehmen Sie die A9\/E57. Fahren Sie auf der A9\/E57 und wechseln Sie dann auf die S35 Richtung Wien\/Bruck an der Mur. Bleiben Sie auf der S35 und fahren Sie weiter, bis Sie auf die S6 \u00fcbergehen. Nehmen Sie die Ausfahrt 73-Kapfenberg von der S6, um auf die Mariazeller Stra\u00dfe\/B20 zu gelangen. Folgen Sie der Beschilderung bis zur Werk-VI-Stra\u00dfe, die Sie direkt zur FH JOANNEUM f\u00fchrt.<\/p>\n<\/li>\n<\/ul>\n<p><strong>Aus Richtung Leoben:<\/strong><br \/>\nF\u00fcr Studierende, die aus dem Raum Leoben anreisen, bietet sich die S-Bahn Linie S8 als bequeme Reisem\u00f6glichkeit an. Nehmen Sie die S8 bis Bruck an der Mur und steigen Sie dort auf die S-Bahn Linie S9 in Richtung M\u00fcrzzuschlag um. Diese bringt Sie direkt zum Bahnsteig Kapfenberg Fachhochschule.<\/p>\n<p><strong>Aus Richtung M\u00fcrzzuschlag:<\/strong><br \/>\nWenn Sie aus der Richtung M\u00fcrzzuschlag kommen, ist die S-Bahn Linie S9 in Richtung Bruck an der Mur die optimale Wahl. Diese Verbindung f\u00fchrt Sie direkt an den Bahnsteig Kapfenberg Fachhochschule, ohne umzusteigen.<\/p>\n\n                                    <\/div>\n                                <\/div>\n                                                                                            <div class=\"accordion-element-accordion\">\n                                    <a\n                                        data-bs-toggle=\"collapse\"\n                                        class=\"arrow-link large-arrow py-3 pe-1 d-block border-bottom collapsed\"\n                                        href=\"#accordion-1709736287\"\n                                    >\n                                        <h4\n                                            class=\"accordion-title mb-0 d-flex align-items-center justify-content-between\">\n                                            <span>Wo kann ich w\u00e4hrend des Studiums wohnen?<\/span>\n                                            <svg width=\"12\" height=\"24\" viewBox=\"0 0 9 15\" fill=\"none\" xmlns=\"http:\/\/www.w3.org\/2000\/svg\">\n<path id=\"accordion_chevron\" d=\"M1.5 1.5L7.5 7.5L1.5 13.5\" stroke=\"currentColor\" stroke-width=\"1.5\" stroke-linecap=\"round\"\/>\n<\/svg>                                            <\/h5>\n                                    <\/a>\n                                    <div\n                                        class=\"collapse content-wrapper mt-4\"\n                                        id=\"accordion-1709736287\"\n                                    >\n                                        <p><strong>WIST Studentenwohnheim:<\/strong> Wenn Sie sich ein geselliges Wohnumfeld in FH-N\u00e4he w\u00fcnschen, dann ist das WIST Studentenwohnheim genau das Richtige f\u00fcr Sie. Die 3-Personen-Wohnungen bieten jeder Person ein eigenes Zimmer, w\u00e4hrend Bad und K\u00fcche gemeinsam genutzt werden. So genie\u00dfen Sie Privatsph\u00e4re und gleichzeitig die Vorteile des studentischen Zusammenlebens. In den Gemeinschaftsr\u00e4umen mit Tischtennis, Tischfu\u00dfball und Billardtisch ist Langeweile garantiert ein Fremdwort. F\u00fcr Ihre W\u00e4sche steht eine Waschk\u00fcche zur Verf\u00fcgung und im Partyraum k\u00f6nnen Sie mit Freund:innen feiern. Ein Fitnessraum und ein \u00fcberdachter Innenhof runden das Angebot ab.<\/p>\n<p><strong>Brucker Wohnbau:<\/strong> Wenn Sie mehr Unabh\u00e4ngigkeit und Ruhe bevorzugen, sind die Einzimmerwohnungen des Brucker Wohnbaus eine gute Wahl. Hier haben Sie Ihr eigenes Reich mit K\u00fcchenzeile und Badezimmer.<\/p>\n<p>Sowohl das WIST Studentenwohnheim als auch der Brucker Wohnbau sind fu\u00dfl\u00e4ufig in nur 5 Minuten von der FH Kapfenberg entfernt. So sparen Sie sich Zeit f\u00fcr den Weg zur Vorlesung.<\/p>\n<p><strong>Graz:<\/strong> Wenn es Sie in die Gro\u00dfstadt zieht, ist auch Graz dank der guten \u00d6ffi-Anbindung eine attraktive Option. So genie\u00dfen Sie die Vorteile der Ausbildung in Kapfenberg und die vielf\u00e4ltigen Angebote der steirischen Landeshauptstadt.<\/p>\n\n                                    <\/div>\n                                <\/div>\n                                                                                            <div class=\"accordion-element-accordion\">\n                                    <a\n                                        data-bs-toggle=\"collapse\"\n                                        class=\"arrow-link large-arrow py-3 pe-1 d-block border-bottom collapsed\"\n                                        href=\"#accordion-1524306675\"\n                                    >\n                                        <h4\n                                            class=\"accordion-title mb-0 d-flex align-items-center justify-content-between\">\n                                            <span>Kann ich w\u00e4hrend des Studiums ins Ausland gehen?<\/span>\n                                            <svg width=\"12\" height=\"24\" viewBox=\"0 0 9 15\" fill=\"none\" xmlns=\"http:\/\/www.w3.org\/2000\/svg\">\n<path id=\"accordion_chevron\" d=\"M1.5 1.5L7.5 7.5L1.5 13.5\" stroke=\"currentColor\" stroke-width=\"1.5\" stroke-linecap=\"round\"\/>\n<\/svg>                                            <\/h5>\n                                    <\/a>\n                                    <div\n                                        class=\"collapse content-wrapper mt-4\"\n                                        id=\"accordion-1524306675\"\n                                    >\n                                        <p>Ja, das freiwillige Auslandssemester machts m\u00f6glich. Wenn Sie davon tr\u00e4umen, w\u00e4hrend Ihres Studiums neue Kulturen kennenzulernen, internationale Freundschaften zu schlie\u00dfen und wertvolle Erfahrungen zu sammeln, dann ist ein Auslandssemester oder -praktikum genau das Richtige f\u00fcr Sie!<br \/>\nDas Auslandssemester ist freiwillig und perfekt in Ihren Studienverlauf integrierbar. So verlieren Sie keine Zeit im Studium und k\u00f6nnen gleichzeitig die Welt entdecken. In unserem Studienplan k\u00f6nnen Sie im 4. oder 5. Semester ein Auslandssemester machen oder auch Ihr Praktikum im 6. Semester im Ausland absolvieren.<\/p>\n<p>Finanziell gef\u00f6rdert in Ihr Abenteuer: F\u00f6rderprogramme wie Erasmus+ unterst\u00fctzen Sie dabei, Ihr Auslandssemester finanziell zu stemmen. <\/p>\n<p>Wahl aus zahlreichen M\u00f6glichkeiten: Ob in Finnland, den Niederlanden, Spanien, Mexiko oder Kanada \u2013 an Partneruniversit\u00e4ten auf der ganzen Welt erwarten Sie spannende Herausforderungen und unvergessliche Erlebnisse.<\/p>\n<p>Keine Sorgen um die Anrechnung: Welche Vorlesungen Ihnen im Ausland angerechnet werden, wird bereits vor Ihrem Semester festgelegt. So k\u00f6nnen Sie sich unbeschwert auf Ihr Abenteuer konzentrieren und wissen, dass Ihr Studium reibungslos weitergeht.<\/p>\n<p>Gestalten Sie Ihr Studium individuell und erleben Sie etwas Einzigartiges! Ein Auslandssemester ist die perfekte Gelegenheit, Ihre Sprachkenntnisse zu verbessern, neue Perspektiven zu gewinnen und unvergessliche Erinnerungen zu sammeln.<\/p>\n\n                                    <\/div>\n                                <\/div>\n                                                                                            <div class=\"accordion-element-accordion\">\n                                    <a\n                                        data-bs-toggle=\"collapse\"\n                                        class=\"arrow-link large-arrow py-3 pe-1 d-block border-bottom collapsed\"\n                                        href=\"#accordion-1761030339\"\n                                    >\n                                        <h4\n                                            class=\"accordion-title mb-0 d-flex align-items-center justify-content-between\">\n                                            <span>Praxissemester \u2013 was bedeutet das eigentlich?<\/span>\n                                            <svg width=\"12\" height=\"24\" viewBox=\"0 0 9 15\" fill=\"none\" xmlns=\"http:\/\/www.w3.org\/2000\/svg\">\n<path id=\"accordion_chevron\" d=\"M1.5 1.5L7.5 7.5L1.5 13.5\" stroke=\"currentColor\" stroke-width=\"1.5\" stroke-linecap=\"round\"\/>\n<\/svg>                                            <\/h5>\n                                    <\/a>\n                                    <div\n                                        class=\"collapse content-wrapper mt-4\"\n                                        id=\"accordion-1761030339\"\n                                    >\n                                        <p>Das Praxissemester ist eine wertvolle M\u00f6glichkeit f\u00fcr Studierende, fachspezifische Berufserfahrung zu sammeln und wichtige Kontakte zu Unternehmen zu kn\u00fcpfen. Mit einer Dauer von insgesamt 400 Stunden bietet es Ihnen die Gelegenheit, intensiv in das Arbeitsleben einzutauchen und erm\u00f6glicht es Ihnen, theoretisches Wissen in der Praxis anzuwenden und relevante F\u00e4higkeiten zu entwickeln.<br \/>\nEine besondere Chance bietet sich Ihnen \u00fcber das Erasmus-Programm: Sie haben die M\u00f6glichkeit, Ihr Praxissemester auch im Ausland zu absolvieren. Dies er\u00f6ffnet nicht nur die M\u00f6glichkeit, interkulturelle Erfahrungen zu sammeln, sondern auch einen Einblick in internationale Arbeitsweisen und Gesch\u00e4ftspraktiken zu bekommen.<\/p>\n<p>Studierende, die bereits neben dem Studium einer fachspezifischen T\u00e4tigkeit in einem Unternehmen nachgehen, k\u00f6nnen sich das Praxissemester unter gewissen Voraussetzungen auch anrechnen lassen. Dies steigert die Flexibilit\u00e4t im Studium und bietet berufst\u00e4tigen Studierenden mehr Zeit, um sich im 6. Semester mit ihrer Abschlussarbeit auseinandersetzen zu k\u00f6nnen.<\/p>\n<p>Insgesamt ist das Praxissemester eine wichtige Phase im Studium, die Ihnen den \u00dcbergang vom Studium zum Beruf erleichtert und Ihnen wertvolle Einblicke in die zuk\u00fcnftige Arbeitswelt bietet. Es ist eine Zeit des Lernens, der Herausforderungen und der pers\u00f6nlichen und beruflichen Weiterentwicklung, die den Grundstein f\u00fcr Ihre erfolgreiche Karriere legen kann.<\/p>\n\n                                    <\/div>\n                                <\/div>\n                                                                        <\/div>\n                                    <\/div>\n    <\/div>\n<\/div>\n","protected":false},"excerpt":{"rendered":"<p>Hier beantworten wir die am h\u00e4ufigsten gestellten Fragen zum Studiengang. <\/p>\n","protected":false},"author":143,"featured_media":0,"parent":10000993,"menu_order":53,"comment_status":"closed","ping_status":"closed","template":"","meta":{"_acf_changed":false,"footnotes":""},"acf":[],"aioseo_notices":[],"_links":{"self":[{"href":"https:\/\/www.fh-joanneum.at\/energie-mobilitaets-und-umweltmanagement\/bachelor\/wp-json\/wp\/v2\/pages\/10000984"}],"collection":[{"href":"https:\/\/www.fh-joanneum.at\/energie-mobilitaets-und-umweltmanagement\/bachelor\/wp-json\/wp\/v2\/pages"}],"about":[{"href":"https:\/\/www.fh-joanneum.at\/energie-mobilitaets-und-umweltmanagement\/bachelor\/wp-json\/wp\/v2\/types\/page"}],"author":[{"embeddable":true,"href":"https:\/\/www.fh-joanneum.at\/energie-mobilitaets-und-umweltmanagement\/bachelor\/wp-json\/wp\/v2\/users\/143"}],"replies":[{"embeddable":true,"href":"https:\/\/www.fh-joanneum.at\/energie-mobilitaets-und-umweltmanagement\/bachelor\/wp-json\/wp\/v2\/comments?post=10000984"}],"version-history":[{"count":3,"href":"https:\/\/www.fh-joanneum.at\/energie-mobilitaets-und-umweltmanagement\/bachelor\/wp-json\/wp\/v2\/pages\/10000984\/revisions"}],"predecessor-version":[{"id":10001095,"href":"https:\/\/www.fh-joanneum.at\/energie-mobilitaets-und-umweltmanagement\/bachelor\/wp-json\/wp\/v2\/pages\/10000984\/revisions\/10001095"}],"up":[{"embeddable":true,"href":"https:\/\/www.fh-joanneum.at\/energie-mobilitaets-und-umweltmanagement\/bachelor\/wp-json\/wp\/v2\/pages\/10000993"}],"wp:attachment":[{"href":"https:\/\/www.fh-joanneum.at\/energie-mobilitaets-und-umweltmanagement\/bachelor\/wp-json\/wp\/v2\/media?parent=10000984"}],"curies":[{"name":"wp","href":"https:\/\/api.w.org\/{rel}","templated":true}]}}