{"id":10000290,"date":"2015-08-10T16:30:30","date_gmt":"2015-08-10T14:30:30","guid":{"rendered":"https:\/\/www.fh-joanneum.at\/engineering-and-production-management\/master\/?page_id=290"},"modified":"2026-03-23T14:40:51","modified_gmt":"2026-03-23T13:40:51","slug":"voraussetzungen","status":"publish","type":"page","link":"https:\/\/www.fh-joanneum.at\/engineering-and-production-management\/master\/vor-dem-studium\/voraussetzungen\/","title":{"rendered":"Voraussetzungen"},"content":{"rendered":"<div id=\"\" class=\"wp-block-text-content margin-bottom-none\">\n    <div class=\"container-lg\">\n        <div class=\"row\">\n            <div class=\"col\">\n                <div class=\"module-migration-headline\">\n<h3>Voraussetzungen f&uuml;r das Studium<\/h3>\n<\/div>\n\n            <\/div>\n        <\/div>\n            <\/div>\n<\/div>\n\n\n<div id=\"\" class=\"wp-block-text-content margin-bottom-normal\">\n    <div class=\"container-lg\">\n        <div class=\"row\">\n            <div class=\"col\">\n                <p>Wenn Sie einen Studienabschluss eines facheinschl&auml;gigen Bachelorstudiums in <strong>Ingenieurwesen oder in Wirtschaftsingenieurwesen<\/strong> mit einem Fokus in den Themengebieten<\/p>\n<ul>\n<li>Automatisierungstechnik<\/li>\n<li>Elektrotechnik und Elektronik<\/li>\n<li>Fahrzeugtechnik<\/li>\n<li>Kunststofftechnik<\/li>\n<li>Luftfahrt<\/li>\n<li>Maschinenbau<\/li>\n<li>Mechatronik<\/li>\n<li>Produktionstechnik<\/li>\n<li>Verfahrenstechnik<\/li>\n<li>Werkstoffwissenschaften<\/li>\n<\/ul>\n<p>nachweisen k&ouml;nnen, erf&uuml;llen Sie die Voraussetzungen f&uuml;r das Masterstudium &bdquo;Engineering and Production Management&ldquo;. <\/p>\n<p>Der Zugang zum Masterstudium &bdquo;Engineering and Production Management&ldquo; kann aus einem breiten Spektrum von Bachelorstudieng&auml;ngen an unterschiedlichen &ouml;sterreichischen Universit&auml;ten und Hochschulen erfolgen. Wie zum Beispiel:<\/p>\n<p>Bachelorstudieng&auml;nge der FH JOANNEUM:<\/p>\n<ul>\n<li>Elektronik und Computer Engineering <\/li>\n<li>Fahrzeugtechnik \/ Automotive Engineering <\/li>\n<li>Industriewirtschaft \/ Industrial Management <\/li>\n<li>Luftfahrt \/ Aviation<\/li>\n<li>Produktionstechnik und Organisation<\/li>\n<\/ul>\n<p>Studieng&auml;nge anderer Universit&auml;ten und Hochschulen:<\/p>\n<ul>\n<li>Automatisierungstechnik <\/li>\n<li>Elektrotechnik Dual<\/li>\n<li>EntwicklungsingenieurIn Maschinenbau<\/li>\n<li>EntwicklungsingenieurIn Metall- und Kunststofftechnik<\/li>\n<li>High Tech Manufacturing<\/li>\n<li>Maschinenbau<\/li>\n<li>Mechatronik <\/li>\n<li>Mechatronik \/ Maschinenbau<\/li>\n<li>Mechatronik \/ Robotik <\/li>\n<li>Mechatronik \/ Wirtschaft<\/li>\n<li>Montanmaschinenbau <\/li>\n<li>Produktion und Management<\/li>\n<li>Smart Engineering of Production Technologies and Processes<\/li>\n<li>Systems Engineering<\/li>\n<li>Verfahrenstechnik <\/li>\n<li>Verfahrenstechnische Produktion<\/li>\n<li>Wirtschaftsingenieurwesen<\/li>\n<li>Wirtschaftsingenieurwesen &ndash; Maschinenbau<\/li>\n<li>Werkstoffwissenschaft<\/li>\n<\/ul>\n<p>Auch bei Abschluss eines inhaltlich &auml;quivalenten Studiums von anderen Hochschulen oder aus anderen L&auml;ndern freuen wir uns &uuml;ber Ihre Bewerbung und stehen Ihnen gerne f&uuml;r eine individuelle Beratung zur Verf&uuml;gung. <\/p>\n<p>In fraglichen F&auml;llen obliegt es der Studiengangsleitung zu entscheiden, ob die Zugangsvoraussetzungen erf&uuml;llt sind. Eine verbindliche Auskunft dar&uuml;ber erhalten Sie nach Einlangen Ihrer vollst&auml;ndigen Bewerbungsunterlagen.<\/p>\n\n            <\/div>\n        <\/div>\n            <\/div>\n<\/div>\n\n\n<div id=\"\" class=\"wp-block-text-content margin-bottom-none\">\n    <div class=\"container-lg\">\n        <div class=\"row\">\n            <div class=\"col\">\n                <div class=\"module-migration-headline\">\n<h4>Sprachkenntnisse<\/h4>\n<\/div>\n\n            <\/div>\n        <\/div>\n            <\/div>\n<\/div>\n\n\n<div id=\"\" class=\"wp-block-text-content margin-bottom-normal\">\n    <div class=\"container-lg\">\n        <div class=\"row\">\n            <div class=\"col\">\n                <p>Lehrveranstaltungen und Vortr&auml;ge werden am Masterstudiengang &bdquo;Engineering and Production Management&ldquo; zum Teil auf Deutsch und zum Teil auf Englisch abgehalten. Mit Sprachkenntnissen auf Level B2 k&ouml;nnen Sie den Studieninhalten ohne Probleme folgen. Best&auml;tigen Sie uns Ihre Sprachkenntnisse bitte mit einem Zertifikat sofern Sie nicht in Maturazeugnissen oder &auml;hnlichen Diplomen genannt sind. <\/p>\n\n            <\/div>\n        <\/div>\n            <\/div>\n<\/div>\n\n\n<div id=\"\" class=\"wp-block-text-content margin-bottom-none\">\n    <div class=\"container-lg\">\n        <div class=\"row\">\n            <div class=\"col\">\n                <div class=\"module-migration-headline\">\n<h4>Spezifische Voraussetzungen<\/h4>\n<\/div>\n\n            <\/div>\n        <\/div>\n            <\/div>\n<\/div>\n\n\n<div id=\"\" class=\"wp-block-text-content margin-bottom-normal\">\n    <div class=\"container-lg\">\n        <div class=\"row\">\n            <div class=\"col\">\n                <p>Aufgrund des dualen Studienmodells werden Sie abwechselnd mit den Theoriephasen an der Hochschule Praktikumsphasen in einem Ausbildungspartnerunternehmen absolvieren. Sollten Sie zu Beginn Ihres Studiums noch nicht mit einem Ausbildungspartnerunternehmen in Kontakt stehen, unterst&uuml;tzen wir Sie auch gerne bei der Suche nach einem passenden Unternehmen. F&uuml;r etwaige spezifische Fragen zum dualen Studienmodell stehen wir Ihnen nat&uuml;rlich jederzeit gerne zur Verf&uuml;gung.<\/p>\n\n            <\/div>\n        <\/div>\n            <\/div>\n<\/div>\n\n\n<div id=\"\" class=\"wp-block-text-content margin-bottom-normal\">\n    <div class=\"container-lg\">\n        <div class=\"row\">\n            <div class=\"col\">\n                <h4>Sie sind keine &ouml;sterreichische Staatsb&uuml;rgerin oder kein &ouml;sterreichischer Staatsb&uuml;rger?<\/h4>\n<p>F&uuml;r Sie gibt es einige Besonderheiten zu beachten. Mehr Informationen dazu finden Sie in unter dem Men&uuml;punkt <a href=\"https:\/\/fh-joanneum.at\/engineering-and-production-management\/master\/vor-dem-studium\/internationale-bewerberinnen\/\"><strong>Internationale BewerberInnen<\/strong>.<\/a><\/p>\n\n            <\/div>\n        <\/div>\n            <\/div>\n<\/div>\n","protected":false},"excerpt":{"rendered":"<p>Diese Voraussetzungen m\u00fcssen Sie f\u00fcr das Studium erf\u00fcllen.<\/p>\n","protected":false},"author":10,"featured_media":0,"parent":10000286,"menu_order":12,"comment_status":"closed","ping_status":"closed","template":"","meta":{"_acf_changed":false,"footnotes":""},"acf":[],"aioseo_notices":[],"_links":{"self":[{"href":"https:\/\/www.fh-joanneum.at\/engineering-and-production-management\/master\/wp-json\/wp\/v2\/pages\/10000290"}],"collection":[{"href":"https:\/\/www.fh-joanneum.at\/engineering-and-production-management\/master\/wp-json\/wp\/v2\/pages"}],"about":[{"href":"https:\/\/www.fh-joanneum.at\/engineering-and-production-management\/master\/wp-json\/wp\/v2\/types\/page"}],"author":[{"embeddable":true,"href":"https:\/\/www.fh-joanneum.at\/engineering-and-production-management\/master\/wp-json\/wp\/v2\/users\/10"}],"replies":[{"embeddable":true,"href":"https:\/\/www.fh-joanneum.at\/engineering-and-production-management\/master\/wp-json\/wp\/v2\/comments?post=10000290"}],"version-history":[{"count":1,"href":"https:\/\/www.fh-joanneum.at\/engineering-and-production-management\/master\/wp-json\/wp\/v2\/pages\/10000290\/revisions"}],"predecessor-version":[{"id":10000728,"href":"https:\/\/www.fh-joanneum.at\/engineering-and-production-management\/master\/wp-json\/wp\/v2\/pages\/10000290\/revisions\/10000728"}],"up":[{"embeddable":true,"href":"https:\/\/www.fh-joanneum.at\/engineering-and-production-management\/master\/wp-json\/wp\/v2\/pages\/10000286"}],"wp:attachment":[{"href":"https:\/\/www.fh-joanneum.at\/engineering-and-production-management\/master\/wp-json\/wp\/v2\/media?parent=10000290"}],"curies":[{"name":"wp","href":"https:\/\/api.w.org\/{rel}","templated":true}]}}