{"id":10000288,"date":"2015-08-10T15:45:03","date_gmt":"2015-08-10T13:45:03","guid":{"rendered":"https:\/\/www.fh-joanneum.at\/ergotherapie\/bachelor\/?page_id=288"},"modified":"2024-09-06T12:18:15","modified_gmt":"2024-09-06T10:18:15","slug":"studienabschluss","status":"publish","type":"page","link":"https:\/\/www.fh-joanneum.at\/ergotherapie\/bachelor\/im-studium\/studienabschluss\/","title":{"rendered":"Studienabschluss"},"content":{"rendered":"<div id=\"\" class=\"wp-block-text-content margin-bottom-none\">\n    <div class=\"container-lg\">\n        <div class=\"row\">\n            <div class=\"col\">\n                <div class=\"module-migration-headline\">\n<h3>Voraussetzungen f&uuml;r den Studienabschluss<\/h3>\n<\/div>\n\n            <\/div>\n        <\/div>\n            <\/div>\n<\/div>\n\n\n<div id=\"\" class=\"wp-block-text-content margin-bottom-normal\">\n    <div class=\"container-lg\">\n        <div class=\"row\">\n            <div class=\"col\">\n                <p>Um das Bachelorstudium &bdquo;Ergotherapie&ldquo; positiv abzuschlie&szlig;en, m&uuml;ssen Sie:<\/p>\n<ul>\n<li>alle Lehrveranstaltungen und Berufspraktika positiv absolvieren<\/li>\n<li>die praktische Pr&uuml;fung im sechsten Semester bestehen<\/li>\n<li>zwei Bachelorarbeiten verfassen, die beide positiv bewertet werden m&uuml;ssen<\/li>\n<li>die Bachelorpr&uuml;fung positiv ablegen<\/li>\n<\/ul>\n<p>Ihr Titel nach dem Studienabschluss lautet &bdquo;Bachelor of Science in Health Studies (BSc)&ldquo;<\/p>\n\n            <\/div>\n        <\/div>\n            <\/div>\n<\/div>\n\n\n<div id=\"\" class=\"wp-block-text-content margin-bottom-none\">\n    <div class=\"container-lg\">\n        <div class=\"row\">\n            <div class=\"col\">\n                <div class=\"module-migration-headline\">\n<h4>Bachelorarbeiten<\/h4>\n<\/div>\n\n            <\/div>\n        <\/div>\n            <\/div>\n<\/div>\n\n\n<div id=\"\" class=\"wp-block-text-content margin-bottom-normal\">\n    <div class=\"container-lg\">\n        <div class=\"row\">\n            <div class=\"col\">\n                <p>Jeweils eine Bachelorarbeit muss von unseren Studierenden im f&uuml;nften und sechsten Semester verfasst werden. Sie sollen zeigen, dass die Studierenden in der Lage sind, ein Problem aus dem Bereich Ergotherapie zu bearbeiten und die Ergebnisse wissenschaftlich darzustellen. Unterst&uuml;tzt werden sie von Lehrenden, die die Bachelorarbeiten individuell betreuen. Die Themen k&ouml;nnen die Studierenden selbst w&auml;hlen. Themenvorschl&auml;ge liegen zus&auml;tzlich am Institut bereit. Eine Kooperation mit anderen Studieng&auml;ngen und Studierenden ist m&ouml;glich und erw&uuml;nscht, solange die gemeinsame Arbeit eine individuelle Beurteilung zul&auml;sst.<\/p>\n<p>Die erste Bachelorarbeit ist eine praxisbezogene Literaturarbeit mit einem Umfang von 15 bis 20 Seiten. Sie soll sich in erster Linie mit dem Qualit&auml;tsmanagement in der Ergotherapie und der Durchf&uuml;hrung des ergotherapeutischen Prozesses befassen. Die interdisziplin&auml;re Zusammenarbeit mit anderen Professionen im Gesundheitsbereich nimmt dabei einen thematischen Schwerpunkt ein.<\/p>\n<p>Eine Projektarbeit kann im Zuge der zweiten Bachelorarbeit (Umfang: 25 bis 35 Seiten) vertieft werden. Auch eine empirische Arbeit ist m&ouml;glich. <\/p>\n\n            <\/div>\n        <\/div>\n            <\/div>\n<\/div>\n\n\n<div id=\"\" class=\"wp-block-text-content margin-bottom-none\">\n    <div class=\"container-lg\">\n        <div class=\"row\">\n            <div class=\"col\">\n                <div class=\"module-migration-headline\">\n<h4>Bachelorpr&uuml;fung<\/h4>\n<\/div>\n\n            <\/div>\n        <\/div>\n            <\/div>\n<\/div>\n\n\n<div id=\"\" class=\"wp-block-text-content margin-bottom-normal\">\n    <div class=\"container-lg\">\n        <div class=\"row\">\n            <div class=\"col\">\n                <p>Die Bachelorpr&uuml;fung erfolgt nach dem positiven Abschluss aller Lehrveranstaltungen und Praktika des sechsten Semesters sowie in einem angemessenen Zeitraum nach der praktischen Pr&uuml;fung. Vorab m&uuml;ssen auch beide Bachelorarbeiten positiv bewertet worden sein.<\/p>\n<p>Die Studierenden unterstreichen im Zuge der Bachelorpr&uuml;fung, dass sie die grundlegenden F&auml;higkeiten und Fertigkeiten einer Ergotherapeutin oder eines Ergotherapeuten besitzen. Au&szlig;erdem zeigen sie, dass sie die Methodik, Systematik und Begrifflichkeit auf dem Gebiet Ergotherapie erworben haben. <\/p>\n<p>Die Bachelorpr&uuml;fung ist eine kommissionelle Pr&uuml;fung vor einem facheinschl&auml;gigen Pr&uuml;fungssenat, bestehend aus einer oder einem Vorsitzenden, der Institutsleitung und weiteren Lehrenden des Studiengangs. Sie ist &ouml;ffentlich zug&auml;nglich.<\/p>\n<p>Die Bachelorpr&uuml;fung setzt sich aus den folgenden zwei Pr&uuml;fungsteilen zusammen:<\/p>\n<ul>\n<li>Pr&auml;sentation der beiden Bachelorarbeiten und ein Pr&uuml;fungsgespr&auml;ch dar&uuml;ber<\/li>\n<li>Querverbindungen zu relevanten F&auml;chern des Studienplans<\/li>\n<\/ul>\n<p>Ein Fallbeispiel mit Praxisbezug ist im Zuge der Pr&uuml;fung zu l&ouml;sen.<\/p>\n\n            <\/div>\n        <\/div>\n            <\/div>\n<\/div>\n\n\n<div id=\"\" class=\"wp-block-text-content margin-bottom-none\">\n    <div class=\"container-lg\">\n        <div class=\"row\">\n            <div class=\"col\">\n                <div class=\"module-migration-headline\">\n<h3>Nach dem Bachelorabschluss<\/h3>\n<\/div>\n\n            <\/div>\n        <\/div>\n            <\/div>\n<\/div>\n\n\n<div id=\"\" class=\"wp-block-text-content margin-bottom-normal\">\n    <div class=\"container-lg\">\n        <div class=\"row\">\n            <div class=\"col\">\n                <p>Unsere Absolventinnen und Absolventen haben nach ihrem Abschluss die M&ouml;glichkeit, ein fachspezifisches Masterstudium anzuschlie&szlig;en. Dies wird in &Ouml;sterreich am Zentrum f&uuml;r Gesundheitsberufe Tirol und an der FH Campus Wien berufsbegleitend angeboten. Diese Studien erm&ouml;glichen Absolventinnen und Absolventen ihre wissenschaftliche Expertise mit Erfahrungen aus der Praxis zu verbinden und ihr Fachwissen zu vertiefen.<\/p>\n<p>Einige europ&auml;ische L&auml;nder bieten in Kooperation ein fachspezifisches Studium in englischer Sprache an, f&uuml;r das unsere Absolventinnen und Absolventen die Zugangsvoraussetzungen erf&uuml;llen.<\/p>\n<p>An der FH JOANNEUM haben unsere Absolventinnen und Absolventen die M&ouml;glichkeit, den Masterstudiengang &bdquo;Gesundheits-, Tourismus- und Sportmanagement&ldquo; zu besuchen.<\/p>\n\n            <\/div>\n        <\/div>\n            <\/div>\n<\/div>\n","protected":false},"excerpt":{"rendered":"<p>Mit Ihrem Abschluss legen Sie den Grundstein f\u00fcr Ihre berufliche Zukunft. Welche Voraussetzungen Sie f\u00fcr den erfolgreichen Abschluss Ihres Studiums ben\u00f6tigen und alles, was Sie sonst noch wissen sollten, verraten wir Ihnen hier.<\/p>\n","protected":false},"author":12,"featured_media":0,"parent":10000274,"menu_order":60,"comment_status":"closed","ping_status":"closed","template":"","meta":{"_acf_changed":false,"footnotes":""},"acf":[],"aioseo_notices":[],"_links":{"self":[{"href":"https:\/\/www.fh-joanneum.at\/ergotherapie\/bachelor\/wp-json\/wp\/v2\/pages\/10000288"}],"collection":[{"href":"https:\/\/www.fh-joanneum.at\/ergotherapie\/bachelor\/wp-json\/wp\/v2\/pages"}],"about":[{"href":"https:\/\/www.fh-joanneum.at\/ergotherapie\/bachelor\/wp-json\/wp\/v2\/types\/page"}],"author":[{"embeddable":true,"href":"https:\/\/www.fh-joanneum.at\/ergotherapie\/bachelor\/wp-json\/wp\/v2\/users\/12"}],"replies":[{"embeddable":true,"href":"https:\/\/www.fh-joanneum.at\/ergotherapie\/bachelor\/wp-json\/wp\/v2\/comments?post=10000288"}],"version-history":[{"count":1,"href":"https:\/\/www.fh-joanneum.at\/ergotherapie\/bachelor\/wp-json\/wp\/v2\/pages\/10000288\/revisions"}],"predecessor-version":[{"id":10000792,"href":"https:\/\/www.fh-joanneum.at\/ergotherapie\/bachelor\/wp-json\/wp\/v2\/pages\/10000288\/revisions\/10000792"}],"up":[{"embeddable":true,"href":"https:\/\/www.fh-joanneum.at\/ergotherapie\/bachelor\/wp-json\/wp\/v2\/pages\/10000274"}],"wp:attachment":[{"href":"https:\/\/www.fh-joanneum.at\/ergotherapie\/bachelor\/wp-json\/wp\/v2\/media?parent=10000288"}],"curies":[{"name":"wp","href":"https:\/\/api.w.org\/{rel}","templated":true}]}}