{"id":10000296,"date":"2015-08-10T15:45:42","date_gmt":"2015-08-10T13:45:42","guid":{"rendered":"https:\/\/www.fh-joanneum.at\/ergotherapie\/bachelor\/?page_id=296"},"modified":"2023-11-02T14:12:10","modified_gmt":"2023-11-02T12:12:10","slug":"absolventinnen-absolventen","status":"publish","type":"page","link":"https:\/\/www.fh-joanneum.at\/ergotherapie\/bachelor\/nach-dem-studium\/absolventinnen-absolventen\/","title":{"rendered":"Absolvent:innen"},"content":{"rendered":"<div id=\"\" class=\"wp-block-text-content margin-bottom-none\">\n    <div class=\"container-lg\">\n        <div class=\"row\">\n            <div class=\"col\">\n                <div class=\"module-migration-headline\">\n<h3>Was machen unsere Absolvent:innen?<\/h3>\n<\/div>\n\n            <\/div>\n        <\/div>\n            <\/div>\n<\/div>\n\n<div id=\"\" class=\"wp-block-list-of-graduates margin-bottom-normal\">\n  <div class=\"container-lg\">\n    <div class=\"row\">\n                        <div class=\"col-6 col-sm-4 col-md-6 col-lg-4 col-xl-4 mb-4\">\n            <a\n    href=\"https:\/\/www.fh-joanneum.at\/ergotherapie\/bachelor\/nach-dem-studium\/absolventinnen-absolventen\/anna-aigner-bsc\/\"\n    class=\"graduate-card bg-light\"\n>\n    <div class=\"border border-light h-100\">\n        <div class=\"image-wrapper\">\n            <picture>\n                        <source\n                media=\"(max-width: 432px)\"\n                srcset=\"https:\/\/cdn3.fh-joanneum.at\/media\/sites\/22\/2020\/11\/anna-aigner-bsc-2.jpg, https:\/\/cdn3.fh-joanneum.at\/media\/sites\/22\/2020\/11\/anna-aigner-bsc-2-768x1024.jpg 2x\"\n            \/>\n                    <source\n                media=\"(max-width: 768px)\"\n                srcset=\"https:\/\/cdn3.fh-joanneum.at\/media\/sites\/22\/2020\/11\/anna-aigner-bsc-2-768x1024.jpg, https:\/\/cdn3.fh-joanneum.at\/media\/sites\/22\/2020\/11\/anna-aigner-bsc-2-768x1024.jpg 2x\"\n            \/>\n                    <source\n                media=\"(max-width: 768px)\"\n                srcset=\"https:\/\/cdn3.fh-joanneum.at\/media\/sites\/22\/2020\/11\/anna-aigner-bsc-2-768x1024.jpg, https:\/\/cdn3.fh-joanneum.at\/media\/sites\/22\/2020\/11\/anna-aigner-bsc-2.jpg 2x\"\n            \/>\n                    <source\n                media=\"(max-width: 1152px)\"\n                srcset=\"https:\/\/cdn3.fh-joanneum.at\/media\/sites\/22\/2020\/11\/anna-aigner-bsc-2.jpg, https:\/\/cdn3.fh-joanneum.at\/media\/sites\/22\/2020\/11\/anna-aigner-bsc-2.jpg 2x\"\n            \/>\n                    <source\n                media=\"(max-width: 1536px)\"\n                srcset=\"https:\/\/cdn3.fh-joanneum.at\/media\/sites\/22\/2020\/11\/anna-aigner-bsc-2.jpg, https:\/\/cdn3.fh-joanneum.at\/media\/sites\/22\/2020\/11\/anna-aigner-bsc-2.jpg 2x\"\n            \/>\n                <img decoding=\"async\"\n        class=\"img-fluid\"\n        src=\"https:\/\/cdn3.fh-joanneum.at\/media\/sites\/22\/2020\/11\/anna-aigner-bsc-2.jpg\"\n        alt=\"Anna Aigner, BSc\"\n        title=\"\"\n         loading=\"lazy\"             >\n<\/picture>\n\n        <\/div>\n        <div class=\"p-2 p-xl-3\">\n            <h6>Anna Aigner, BSc<\/h6>\n            <p class=\"mb-0 hyphens\">\n                \u201eHier m\u00f6chte ich arbeiten.\u201c Das wusste Anna Aigner sofort, als Sie sich bei OptimaMed Ambulantes Rehabilitationszentrum Wiener Neustadt beworben hat. Die Ergotherapeutin ist nicht nur stellvertretende Therapieleiterin, sondern ist auch freiberuflich t\u00e4tig.\n            <\/p>\n        <\/div>\n    <\/div>\n<\/a>\n          <\/div>\n                  <div class=\"col-6 col-sm-4 col-md-6 col-lg-4 col-xl-4 mb-4\">\n            <a\n    href=\"https:\/\/www.fh-joanneum.at\/ergotherapie\/bachelor\/nach-dem-studium\/absolventinnen-absolventen\/klaus-gasperl\/\"\n    class=\"graduate-card bg-light\"\n>\n    <div class=\"border border-light h-100\">\n        <div class=\"image-wrapper\">\n            <picture>\n                        <source\n                media=\"(max-width: 439px)\"\n                srcset=\"https:\/\/cdn3.fh-joanneum.at\/media\/sites\/22\/2020\/06\/klaus-gasperl.jpg, https:\/\/cdn3.fh-joanneum.at\/media\/sites\/22\/2020\/06\/klaus-gasperl-768x1008.jpg 2x\"\n            \/>\n                    <source\n                media=\"(max-width: 768px)\"\n                srcset=\"https:\/\/cdn3.fh-joanneum.at\/media\/sites\/22\/2020\/06\/klaus-gasperl-768x1008.jpg, https:\/\/cdn3.fh-joanneum.at\/media\/sites\/22\/2020\/06\/klaus-gasperl-780x1024.jpg 2x\"\n            \/>\n                    <source\n                media=\"(max-width: 780px)\"\n                srcset=\"https:\/\/cdn3.fh-joanneum.at\/media\/sites\/22\/2020\/06\/klaus-gasperl-780x1024.jpg, https:\/\/cdn3.fh-joanneum.at\/media\/sites\/22\/2020\/06\/klaus-gasperl.jpg 2x\"\n            \/>\n                    <source\n                media=\"(max-width: 1171px)\"\n                srcset=\"https:\/\/cdn3.fh-joanneum.at\/media\/sites\/22\/2020\/06\/klaus-gasperl.jpg, https:\/\/cdn3.fh-joanneum.at\/media\/sites\/22\/2020\/06\/klaus-gasperl.jpg 2x\"\n            \/>\n                    <source\n                media=\"(max-width: 1561px)\"\n                srcset=\"https:\/\/cdn3.fh-joanneum.at\/media\/sites\/22\/2020\/06\/klaus-gasperl.jpg, https:\/\/cdn3.fh-joanneum.at\/media\/sites\/22\/2020\/06\/klaus-gasperl.jpg 2x\"\n            \/>\n                <img decoding=\"async\"\n        class=\"img-fluid\"\n        src=\"https:\/\/cdn3.fh-joanneum.at\/media\/sites\/22\/2020\/06\/klaus-gasperl.jpg\"\n        alt=\"Klaus Gasperl\"\n        title=\"\"\n         loading=\"lazy\"             >\n<\/picture>\n\n        <\/div>\n        <div class=\"p-2 p-xl-3\">\n            <h6>Klaus Gasperl<\/h6>\n            <p class=\"mb-0 hyphens\">\n                Klaus Gasperl arbeitet als Ergotherapeut im Medius \u2212 Zentrum f\u00fcr Gesundheit. Das Setting der Prim\u00e4rversorgung bietet ihm optimale Arbeitsbedingungen, um Klientinnen und Klienten einen selbstst\u00e4ndigen und selbstbestimmten Alltag zu erm\u00f6glichen.\n            <\/p>\n        <\/div>\n    <\/div>\n<\/a>\n          <\/div>\n                  <div class=\"col-6 col-sm-4 col-md-6 col-lg-4 col-xl-4 mb-4\">\n            <a\n    href=\"https:\/\/www.fh-joanneum.at\/ergotherapie\/bachelor\/nach-dem-studium\/absolventinnen-absolventen\/elisabeth-url-bsc\/\"\n    class=\"graduate-card bg-light\"\n>\n    <div class=\"border border-light h-100\">\n        <div class=\"image-wrapper\">\n            <picture>\n                        <source\n                media=\"(max-width: 384px)\"\n                srcset=\"https:\/\/cdn3.fh-joanneum.at\/media\/sites\/22\/2020\/06\/elisabeth-url-bsc-2.jpg, https:\/\/cdn3.fh-joanneum.at\/media\/sites\/22\/2020\/06\/elisabeth-url-bsc-2-768x1152.jpg 2x\"\n            \/>\n                    <source\n                media=\"(max-width: 768px)\"\n                srcset=\"https:\/\/cdn3.fh-joanneum.at\/media\/sites\/22\/2020\/06\/elisabeth-url-bsc-2-768x1152.jpg, https:\/\/cdn3.fh-joanneum.at\/media\/sites\/22\/2020\/06\/elisabeth-url-bsc-2-682x1024.jpg 2x\"\n            \/>\n                    <source\n                media=\"(max-width: 682px)\"\n                srcset=\"https:\/\/cdn3.fh-joanneum.at\/media\/sites\/22\/2020\/06\/elisabeth-url-bsc-2-682x1024.jpg, https:\/\/cdn3.fh-joanneum.at\/media\/sites\/22\/2020\/06\/elisabeth-url-bsc-2.jpg 2x\"\n            \/>\n                    <source\n                media=\"(max-width: 1024px)\"\n                srcset=\"https:\/\/cdn3.fh-joanneum.at\/media\/sites\/22\/2020\/06\/elisabeth-url-bsc-2.jpg, https:\/\/cdn3.fh-joanneum.at\/media\/sites\/22\/2020\/06\/elisabeth-url-bsc-2.jpg 2x\"\n            \/>\n                    <source\n                media=\"(max-width: 1181px)\"\n                srcset=\"https:\/\/cdn3.fh-joanneum.at\/media\/sites\/22\/2020\/06\/elisabeth-url-bsc-2.jpg, https:\/\/cdn3.fh-joanneum.at\/media\/sites\/22\/2020\/06\/elisabeth-url-bsc-2.jpg 2x\"\n            \/>\n                <img decoding=\"async\"\n        class=\"img-fluid\"\n        src=\"https:\/\/cdn3.fh-joanneum.at\/media\/sites\/22\/2020\/06\/elisabeth-url-bsc-2.jpg\"\n        alt=\"Elisabeth Url, BSc\"\n        title=\"\"\n         loading=\"lazy\"             >\n<\/picture>\n\n        <\/div>\n        <div class=\"p-2 p-xl-3\">\n            <h6>Elisabeth Url, BSc<\/h6>\n            <p class=\"mb-0 hyphens\">\n                Elisabeth Url kombiniert ihren Job als Ergotherapeutin im Bereich der Psychiatrie am LKH II mit einer Forschungst\u00e4tigkeit an der FH JOANNEUM. Dabei kann sie ihre Kreativit\u00e4t einsetzen und ihr Wissen laufend ausbauen.\r\n\r\n\n            <\/p>\n        <\/div>\n    <\/div>\n<\/a>\n          <\/div>\n                  <div class=\"col-6 col-sm-4 col-md-6 col-lg-4 col-xl-4 mb-4\">\n            <a\n    href=\"https:\/\/www.fh-joanneum.at\/ergotherapie\/bachelor\/nach-dem-studium\/absolventinnen-absolventen\/ulrike-donner-bsc\/\"\n    class=\"graduate-card bg-light\"\n>\n    <div class=\"border border-light h-100\">\n        <div class=\"image-wrapper\">\n            <picture>\n                        <source\n                media=\"(max-width: 432px)\"\n                srcset=\"https:\/\/cdn3.fh-joanneum.at\/media\/sites\/22\/2020\/05\/ulrike-donner-bsc-2.jpg, https:\/\/cdn3.fh-joanneum.at\/media\/sites\/22\/2020\/05\/ulrike-donner-bsc-2.jpg 2x\"\n            \/>\n                    <source\n                media=\"(max-width: 600px)\"\n                srcset=\"https:\/\/cdn3.fh-joanneum.at\/media\/sites\/22\/2020\/05\/ulrike-donner-bsc-2.jpg, https:\/\/cdn3.fh-joanneum.at\/media\/sites\/22\/2020\/05\/ulrike-donner-bsc-2.jpg 2x\"\n            \/>\n                    <source\n                media=\"(max-width: 600px)\"\n                srcset=\"https:\/\/cdn3.fh-joanneum.at\/media\/sites\/22\/2020\/05\/ulrike-donner-bsc-2.jpg, https:\/\/cdn3.fh-joanneum.at\/media\/sites\/22\/2020\/05\/ulrike-donner-bsc-2.jpg 2x\"\n            \/>\n                    <source\n                media=\"(max-width: 600px)\"\n                srcset=\"https:\/\/cdn3.fh-joanneum.at\/media\/sites\/22\/2020\/05\/ulrike-donner-bsc-2.jpg, https:\/\/cdn3.fh-joanneum.at\/media\/sites\/22\/2020\/05\/ulrike-donner-bsc-2.jpg 2x\"\n            \/>\n                    <source\n                media=\"(max-width: 600px)\"\n                srcset=\"https:\/\/cdn3.fh-joanneum.at\/media\/sites\/22\/2020\/05\/ulrike-donner-bsc-2.jpg, https:\/\/cdn3.fh-joanneum.at\/media\/sites\/22\/2020\/05\/ulrike-donner-bsc-2.jpg 2x\"\n            \/>\n                <img decoding=\"async\"\n        class=\"img-fluid\"\n        src=\"https:\/\/cdn3.fh-joanneum.at\/media\/sites\/22\/2020\/05\/ulrike-donner-bsc-2.jpg\"\n        alt=\"Ulrike Donner, BSc 1\"\n        title=\"\"\n         loading=\"lazy\"             >\n<\/picture>\n\n        <\/div>\n        <div class=\"p-2 p-xl-3\">\n            <h6>Ulrike Donner, BSc<\/h6>\n            <p class=\"mb-0 hyphens\">\n                Ulrike Donner verst\u00e4rkt seit 2018 als Hochschullektorin das Team des Instituts Ergotherapie. Ihr Schwerpunkt in Lehre und Forschung ist der Fachbereich Psychiatrie. \n            <\/p>\n        <\/div>\n    <\/div>\n<\/a>\n          <\/div>\n                  <div class=\"col-6 col-sm-4 col-md-6 col-lg-4 col-xl-4 mb-4\">\n            <a\n    href=\"https:\/\/www.fh-joanneum.at\/ergotherapie\/bachelor\/nach-dem-studium\/absolventinnen-absolventen\/gabriele-ranftl\/\"\n    class=\"graduate-card bg-light\"\n>\n    <div class=\"border border-light h-100\">\n        <div class=\"image-wrapper\">\n            <picture>\n                        <source\n                media=\"(max-width: 503px)\"\n                srcset=\"https:\/\/cdn3.fh-joanneum.at\/media\/sites\/22\/2016\/03\/gabriele-ranftl-4.jpg, https:\/\/cdn3.fh-joanneum.at\/media\/sites\/22\/2016\/03\/gabriele-ranftl-4.jpg 2x\"\n            \/>\n                    <source\n                media=\"(max-width: 617px)\"\n                srcset=\"https:\/\/cdn3.fh-joanneum.at\/media\/sites\/22\/2016\/03\/gabriele-ranftl-4.jpg, https:\/\/cdn3.fh-joanneum.at\/media\/sites\/22\/2016\/03\/gabriele-ranftl-4.jpg 2x\"\n            \/>\n                    <source\n                media=\"(max-width: 617px)\"\n                srcset=\"https:\/\/cdn3.fh-joanneum.at\/media\/sites\/22\/2016\/03\/gabriele-ranftl-4.jpg, https:\/\/cdn3.fh-joanneum.at\/media\/sites\/22\/2016\/03\/gabriele-ranftl-4.jpg 2x\"\n            \/>\n                    <source\n                media=\"(max-width: 617px)\"\n                srcset=\"https:\/\/cdn3.fh-joanneum.at\/media\/sites\/22\/2016\/03\/gabriele-ranftl-4.jpg, https:\/\/cdn3.fh-joanneum.at\/media\/sites\/22\/2016\/03\/gabriele-ranftl-4.jpg 2x\"\n            \/>\n                    <source\n                media=\"(max-width: 617px)\"\n                srcset=\"https:\/\/cdn3.fh-joanneum.at\/media\/sites\/22\/2016\/03\/gabriele-ranftl-4.jpg, https:\/\/cdn3.fh-joanneum.at\/media\/sites\/22\/2016\/03\/gabriele-ranftl-4.jpg 2x\"\n            \/>\n                <img decoding=\"async\"\n        class=\"img-fluid\"\n        src=\"https:\/\/cdn3.fh-joanneum.at\/media\/sites\/22\/2016\/03\/gabriele-ranftl-4.jpg\"\n        alt=\"Gabriele Ranftl 2\"\n        title=\"\"\n         loading=\"lazy\"             >\n<\/picture>\n\n        <\/div>\n        <div class=\"p-2 p-xl-3\">\n            <h6>Mag. Gabriele Ranftl BSc<\/h6>\n            <p class=\"mb-0 hyphens\">\n                Garbiele Ranftl ist Ergotherapeutin an der REHA Radkersburg. \n            <\/p>\n        <\/div>\n    <\/div>\n<\/a>\n          <\/div>\n                  <div class=\"col-6 col-sm-4 col-md-6 col-lg-4 col-xl-4 mb-4\">\n            <a\n    href=\"https:\/\/www.fh-joanneum.at\/ergotherapie\/bachelor\/nach-dem-studium\/absolventinnen-absolventen\/andreas-kraft\/\"\n    class=\"graduate-card bg-light\"\n>\n    <div class=\"border border-light h-100\">\n        <div class=\"image-wrapper\">\n            <picture>\n                        <source\n                media=\"(max-width: 350px)\"\n                srcset=\"https:\/\/cdn3.fh-joanneum.at\/media\/sites\/22\/2021\/03\/andreas-kraft-bsc-msc.jpg, https:\/\/cdn3.fh-joanneum.at\/media\/sites\/22\/2021\/03\/andreas-kraft-bsc-msc.jpg 2x\"\n            \/>\n                    <source\n                media=\"(max-width: 350px)\"\n                srcset=\"https:\/\/cdn3.fh-joanneum.at\/media\/sites\/22\/2021\/03\/andreas-kraft-bsc-msc.jpg, https:\/\/cdn3.fh-joanneum.at\/media\/sites\/22\/2021\/03\/andreas-kraft-bsc-msc.jpg 2x\"\n            \/>\n                    <source\n                media=\"(max-width: 350px)\"\n                srcset=\"https:\/\/cdn3.fh-joanneum.at\/media\/sites\/22\/2021\/03\/andreas-kraft-bsc-msc.jpg, https:\/\/cdn3.fh-joanneum.at\/media\/sites\/22\/2021\/03\/andreas-kraft-bsc-msc.jpg 2x\"\n            \/>\n                    <source\n                media=\"(max-width: 350px)\"\n                srcset=\"https:\/\/cdn3.fh-joanneum.at\/media\/sites\/22\/2021\/03\/andreas-kraft-bsc-msc.jpg, https:\/\/cdn3.fh-joanneum.at\/media\/sites\/22\/2021\/03\/andreas-kraft-bsc-msc.jpg 2x\"\n            \/>\n                    <source\n                media=\"(max-width: 350px)\"\n                srcset=\"https:\/\/cdn3.fh-joanneum.at\/media\/sites\/22\/2021\/03\/andreas-kraft-bsc-msc.jpg, https:\/\/cdn3.fh-joanneum.at\/media\/sites\/22\/2021\/03\/andreas-kraft-bsc-msc.jpg 2x\"\n            \/>\n                <img decoding=\"async\"\n        class=\"img-fluid\"\n        src=\"https:\/\/cdn3.fh-joanneum.at\/media\/sites\/22\/2021\/03\/andreas-kraft-bsc-msc.jpg\"\n        alt=\"Andreas Kraft, BSc, MSc\"\n        title=\"\"\n         loading=\"lazy\"             >\n<\/picture>\n\n        <\/div>\n        <div class=\"p-2 p-xl-3\">\n            <h6>Andreas Kraft, BSc, MSc<\/h6>\n            <p class=\"mb-0 hyphens\">\n                Andreas Kraft er\u00f6ffnete im M\u00e4rz 2020 seine eigene Praxis \u201eTherapieGr\u00fcnde.\u201c Dass Kindern oder Jugendlichen die Therapie nebst allen Regeln und Schwierigkeiten Freude bereitet, ist f\u00fcr den Ergotherapeuten wesentlich. \n            <\/p>\n        <\/div>\n    <\/div>\n<\/a>\n          <\/div>\n                  <\/div>\n  <\/div>\n<\/div>\n\n","protected":false},"excerpt":{"rendered":"<p>Wollen Sie mehr \u00fcber die Berufs- und Karrierewege unserer Absolvent:innen erfahren? Wir haben einige unserer ehemaligen Studierenden portraitiert, damit Sie sich selbst ein Bild machen k\u00f6nnen.<\/p>\n","protected":false},"author":12,"featured_media":0,"parent":10000292,"menu_order":65,"comment_status":"closed","ping_status":"closed","template":"","meta":{"_acf_changed":false,"footnotes":""},"acf":[],"aioseo_notices":[],"_links":{"self":[{"href":"https:\/\/www.fh-joanneum.at\/ergotherapie\/bachelor\/wp-json\/wp\/v2\/pages\/10000296"}],"collection":[{"href":"https:\/\/www.fh-joanneum.at\/ergotherapie\/bachelor\/wp-json\/wp\/v2\/pages"}],"about":[{"href":"https:\/\/www.fh-joanneum.at\/ergotherapie\/bachelor\/wp-json\/wp\/v2\/types\/page"}],"author":[{"embeddable":true,"href":"https:\/\/www.fh-joanneum.at\/ergotherapie\/bachelor\/wp-json\/wp\/v2\/users\/12"}],"replies":[{"embeddable":true,"href":"https:\/\/www.fh-joanneum.at\/ergotherapie\/bachelor\/wp-json\/wp\/v2\/comments?post=10000296"}],"version-history":[{"count":0,"href":"https:\/\/www.fh-joanneum.at\/ergotherapie\/bachelor\/wp-json\/wp\/v2\/pages\/10000296\/revisions"}],"up":[{"embeddable":true,"href":"https:\/\/www.fh-joanneum.at\/ergotherapie\/bachelor\/wp-json\/wp\/v2\/pages\/10000292"}],"wp:attachment":[{"href":"https:\/\/www.fh-joanneum.at\/ergotherapie\/bachelor\/wp-json\/wp\/v2\/media?parent=10000296"}],"curies":[{"name":"wp","href":"https:\/\/api.w.org\/{rel}","templated":true}]}}