{"id":10000666,"date":"2020-05-28T13:59:05","date_gmt":"2020-05-28T11:59:05","guid":{"rendered":"https:\/\/www.fh-joanneum.at\/ergotherapie\/bachelor\/?page_id=666"},"modified":"2020-06-18T09:21:52","modified_gmt":"2020-06-18T07:21:52","slug":"ulrike-donner-bsc","status":"publish","type":"page","link":"https:\/\/www.fh-joanneum.at\/ergotherapie\/bachelor\/nach-dem-studium\/absolventinnen-absolventen\/ulrike-donner-bsc\/","title":{"rendered":"Ulrike Donner, BSc"},"content":{"rendered":"<div id=\"\" class=\"wp-block-text-content margin-bottom-normal\">\n    <div class=\"container-lg\">\n        <div class=\"row\">\n            <div class=\"col\">\n                <h4>Eckdaten<\/h4>\n<p><strong>Jobbezeichnung:<\/strong> Hochschullektorin (FH)   <br>\n<strong>Unternehmen:<\/strong> <a href=\"https:\/\/www.fh-joanneum.at\/\">FH JOANNEUM Gesellschaft mbH<\/a>  <br>\n<strong>Ich arbeite in:<\/strong> Bad Gleichenberg, &Ouml;sterreich  <br>\n<strong>Ich arbeite hier seit:<\/strong> 2018  <br>\n<a href=\"mailto:ulrike.donner@fh-joanneum.at\" title=\"E-Mail an Ulrike Donner senden\">Mein Kontakt<\/a>   <\/p>\n<h4>Was ich mache:<\/h4>\n<ul>\n<li>Lehre inklusive Praktikumsbegleitung (Schwerpunkt Psychiatrie)<\/li>\n<li>Aufgaben im Bereich Forschung und Wissenschaft<\/li>\n<li>administrative und kooperative T&auml;tigkeiten <\/li>\n<\/ul>\n<h4>Was ich an meinem Beruf liebe:<\/h4>\n<ul>\n<li>Austausch mit Studierende und KollegInnen<\/li>\n<li>buntes T&auml;tigkeitsfeld <\/li>\n<li>idyllischer Dienstort <\/li>\n<\/ul>\n<h4>Was ich an meinem Job nicht so mag:<\/h4>\n<ul>\n<li>knapp bemessene Deadlines <\/li>\n<\/ul>\n<h4>Wichtige F&auml;higkeiten in meinem Job:<\/h4>\n<ul>\n<li>Zeitmanagement<\/li>\n<li>Disziplin<\/li>\n<li>Belastbarkeit <\/li>\n<li>Leidenschaft  <\/li>\n<\/ul>\n<h4>Mein bisher gr&ouml;&szlig;ter Erfolg in meiner Karriere &hellip;<\/h4>\n<p>&hellip; wenn Studierende nach der Lehrveranstaltung und \/ oder dem Praktikum vom T&auml;tigkeitsfeld der Ergotherapie in der Psychiatrie begeistert sind und sich bewusst f&uuml;r eine Stelle in diesem Bereich bewerben. <\/p>\n<p>Besonders beeindrucken mich die Social-Media-Kompetenzen und das gesunde Gesp&uuml;r der eigenen Work(Study)-Life-Balance vieler Studierender. <\/p>\n<h4>So bin ich zu meinem Job gekommen<\/h4>\n<p>Ich habe mich offiziell auf eine Stellenanzeige der FH JOANNEUM beworben. Nach einem Aufnahmegespr&auml;ch mit der Institutsleitung und einem Hearing wurde ich eingestellt. <\/p>\n<h4>Das habe ich im Studium f&uuml;rs Berufsleben gelernt &hellip;<\/h4>\n<p>&hellip; neben dem fachlichen Wissen vor allem auch Ausdauer, Teamarbeit und Pr&auml;sentationstechniken.<\/p>\n<h4>Die Jobchancen in meinem Bereich<\/h4>\n<p>Meine Erfahrung zeigt: Ehrliches Wollen in Kombination mit Mut, Flei&szlig; und etwas Gl&uuml;ck und (fast) alles ist erreichbar! Bilde dich fort, entdecke worin du gut bist und was dir Spa&szlig; macht, dann steht dir so gut wie jeder Job der Welt offen. <\/p>\n<h4>Ich bin:<\/h4>\n<ul>\n<li>engagiert<\/li>\n<li>kreativ <\/li>\n<li>detailverliebt <\/li>\n<\/ul>\n\n            <\/div>\n        <\/div>\n            <\/div>\n<\/div>\n\n<div\n    id=\"\"\n    class=\"wp-block-blockquote margin-bottom-normal\"\n>\n    <div class=\"container-lg\">\n        <div class=\"row\">\n            <div class=\"col\">\n                <div class=\"d-block mb-2 fs-5 major-text-color\">Eines meiner Ziele ist es, m\u00f6glichst viele Studierende vom Arbeitsfeld Psychiatrie zu begeistern. Dabei ist es mir wichtig, einen realistischen und enttabuisierenden Einblick in das T\u00e4tigkeitsfeld zu bieten und zugleich innovative Ideen zu entwickeln und zu f\u00f6rdern. Langfristig strebe ich eine weitere Vertiefung im Fachbereich Psychiatrie in Form eines Ergotherapie-Masters oder psychotherapeutischen Fachspezifikums an. Die FH JOANNEUM unterst\u00fctzt mich dabei meine Ziele zu erreichen und bietet zudem die n\u00f6tige Flexibilit\u00e4t, um Familie, Arbeit und Weiterbildung unter einen Hut zu bringen. <br \/>\r\n<br \/>\r\n<\/div>\n                <span class=\"d-flex justify-content-end\">Ulrike Donner<\/span>\n            <\/div>\n        <\/div>\n    <\/div>\n<\/div>\n\n","protected":false},"excerpt":{"rendered":"<p>Ulrike Donner verst\u00e4rkt seit 2018 als Hochschullektorin das Team des Instituts Ergotherapie. Ihr Schwerpunkt in Lehre und Forschung ist der Fachbereich Psychiatrie. <\/p>\n","protected":false},"author":11,"featured_media":10000668,"parent":10000296,"menu_order":8,"comment_status":"closed","ping_status":"closed","template":"template-absolvent.blade.php","meta":{"_acf_changed":false,"footnotes":""},"acf":[],"aioseo_notices":[],"_links":{"self":[{"href":"https:\/\/www.fh-joanneum.at\/ergotherapie\/bachelor\/wp-json\/wp\/v2\/pages\/10000666"}],"collection":[{"href":"https:\/\/www.fh-joanneum.at\/ergotherapie\/bachelor\/wp-json\/wp\/v2\/pages"}],"about":[{"href":"https:\/\/www.fh-joanneum.at\/ergotherapie\/bachelor\/wp-json\/wp\/v2\/types\/page"}],"author":[{"embeddable":true,"href":"https:\/\/www.fh-joanneum.at\/ergotherapie\/bachelor\/wp-json\/wp\/v2\/users\/11"}],"replies":[{"embeddable":true,"href":"https:\/\/www.fh-joanneum.at\/ergotherapie\/bachelor\/wp-json\/wp\/v2\/comments?post=10000666"}],"version-history":[{"count":0,"href":"https:\/\/www.fh-joanneum.at\/ergotherapie\/bachelor\/wp-json\/wp\/v2\/pages\/10000666\/revisions"}],"up":[{"embeddable":true,"href":"https:\/\/www.fh-joanneum.at\/ergotherapie\/bachelor\/wp-json\/wp\/v2\/pages\/10000296"}],"wp:featuredmedia":[{"embeddable":true,"href":"https:\/\/www.fh-joanneum.at\/ergotherapie\/bachelor\/wp-json\/wp\/v2\/media\/10000668"}],"wp:attachment":[{"href":"https:\/\/www.fh-joanneum.at\/ergotherapie\/bachelor\/wp-json\/wp\/v2\/media?parent=10000666"}],"curies":[{"name":"wp","href":"https:\/\/api.w.org\/{rel}","templated":true}]}}