{"id":10000673,"date":"2020-06-22T14:40:19","date_gmt":"2020-06-22T12:40:19","guid":{"rendered":"https:\/\/www.fh-joanneum.at\/ergotherapie\/bachelor\/?page_id=673"},"modified":"2020-06-22T14:59:05","modified_gmt":"2020-06-22T12:59:05","slug":"klaus-gasperl","status":"publish","type":"page","link":"https:\/\/www.fh-joanneum.at\/ergotherapie\/bachelor\/nach-dem-studium\/absolventinnen-absolventen\/klaus-gasperl\/","title":{"rendered":"Klaus Gasperl"},"content":{"rendered":"<div id=\"\" class=\"wp-block-text-content margin-bottom-normal\">\n    <div class=\"container-lg\">\n        <div class=\"row\">\n            <div class=\"col\">\n                <h4>Eckdaten<\/h4>\n<p><strong>Jobbezeichnung:<\/strong> Ergotherapeut   <br>\n<strong>Unternehmen:<\/strong> Medius &ndash; Zentrum f&uuml;r Gesundheit   <br>\n<strong>Ich arbeite in:<\/strong> Graz, &Ouml;sterreich  <br>\n<strong>Ich arbeite hier seit:<\/strong> 2018    <br>\n<a href=\"mailto:ergotherapie@medius.at\">Mein Kontakt<\/a>   <\/p>\n<h4>Was ich mache:<\/h4>\n<ul>\n<li>Klientinnen und Klienten einen selbstst&auml;ndigen und selbstbestimmten Alltag zu erm&ouml;glichen und dabei zu unterst&uuml;tzen <\/li>\n<li>Wohnraumabkl&auml;rung und Hilfsmittelberatung <\/li>\n<li>Hausbesuche <\/li>\n<\/ul>\n<h4>Was ich an meinem Beruf liebe:<\/h4>\n<ul>\n<li>Alltags- und Klientenzentrierung<\/li>\n<li>ganzheitliche Sichtweise auf den Menschen und seine Umwelt<\/li>\n<li>individuelle L&ouml;sungswege gemeinsam mit dem Menschen erarbeiten <\/li>\n<\/ul>\n<h4>Wichtige F&auml;higkeiten in meinem Job:<\/h4>\n<ul>\n<li>Empathie<\/li>\n<li>L&ouml;sungsorientierung <\/li>\n<li>Stressresistenz <\/li>\n<\/ul>\n<h4>Mein bisher gr&ouml;&szlig;ter Erfolg in meiner Karriere &hellip;<\/h4>\n<p>Es gibt mehrere Situationen, auf die ich pers&ouml;nlich stolz bin beziehungsweise die mein pers&ouml;nliches Highlight darstellen. <\/p>\n<p>Ein gro&szlig;er Erfolg, der auch mit Spa&szlig; am Job verbunden ist, war die Pr&auml;sentation &bdquo;Ergotherapie in der Prim&auml;rversorgung&ldquo; bei der Ergotherapiefachtagung 2019, welche ich vorbereitet und gehalten habe. Die R&uuml;ckmeldungen auf dem Kongress waren beeindruckend und motivierend zugleich. F&uuml;r mich war es ein absolutes Highlight zu sehen, wie viele Ergotherapeutinnen und Ergotherapeuten sich engagieren und einen unterst&uuml;tzen. <\/p>\n<p>Der Masterlehrgang an der fhg &ndash; Zentrum f&uuml;r Gesundheitsberufe GmbH stellt f&uuml;r mich ein weiteres Highlight in meinem beruflichen Leben dar. Der Lehrgang hilft mir dabei, meine pers&ouml;nlichen, fachlichen und wissenschaftlichen Kompetenzen zu vertiefen. Dabei steht neben der Ergotherapie auch die Handlungswissenschaft im Vordergrund. <\/p>\n<h4>So bin ich zu meinem Job gekommen<\/h4>\n<p>Ich habe den Job weder &uuml;ber Kontakte und Praktika noch &uuml;ber eine offizielle Bewerbung bekommen. 2018 er&ouml;ffnete in St. Leonhard ein Prim&auml;rversorgungszentrum, das Mitarbeiterinnen und Mitarbeiter aus s&auml;mtlichen Gesundheitsberufen suchte. Bei der Ausschreibung wurde jedoch die Ergotherapie vergessen &ndash; weshalb ich mich bei den &Auml;rztinnen, &Auml;rzten und der Managerin gemeldet habe und sie darauf hingewiesen habe, dass Ergotherapie eine sinnvolle Erg&auml;nzung f&uuml;r das Zentrum w&auml;re. Aufgrund der meiner E-Mail wurde ich zu einem pers&ouml;nlichen Gespr&auml;ch eingeladen, um m&ouml;gliche Einsatzgebiete der Ergotherapie in der Prim&auml;rversorgung darzustellen. Durch diesen Austausch habe ich ein Jobangebot im Prim&auml;rversorgungszentrum erhalten. <\/p>\n<h4>Das habe ich im Studium f&uuml;rs Berufsleben gelernt &hellip;<\/h4>\n<p>Ich lernte vor allem, mit Stress umzugehen. Au&szlig;erdem verhalf mir das Studium zu einer ganzheitlichen Sichtweise auf den Menschen, mit dem Fokus auf Alltagshandlungen und deren gesundheitsf&ouml;rdernder Wirkung. <\/p>\n<h4>Die Jobchancen in meinem Bereich<\/h4>\n<p>Es ist wichtig, dass sich Neueinsteigerinnen und Neueinsteiger engagieren und sich auch in Bereiche vorwagen, die eventuell noch nicht von Ergotherapeutinnen und Ergotherapeuten vertreten sind. Oft wird auf die Ergotherapie vergessen oder diese nicht beachtet &ndash; umso wichtiger ist es, dass wir als Ergotherapeutinnen und Ergotherapeuten darauf hinweisen und uns aktiv melden.<br>\nWenn dieses Engagement vorhanden ist, sch&auml;tze ich die Chancen gut ein, dass Interessierte in der Prim&auml;rversorgung Fu&szlig; fassen k&ouml;nnen. <\/p>\n<h4>Ich bin &hellip;<\/h4>\n<ul>\n<li>Empathie und gro&szlig;es ethisches Gewissen <\/li>\n<li>Freude und Begeisterungsf&auml;higkeit bei der Arbeit mit Menschen <\/li>\n<li>Geduld <\/li>\n<\/ul>\n\n            <\/div>\n        <\/div>\n            <\/div>\n<\/div>\n\n<div\n    id=\"\"\n    class=\"wp-block-blockquote margin-bottom-normal\"\n>\n    <div class=\"container-lg\">\n        <div class=\"row\">\n            <div class=\"col\">\n                <div class=\"d-block mb-2 fs-5 major-text-color\">Ich pers\u00f6nlich liebe meine T\u00e4tigkeit als Ergotherapeut in der Prim\u00e4rversorgung. Dieses Setting bietet f\u00fcr Ergotherapeutinnen und Ergotherapeuten optimale Arbeitsbedingungen, um alltags- und klientenzentriert zu arbeiten. Ich erlebe die Arbeit in der Prim\u00e4rversorgung als besonders wertsch\u00e4tzend und bereichernd. Auch im interdisziplin\u00e4ren Team gibt es kein Konkurrenzdenken, sondern die Bem\u00fchungen die beste therapeutische Versorgung der Klientinnen und Klienten zu erm\u00f6glichen. Dies zeichnet die Arbeit in der Prim\u00e4rversorgung aus \u2013 viele der Personen, die in diesen Bereich aktuell arbeiten sind Pionierinnen und Pioniere, welche allesamt die bestm\u00f6gliche Gesundheitsversorgung der Menschenin den Fokus stellen. <br \/>\r\n<br \/>\r\n<\/div>\n                <span class=\"d-flex justify-content-end\">Klaus Gasperl<\/span>\n            <\/div>\n        <\/div>\n    <\/div>\n<\/div>\n\n","protected":false},"excerpt":{"rendered":"<p>Klaus Gasperl arbeitet als Ergotherapeut im Medius \u2212 Zentrum f\u00fcr Gesundheit. Das Setting der Prim\u00e4rversorgung bietet ihm optimale Arbeitsbedingungen, um Klientinnen und Klienten einen selbstst\u00e4ndigen und selbstbestimmten Alltag zu erm\u00f6glichen.<\/p>\n","protected":false},"author":11,"featured_media":10000674,"parent":10000296,"menu_order":6,"comment_status":"closed","ping_status":"closed","template":"template-absolvent.blade.php","meta":{"_acf_changed":false,"footnotes":""},"acf":[],"aioseo_notices":[],"_links":{"self":[{"href":"https:\/\/www.fh-joanneum.at\/ergotherapie\/bachelor\/wp-json\/wp\/v2\/pages\/10000673"}],"collection":[{"href":"https:\/\/www.fh-joanneum.at\/ergotherapie\/bachelor\/wp-json\/wp\/v2\/pages"}],"about":[{"href":"https:\/\/www.fh-joanneum.at\/ergotherapie\/bachelor\/wp-json\/wp\/v2\/types\/page"}],"author":[{"embeddable":true,"href":"https:\/\/www.fh-joanneum.at\/ergotherapie\/bachelor\/wp-json\/wp\/v2\/users\/11"}],"replies":[{"embeddable":true,"href":"https:\/\/www.fh-joanneum.at\/ergotherapie\/bachelor\/wp-json\/wp\/v2\/comments?post=10000673"}],"version-history":[{"count":0,"href":"https:\/\/www.fh-joanneum.at\/ergotherapie\/bachelor\/wp-json\/wp\/v2\/pages\/10000673\/revisions"}],"up":[{"embeddable":true,"href":"https:\/\/www.fh-joanneum.at\/ergotherapie\/bachelor\/wp-json\/wp\/v2\/pages\/10000296"}],"wp:featuredmedia":[{"embeddable":true,"href":"https:\/\/www.fh-joanneum.at\/ergotherapie\/bachelor\/wp-json\/wp\/v2\/media\/10000674"}],"wp:attachment":[{"href":"https:\/\/www.fh-joanneum.at\/ergotherapie\/bachelor\/wp-json\/wp\/v2\/media?parent=10000673"}],"curies":[{"name":"wp","href":"https:\/\/api.w.org\/{rel}","templated":true}]}}