{"id":10000682,"date":"2020-11-25T16:23:10","date_gmt":"2020-11-25T14:23:10","guid":{"rendered":"https:\/\/www.fh-joanneum.at\/ergotherapie\/bachelor\/?page_id=682"},"modified":"2021-03-24T17:01:18","modified_gmt":"2021-03-24T15:01:18","slug":"anna-aigner-bsc","status":"publish","type":"page","link":"https:\/\/www.fh-joanneum.at\/ergotherapie\/bachelor\/nach-dem-studium\/absolventinnen-absolventen\/anna-aigner-bsc\/","title":{"rendered":"Anna Aigner, BSc"},"content":{"rendered":"<div id=\"\" class=\"wp-block-text-content margin-bottom-normal\">\n    <div class=\"container-lg\">\n        <div class=\"row\">\n            <div class=\"col\">\n                <h4>Eckdaten<\/h4>\n<p><strong>Jobbezeichnung:<\/strong> Ergotherapeutin, stellvertretende Therapieleitung  <br>\n<strong>Unternehmen:<\/strong> <a href=\"https:\/\/www.reha-wn.at\/\" target=\"_blank\" rel=\"noopener noreferrer\">OptimaMed Ambulantes Rehabilitationszentrum Wiener Neustadt<\/a>  <br>\nund freiberuflich t&auml;tig (Hausbesuche)  <br>\n<strong>Ich arbeite in:<\/strong> Wiener Neustadt und Umgebung  <br>\n<strong>Ich arbeite hier seit:<\/strong> 2017  <br>\n<strong>Kontakt:<\/strong> <a href=\"https:\/\/www.ergotherapie-aigner.at\/\" target=\"_blank\" rel=\"noopener noreferrer\">www.ergotherapie-aigner.at<\/a><\/p>\n<h4>Was ich mache:<\/h4>\n<ul>\n<li>Einzel- und Gruppentherapien in den Indikationen Orthop&auml;die, Neurologie, Psychiatrie und Onkologie<\/li>\n<li>Koordination des Ergo-Teams<\/li>\n<li>Organisatorische Aufgaben als Stellvertretung der Therapieleitung<\/li>\n<\/ul>\n<h4>Was ich an meinem Beruf liebe:<\/h4>\n<ul>\n<li>Abwechslung durch die Vielfalt an Indikationen im ambulanten Rehasetting und im Hausbesuchssetting<\/li>\n<li>Patientinnen und Patienten an der Weiterentwicklung ihrer Lebensqualit&auml;t unterst&uuml;tzen<\/li>\n<li>Gemeinsam mit Patientinnen und Patienten einen Therapieerfolg feststellen<\/li>\n<\/ul>\n<h4>Wichtige F&auml;higkeiten in meinem Job:<\/h4>\n<ul>\n<li>Empathie<\/li>\n<li>Flexibilit&auml;t<\/li>\n<li>Kreativit&auml;t<\/li>\n<li>Spontanit&auml;t<\/li>\n<\/ul>\n<h4>Mein bisher gr&ouml;&szlig;ter Erfolg in meiner Karriere<\/h4>\n<p>Ich k&ouml;nnte von mehreren Highlights und tollen Erlebnissen in meinem Beruf berichten. Der wichtigste Erfolg beziehungsweise die wichtigste Erkenntnis ist aber, dass mir der Beruf von Beginn an Spa&szlig; gemacht hat und ich nun wei&szlig;, dass es genau das Richtige f&uuml;r mich ist. Es freut mich immer wieder festzustellen, dass die Freude an der Arbeit das Leben um einiges positiver und entspannter macht. <\/p>\n<h4>So bin ich zu meinem Job gekommen<\/h4>\n<p>Ich bin bei der Jobsuche auf die Stellenausschreibung gesto&szlig;en, habe mich beworben und wusste von Beginn an &bdquo;HIER m&ouml;chte ich arbeiten&ldquo;. Aus diesem Grund f&uuml;hle ich mich sehr wohl an meiner Arbeitsstelle und komme jeden Tag gerne in die Arbeit. <\/p>\n<h4>Das habe ich im Studium f&uuml;rs Berufsleben gelernt<\/h4>\n<p>Vor allem das praktische Arbeiten aneinander im Studium und das Arbeiten an der Patientin oder am Patienten im Praktikum waren f&uuml;r mich die Bereiche, von denen ich am meisten profitieren konnte. Dies nat&uuml;rlich aufgebaut auf das Grundwissen in Anatomie und diversen medizinischen und ergotherapeutischen Fachbereichen.<\/p>\n<h4>Die Jobchancen in meinem Bereich<\/h4>\n<p>Ich sch&auml;tze die Jobchancen momentan und auch in Zukunft sehr gut ein. Ich denke, dass die Gesundheitsvorsorge immer wichtiger werden wird und wir als Ergotherapeuten und Ergotherapeutinnen die Patienten und Patientinnen unterst&uuml;tzen k&ouml;nnen, die T&auml;tigkeiten im Alltag &ouml;konomischer und koordinierter umzusetzen. Auch Menschen, die bereits Einschr&auml;nkungen im Alltag erkennen, werden auch zuk&uuml;nftig Bedarf an Ergotherapie haben. <\/p>\n<h4>Ich bin:<\/h4>\n<ul>\n<li>empathisch<\/li>\n<li>geduldig<\/li>\n<li>lebensfroh<\/li>\n<\/ul>\n\n            <\/div>\n        <\/div>\n            <\/div>\n<\/div>\n\n<div\n    id=\"\"\n    class=\"wp-block-blockquote margin-bottom-normal\"\n>\n    <div class=\"container-lg\">\n        <div class=\"row\">\n            <div class=\"col\">\n                <div class=\"d-block mb-2 fs-5 major-text-color\">Der gro\u00dfe Vorteil an unserem Beruf ist, dass die Aufgabenfelder sehr breit gef\u00e4chert sein k\u00f6nnen. Es wird nie ein langweiliger Therapiealltag entstehen, sofern man die Interessen verfolgt beziehungsweise neue Ans\u00e4tze kennenlernt und weiter wissbegierig bleibt. Ich selbst kann feststellen, dass es so viel Spa\u00df macht, neue Fortbildungen zu machen, das Wissen zu erweitern und dies in die Therapie einzubauen. <br \/>\r\n<\/div>\n                <span class=\"d-flex justify-content-end\">Anna Aigner<\/span>\n            <\/div>\n        <\/div>\n    <\/div>\n<\/div>\n\n","protected":false},"excerpt":{"rendered":"<p>\u201eHier m\u00f6chte ich arbeiten.\u201c Das wusste Anna Aigner sofort, als Sie sich bei OptimaMed Ambulantes Rehabilitationszentrum Wiener Neustadt beworben hat. Die Ergotherapeutin ist nicht nur stellvertretende Therapieleiterin, sondern ist auch freiberuflich t\u00e4tig.<\/p>\n","protected":false},"author":11,"featured_media":10000683,"parent":10000296,"menu_order":5,"comment_status":"closed","ping_status":"closed","template":"template-absolvent.blade.php","meta":{"_acf_changed":false,"footnotes":""},"acf":[],"aioseo_notices":[],"_links":{"self":[{"href":"https:\/\/www.fh-joanneum.at\/ergotherapie\/bachelor\/wp-json\/wp\/v2\/pages\/10000682"}],"collection":[{"href":"https:\/\/www.fh-joanneum.at\/ergotherapie\/bachelor\/wp-json\/wp\/v2\/pages"}],"about":[{"href":"https:\/\/www.fh-joanneum.at\/ergotherapie\/bachelor\/wp-json\/wp\/v2\/types\/page"}],"author":[{"embeddable":true,"href":"https:\/\/www.fh-joanneum.at\/ergotherapie\/bachelor\/wp-json\/wp\/v2\/users\/11"}],"replies":[{"embeddable":true,"href":"https:\/\/www.fh-joanneum.at\/ergotherapie\/bachelor\/wp-json\/wp\/v2\/comments?post=10000682"}],"version-history":[{"count":0,"href":"https:\/\/www.fh-joanneum.at\/ergotherapie\/bachelor\/wp-json\/wp\/v2\/pages\/10000682\/revisions"}],"up":[{"embeddable":true,"href":"https:\/\/www.fh-joanneum.at\/ergotherapie\/bachelor\/wp-json\/wp\/v2\/pages\/10000296"}],"wp:featuredmedia":[{"embeddable":true,"href":"https:\/\/www.fh-joanneum.at\/ergotherapie\/bachelor\/wp-json\/wp\/v2\/media\/10000683"}],"wp:attachment":[{"href":"https:\/\/www.fh-joanneum.at\/ergotherapie\/bachelor\/wp-json\/wp\/v2\/media?parent=10000682"}],"curies":[{"name":"wp","href":"https:\/\/api.w.org\/{rel}","templated":true}]}}