{"id":10000694,"date":"2021-03-24T16:28:51","date_gmt":"2021-03-24T14:28:51","guid":{"rendered":"https:\/\/www.fh-joanneum.at\/ergotherapie\/bachelor\/?page_id=694"},"modified":"2021-03-25T11:51:36","modified_gmt":"2021-03-25T09:51:36","slug":"andreas-kraft","status":"publish","type":"page","link":"https:\/\/www.fh-joanneum.at\/ergotherapie\/bachelor\/nach-dem-studium\/absolventinnen-absolventen\/andreas-kraft\/","title":{"rendered":"Andreas Kraft, BSc, MSc"},"content":{"rendered":"<div id=\"\" class=\"wp-block-text-content margin-bottom-normal\">\n    <div class=\"container-lg\">\n        <div class=\"row\">\n            <div class=\"col\">\n                <h4>Eckdaten<\/h4>\n<p><strong>Studium<\/strong> Bachelorstudium Ergotherapie &ndash; FH JOANNEUM 2007-2010 | Masterstudium Digital Healthcare &ndash; FH St. P&ouml;lten 2014-2016  <br>\n<strong>Jobbezeichnung:<\/strong> Ergotherapeut  <br>\n<strong>Unternehmen:<\/strong> Schulzentrum Ungargasse &amp; Selbstst&auml;ndig in eigener Praxis &bdquo;TherapieGr&uuml;nde&ldquo;  <br>\n<strong>Ich arbeite in:<\/strong> Wien  <br>\n<strong>Ich arbeite hier seit:<\/strong> 2017 &ndash; Schulzentrum Ungargasse und 2020 &ndash; Er&ouml;ffung der eigenen Praxis  <br>\n<strong>Kontakt:<\/strong> <a href=\"Mailto:andreas.kraft@therapiegruende.at\">andreas.kraft@therapiegruende.at<\/a>   <br>\n<strong>Web:<\/strong> <a href=\"https:\/\/www.therapiegruende.at\/\" target=\"_blank\" rel=\"noopener noreferrer\">www.therapiegruende.at<\/a><\/p>\n<h4>Was ich mache:<\/h4>\n<ul>\n<li>Elternberatung<\/li>\n<li>Diagnostik von Kindern und Jugendlichen<\/li>\n<li>Therapie von Kindern und Jugendlichen<\/li>\n<\/ul>\n<h4>Was ich an meinem Beruf liebe:<\/h4>\n<ul>\n<li>Dankbarkeit und Freude der Kinder, Jugendlichen und Eltern<\/li>\n<li>breites Spektrum an Therapiem&ouml;glichkeiten \/ Art des Arbeitens<\/li>\n<li>abwechslungsreiche T&auml;tigkeit<\/li>\n<\/ul>\n<h4>Was ich an meinem Job nicht so mag:<\/h4>\n<ul>\n<li>Dass man leider nicht jeder oder jedem gleich gut weiterhelfen kann und man sich aufgrund &bdquo;kranker&ldquo; Systeme teilweise machtlos f&uuml;hlt.<\/li>\n<li>Der Job ist manchmal vor allem auf der psychischen Ebene sehr kr&auml;ftezehrend.<\/li>\n<\/ul>\n<h4>Wichtige F&auml;higkeiten in meinem Job:<\/h4>\n<ul>\n<li>Flexibilit&auml;t<\/li>\n<li>Verst&auml;ndnis<\/li>\n<li>Empathie<\/li>\n<li>Geduld<\/li>\n<li>Kreativit&auml;t<\/li>\n<\/ul>\n<h4>Mein bisher gr&ouml;&szlig;ter Erfolg in meiner Karriere<\/h4>\n<p>Die Er&ouml;ffnung der eigenen Praxis im M&auml;rz 2020 und die damit verbundene immer gr&ouml;&szlig;er werdenden Nachfrage nach Therapie waren f&uuml;r mich ein Highlight, aber auch die Erleichterung und Freude der Kinder, Jugendlichen und Eltern, wenn sich diese letztendlich &bdquo;gut aufgehoben&ldquo; f&uuml;hlen.<\/p>\n<h4>So bin ich zu meinem Job gekommen<\/h4>\n<p>Nachdem ich im AKH Wien bereits viel Berufserfahrung sammeln durfte, habe ich mich einerseits vermehrt in die Selbstst&auml;ndigkeit &bdquo;gest&uuml;rzt&ldquo;. Andererseits habe ich mich auf dem offiziellen Weg f&uuml;r eine Teilzeitstelle an einer Schule mit integrativem Schwerpunkt beworben. <\/p>\n<h4>Das habe ich im Studium f&uuml;rs Berufsleben gelernt<\/h4>\n<p>Im Studium wurde ein breites Spektrum an Kompetenzen gelehrt, wodurch ich bei der weiteren Jobwahl viele verschiedene M&ouml;glichkeiten hatte.<\/p>\n<h4>Die Jobchancen in meinem Bereich<\/h4>\n<p>Ich sehe im p&auml;diatrischen Bereich einen gro&szlig;en Bedarf. Jedoch ist es aktuell schwierig, in diesem Bereich ein Angestelltenverh&auml;ltnis zu erlangen, das ich f&uuml;r wesentlich in den ersten Berufsjahren halte, um Berufserfahrung zu sammeln.<\/p>\n<h4>Ich bin:<\/h4>\n<ul>\n<li>kreativ<\/li>\n<li>humorvoll<\/li>\n<li>kommunikativ<\/li>\n<li>ehrlich \/ authentisch<\/li>\n<\/ul>\n\n            <\/div>\n        <\/div>\n            <\/div>\n<\/div>\n\n<div\n    id=\"\"\n    class=\"wp-block-blockquote margin-bottom-normal\"\n>\n    <div class=\"container-lg\">\n        <div class=\"row\">\n            <div class=\"col\">\n                <div class=\"d-block mb-2 fs-5 major-text-color\">Mir bereitet die Arbeit mit Kindern und Jugendlichen vor allem deshalb viel Freude, da man sofort ein unverbl\u00fcmtes Feedback erh\u00e4lt und somit fast immer wei\u00df, woran man ist. In meiner Arbeit ist es mir wichtig, so sein zu k\u00f6nnen, wie ich bin. Es widerstrebt mir, mich f\u00fcr einen Job verstellen zu m\u00fcssen und etwas mir Auferlegtes zu repr\u00e4sentieren.<p><br \/>\r\nIch halte es f\u00fcr wesentlich, dass den Kindern oder Jugendlichen die Therapie nebst allen Regeln und Schwierigkeiten Freude bereitet. Denn niemand von uns will beziehungsweise kann Defizite aufarbeiten, ohne dabei Spa\u00df zu haben.<br \/>\r\n<br \/>\r\n<\/div>\n                <span class=\"d-flex justify-content-end\">Andreas Kraft<\/span>\n            <\/div>\n        <\/div>\n    <\/div>\n<\/div>\n\n","protected":false},"excerpt":{"rendered":"<p>Andreas Kraft er\u00f6ffnete im M\u00e4rz 2020 seine eigene Praxis \u201eTherapieGr\u00fcnde.\u201c Dass Kindern oder Jugendlichen die Therapie nebst allen Regeln und Schwierigkeiten Freude bereitet, ist f\u00fcr den Ergotherapeuten wesentlich. <\/p>\n","protected":false},"author":11,"featured_media":10000695,"parent":10000296,"menu_order":16,"comment_status":"closed","ping_status":"closed","template":"template-absolvent.blade.php","meta":{"_acf_changed":false,"footnotes":""},"acf":[],"aioseo_notices":[],"_links":{"self":[{"href":"https:\/\/www.fh-joanneum.at\/ergotherapie\/bachelor\/wp-json\/wp\/v2\/pages\/10000694"}],"collection":[{"href":"https:\/\/www.fh-joanneum.at\/ergotherapie\/bachelor\/wp-json\/wp\/v2\/pages"}],"about":[{"href":"https:\/\/www.fh-joanneum.at\/ergotherapie\/bachelor\/wp-json\/wp\/v2\/types\/page"}],"author":[{"embeddable":true,"href":"https:\/\/www.fh-joanneum.at\/ergotherapie\/bachelor\/wp-json\/wp\/v2\/users\/11"}],"replies":[{"embeddable":true,"href":"https:\/\/www.fh-joanneum.at\/ergotherapie\/bachelor\/wp-json\/wp\/v2\/comments?post=10000694"}],"version-history":[{"count":0,"href":"https:\/\/www.fh-joanneum.at\/ergotherapie\/bachelor\/wp-json\/wp\/v2\/pages\/10000694\/revisions"}],"up":[{"embeddable":true,"href":"https:\/\/www.fh-joanneum.at\/ergotherapie\/bachelor\/wp-json\/wp\/v2\/pages\/10000296"}],"wp:featuredmedia":[{"embeddable":true,"href":"https:\/\/www.fh-joanneum.at\/ergotherapie\/bachelor\/wp-json\/wp\/v2\/media\/10000695"}],"wp:attachment":[{"href":"https:\/\/www.fh-joanneum.at\/ergotherapie\/bachelor\/wp-json\/wp\/v2\/media?parent=10000694"}],"curies":[{"name":"wp","href":"https:\/\/api.w.org\/{rel}","templated":true}]}}