{"id":10000038,"date":"2024-01-19T13:11:46","date_gmt":"2024-01-19T12:11:46","guid":{"rendered":"https:\/\/www.fh-joanneum.at\/european-green-transformation\/master\/?page_id=38"},"modified":"2025-03-05T15:08:41","modified_gmt":"2025-03-05T14:08:41","slug":"voraussetzungen","status":"publish","type":"page","link":"https:\/\/www.fh-joanneum.at\/european-green-transformation\/master\/vor-dem-studium\/voraussetzungen\/","title":{"rendered":"Voraussetzungen"},"content":{"rendered":"<div id=\"\" class=\"wp-block-text-content margin-bottom-none\">\n    <div class=\"container-lg\">\n        <div class=\"row\">\n            <div class=\"col\">\n                <div class=\"module-migration-headline\">\n<h3>Voraussetzungen f&uuml;r das Studium<\/h3>\n<\/div>\n\n            <\/div>\n        <\/div>\n            <\/div>\n<\/div>\n\n\n<div id=\"\" class=\"wp-block-text-content margin-bottom-normal\">\n    <div class=\"container-lg\">\n        <div class=\"row\">\n            <div class=\"col\">\n                <p>Dieser Masterstudiengang ist grunds&auml;tzlich f&uuml;r alle Fachrichtungen offen. Die Voraussetzungen f&uuml;r den Masterstudiengang erf&uuml;llen Sie insbesondere, wenn Sie einen einschl&auml;gigen Bachelor-Abschluss in einem der folgenden Bereiche vorweisen k&ouml;nnen:<\/p>\n<ul>\n<li>Management<\/li>\n<li>Betriebswirtschaftslehre<\/li>\n<li>Wirtschaftsingenieurwesen<\/li>\n<li>Technik<\/li>\n<li>Informatik<\/li>\n<li>Naturwissenschaften<\/li>\n<\/ul>\n<p>Auch Bewerber:innen, die einen einschl&auml;gigen Studiengang an anderen Hochschulen oder im Ausland absolviert haben, sind willkommen.<br>\nIn Zweifelsf&auml;llen entscheidet die Studiengangsleitung, ob die Zulassungsvoraussetzungen erf&uuml;llt sind (z.B.: Gesundheitsstudieng&auml;nge, k&uuml;nstlerische Studieng&auml;nge, etc.). Sie werden benachrichtigt, sobald Ihre vollst&auml;ndigen Bewerbungsunterlagen bei uns eingegangen sind.<\/p>\n<h3>Sprachkenntnisse<\/h3>\n<p>Der Studiengang wird in englischer Sprache unterrichtet. Wenn Sie die englische Sprache mindestens auf Level B2 beherrschen, sollten Sie dem Unterricht problemlos folgen k&ouml;nnen. Bitte senden Sie uns eine Bescheinigung &uuml;ber Ihre Sprachkenntnisse, sofern diese nicht in Ihrem Maturazeugnis oder &auml;hnlichen Zeugnissen enthalten sind.<\/p>\n\n            <\/div>\n        <\/div>\n            <\/div>\n<\/div>\n\n\n<div\n    id=\"\"\n    class=\"wp-block-tipp-box margin-bottom-normal\"\n>\n    <div class=\"container-lg\">\n        <div class=\"row\">\n            <div class=\"col\">\n                <div class=\"tipp-box border border-warning\">\n                    <div class=\"tipp-box-inner p-2 p-md-3\">\n                        <h4 class=\"\">Tipp<\/h4>\n                        <p>Der Masterstudiengang begr\u00fc\u00dft besonders Bewerber:innen mit Berufserfahrung und ber\u00fccksichtigt entsprechende Vorkenntnisse.<\/p>\n\n                    <\/div>\n                <\/div>\n            <\/div>\n        <\/div>\n    <\/div>\n<\/div>\n\n\n<div id=\"\" class=\"wp-block-text-content margin-bottom-normal\">\n    <div class=\"container-lg\">\n        <div class=\"row\">\n            <div class=\"col\">\n                <h3>Sie sind keine &ouml;sterreichische Staatsb&uuml;rgerin oder kein &ouml;sterreichischer Staatsb&uuml;rger?<\/h3>\n<p>Da die Vorlesungen nur in zwei Wochen pro Semester stattfinden, k&ouml;nnen Sie mit einem <strong>Visum D<\/strong> an den Vorlesungen teilnehmen. Weitere Informationen finden Sie unter dem Men&uuml;punkt Internationale Bewerber:innen.<\/p>\n\n            <\/div>\n        <\/div>\n            <\/div>\n<\/div>\n","protected":false},"excerpt":{"rendered":"<p>Diese Voraussetzungen m\u00fcssen Sie f\u00fcr das Studium erf\u00fcllen.<\/p>\n","protected":false},"author":11,"featured_media":0,"parent":10000036,"menu_order":13,"comment_status":"closed","ping_status":"closed","template":"","meta":{"_acf_changed":false,"footnotes":""},"acf":[],"aioseo_notices":[],"_links":{"self":[{"href":"https:\/\/www.fh-joanneum.at\/european-green-transformation\/master\/wp-json\/wp\/v2\/pages\/10000038"}],"collection":[{"href":"https:\/\/www.fh-joanneum.at\/european-green-transformation\/master\/wp-json\/wp\/v2\/pages"}],"about":[{"href":"https:\/\/www.fh-joanneum.at\/european-green-transformation\/master\/wp-json\/wp\/v2\/types\/page"}],"author":[{"embeddable":true,"href":"https:\/\/www.fh-joanneum.at\/european-green-transformation\/master\/wp-json\/wp\/v2\/users\/11"}],"replies":[{"embeddable":true,"href":"https:\/\/www.fh-joanneum.at\/european-green-transformation\/master\/wp-json\/wp\/v2\/comments?post=10000038"}],"version-history":[{"count":6,"href":"https:\/\/www.fh-joanneum.at\/european-green-transformation\/master\/wp-json\/wp\/v2\/pages\/10000038\/revisions"}],"predecessor-version":[{"id":10000274,"href":"https:\/\/www.fh-joanneum.at\/european-green-transformation\/master\/wp-json\/wp\/v2\/pages\/10000038\/revisions\/10000274"}],"up":[{"embeddable":true,"href":"https:\/\/www.fh-joanneum.at\/european-green-transformation\/master\/wp-json\/wp\/v2\/pages\/10000036"}],"wp:attachment":[{"href":"https:\/\/www.fh-joanneum.at\/european-green-transformation\/master\/wp-json\/wp\/v2\/media?parent=10000038"}],"curies":[{"name":"wp","href":"https:\/\/api.w.org\/{rel}","templated":true}]}}