{"id":10000042,"date":"2024-01-19T13:34:09","date_gmt":"2024-01-19T12:34:09","guid":{"rendered":"https:\/\/www.fh-joanneum.at\/european-green-transformation\/master\/?page_id=42"},"modified":"2024-09-18T10:05:30","modified_gmt":"2024-09-18T08:05:30","slug":"aufnahmeverfahren","status":"publish","type":"page","link":"https:\/\/www.fh-joanneum.at\/european-green-transformation\/master\/vor-dem-studium\/aufnahmeverfahren\/","title":{"rendered":"Aufnahmeverfahren"},"content":{"rendered":"<div id=\"\" class=\"wp-block-text-content margin-bottom-none\">\n    <div class=\"container-lg\">\n        <div class=\"row\">\n            <div class=\"col\">\n                <div class=\"module-migration-headline\">\n<h3>Aufnahmeverfahren<\/h3>\n<\/div>\n\n            <\/div>\n        <\/div>\n            <\/div>\n<\/div>\n\n\n<div id=\"\" class=\"wp-block-text-content margin-bottom-normal\">\n    <div class=\"container-lg\">\n        <div class=\"row\">\n            <div class=\"col\">\n                <h3>Das Aufnahmeverfahren setzt sich zusammen aus:<\/h3>\n<ul>\n<li>einer vollst&auml;ndigen Bewerbung,<\/li>\n<li>eine Bewertung Ihrer bisherigen Qualifikationen und Berufserfahrung sowie<\/li>\n<li>einem online Gespr&auml;ch mit der Aufnahmekommission.<\/li>\n<\/ul>\n<p>Die Form der Bewerbung flie&szlig;t in die Beurteilung ein.<\/p>\n<h3>Das online Gespr&auml;ch<\/h3>\n<p>Sie werden zu einem Vorstellungsgespr&auml;ch eingeladen, wenn Sie die Zulassungsvoraussetzungen erf&uuml;llen und Ihre Bewerbung fristgerecht und vollst&auml;ndig eingereicht haben. Rechtzeitig vor dem Gespr&auml;ch erhalten Sie eine E-Mail mit detaillierten Informationen zum Online-Interview.<\/p>\n<p>Das Gespr&auml;ch wird in englischer Sprache gef&uuml;hrt. Neben Fragen zur Motivation, zu den Karrierepl&auml;nen, zu Ihren Erwartungen sowie zu Ihren Team- und Sozialkompetenzen werden auch fachspezifische Kenntnisse abgefragt.<br>\nDas Gespr&auml;ch wird von der Zulassungskommission des Studiengangs gef&uuml;hrt.<\/p>\n\n            <\/div>\n        <\/div>\n            <\/div>\n<\/div>\n\n\n<div\n    id=\"\"\n    class=\"wp-block-tipp-box margin-bottom-normal\"\n>\n    <div class=\"container-lg\">\n        <div class=\"row\">\n            <div class=\"col\">\n                <div class=\"tipp-box border border-warning\">\n                    <div class=\"tipp-box-inner p-2 p-md-3\">\n                        <h4 class=\"\">Tipp<\/h4>\n                        <p>Im Gespr\u00e4ch haben Sie die M\u00f6glichkeit, Ihr Fachwissen sowie Ihre Motivation, Eignung und Begabung f\u00fcr das Studium und den Beruf darzulegen. \u00dcberzeugen Sie durch Ihren Lebenslauf, Ihr Interesse an den Studieninhalten und Ihre Pers\u00f6nlichkeit.<\/p>\n\n                    <\/div>\n                <\/div>\n            <\/div>\n        <\/div>\n    <\/div>\n<\/div>\n\n\n","protected":false},"excerpt":{"rendered":"<p>Im Zuge des Aufnahmeverfahrens ermitteln wir Ihre pers\u00f6nlichen F\u00e4higkeiten und Potenziale f\u00fcr das Studium. Was Sie genau erwartet, und wie Sie sich darauf vorbereiten k\u00f6nnen.<\/p>\n","protected":false},"author":11,"featured_media":0,"parent":10000036,"menu_order":17,"comment_status":"closed","ping_status":"closed","template":"","meta":{"_acf_changed":false,"footnotes":""},"acf":[],"aioseo_notices":[],"_links":{"self":[{"href":"https:\/\/www.fh-joanneum.at\/european-green-transformation\/master\/wp-json\/wp\/v2\/pages\/10000042"}],"collection":[{"href":"https:\/\/www.fh-joanneum.at\/european-green-transformation\/master\/wp-json\/wp\/v2\/pages"}],"about":[{"href":"https:\/\/www.fh-joanneum.at\/european-green-transformation\/master\/wp-json\/wp\/v2\/types\/page"}],"author":[{"embeddable":true,"href":"https:\/\/www.fh-joanneum.at\/european-green-transformation\/master\/wp-json\/wp\/v2\/users\/11"}],"replies":[{"embeddable":true,"href":"https:\/\/www.fh-joanneum.at\/european-green-transformation\/master\/wp-json\/wp\/v2\/comments?post=10000042"}],"version-history":[{"count":3,"href":"https:\/\/www.fh-joanneum.at\/european-green-transformation\/master\/wp-json\/wp\/v2\/pages\/10000042\/revisions"}],"predecessor-version":[{"id":10000171,"href":"https:\/\/www.fh-joanneum.at\/european-green-transformation\/master\/wp-json\/wp\/v2\/pages\/10000042\/revisions\/10000171"}],"up":[{"embeddable":true,"href":"https:\/\/www.fh-joanneum.at\/european-green-transformation\/master\/wp-json\/wp\/v2\/pages\/10000036"}],"wp:attachment":[{"href":"https:\/\/www.fh-joanneum.at\/european-green-transformation\/master\/wp-json\/wp\/v2\/media?parent=10000042"}],"curies":[{"name":"wp","href":"https:\/\/api.w.org\/{rel}","templated":true}]}}