{"id":27,"date":"2025-01-23T10:25:59","date_gmt":"2025-01-23T09:25:59","guid":{"rendered":"https:\/\/www.fh-joanneum.at\/european-joint-master-digital-and-sustainable-manufacturing-engineering\/master\/?page_id=27"},"modified":"2025-03-05T10:03:50","modified_gmt":"2025-03-05T09:03:50","slug":"voraussetzungen","status":"publish","type":"page","link":"https:\/\/www.fh-joanneum.at\/european-joint-master-digital-and-sustainable-manufacturing-engineering\/master\/vor-dem-studium\/voraussetzungen\/","title":{"rendered":"Voraussetzungen"},"content":{"rendered":"<div id=\"\" class=\"wp-block-text-content margin-bottom-normal\">\n    <div class=\"container-lg\">\n        <div class=\"row\">\n            <div class=\"col\">\n                <h3>Voraussetzungen f&uuml;r das Studium<\/h3>\n<p>Wenn Sie einen qualifizierten Studienabschluss<\/p>\n<ul>\n<li>eines Bachelorstudiums im Bereich Ingenieurwissenschaften mit mindestens 180 ECTs oder<\/li>\n<li>eines gleichwertigen Studiums an einer anerkannten inl&auml;ndischen oder ausl&auml;ndischen postsekund&auml;ren Bildungseinrichtung (der akkreditierte Abschluss muss mindestens dem EAQF-Niveau 6 oder einem gleichwertigen Niveau entsprechen)<\/li>\n<\/ul>\n<p>nachweisen k&ouml;nnen, erf&uuml;llen Sie die Zugangsvoraussetzungen f&uuml;r das Masterstudium.<\/p>\n<p>Der Zugang zum Masterstudium &bdquo;European Joint Master in Digital and Sustainable Manufacturing Engineering&ldquo; kann aus einem breiten Spektrum von Bachelorstudieng&auml;ngen an unterschiedlichen Universit&auml;ten und Hochschulen erfolgen. Die folgende Liste zeigt exemplarisch diverse Bachelorstudien, mit deren Abschluss die Voraussetzungen grunds&auml;tzlich erf&uuml;llt sind:<\/p>\n<ul>\n<li>Maschinenbau<\/li>\n<li>Fertigungstechnik<\/li>\n<li>Materialwissenschaft und Werkstofftechnik<\/li>\n<li>Wirtschaftsingenieurwesen<\/li>\n<li>Luft- und Raumfahrttechnik<\/li>\n<li>Bauingenieurwesen<\/li>\n<li>Fahrzeugtechnik<\/li>\n<li>Metallurgietechnik<\/li>\n<li>Mechatronik<\/li>\n<\/ul>\n\n            <\/div>\n        <\/div>\n            <\/div>\n<\/div>\n\n\n<div id=\"\" class=\"wp-block-text-content margin-bottom-normal\">\n    <div class=\"container-lg\">\n        <div class=\"row\">\n            <div class=\"col\">\n                <h4>Sprachkenntnisse<\/h4>\n<p>Englisch ist die Unterrichtssprache am Studiengang. Mit Sprachkenntnissen auf Level B2 k&ouml;nnen Sie den Studieninhalten ohne Probleme folgen. Best&auml;tigen Sie uns Ihre Sprachkenntnisse bitte mit einem Zertifikat sofern Sie nicht in Maturazeugnissen oder &auml;hnlichen Diplomen genannt sind.<\/p>\n\n            <\/div>\n        <\/div>\n            <\/div>\n<\/div>\n\n\n<div\n    id=\"\"\n    class=\"wp-block-tipp-box margin-bottom-normal\"\n>\n    <div class=\"container-lg\">\n        <div class=\"row\">\n            <div class=\"col\">\n                <div class=\"tipp-box border border-info\">\n                    <div class=\"tipp-box-inner p-2 p-md-3\">\n                        <h4 class=\"\">Hinweis<\/h4>\n                        <p>Die Erf\u00fcllung der Zugangsvoraussetzungen wird im Zweifelsfall durch die Studiengangsleitung gepr\u00fcft.<\/p>\n\n                    <\/div>\n                <\/div>\n            <\/div>\n        <\/div>\n    <\/div>\n<\/div>\n","protected":false},"excerpt":{"rendered":"<p>Diese Voraussetzungen m\u00fcssen Sie f\u00fcr das Studium erf\u00fcllen.<\/p>\n","protected":false},"author":143,"featured_media":0,"parent":6,"menu_order":20,"comment_status":"closed","ping_status":"closed","template":"","meta":{"_acf_changed":false,"footnotes":""},"acf":[],"aioseo_notices":[],"_links":{"self":[{"href":"https:\/\/www.fh-joanneum.at\/european-joint-master-digital-and-sustainable-manufacturing-engineering\/master\/wp-json\/wp\/v2\/pages\/27"}],"collection":[{"href":"https:\/\/www.fh-joanneum.at\/european-joint-master-digital-and-sustainable-manufacturing-engineering\/master\/wp-json\/wp\/v2\/pages"}],"about":[{"href":"https:\/\/www.fh-joanneum.at\/european-joint-master-digital-and-sustainable-manufacturing-engineering\/master\/wp-json\/wp\/v2\/types\/page"}],"author":[{"embeddable":true,"href":"https:\/\/www.fh-joanneum.at\/european-joint-master-digital-and-sustainable-manufacturing-engineering\/master\/wp-json\/wp\/v2\/users\/143"}],"replies":[{"embeddable":true,"href":"https:\/\/www.fh-joanneum.at\/european-joint-master-digital-and-sustainable-manufacturing-engineering\/master\/wp-json\/wp\/v2\/comments?post=27"}],"version-history":[{"count":6,"href":"https:\/\/www.fh-joanneum.at\/european-joint-master-digital-and-sustainable-manufacturing-engineering\/master\/wp-json\/wp\/v2\/pages\/27\/revisions"}],"predecessor-version":[{"id":244,"href":"https:\/\/www.fh-joanneum.at\/european-joint-master-digital-and-sustainable-manufacturing-engineering\/master\/wp-json\/wp\/v2\/pages\/27\/revisions\/244"}],"up":[{"embeddable":true,"href":"https:\/\/www.fh-joanneum.at\/european-joint-master-digital-and-sustainable-manufacturing-engineering\/master\/wp-json\/wp\/v2\/pages\/6"}],"wp:attachment":[{"href":"https:\/\/www.fh-joanneum.at\/european-joint-master-digital-and-sustainable-manufacturing-engineering\/master\/wp-json\/wp\/v2\/media?parent=27"}],"curies":[{"name":"wp","href":"https:\/\/api.w.org\/{rel}","templated":true}]}}