{"id":44,"date":"2025-01-23T11:09:51","date_gmt":"2025-01-23T10:09:51","guid":{"rendered":"https:\/\/www.fh-joanneum.at\/european-joint-master-digital-and-sustainable-manufacturing-engineering\/master\/?page_id=44"},"modified":"2025-03-03T10:05:48","modified_gmt":"2025-03-03T09:05:48","slug":"aufnahmeverfahren","status":"publish","type":"page","link":"https:\/\/www.fh-joanneum.at\/european-joint-master-digital-and-sustainable-manufacturing-engineering\/master\/vor-dem-studium\/aufnahmeverfahren\/","title":{"rendered":"Aufnahmeverfahren"},"content":{"rendered":"<div id=\"\" class=\"wp-block-text-content margin-bottom-normal\">\n    <div class=\"container-lg\">\n        <div class=\"row\">\n            <div class=\"col\">\n                <h4>Aufnahmeverfahren<\/h4>\n<p>Das Aufnahmeverfahren setzt sich zusammen aus:<\/p>\n<ul>\n<li>einer vollst&auml;ndigen Bewerbung,<\/li>\n<li>einem Online-Gespr&auml;ch mit der Aufnahmekommission sowie<\/li>\n<li>der Bewertung der vorangegangenen Ausbildung und T&auml;tigkeiten.<\/li>\n<\/ul>\n<p>Die Form der Bewerbung flie&szlig;t in die Beurteilung ein.<\/p>\n<h4>Das Online-Gespr&auml;ch<\/h4>\n<p>Sie werden zu einem Gespr&auml;ch eingeladen, wenn Sie die Voraussetzungen f&uuml;r die Zulassung erf&uuml;llen und Ihre Bewerbung vollst&auml;ndig und fristgerecht eingereicht haben. Informationen mit allen Details zum Online-Gespr&auml;ch erhalten Sie zeitgerecht vor dem Termin per E-Mail. Das Gespr&auml;ch findet auf Englisch statt.<\/p>\n\n            <\/div>\n        <\/div>\n            <\/div>\n<\/div>\n\n\n<div\n    id=\"\"\n    class=\"wp-block-tipp-box margin-bottom-normal\"\n>\n    <div class=\"container-lg\">\n        <div class=\"row\">\n            <div class=\"col\">\n                <div class=\"tipp-box border border-info\">\n                    <div class=\"tipp-box-inner p-2 p-md-3\">\n                        <h4 class=\"\">Hinweis<\/h4>\n                        <p>Der Gemeinsame Zulassungsausschuss (Joint Admissions Board, JAB) ist f\u00fcr die j\u00e4hrliche Auswahl und Zulassung aller Studierenden zum Joint Master gem\u00e4\u00df den in der Studien- und Pr\u00fcfungsordnung festgelegten gemeinsamen Verfahren und Kriterien zust\u00e4ndig.<\/p>\n\n                    <\/div>\n                <\/div>\n            <\/div>\n        <\/div>\n    <\/div>\n<\/div>\n","protected":false},"excerpt":{"rendered":"<p>Im Zuge des Aufnahmeverfahrens ermitteln wir Ihre pers\u00f6nlichen F\u00e4higkeiten und Potenziale f\u00fcr das Studium. Was Sie genau erwartet, und wie Sie sich darauf vorbereiten k\u00f6nnen.<\/p>\n","protected":false},"author":143,"featured_media":0,"parent":6,"menu_order":40,"comment_status":"closed","ping_status":"closed","template":"","meta":{"_acf_changed":false,"footnotes":""},"acf":[],"aioseo_notices":[],"_links":{"self":[{"href":"https:\/\/www.fh-joanneum.at\/european-joint-master-digital-and-sustainable-manufacturing-engineering\/master\/wp-json\/wp\/v2\/pages\/44"}],"collection":[{"href":"https:\/\/www.fh-joanneum.at\/european-joint-master-digital-and-sustainable-manufacturing-engineering\/master\/wp-json\/wp\/v2\/pages"}],"about":[{"href":"https:\/\/www.fh-joanneum.at\/european-joint-master-digital-and-sustainable-manufacturing-engineering\/master\/wp-json\/wp\/v2\/types\/page"}],"author":[{"embeddable":true,"href":"https:\/\/www.fh-joanneum.at\/european-joint-master-digital-and-sustainable-manufacturing-engineering\/master\/wp-json\/wp\/v2\/users\/143"}],"replies":[{"embeddable":true,"href":"https:\/\/www.fh-joanneum.at\/european-joint-master-digital-and-sustainable-manufacturing-engineering\/master\/wp-json\/wp\/v2\/comments?post=44"}],"version-history":[{"count":3,"href":"https:\/\/www.fh-joanneum.at\/european-joint-master-digital-and-sustainable-manufacturing-engineering\/master\/wp-json\/wp\/v2\/pages\/44\/revisions"}],"predecessor-version":[{"id":190,"href":"https:\/\/www.fh-joanneum.at\/european-joint-master-digital-and-sustainable-manufacturing-engineering\/master\/wp-json\/wp\/v2\/pages\/44\/revisions\/190"}],"up":[{"embeddable":true,"href":"https:\/\/www.fh-joanneum.at\/european-joint-master-digital-and-sustainable-manufacturing-engineering\/master\/wp-json\/wp\/v2\/pages\/6"}],"wp:attachment":[{"href":"https:\/\/www.fh-joanneum.at\/european-joint-master-digital-and-sustainable-manufacturing-engineering\/master\/wp-json\/wp\/v2\/media?parent=44"}],"curies":[{"name":"wp","href":"https:\/\/api.w.org\/{rel}","templated":true}]}}