{"id":48,"date":"2025-01-23T11:18:15","date_gmt":"2025-01-23T10:18:15","guid":{"rendered":"https:\/\/www.fh-joanneum.at\/european-joint-master-digital-and-sustainable-manufacturing-engineering\/master\/?page_id=48"},"modified":"2025-05-07T13:56:04","modified_gmt":"2025-05-07T11:56:04","slug":"nach-dem-aufnahmeverfahren","status":"publish","type":"page","link":"https:\/\/www.fh-joanneum.at\/european-joint-master-digital-and-sustainable-manufacturing-engineering\/master\/vor-dem-studium\/nach-dem-aufnahmeverfahren\/","title":{"rendered":"Nach dem Aufnahmeverfahren"},"content":{"rendered":"<div id=\"\" class=\"wp-block-text-content margin-bottom-normal\">\n    <div class=\"container-lg\">\n        <div class=\"row\">\n            <div class=\"col\">\n                <h3>Nach dem Aufnahmeverfahren<\/h3>\n<h4>Auswertung des Aufnahmeverfahrens<\/h4>\n<p>Jeder Teil des Aufnahmeverfahrens wird einzeln ausgewertet. Ihr Gesamtergebnis bestimmt, ob Sie als Studierende:r aufgenommen werden.<\/p>\n<p>&nbsp;<\/p>\n<h4>Ihr Ergebnis<\/h4>\n<p>Einige Tage nach dem Aufnahmegespr&auml;ch erfahren Sie, ob Sie aufgenommen sind oder nicht bzw. auf die Warteliste gesetzt wurden.<\/p>\n<p>Dies gilt f&uuml;r alle Bewerbungstermine.<\/p>\n\n            <\/div>\n        <\/div>\n            <\/div>\n<\/div>\n\n\n<div\n    id=\"\"\n    class=\"wp-block-tipp-box margin-bottom-normal\"\n>\n    <div class=\"container-lg\">\n        <div class=\"row\">\n            <div class=\"col\">\n                <div class=\"tipp-box border border-warning\">\n                    <div class=\"tipp-box-inner p-2 p-md-3\">\n                        <h4 class=\"\">Tipp<\/h4>\n                        <p>Neu in der Stadt? N\u00fctzen Sie die Zeit bis zum Studienbeginn, um sich rechtzeitig \u00fcber Wohnm\u00f6glichkeiten und Campus-Leben am Standort zu informieren. Mehr Details dazu finden Sie auf den Seiten zum <a title=\"FH JOANNEUM Graz\/\" href=\"https:\/\/www.fh-joanneum.at\/hochschule\/standorte\/graz\/\">Campus Graz<\/a>, <a title=\"FH JOANNEUM Kapfenberg\" href=\"https:\/\/www.fh-joanneum.at\/hochschule\/standorte\/kapfenberg\/\">Campus Kapfenberg<\/a> und <a title=\"FH JOANNEUM Bad Gleichenberg\" href=\"https:\/\/www.fh-joanneum.at\/hochschule\/standorte\/bad-gleichenberg\/\">Campus Bad Gleichenberg<\/a>.<\/p>\n\n                    <\/div>\n                <\/div>\n            <\/div>\n        <\/div>\n    <\/div>\n<\/div>\n\n\n<div id=\"\" class=\"wp-block-text-content margin-bottom-normal\">\n    <div class=\"container-lg\">\n        <div class=\"row\">\n            <div class=\"col\">\n                <h5>Weitere Informationen<\/h5>\n<p>Die Mitarbeiter:innen unserer <strong>Studienberatung<\/strong> beantworten gerne Ihre Fragen und helfen Ihnen bei der Orientierung.<\/p>\n<p>Alle<strong> Informationen zu den Beratungszeiten<\/strong> sowie die <strong>Kontaktdaten<\/strong> unserer Studienberatung <a href=\"https:\/\/www.fh-joanneum.at\/hochschule\/services\/studienberatung\/\">finden Sie hier.<\/a><\/p>\n\n            <\/div>\n        <\/div>\n            <\/div>\n<\/div>\n","protected":false},"excerpt":{"rendered":"<p>Nach dem Aufnahmeverfahren werden Ihre Teilergebnisse ausgewertet und die Reihung aller Kandidatinnen und Kandidaten ermittelt. Wann und wie Sie \u00fcber das Ergebnis Ihres Aufnahmeverfahrens informiert werden.<\/p>\n","protected":false},"author":143,"featured_media":0,"parent":6,"menu_order":50,"comment_status":"closed","ping_status":"closed","template":"","meta":{"_acf_changed":false,"footnotes":""},"acf":[],"aioseo_notices":[],"_links":{"self":[{"href":"https:\/\/www.fh-joanneum.at\/european-joint-master-digital-and-sustainable-manufacturing-engineering\/master\/wp-json\/wp\/v2\/pages\/48"}],"collection":[{"href":"https:\/\/www.fh-joanneum.at\/european-joint-master-digital-and-sustainable-manufacturing-engineering\/master\/wp-json\/wp\/v2\/pages"}],"about":[{"href":"https:\/\/www.fh-joanneum.at\/european-joint-master-digital-and-sustainable-manufacturing-engineering\/master\/wp-json\/wp\/v2\/types\/page"}],"author":[{"embeddable":true,"href":"https:\/\/www.fh-joanneum.at\/european-joint-master-digital-and-sustainable-manufacturing-engineering\/master\/wp-json\/wp\/v2\/users\/143"}],"replies":[{"embeddable":true,"href":"https:\/\/www.fh-joanneum.at\/european-joint-master-digital-and-sustainable-manufacturing-engineering\/master\/wp-json\/wp\/v2\/comments?post=48"}],"version-history":[{"count":3,"href":"https:\/\/www.fh-joanneum.at\/european-joint-master-digital-and-sustainable-manufacturing-engineering\/master\/wp-json\/wp\/v2\/pages\/48\/revisions"}],"predecessor-version":[{"id":294,"href":"https:\/\/www.fh-joanneum.at\/european-joint-master-digital-and-sustainable-manufacturing-engineering\/master\/wp-json\/wp\/v2\/pages\/48\/revisions\/294"}],"up":[{"embeddable":true,"href":"https:\/\/www.fh-joanneum.at\/european-joint-master-digital-and-sustainable-manufacturing-engineering\/master\/wp-json\/wp\/v2\/pages\/6"}],"wp:attachment":[{"href":"https:\/\/www.fh-joanneum.at\/european-joint-master-digital-and-sustainable-manufacturing-engineering\/master\/wp-json\/wp\/v2\/media?parent=48"}],"curies":[{"name":"wp","href":"https:\/\/api.w.org\/{rel}","templated":true}]}}