{"id":80,"date":"2025-01-23T13:35:53","date_gmt":"2025-01-23T12:35:53","guid":{"rendered":"https:\/\/www.fh-joanneum.at\/european-joint-master-digital-and-sustainable-manufacturing-engineering\/master\/?page_id=80"},"modified":"2026-04-01T12:48:42","modified_gmt":"2026-04-01T10:48:42","slug":"das-studium","status":"publish","type":"page","link":"https:\/\/www.fh-joanneum.at\/european-joint-master-digital-and-sustainable-manufacturing-engineering\/master\/im-studium\/das-studium\/","title":{"rendered":"Das Studium"},"content":{"rendered":"<div id=\"\" class=\"wp-block-text-content margin-bottom-normal\">\n    <div class=\"container-lg\">\n        <div class=\"row\">\n            <div class=\"col\">\n                <h3>Schwerpunkte des Masterstudiums<\/h3>\n<p>Der Schwerpunkt des Masterstudiums &bdquo;European Joint Master in Digital and Sustainable Manufacturing Engineering&rdquo;&nbsp; liegt auf der modernen Fertigung, einer Schl&uuml;sselindustrie f&uuml;r die Zukunft Europas. Sie erhalten vom ersten Tag an praktische F&auml;higkeiten und Kenntnisse, um sich auf dem globalen Arbeitsmarkt zu behaupten. W&auml;hrend des Studiums sammeln Sie wertvolle Arbeitserfahrungen durch eine <strong>mindestens f&uuml;nfmonatige Besch&auml;ftigung oder ein Praktikum<\/strong> in einem europ&auml;ischen Unternehmen und verdienen dabei ein wettbewerbsf&auml;higes Gehalt, w&auml;hrend Sie gleichzeitig F&auml;higkeiten f&uuml;r Ihre zuk&uuml;nftige Karriere erwerben. Au&szlig;erdem lernen Sie bereits im ersten Semester mindesten zwei europ&auml;ische Universit&auml;ten im Rahmen eines gemischten Intensivprogramms kennen. Das zweite Semester absolvieren Sie &ndash; je nach Vertiefungsrichtung &ndash; an der FH JOANNEUM oder an einer der drei Partner-Universit&auml;ten. Der Joint Master setzt dabei &uuml;ber alle drei Semester hinweg einen Fokus auf die folgenden Themen:<\/p>\n<ul>\n<li>Artificial Intelligence<\/li>\n<li>Industrie 5.0<\/li>\n<li>Digital Transition<\/li>\n<li>Nachhaltige Zukunft<\/li>\n<li>Smart Production Engineering<\/li>\n<\/ul>\n\n            <\/div>\n        <\/div>\n            <\/div>\n<\/div>\n\n\n<div\n    id=\"\"\n    class=\"wp-block-tipp-box margin-bottom-normal\"\n>\n    <div class=\"container-lg\">\n        <div class=\"row\">\n            <div class=\"col\">\n                <div class=\"tipp-box border border-info\">\n                    <div class=\"tipp-box-inner p-2 p-md-3\">\n                        <h4 class=\"\">Hinweis<\/h4>\n                        <p>Dieser einzigartige Masterstudiengang ist eine Zusammenarbeit zwischen vier f\u00fchrenden Hochschulen der europ\u00e4ischen Allianz Eu4Dual. Drei von ihnen &#8211; Mondragon University (Spanien), FH JOANNEUM (\u00d6sterreich) und KUT (Polen) &#8211; verleihen den gemeinsamen Abschluss, w\u00e4hrend ESTIA (Frankreich) als Teil des Kernteams eine Vertiefungsrichtung anbietet.<\/p>\n\n                    <\/div>\n                <\/div>\n            <\/div>\n        <\/div>\n    <\/div>\n<\/div>\n\n\n<div id=\"\" class=\"wp-block-text-content margin-bottom-normal\">\n    <div class=\"container-lg\">\n        <div class=\"row\">\n            <div class=\"col\">\n                <h4 data-sourcepos=\"3:1-3:206\">Das zeichnet den Joint Master aus:<\/h4>\n<ul data-sourcepos=\"5:1-9:0\">\n<li data-sourcepos=\"5:1-5:206\"><strong>Tiefes Verst&auml;ndnis des gr&uuml;nen und digitalen Wandels in der Fertigung.<\/strong> Wir befassen uns mit den Kernprinzipien und praktischen Anwendungen nachhaltiger und digitaler Fortschritte im Fertigungssektor.<\/li>\n<li data-sourcepos=\"6:1-6:214\"><strong>M&ouml;glichkeiten zur disziplin- und grenz&uuml;berschreitenden Zusammenarbeit.<\/strong> Unser Programm f&ouml;rdert die Zusammenarbeit und den Wissensaustausch durch internationale Partnerschaften und interdisziplin&auml;re Projekte.<\/li>\n<li data-sourcepos=\"7:1-7:245\"><strong>Integration von Kreislaufwirtschaft und Digitalisierung in die Fertigungsprozesse.<\/strong> Wir untersuchen, wie die Prinzipien der Kreislaufwirtschaft und digitale Technologien die Fertigung f&uuml;r eine nachhaltigere Zukunft revolutionieren k&ouml;nnen.<\/li>\n<li data-sourcepos=\"8:1-9:0\"><strong>Fokus auf den menschenzentrierten Fertigung und disruptive Technologien.<\/strong> Wir betonen die Bedeutung menschlicher Faktoren in der Fertigung und untersuchen gleichzeitig das Potenzial disruptiver Technologien zur Umgestaltung der Industrie.<\/li>\n<\/ul>\n<h4 data-sourcepos=\"10:1-10:40\">Praxiserfahrung f&uuml;r den Karrierestart<\/h4>\n<p data-sourcepos=\"12:1-12:68\">Studieren mit jeder Menge Praxiserfahrung: wir leben learning by doing. Als Absolvent:in profitieren Sie von:<\/p>\n<ul data-sourcepos=\"14:1-18:199\">\n<li data-sourcepos=\"14:1-14:178\"><strong>Lernen durch internationale Fallstudien.<\/strong> Analysieren Sie reale Beispiele und gewinnen Sie praktische Einblicke in globale Herausforderungen und L&ouml;sungen in der Fertigung.<\/li>\n<li data-sourcepos=\"15:1-15:204\"><strong>Betreuung und Mentoring durch Branchenexperten in ganz Europa.<\/strong> Vernetzen Sie sich mit f&uuml;hrenden Fachleuten und erhalten Sie eine pers&ouml;nliche Betreuung, um Ihre Karriereentwicklung zu unterst&uuml;tzen.<\/li>\n<li data-sourcepos=\"16:1-16:160\"><strong>Teilnahme an globalen Forschungsprojekten.<\/strong> Tragen Sie zu Spitzenforschung bei und sammeln Sie wertvolle Erfahrungen im kollaborativen Projektmanagement.<\/li>\n<li data-sourcepos=\"17:1-17:198\"><strong>Studienerfahrungen in verschiedenen L&auml;ndern und digitale Zusammenarbeit.<\/strong> Tauchen Sie durch internationale Mobilit&auml;t und virtuelle Kollaborationsplattformen in vielf&auml;ltige Lernumgebungen ein.<\/li>\n<li data-sourcepos=\"18:1-18:199\"><strong>Internship-M&ouml;glichkeiten im Ausland, um praktische Erfahrungen zu sammeln.<\/strong> Wenden Sie Ihr Wissen in der Praxis an und bauen Sie Ihr professionelles Netzwerk durch internationale Praktika aus.<\/li>\n<\/ul>\n\n            <\/div>\n        <\/div>\n            <\/div>\n<\/div>\n\n\n<div\n    id=\"\"\n    class=\"wp-block-partner margin-bottom-normal\"\n>\n    <div class=\"container-lg\">\n        <div class=\"row\">\n            <div class=\"col\">\n                <div class=\"partner-header\">\n                    <h2 class=\"mb-0\">Partner<\/h2>\n                                            <div class=\"swiper-navigation\">\n                            <div class=\"swiper-button-prev-custom\">\n                                <svg xmlns=\"http:\/\/www.w3.org\/2000\/svg\" width=\"9\" height=\"14\" viewBox=\"0 0 9 14\" fill=\"none\">\n  <path d=\"M8 13L2 7L8 1\" stroke=\"\" stroke-width=\"1.5\" stroke-linecap=\"round\"\/>\n<\/svg>                            <\/div>\n                            <div class=\"swiper-button-next-custom\">\n                                <svg xmlns=\"http:\/\/www.w3.org\/2000\/svg\" width=\"9\" height=\"14\" viewBox=\"0 0 9 14\" fill=\"none\">\n  <path d=\"M1 1L7 7L1 13\" stroke=\"\" stroke-width=\"1.5\" stroke-linecap=\"round\"\/>\n<\/svg>                            <\/div>\n                        <\/div>\n                                    <\/div>\n            <\/div>\n        <\/div>\n                    <div class=\"row\">\n                <div class=\"col-12\">\n                    <div class=\"swiper-outer-wrapper\">\n\n                        <div class=\"swiper partner-slider-swiper\">\n                            <div class=\"swiper-wrapper\">\n                                                                    <div class=\"swiper-slide item\">\n                                        <a href=\"https:\/\/www.infineon.com\/\">\n                                                                                            <picture>\n                        <source\n                media=\"(max-width: 576px)\"\n                srcset=\"https:\/\/cdn3.fh-joanneum.at\/media\/sites\/136\/2026\/04\/Infineon_Logo-576x576.jpg, https:\/\/cdn3.fh-joanneum.at\/media\/sites\/136\/2026\/04\/Infineon_Logo-768x768.jpg 2x\"\n            \/>\n                    <source\n                media=\"(max-width: 768px)\"\n                srcset=\"https:\/\/cdn3.fh-joanneum.at\/media\/sites\/136\/2026\/04\/Infineon_Logo-768x768.jpg, https:\/\/cdn3.fh-joanneum.at\/media\/sites\/136\/2026\/04\/Infineon_Logo-1024x1024.jpg 2x\"\n            \/>\n                    <source\n                media=\"(max-width: 1024px)\"\n                srcset=\"https:\/\/cdn3.fh-joanneum.at\/media\/sites\/136\/2026\/04\/Infineon_Logo-1024x1024.jpg, https:\/\/cdn3.fh-joanneum.at\/media\/sites\/136\/2026\/04\/Infineon_Logo-1536x1536.jpg 2x\"\n            \/>\n                    <source\n                media=\"(max-width: 1536px)\"\n                srcset=\"https:\/\/cdn3.fh-joanneum.at\/media\/sites\/136\/2026\/04\/Infineon_Logo-1536x1536.jpg, https:\/\/cdn3.fh-joanneum.at\/media\/sites\/136\/2026\/04\/Infineon_Logo.jpg 2x\"\n            \/>\n                    <source\n                media=\"(max-width: 1654px)\"\n                srcset=\"https:\/\/cdn3.fh-joanneum.at\/media\/sites\/136\/2026\/04\/Infineon_Logo.jpg, https:\/\/cdn3.fh-joanneum.at\/media\/sites\/136\/2026\/04\/Infineon_Logo.jpg 2x\"\n            \/>\n                <img decoding=\"async\"\n        class=\"img-fluid\"\n        src=\"https:\/\/cdn3.fh-joanneum.at\/media\/sites\/136\/2026\/04\/Infineon_Logo.jpg\"\n        alt=\"\"\n        title=\"\"\n         loading=\"lazy\"             >\n<\/picture>\n\n                                                                                        <h4>infineon<\/h4>\n                                            <p class=\"major-text-color\">\n                                                <\/p>\n                                        <\/a>\n                                    <\/div>\n                                                                    <div class=\"swiper-slide item\">\n                                        <a href=\"https:\/\/www.avl.com\/de\">\n                                                                                            <picture>\n                        <source\n                media=\"(max-width: 576px)\"\n                srcset=\"https:\/\/cdn3.fh-joanneum.at\/media\/sites\/136\/2026\/04\/AVL-Logo_angepasst-576x576.jpg, https:\/\/cdn3.fh-joanneum.at\/media\/sites\/136\/2026\/04\/AVL-Logo_angepasst-768x768.jpg 2x\"\n            \/>\n                    <source\n                media=\"(max-width: 768px)\"\n                srcset=\"https:\/\/cdn3.fh-joanneum.at\/media\/sites\/136\/2026\/04\/AVL-Logo_angepasst-768x768.jpg, https:\/\/cdn3.fh-joanneum.at\/media\/sites\/136\/2026\/04\/AVL-Logo_angepasst-1024x1024.jpg 2x\"\n            \/>\n                    <source\n                media=\"(max-width: 1024px)\"\n                srcset=\"https:\/\/cdn3.fh-joanneum.at\/media\/sites\/136\/2026\/04\/AVL-Logo_angepasst-1024x1024.jpg, https:\/\/cdn3.fh-joanneum.at\/media\/sites\/136\/2026\/04\/AVL-Logo_angepasst-1536x1536.jpg 2x\"\n            \/>\n                    <source\n                media=\"(max-width: 1536px)\"\n                srcset=\"https:\/\/cdn3.fh-joanneum.at\/media\/sites\/136\/2026\/04\/AVL-Logo_angepasst-1536x1536.jpg, https:\/\/cdn3.fh-joanneum.at\/media\/sites\/136\/2026\/04\/AVL-Logo_angepasst.jpg 2x\"\n            \/>\n                    <source\n                media=\"(max-width: 1654px)\"\n                srcset=\"https:\/\/cdn3.fh-joanneum.at\/media\/sites\/136\/2026\/04\/AVL-Logo_angepasst.jpg, https:\/\/cdn3.fh-joanneum.at\/media\/sites\/136\/2026\/04\/AVL-Logo_angepasst.jpg 2x\"\n            \/>\n                <img decoding=\"async\"\n        class=\"img-fluid\"\n        src=\"https:\/\/cdn3.fh-joanneum.at\/media\/sites\/136\/2026\/04\/AVL-Logo_angepasst.jpg\"\n        alt=\"\"\n        title=\"\"\n         loading=\"lazy\"             >\n<\/picture>\n\n                                                                                        <h4>AVL<\/h4>\n                                            <p class=\"major-text-color\">\n                                                <\/p>\n                                        <\/a>\n                                    <\/div>\n                                                            <\/div>\n                        <\/div>\n\n                        <div class=\"swiper-navigation-pagination\">\n                            <div class=\"swiper-button-prev-custom\">\n                                <svg xmlns=\"http:\/\/www.w3.org\/2000\/svg\" width=\"9\" height=\"14\" viewBox=\"0 0 9 14\" fill=\"none\">\n  <path d=\"M8 13L2 7L8 1\" stroke=\"\" stroke-width=\"1.5\" stroke-linecap=\"round\"\/>\n<\/svg>                            <\/div>\n                            <div class=\"swiper-pagination\"><\/div>\n                            <div class=\"swiper-button-next-custom\">\n                                <svg xmlns=\"http:\/\/www.w3.org\/2000\/svg\" width=\"9\" height=\"14\" viewBox=\"0 0 9 14\" fill=\"none\">\n  <path d=\"M1 1L7 7L1 13\" stroke=\"\" stroke-width=\"1.5\" stroke-linecap=\"round\"\/>\n<\/svg>                            <\/div>\n                        <\/div>\n\n                    <\/div>\n                <\/div>\n            <\/div>\n            <\/div>\n<\/div>\n\n\n<div\n    id=\"\"\n    class=\"wp-block-content-image margin-bottom-normal\"\n>\n    <div class=\"container-lg\">\n        <div class=\"row\">\n            <div class=\"col-12\">\n                <div >\n\n                    <div class=\"image-wrapper\">\n                        <picture>\n                        <source\n                media=\"(max-width: 576px)\"\n                srcset=\"https:\/\/cdn3.fh-joanneum.at\/media\/sites\/136\/2026\/03\/Co-funded-by-the-European-Union_q-576x287.jpg, https:\/\/cdn3.fh-joanneum.at\/media\/sites\/136\/2026\/03\/Co-funded-by-the-European-Union_q-768x382.jpg 2x\"\n            \/>\n                    <source\n                media=\"(max-width: 768px)\"\n                srcset=\"https:\/\/cdn3.fh-joanneum.at\/media\/sites\/136\/2026\/03\/Co-funded-by-the-European-Union_q-768x382.jpg, https:\/\/cdn3.fh-joanneum.at\/media\/sites\/136\/2026\/03\/Co-funded-by-the-European-Union_q-1024x510.jpg 2x\"\n            \/>\n                    <source\n                media=\"(max-width: 1024px)\"\n                srcset=\"https:\/\/cdn3.fh-joanneum.at\/media\/sites\/136\/2026\/03\/Co-funded-by-the-European-Union_q-1024x510.jpg, https:\/\/cdn3.fh-joanneum.at\/media\/sites\/136\/2026\/03\/Co-funded-by-the-European-Union_q-1536x765.jpg 2x\"\n            \/>\n                    <source\n                media=\"(max-width: 1536px)\"\n                srcset=\"https:\/\/cdn3.fh-joanneum.at\/media\/sites\/136\/2026\/03\/Co-funded-by-the-European-Union_q-1536x765.jpg, https:\/\/cdn3.fh-joanneum.at\/media\/sites\/136\/2026\/03\/Co-funded-by-the-European-Union_q.jpg 2x\"\n            \/>\n                    <source\n                media=\"(max-width: 1573px)\"\n                srcset=\"https:\/\/cdn3.fh-joanneum.at\/media\/sites\/136\/2026\/03\/Co-funded-by-the-European-Union_q.jpg, https:\/\/cdn3.fh-joanneum.at\/media\/sites\/136\/2026\/03\/Co-funded-by-the-European-Union_q.jpg 2x\"\n            \/>\n                <img decoding=\"async\"\n        class=\"img-fluid @if ($image_credit || $media_subtitle) mb-2 @endif @if ($lightbox) modal-trigger @endif\" @click=\"modal = !modal\" aria-expanded=\"false\"\n        src=\"https:\/\/cdn3.fh-joanneum.at\/media\/sites\/136\/2026\/03\/Co-funded-by-the-European-Union_q.jpg\"\n        alt=\"\"\n        title=\"\"\n         loading=\"lazy\"             >\n<\/picture>\n\n                                                                    <\/div>\n\n                                    <\/div>\n\n            <\/div>\n        <\/div>\n    <\/div>\n<\/div>\n","protected":false},"excerpt":{"rendered":"<p>Durch eine inhaltlich umfangreiche und fachlich fundierte Ausbildung schaffen wir die Basis f\u00fcr Ihre berufliche Zukunft. Welche fachlichen Themen und spezifischen Schwerpunkte Sie im Studium erwarten, erfahren Sie hier.<\/p>\n","protected":false},"author":143,"featured_media":270,"parent":9,"menu_order":10,"comment_status":"closed","ping_status":"closed","template":"","meta":{"_acf_changed":false,"footnotes":""},"acf":[],"aioseo_notices":[],"_links":{"self":[{"href":"https:\/\/www.fh-joanneum.at\/european-joint-master-digital-and-sustainable-manufacturing-engineering\/master\/wp-json\/wp\/v2\/pages\/80"}],"collection":[{"href":"https:\/\/www.fh-joanneum.at\/european-joint-master-digital-and-sustainable-manufacturing-engineering\/master\/wp-json\/wp\/v2\/pages"}],"about":[{"href":"https:\/\/www.fh-joanneum.at\/european-joint-master-digital-and-sustainable-manufacturing-engineering\/master\/wp-json\/wp\/v2\/types\/page"}],"author":[{"embeddable":true,"href":"https:\/\/www.fh-joanneum.at\/european-joint-master-digital-and-sustainable-manufacturing-engineering\/master\/wp-json\/wp\/v2\/users\/143"}],"replies":[{"embeddable":true,"href":"https:\/\/www.fh-joanneum.at\/european-joint-master-digital-and-sustainable-manufacturing-engineering\/master\/wp-json\/wp\/v2\/comments?post=80"}],"version-history":[{"count":10,"href":"https:\/\/www.fh-joanneum.at\/european-joint-master-digital-and-sustainable-manufacturing-engineering\/master\/wp-json\/wp\/v2\/pages\/80\/revisions"}],"predecessor-version":[{"id":357,"href":"https:\/\/www.fh-joanneum.at\/european-joint-master-digital-and-sustainable-manufacturing-engineering\/master\/wp-json\/wp\/v2\/pages\/80\/revisions\/357"}],"up":[{"embeddable":true,"href":"https:\/\/www.fh-joanneum.at\/european-joint-master-digital-and-sustainable-manufacturing-engineering\/master\/wp-json\/wp\/v2\/pages\/9"}],"wp:featuredmedia":[{"embeddable":true,"href":"https:\/\/www.fh-joanneum.at\/european-joint-master-digital-and-sustainable-manufacturing-engineering\/master\/wp-json\/wp\/v2\/media\/270"}],"wp:attachment":[{"href":"https:\/\/www.fh-joanneum.at\/european-joint-master-digital-and-sustainable-manufacturing-engineering\/master\/wp-json\/wp\/v2\/media?parent=80"}],"curies":[{"name":"wp","href":"https:\/\/api.w.org\/{rel}","templated":true}]}}