{"id":27,"date":"2024-06-11T11:07:01","date_gmt":"2024-06-11T09:07:01","guid":{"rendered":"https:\/\/www.fh-joanneum.at\/fachdidaktik-fuer-gesundheitsberufe\/postgraduate\/?page_id=27"},"modified":"2024-07-01T09:06:11","modified_gmt":"2024-07-01T07:06:11","slug":"nach-dem-auswahlverfahren","status":"publish","type":"page","link":"https:\/\/www.fh-joanneum.at\/fachdidaktik-fuer-gesundheitsberufe\/postgraduate\/vor-dem-studium\/nach-dem-auswahlverfahren\/","title":{"rendered":"Nach dem Bewerbungsverfahren"},"content":{"rendered":"<div id=\"\" class=\"wp-block-text-content margin-bottom-normal\">\n    <div class=\"container-lg\">\n        <div class=\"row\">\n            <div class=\"col\">\n                <h3>Nach dem Bewerbungsverfahren<\/h3>\n<p>Die Bewerber:innen werden nach dem Aufnahmegespr&auml;ch schriftlich per Mail &uuml;ber das Ergebnis des Bewerbungsverfahrens informiert.<\/p>\n<p>Es gibt auch eine Warteliste: Verzichten zugelassene Studienwerber:innen auf den zugesagten Studienplatz, k&ouml;nnen nachgereihte Studienwerber:innen nachgezogen werden.<\/p>\n<p>&nbsp;<\/p>\n\n            <\/div>\n        <\/div>\n            <\/div>\n<\/div>\n\n\n<div\n    id=\"\"\n    class=\"wp-block-tipp-box margin-bottom-normal\"\n>\n    <div class=\"container-lg\">\n        <div class=\"row\">\n            <div class=\"col\">\n                <div class=\"tipp-box border border-warning\">\n                    <div class=\"tipp-box-inner p-2 p-md-3\">\n                        <h4 class=\"\">Tipp<\/h4>\n                        <p>Bestimmte Vorkenntnisse von a.o. Studierenden k\u00f6nnen im Rahmen des Studiums f\u00fcr Lehrveranstaltungen oder Pr\u00fcfungen angerechnet werden. Es gelten die Bestimmungen des \u00a7 6 \u201eAnerkennung nachgewiesener Kenntnisse\u201c der Studien- und Pr\u00fcfungsordnung der FH JOANNEUM (i.d.g.F.).<\/p>\n\n                    <\/div>\n                <\/div>\n            <\/div>\n        <\/div>\n    <\/div>\n<\/div>\n","protected":false},"excerpt":{"rendered":"<p>Wann und wie Sie \u00fcber das Ergebnis Ihres Bewerbungsverfahrens informiert werden, beantworten wir Ihnen hier.<\/p>\n","protected":false},"author":143,"featured_media":0,"parent":5,"menu_order":50,"comment_status":"closed","ping_status":"closed","template":"","meta":{"_acf_changed":false,"footnotes":""},"acf":[],"aioseo_notices":[],"_links":{"self":[{"href":"https:\/\/www.fh-joanneum.at\/fachdidaktik-fuer-gesundheitsberufe\/postgraduate\/wp-json\/wp\/v2\/pages\/27"}],"collection":[{"href":"https:\/\/www.fh-joanneum.at\/fachdidaktik-fuer-gesundheitsberufe\/postgraduate\/wp-json\/wp\/v2\/pages"}],"about":[{"href":"https:\/\/www.fh-joanneum.at\/fachdidaktik-fuer-gesundheitsberufe\/postgraduate\/wp-json\/wp\/v2\/types\/page"}],"author":[{"embeddable":true,"href":"https:\/\/www.fh-joanneum.at\/fachdidaktik-fuer-gesundheitsberufe\/postgraduate\/wp-json\/wp\/v2\/users\/143"}],"replies":[{"embeddable":true,"href":"https:\/\/www.fh-joanneum.at\/fachdidaktik-fuer-gesundheitsberufe\/postgraduate\/wp-json\/wp\/v2\/comments?post=27"}],"version-history":[{"count":2,"href":"https:\/\/www.fh-joanneum.at\/fachdidaktik-fuer-gesundheitsberufe\/postgraduate\/wp-json\/wp\/v2\/pages\/27\/revisions"}],"predecessor-version":[{"id":110,"href":"https:\/\/www.fh-joanneum.at\/fachdidaktik-fuer-gesundheitsberufe\/postgraduate\/wp-json\/wp\/v2\/pages\/27\/revisions\/110"}],"up":[{"embeddable":true,"href":"https:\/\/www.fh-joanneum.at\/fachdidaktik-fuer-gesundheitsberufe\/postgraduate\/wp-json\/wp\/v2\/pages\/5"}],"wp:attachment":[{"href":"https:\/\/www.fh-joanneum.at\/fachdidaktik-fuer-gesundheitsberufe\/postgraduate\/wp-json\/wp\/v2\/media?parent=27"}],"curies":[{"name":"wp","href":"https:\/\/api.w.org\/{rel}","templated":true}]}}