{"id":33,"date":"2024-06-11T12:01:33","date_gmt":"2024-06-11T10:01:33","guid":{"rendered":"https:\/\/www.fh-joanneum.at\/fachdidaktik-fuer-gesundheitsberufe\/postgraduate\/?page_id=33"},"modified":"2024-11-20T14:25:31","modified_gmt":"2024-11-20T13:25:31","slug":"das-studium","status":"publish","type":"page","link":"https:\/\/www.fh-joanneum.at\/fachdidaktik-fuer-gesundheitsberufe\/postgraduate\/im-studium\/das-studium\/","title":{"rendered":"Das Studium"},"content":{"rendered":"<div id=\"\" class=\"wp-block-text-content margin-bottom-normal\">\n    <div class=\"container-lg\">\n        <div class=\"row\">\n            <div class=\"col\">\n                <h3>Schwerpunkte<\/h3>\n<p>Der Hochschullehrgang &bdquo;Fachdidaktik f&uuml;r Gesundheitsberufe&rdquo; unterst&uuml;tzt Personen des gehobenen Dienstes, Angeh&ouml;rige der gehobenen medizinisch-technischen Berufe bzw. Hebammen beim Aufbau wissenschaftlicher und beruflicher Kompetenz, die einen individuellen Karrieresprung im Gesundheitswesen forciert. Er bietet eine fundierte gesundheitswissenschaftliche und zugleich auch fachspezifische Ausbildung, in welcher bereits erworbene Kenntnisse und F&auml;higkeiten vertieft werden k&ouml;nnen.<\/p>\n<p>Absolvent:innen sind nach dem Abschluss des Masterlehrgangs f&uuml;r die Lehrt&auml;tigkeit im Gesundheitswesen und Funktionen im Bereich der Erwachsenenbildung qualifiziert.<\/p>\n<p>Im Fokus des Masterlehrgangs steht die Vermittlung von Fachkompetenzen in den entsprechenden Fachwissenschaften wie z.B.:<\/p>\n<ul>\n<li>Gesundheitswissenschaften<\/li>\n<li>p&auml;dagogisch-didaktischen Handlungskompetenzen<\/li>\n<li>sozial-kommunikativen Kompetenzen zur qualifizierten und wissenschaftlich fundierten &Uuml;bernahme<\/li>\n<li>Begleitung und Evaluierung von Lehr- und Leitungsaufgaben in Bildungseinrichtungen mit Schwerpunkt Gesundheit<\/li>\n<\/ul>\n<p>Inhaltlich wird umfangreiches Wissen in Theorie und Anwendung aus den folgenden Bereichen vermittelt:<\/p>\n<ul>\n<li>Lehren und Lernen<\/li>\n<li>Forschung und wissenschaftliches Arbeiten<\/li>\n<li>Bildungsmanagement<\/li>\n<li>berufsspezifische Fachwissenschaften<\/li>\n<li>Rechtsgrundlagen<\/li>\n<li>Wirtschaftswissenschaften<\/li>\n<\/ul>\n<p>&nbsp;<\/p>\n\n            <\/div>\n        <\/div>\n            <\/div>\n<\/div>\n\n\n<div\n    id=\"\"\n    class=\"wp-block-tipp-box margin-bottom-normal\"\n>\n    <div class=\"container-lg\">\n        <div class=\"row\">\n            <div class=\"col\">\n                <div class=\"tipp-box border border-info\">\n                    <div class=\"tipp-box-inner p-2 p-md-3\">\n                        <h4 class=\"\">Hinweis<\/h4>\n                        <p>Der Hochschullehrgang \u201eFachdidaktik f\u00fcr Gesundheitsberufe\u201c der FH JOANNEUM ist gem\u00e4\u00df \u00a7 65a Gesundheits- und Krankenpflegegesetz (GuKG) in Verbindung mit Anlage 7 II. Z.8 der Gesundheits- und Krankenpflege-Lehr- und F\u00fchrungsaufgaben-Verordnung (GuK-LFV) als Ausbildung f\u00fcr Lehraufgaben gem\u00e4\u00df \u00a7 17 GuKG anerkannt.<\/p>\n\n                    <\/div>\n                <\/div>\n            <\/div>\n        <\/div>\n    <\/div>\n<\/div>\n","protected":false},"excerpt":{"rendered":"<p>Hier erfahren Sie alles \u00fcber Ihr Studium: von Studieninhalten, Praxisprojekten bis hin zum Praktikum.<\/p>\n","protected":false},"author":143,"featured_media":177,"parent":8,"menu_order":10,"comment_status":"closed","ping_status":"closed","template":"","meta":{"_acf_changed":false,"footnotes":""},"acf":[],"aioseo_notices":[],"_links":{"self":[{"href":"https:\/\/www.fh-joanneum.at\/fachdidaktik-fuer-gesundheitsberufe\/postgraduate\/wp-json\/wp\/v2\/pages\/33"}],"collection":[{"href":"https:\/\/www.fh-joanneum.at\/fachdidaktik-fuer-gesundheitsberufe\/postgraduate\/wp-json\/wp\/v2\/pages"}],"about":[{"href":"https:\/\/www.fh-joanneum.at\/fachdidaktik-fuer-gesundheitsberufe\/postgraduate\/wp-json\/wp\/v2\/types\/page"}],"author":[{"embeddable":true,"href":"https:\/\/www.fh-joanneum.at\/fachdidaktik-fuer-gesundheitsberufe\/postgraduate\/wp-json\/wp\/v2\/users\/143"}],"replies":[{"embeddable":true,"href":"https:\/\/www.fh-joanneum.at\/fachdidaktik-fuer-gesundheitsberufe\/postgraduate\/wp-json\/wp\/v2\/comments?post=33"}],"version-history":[{"count":9,"href":"https:\/\/www.fh-joanneum.at\/fachdidaktik-fuer-gesundheitsberufe\/postgraduate\/wp-json\/wp\/v2\/pages\/33\/revisions"}],"predecessor-version":[{"id":186,"href":"https:\/\/www.fh-joanneum.at\/fachdidaktik-fuer-gesundheitsberufe\/postgraduate\/wp-json\/wp\/v2\/pages\/33\/revisions\/186"}],"up":[{"embeddable":true,"href":"https:\/\/www.fh-joanneum.at\/fachdidaktik-fuer-gesundheitsberufe\/postgraduate\/wp-json\/wp\/v2\/pages\/8"}],"wp:featuredmedia":[{"embeddable":true,"href":"https:\/\/www.fh-joanneum.at\/fachdidaktik-fuer-gesundheitsberufe\/postgraduate\/wp-json\/wp\/v2\/media\/177"}],"wp:attachment":[{"href":"https:\/\/www.fh-joanneum.at\/fachdidaktik-fuer-gesundheitsberufe\/postgraduate\/wp-json\/wp\/v2\/media?parent=33"}],"curies":[{"name":"wp","href":"https:\/\/api.w.org\/{rel}","templated":true}]}}