{"id":10000280,"date":"2015-08-10T14:59:22","date_gmt":"2015-08-10T12:59:22","guid":{"rendered":"https:\/\/www.fh-joanneum.at\/fahrzeugtechnik\/bachelor\/?page_id=280"},"modified":"2021-02-09T11:58:56","modified_gmt":"2021-02-09T09:58:56","slug":"praxisprojekte","status":"publish","type":"page","link":"https:\/\/www.fh-joanneum.at\/fahrzeugtechnik\/bachelor\/im-studium\/praxisprojekte\/","title":{"rendered":"Praxisprojekte"},"content":{"rendered":"<div id=\"\" class=\"wp-block-text-content margin-bottom-none\">\n    <div class=\"container-lg\">\n        <div class=\"row\">\n            <div class=\"col\">\n                <div class=\"module-migration-headline\">\n<h3>Praxisprojekte im Studium<\/h3>\n<\/div>\n\n            <\/div>\n        <\/div>\n            <\/div>\n<\/div>\n\n<div id=\"\" class=\"wp-block-text-content margin-bottom-normal\">\n    <div class=\"container-lg\">\n        <div class=\"row\">\n            <div class=\"col\">\n                <p>Im Sinne des &bdquo;Project Based Learning&ldquo; arbeiten Sie vom ersten bis zum letzten Studienjahr an anwendungsorientierten Projekten, teilweise auch an internationalen Projekten wie zum Beispiel der Formula Student. Es bestehen hier zahlreiche M&ouml;glichkeiten, mit Studierenden anderer Studienrichtungen der FH JOANNEUM interdisziplin&auml;r zusammenzuarbeiten. Dies erg&auml;nzt die technische Ausbildung um spannende Aspekte der Kreativit&auml;t und des Ideenreichtums.<\/p>\n<p>In Labor&uuml;bungen und Projekten ab dem ersten Semester werden Sie in Kleingruppen intensiv betreut. Als angehende Bachelorabsolventin beziehungsweise angehender Bachelorabsolvent werden Sie motiviert, selbstst&auml;ndig technische Aufgaben zu l&ouml;sen und diese zu dokumentieren.<\/p>\n\n            <\/div>\n        <\/div>\n            <\/div>\n<\/div>\n\n<div id=\"\" class=\"wp-block-text-content margin-bottom-none\">\n    <div class=\"container-lg\">\n        <div class=\"row\">\n            <div class=\"col\">\n                <div class=\"module-migration-headline\">\n<h3>Studierendenprojekte<\/h3>\n<\/div>\n\n            <\/div>\n        <\/div>\n            <\/div>\n<\/div>\n\n<div id=\"\" class=\"wp-block-text-content margin-bottom-none\">\n    <div class=\"container-lg\">\n        <div class=\"row\">\n            <div class=\"col\">\n                <div class=\"module-migration-headline\">\n<h4>Formula Student<\/h4>\n<\/div>\n\n            <\/div>\n        <\/div>\n            <\/div>\n<\/div>\n\n<div\n    id=\"\"\n    class=\"wp-block-content-image margin-bottom-normal\"\n>\n    <div class=\"container-lg\">\n        <div class=\"row\">\n            <div class=\"col-12\">\n                <div  x-data=\"{ modal: false }\" >\n\n                    <div class=\"image-wrapper\">\n                        <picture>\n                        <source\n                media=\"(max-width: 576px)\"\n                srcset=\"https:\/\/cdn3.fh-joanneum.at\/media\/sites\/12\/2021\/02\/praxisprojekte-4.jpg, https:\/\/cdn3.fh-joanneum.at\/media\/sites\/12\/2021\/02\/praxisprojekte-4-768x512.jpg 2x\"\n            \/>\n                    <source\n                media=\"(max-width: 768px)\"\n                srcset=\"https:\/\/cdn3.fh-joanneum.at\/media\/sites\/12\/2021\/02\/praxisprojekte-4-768x512.jpg, https:\/\/cdn3.fh-joanneum.at\/media\/sites\/12\/2021\/02\/praxisprojekte-4-1024x683.jpg 2x\"\n            \/>\n                    <source\n                media=\"(max-width: 1024px)\"\n                srcset=\"https:\/\/cdn3.fh-joanneum.at\/media\/sites\/12\/2021\/02\/praxisprojekte-4-1024x683.jpg, https:\/\/cdn3.fh-joanneum.at\/media\/sites\/12\/2021\/02\/praxisprojekte-4.jpg 2x\"\n            \/>\n                    <source\n                media=\"(max-width: 1536px)\"\n                srcset=\"https:\/\/cdn3.fh-joanneum.at\/media\/sites\/12\/2021\/02\/praxisprojekte-4.jpg, https:\/\/cdn3.fh-joanneum.at\/media\/sites\/12\/2021\/02\/praxisprojekte-4.jpg 2x\"\n            \/>\n                    <source\n                media=\"(max-width: 2048px)\"\n                srcset=\"https:\/\/cdn3.fh-joanneum.at\/media\/sites\/12\/2021\/02\/praxisprojekte-4.jpg, https:\/\/cdn3.fh-joanneum.at\/media\/sites\/12\/2021\/02\/praxisprojekte-4.jpg 2x\"\n            \/>\n                <img decoding=\"async\"\n        class=\"img-fluid @if ($image_credit || $media_subtitle) mb-2 @endif @if ($lightbox) modal-trigger @endif\" @click=\"modal = !modal\" aria-expanded=\"false\"\n        src=\"https:\/\/cdn3.fh-joanneum.at\/media\/sites\/12\/2021\/02\/praxisprojekte-4.jpg\"\n        alt=\"Praxisprojekte 2\"\n        title=\"\"\n         loading=\"lazy\"             >\n<\/picture>\n\n                                                                    <\/div>\n\n                                            <div\n                            class=\"modal-wrapper\"\n                            :class=\"{ 'active': modal }\"\n                        >\n                            <div\n                                class=\"backdrop\"\n                                x-show.transition.opacity.duration.600ms=\"modal\"\n                                @click=\"modal = false\"\n                                style=\"display: none;\"\n                            ><\/div>\n                            <button\n                                class=\"close-btn\"\n                                @click=\"modal = false\"\n                            >\n                                <svg class=\"fill\" id=\"icon-close\" viewBox=\"0 0 512 512\" xmlns=\"http:\/\/www.w3.org\/2000\/svg\">\n  <path d=\"m308 256l193-194c15-14 15-37 0-51-14-15-37-15-51 0l-194 193-194-193c-14-15-37-15-51 0-15 14-15 37 0 51l193 194-193 194c-15 14-15 37 0 51 7 7 16 11 26 11 9 0 18-4 25-11l194-193 194 193c7 7 16 11 25 11 10 0 19-4 26-11 15-14 15-37 0-51z\"\/>\n<\/svg>                            <\/button>\n                            <div class=\"modal-panel\">\n                                <picture>\n                        <source\n                media=\"(max-width: 576px)\"\n                srcset=\"https:\/\/cdn3.fh-joanneum.at\/media\/sites\/12\/2021\/02\/praxisprojekte-4.jpg, https:\/\/cdn3.fh-joanneum.at\/media\/sites\/12\/2021\/02\/praxisprojekte-4-768x512.jpg 2x\"\n            \/>\n                    <source\n                media=\"(max-width: 768px)\"\n                srcset=\"https:\/\/cdn3.fh-joanneum.at\/media\/sites\/12\/2021\/02\/praxisprojekte-4-768x512.jpg, https:\/\/cdn3.fh-joanneum.at\/media\/sites\/12\/2021\/02\/praxisprojekte-4-1024x683.jpg 2x\"\n            \/>\n                    <source\n                media=\"(max-width: 1024px)\"\n                srcset=\"https:\/\/cdn3.fh-joanneum.at\/media\/sites\/12\/2021\/02\/praxisprojekte-4-1024x683.jpg, https:\/\/cdn3.fh-joanneum.at\/media\/sites\/12\/2021\/02\/praxisprojekte-4.jpg 2x\"\n            \/>\n                    <source\n                media=\"(max-width: 1536px)\"\n                srcset=\"https:\/\/cdn3.fh-joanneum.at\/media\/sites\/12\/2021\/02\/praxisprojekte-4.jpg, https:\/\/cdn3.fh-joanneum.at\/media\/sites\/12\/2021\/02\/praxisprojekte-4.jpg 2x\"\n            \/>\n                    <source\n                media=\"(max-width: 2048px)\"\n                srcset=\"https:\/\/cdn3.fh-joanneum.at\/media\/sites\/12\/2021\/02\/praxisprojekte-4.jpg, https:\/\/cdn3.fh-joanneum.at\/media\/sites\/12\/2021\/02\/praxisprojekte-4.jpg 2x\"\n            \/>\n                <img decoding=\"async\"\n        class=\"img-fluid\"\n        src=\"https:\/\/cdn3.fh-joanneum.at\/media\/sites\/12\/2021\/02\/praxisprojekte-4.jpg\"\n        alt=\"Praxisprojekte 2\"\n        title=\"\"\n         loading=\"lazy\"             >\n<\/picture>\n\n                            <\/div>\n                        <\/div>\n                                    <\/div>\n\n            <\/div>\n        <\/div>\n    <\/div>\n<\/div>\n\n<div id=\"\" class=\"wp-block-links-block margin-bottom-normal\">\n    <div class=\"container-lg\">\n        <div class=\"row\">\n            <div class=\"col-12\">\n                <div>\n                    <h4><\/h4>\n                    \n                <\/div>\n            <\/div>\n                            <div class=\"col-12\">\n                    <div class=\" border-bottom  border-top py-3\">\n                                                    <a href=\"https:\/\/www.joanneum-racing.at\/\" target=\"_blank\" class=\"link arrow-link large-arrow major-text-color-hover text-decoration-none\" data-analytics=\"\" rel=\"noopener noreferrer\">\n                                <div class=\"link-content w-100\">\n                                    <div class=\"d-flex align-items-center\">\n                                        <h5 class=\"w-100  mb-0 me-2 \">\n                                            Rennfahrzeugtechnik erleben <br> im Team von joanneum racing graz <\/h5>\n                                        <svg width=\"9\" height=\"15\" viewbox=\"0 0 9 15\" fill=\"none\" xmlns=\"http:\/\/www.w3.org\/2000\/svg\">\n    <path id=\"chevron_right\" d=\"M1.5 1.5L7.5 7.5L1.5 13.5\" stroke=\"\" stroke-width=\"1.5\" stroke-linecap=\"round\"><\/path>\n<\/svg>                                    <\/div>\n                                    \n                                <\/div>\n                            <\/a>\n                                            <\/div>\n                <\/div>\n                    <\/div>\n    <\/div>\n<\/div>\n\n<div id=\"\" class=\"wp-block-text-content margin-bottom-normal\">\n    <div class=\"container-lg\">\n        <div class=\"row\">\n            <div class=\"col\">\n                <h4>Bleiben Sie am Laufenden &uuml;ber joanneum racing graz!<\/h4>\n<ul>\n<li><a href=\"https:\/\/www.facebook.com\/joanneumracing\" target=\"_blank\" rel=\"noopener noreferrer\">Facebook<\/a><\/li>\n<li><a href=\"https:\/\/www.instagram.com\/joanneumracinggraz\/\" target=\"_blank\" rel=\"noopener noreferrer\">Instagram<\/a><\/li>\n<li><a href=\"https:\/\/www.youtube.com\/user\/joanneumracing\" target=\"_blank\" rel=\"noopener noreferrer\">Youtube<\/a><\/li>\n<li><a href=\"https:\/\/twitter.com\/joanneumracing\" target=\"_blank\" rel=\"noopener noreferrer\">Twitter<\/a><\/li>\n<li><a href=\"https:\/\/www.linkedin.com\/company\/joanneum-racing-graz\/\" target=\"_blank\" rel=\"noopener noreferrer\">LinkedIn<\/a><\/li>\n<\/ul>\n\n            <\/div>\n        <\/div>\n            <\/div>\n<\/div>\n\n<div\n    id=\"\"\n    class=\"wp-block-project-cards margin-bottom-normal\"\n>\n    <div class=\"container-lg\">\n        <div class=\"row\">\n                                                            <div class=\"col-12 col-sm-6 col-md-6 col-lg-6 col-xl-4 mb-4\">\n                        <a href=\"https:\/\/www.fh-joanneum.at\/projekt\/joanneum-racing-graz\/\"\n      class=\"project-card\">\n      <div class=\"border border-light h-100\">\n\n          <div class=\"image-wrapper\">\n              <picture>\n                        <source\n                media=\"(max-width: 576px)\"\n                srcset=\"https:\/\/cdn3.fh-joanneum.at\/media\/2016\/02\/Design-ohne-Titel-576x288.png, https:\/\/cdn3.fh-joanneum.at\/media\/2016\/02\/Design-ohne-Titel-768x384.png 2x\"\n            \/>\n                    <source\n                media=\"(max-width: 768px)\"\n                srcset=\"https:\/\/cdn3.fh-joanneum.at\/media\/2016\/02\/Design-ohne-Titel-768x384.png, https:\/\/cdn3.fh-joanneum.at\/media\/2016\/02\/Design-ohne-Titel-1024x512.png 2x\"\n            \/>\n                    <source\n                media=\"(max-width: 1024px)\"\n                srcset=\"https:\/\/cdn3.fh-joanneum.at\/media\/2016\/02\/Design-ohne-Titel-1024x512.png, https:\/\/cdn3.fh-joanneum.at\/media\/2016\/02\/Design-ohne-Titel-1536x768.png 2x\"\n            \/>\n                    <source\n                media=\"(max-width: 1536px)\"\n                srcset=\"https:\/\/cdn3.fh-joanneum.at\/media\/2016\/02\/Design-ohne-Titel-1536x768.png, https:\/\/cdn3.fh-joanneum.at\/media\/2016\/02\/Design-ohne-Titel-2048x1024.png 2x\"\n            \/>\n                    <source\n                media=\"(max-width: 2048px)\"\n                srcset=\"https:\/\/cdn3.fh-joanneum.at\/media\/2016\/02\/Design-ohne-Titel-2048x1024.png, https:\/\/cdn3.fh-joanneum.at\/media\/2016\/02\/Design-ohne-Titel.png 2x\"\n            \/>\n                <img decoding=\"async\"\n        class=\"img-fluid\"\n        src=\"https:\/\/cdn3.fh-joanneum.at\/media\/2016\/02\/Design-ohne-Titel.png\"\n        alt=\"\"\n        title=\"Die Weasels bei einem Testtag. Foto: Joanneum Racing Graz\"\n         loading=\"lazy\"             >\n<\/picture>\n\n          <\/div>\n          <div class=\"p-2 p-xl-3\">\n                                    <p class=\"mb-1\">Projekt<\/p>\n                                <h6 class=\"\">Joanneum Racing Graz<\/h6>\n                                    <p class=\"mb-0\">Joanneum Racing Graz ist das gr\u00f6\u00dfte Studierendenprojekt der FH JOANNEUM. Seit 2003 entwickelt das Team j\u00e4hrlich einen Rennboliden mit dem sie im Sommer auf internationalen Formula Student Wettbewerben teilnehmen. <\/p>\n                          <\/div>\n      <\/div>\n  <\/a>\n                    <\/div>\n                                    <div class=\"col-12 col-sm-6 col-md-6 col-lg-6 col-xl-4 mb-4\">\n                        <a href=\"https:\/\/www.fh-joanneum.at\/projekt\/ecult-electrified-car-ultra-light-technologies\/\"\n      class=\"project-card\">\n      <div class=\"border border-light h-100\">\n\n          <div class=\"image-wrapper\">\n              <picture>\n                        <source\n                media=\"(max-width: 576px)\"\n                srcset=\"https:\/\/cdn3.fh-joanneum.at\/media\/2018\/03\/ecult-electrified-car-ultra-light-technologies-4.jpg, https:\/\/cdn3.fh-joanneum.at\/media\/2018\/03\/ecult-electrified-car-ultra-light-technologies-4-768x384.jpg 2x\"\n            \/>\n                    <source\n                media=\"(max-width: 768px)\"\n                srcset=\"https:\/\/cdn3.fh-joanneum.at\/media\/2018\/03\/ecult-electrified-car-ultra-light-technologies-4-768x384.jpg, https:\/\/cdn3.fh-joanneum.at\/media\/2018\/03\/ecult-electrified-car-ultra-light-technologies-4-1024x512.jpg 2x\"\n            \/>\n                    <source\n                media=\"(max-width: 1024px)\"\n                srcset=\"https:\/\/cdn3.fh-joanneum.at\/media\/2018\/03\/ecult-electrified-car-ultra-light-technologies-4-1024x512.jpg, https:\/\/cdn3.fh-joanneum.at\/media\/2018\/03\/ecult-electrified-car-ultra-light-technologies-4.jpg 2x\"\n            \/>\n                    <source\n                media=\"(max-width: 1536px)\"\n                srcset=\"https:\/\/cdn3.fh-joanneum.at\/media\/2018\/03\/ecult-electrified-car-ultra-light-technologies-4.jpg, https:\/\/cdn3.fh-joanneum.at\/media\/2018\/03\/ecult-electrified-car-ultra-light-technologies-4.jpg 2x\"\n            \/>\n                    <source\n                media=\"(max-width: 2048px)\"\n                srcset=\"https:\/\/cdn3.fh-joanneum.at\/media\/2018\/03\/ecult-electrified-car-ultra-light-technologies-4.jpg, https:\/\/cdn3.fh-joanneum.at\/media\/2018\/03\/ecult-electrified-car-ultra-light-technologies-4.jpg 2x\"\n            \/>\n                <img decoding=\"async\"\n        class=\"img-fluid\"\n        src=\"https:\/\/cdn3.fh-joanneum.at\/media\/2018\/03\/ecult-electrified-car-ultra-light-technologies-4.jpg\"\n        alt=\"eCULT \u2013 electrified Car Ultra Light Technologies 3\"\n        title=\"\"\n         loading=\"lazy\"             >\n<\/picture>\n\n          <\/div>\n          <div class=\"p-2 p-xl-3\">\n                                    <p class=\"mb-1\">Projekt<\/p>\n                                <h6 class=\"\">eCULT \u2013 electrified Car Ultra Light Technologies<\/h6>\n                                    <p class=\"mb-0\">Um den Studierenden am Institut f\u00fcr Fahrzeugtechnik der FH JOANNEUM einen Einblick in die Technik der abgasfreien Autos zu erm\u00f6glichen, wurde im Rahmen mehrerer studentischer Arbeiten und Projekten ein eigenes Elektroauto entwickelt. <\/p>\n                          <\/div>\n      <\/div>\n  <\/a>\n                    <\/div>\n                                    <\/div>\n    <\/div>\n<\/div>\n\n","protected":false},"excerpt":{"rendered":"<p>Die vielseitige Ausbildung erm\u00f6glicht Ihnen, im Studium an interessanten und spannenden Projekten zu arbeiten. Was dabei entstehen kann, wenn Sie ihr theoretisches Wissen in die Praxis umsetzen, erfahren Sie hier.<\/p>\n","protected":false},"author":12,"featured_media":10000562,"parent":10000272,"menu_order":42,"comment_status":"closed","ping_status":"closed","template":"","meta":{"_acf_changed":false,"footnotes":""},"acf":[],"aioseo_notices":[],"_links":{"self":[{"href":"https:\/\/www.fh-joanneum.at\/fahrzeugtechnik\/bachelor\/wp-json\/wp\/v2\/pages\/10000280"}],"collection":[{"href":"https:\/\/www.fh-joanneum.at\/fahrzeugtechnik\/bachelor\/wp-json\/wp\/v2\/pages"}],"about":[{"href":"https:\/\/www.fh-joanneum.at\/fahrzeugtechnik\/bachelor\/wp-json\/wp\/v2\/types\/page"}],"author":[{"embeddable":true,"href":"https:\/\/www.fh-joanneum.at\/fahrzeugtechnik\/bachelor\/wp-json\/wp\/v2\/users\/12"}],"replies":[{"embeddable":true,"href":"https:\/\/www.fh-joanneum.at\/fahrzeugtechnik\/bachelor\/wp-json\/wp\/v2\/comments?post=10000280"}],"version-history":[{"count":0,"href":"https:\/\/www.fh-joanneum.at\/fahrzeugtechnik\/bachelor\/wp-json\/wp\/v2\/pages\/10000280\/revisions"}],"up":[{"embeddable":true,"href":"https:\/\/www.fh-joanneum.at\/fahrzeugtechnik\/bachelor\/wp-json\/wp\/v2\/pages\/10000272"}],"wp:featuredmedia":[{"embeddable":true,"href":"https:\/\/www.fh-joanneum.at\/fahrzeugtechnik\/bachelor\/wp-json\/wp\/v2\/media\/10000562"}],"wp:attachment":[{"href":"https:\/\/www.fh-joanneum.at\/fahrzeugtechnik\/bachelor\/wp-json\/wp\/v2\/media?parent=10000280"}],"curies":[{"name":"wp","href":"https:\/\/api.w.org\/{rel}","templated":true}]}}