{"id":10000286,"date":"2015-08-10T14:59:51","date_gmt":"2015-08-10T12:59:51","guid":{"rendered":"https:\/\/www.fh-joanneum.at\/fahrzeugtechnik\/bachelor\/?page_id=286"},"modified":"2023-05-11T10:40:39","modified_gmt":"2023-05-11T08:40:39","slug":"studienabschluss","status":"publish","type":"page","link":"https:\/\/www.fh-joanneum.at\/fahrzeugtechnik\/bachelor\/im-studium\/studienabschluss\/","title":{"rendered":"Studienabschluss"},"content":{"rendered":"<div id=\"\" class=\"wp-block-text-content margin-bottom-none\">\n    <div class=\"container-lg\">\n        <div class=\"row\">\n            <div class=\"col\">\n                <div class=\"module-migration-headline\">\n<h3>Voraussetzungen f&uuml;r den Studienabschluss<\/h3>\n<\/div>\n\n            <\/div>\n        <\/div>\n            <\/div>\n<\/div>\n\n<div id=\"\" class=\"wp-block-text-content margin-bottom-normal\">\n    <div class=\"container-lg\">\n        <div class=\"row\">\n            <div class=\"col\">\n                <p>Um das Studium &bdquo;Fahrzeugtechnik \/ Automotive Engineering&ldquo; positiv abzuschlie&szlig;en, m&uuml;ssen Sie:<\/p>\n<ul>\n<li>alle Lehrveranstaltungen positiv absolvieren<\/li>\n<li>eine Bachelorarbeit verfassen, die positiv bewertet sein muss<\/li>\n<li>die Bachelorpr&uuml;fung positiv ablegen<\/li>\n<\/ul>\n<p>Der akademische Grad nach dem Studienabschluss lautet &bdquo;Bachelor of Science in Engineering (BSc)&ldquo;.<\/p>\n\n            <\/div>\n        <\/div>\n            <\/div>\n<\/div>\n\n<div id=\"\" class=\"wp-block-text-content margin-bottom-none\">\n    <div class=\"container-lg\">\n        <div class=\"row\">\n            <div class=\"col\">\n                <div class=\"module-migration-headline\">\n<h4>Bachelorarbeit<\/h4>\n<\/div>\n\n            <\/div>\n        <\/div>\n            <\/div>\n<\/div>\n\n<div id=\"\" class=\"wp-block-text-content margin-bottom-normal\">\n    <div class=\"container-lg\">\n        <div class=\"row\">\n            <div class=\"col\">\n                <p>Im sechsten Semester verfassen Sie eine wissenschaftliche Bachelorarbeit. Die Themen der Bachelorarbeit k&ouml;nnen mit verschiedenen F&auml;chern des Curriculums verkn&uuml;pft werden. Im Zuge der Abschlussarbeit kann auch eine konkrete betriebliche Problemstellung im Berufsfeld ausgew&auml;hlt und bearbeitet werden. Dabei werden Sie von Betreuer:innen sowohl vom Studiengang als auch aus dem Unternehmen unterst&uuml;tzt.<\/p>\n<p>Eine zus&auml;tzliche Hilfestellung bei der Themenfindung zur Bachelorarbeit wird durch das zeitlich vorangehende Berufspraktikum im sechsten Semester erm&ouml;glicht. Darin wird in der Zusammenarbeit mit Professionalist:innen eine selbst&auml;ndige Aufgabenl&ouml;sung im beruflichen Umfeld auf entsprechend technischen Niveau gefordert, um die erworbenen Kompetenzen aus dem Bachelorstudium in der Praxis anzuwenden.<\/p>\n<p>Die Genehmigung der Themen und der zust&auml;ndigen Betreuer:innen erfolgt zeitgerecht durch die Leitung des Lehr- und Forschungspersonals.<\/p>\n\n            <\/div>\n        <\/div>\n            <\/div>\n<\/div>\n\n<div id=\"\" class=\"wp-block-text-content margin-bottom-none\">\n    <div class=\"container-lg\">\n        <div class=\"row\">\n            <div class=\"col\">\n                <div class=\"module-migration-headline\">\n<h4>Bachelorpr&uuml;fung<\/h4>\n<\/div>\n\n            <\/div>\n        <\/div>\n            <\/div>\n<\/div>\n\n<div id=\"\" class=\"wp-block-text-content margin-bottom-normal\">\n    <div class=\"container-lg\">\n        <div class=\"row\">\n            <div class=\"col\">\n                <p>Es gelten die Bestimmungen der allgemeinen Pr&uuml;fungsordnung der FH JOANNEUM. Die Bachelorpr&uuml;fung besteht aus einer kommissionellen Pr&uuml;fung vor einem facheinschl&auml;gigen Pr&uuml;fungssenat und ist &ouml;ffentlich zug&auml;nglich. <\/p>\n<p>Die Pr&uuml;fung setzt sich aus einer Pr&auml;sentation der Bachelorarbeit und einem Pr&uuml;fungsgespr&auml;ch &uuml;ber die durchgef&uuml;hrte Arbeit sowie deren Querverbindungen zu Teilgebieten des Curriculums zusammen. Die Pr&auml;sentation der Bachelorarbeit findet in Englisch statt. Andere Teilgebiete der Pr&uuml;fung k&ouml;nnen in Deutsch oder Englisch abgehalten werden. <\/p>\n\n            <\/div>\n        <\/div>\n            <\/div>\n<\/div>\n\n<div id=\"\" class=\"wp-block-text-content margin-bottom-none\">\n    <div class=\"container-lg\">\n        <div class=\"row\">\n            <div class=\"col\">\n                <div class=\"module-migration-headline\">\n<h3>Nach dem Bachelorabschluss<\/h3>\n<\/div>\n\n            <\/div>\n        <\/div>\n            <\/div>\n<\/div>\n\n<div id=\"\" class=\"wp-block-text-content margin-bottom-normal\">\n    <div class=\"container-lg\">\n        <div class=\"row\">\n            <div class=\"col\">\n                <p>Als Absolventin beziehungsweise als Absolvent haben Sie nach dem Bachelorabschluss die M&ouml;glichkeit, das Masterstudium <a href=\"https:\/\/fh-joanneum.at\/fahrzeugtechnik\/master\/\">&bdquo;Fahrzeugtechnik \/ Automotive Engineering&ldquo;<\/a> zu absolvieren. Es wird dabei vor allem das Gesamtfahrzeug in den Fokus ger&uuml;ckt. <\/p>\n<p>Das Masterstudium baut auf unserer Bachelorausbildung auf und bietet eine Vertiefung in den naturwissenschaftlich-technischen und fachspezifischen Disziplinen. Dar&uuml;ber hinaus werden zus&auml;tzliche Social Skills und Managementf&auml;higkeiten vermittelt. Sie besch&auml;ftigen sich in ausgew&auml;hlten F&auml;chern mit Themen wie Maschinenbau, Elektrotechnik und Wirtschaftsingenieurwesen. Zudem k&ouml;nnen Sie an spannenden Projekten wie der internationalen Formula Student (FS) mitzuwirken.<\/p>\n<p>Im zweiten und dritten Semester des Masterstudiums w&auml;hlen Sie aus einem Wahlf&auml;cherkatalog Vertiefungen aus, die Ihren pers&ouml;nlichen Interessen entsprechen. Zu den Wahlmodulen z&auml;hlen unter anderem &bdquo;Lightweight Design&ldquo;, &bdquo;Rail Vehicle Engineering&ldquo; und Tire Modeling. <\/p>\n<p>Die Absolventinnen und Absolventen nehmen vorrangig Positionen mit F&uuml;hrungs- und Verantwortungskompetenz im Bereich Forschung und Entwicklung in der Fahrzeugindustrie sowie der Fahrzeugzulieferindustrie ein.<\/p>\n\n            <\/div>\n        <\/div>\n            <\/div>\n<\/div>\n\n","protected":false},"excerpt":{"rendered":"<p>Mit Ihrem Abschluss legen Sie den Grundstein f\u00fcr Ihre berufliche Zukunft. Welche Voraussetzungen Sie f\u00fcr den erfolgreichen Abschluss Ihres Studiums ben\u00f6tigen und alles, was Sie sonst noch wissen sollten, verraten wir Ihnen hier.<\/p>\n","protected":false},"author":12,"featured_media":0,"parent":10000272,"menu_order":47,"comment_status":"closed","ping_status":"closed","template":"","meta":{"_acf_changed":false,"footnotes":""},"acf":[],"aioseo_notices":[],"_links":{"self":[{"href":"https:\/\/www.fh-joanneum.at\/fahrzeugtechnik\/bachelor\/wp-json\/wp\/v2\/pages\/10000286"}],"collection":[{"href":"https:\/\/www.fh-joanneum.at\/fahrzeugtechnik\/bachelor\/wp-json\/wp\/v2\/pages"}],"about":[{"href":"https:\/\/www.fh-joanneum.at\/fahrzeugtechnik\/bachelor\/wp-json\/wp\/v2\/types\/page"}],"author":[{"embeddable":true,"href":"https:\/\/www.fh-joanneum.at\/fahrzeugtechnik\/bachelor\/wp-json\/wp\/v2\/users\/12"}],"replies":[{"embeddable":true,"href":"https:\/\/www.fh-joanneum.at\/fahrzeugtechnik\/bachelor\/wp-json\/wp\/v2\/comments?post=10000286"}],"version-history":[{"count":0,"href":"https:\/\/www.fh-joanneum.at\/fahrzeugtechnik\/bachelor\/wp-json\/wp\/v2\/pages\/10000286\/revisions"}],"up":[{"embeddable":true,"href":"https:\/\/www.fh-joanneum.at\/fahrzeugtechnik\/bachelor\/wp-json\/wp\/v2\/pages\/10000272"}],"wp:attachment":[{"href":"https:\/\/www.fh-joanneum.at\/fahrzeugtechnik\/bachelor\/wp-json\/wp\/v2\/media?parent=10000286"}],"curies":[{"name":"wp","href":"https:\/\/api.w.org\/{rel}","templated":true}]}}