{"id":10000092,"date":"2015-08-11T11:29:43","date_gmt":"2015-08-11T11:29:43","guid":{"rendered":"https:\/\/www.fh-joanneum.at\/fahrzeugtechnik\/master\/?page_id=92"},"modified":"2024-09-06T08:54:00","modified_gmt":"2024-09-06T06:54:00","slug":"voraussetzungen","status":"publish","type":"page","link":"https:\/\/www.fh-joanneum.at\/fahrzeugtechnik\/master\/vor-dem-studium\/voraussetzungen\/","title":{"rendered":"Voraussetzungen"},"content":{"rendered":"<div id=\"\" class=\"wp-block-text-content margin-bottom-none\">\n    <div class=\"container-lg\">\n        <div class=\"row\">\n            <div class=\"col\">\n                <div class=\"module-migration-headline\">\n<h3>Voraussetzungen f&uuml;r das Studium<\/h3>\n<\/div>\n\n            <\/div>\n        <\/div>\n            <\/div>\n<\/div>\n\n\n<div id=\"\" class=\"wp-block-text-content margin-bottom-normal\">\n    <div class=\"container-lg\">\n        <div class=\"row\">\n            <div class=\"col\">\n                <p>Als fachliche Zugangsvoraussetzung f&uuml;r das Masterstudium m&uuml;ssen Sie einen qualifizierten Studienabschluss<\/p>\n<ul>\n<li>eines facheinschl&auml;gigen Bachelorstudiums oder<\/li>\n<li>einer gleichwertigen Ausbildung<\/li>\n<\/ul>\n<p>nachweisen.<\/p>\n<p>Als sprachliche Voraussetzungen m&uuml;ssen die Bewerberinnen Englisch auf der Stufe B2 gem&auml;&szlig; den Kriterien des gemeinsamen europ&auml;ischen Referenzrahmens beherrschen.<\/p>\n\n            <\/div>\n        <\/div>\n            <\/div>\n<\/div>\n\n\n<div id=\"\" class=\"wp-block-text-content margin-bottom-none\">\n    <div class=\"container-lg\">\n        <div class=\"row\">\n            <div class=\"col\">\n                <div class=\"module-migration-headline\">\n<h3>Details zu den Zugangsvoraussetzungen<\/h3>\n<\/div>\n\n            <\/div>\n        <\/div>\n            <\/div>\n<\/div>\n\n\n<div id=\"\" class=\"wp-block-text-content margin-bottom-normal\">\n    <div class=\"container-lg\">\n        <div class=\"row\">\n            <div class=\"col\">\n                <p>Die Zugangsbedingungen k&ouml;nnen, in Abh&auml;ngigkeit der belegten Wahlpflichtf&auml;cher, von folgenden Bachelorstudieng&auml;ngen beziehungsweise postsekund&auml;ren Abschl&uuml;ssen aus den Gebieten Maschinenbau oder Mechatronik erf&uuml;llt werden:<\/p>\n<ul>\n<li>Bachelorstudium &bdquo;Fahrzeugtechnik \/ Automotive Engineering&ldquo; an der FH JOANNEUM<\/li>\n<li>Bachelorstudium &bdquo;Maschinenbau&ldquo; an der TU Graz<\/li>\n<li>Bachelorstudium &bdquo;Maschinenbau&ldquo; an der TU Wien<\/li>\n<li>Bachelorstudium &bdquo;Maschinenwesen&ldquo; an der TU M&uuml;nchen<\/li>\n<li>Diplomstudium &bdquo;Fahrzeugtechnik \/ Automotive Engineering and Railway Engineering&ldquo; an der FH JOANNEUM<\/li>\n<li>Diplomstudium &bdquo;Maschinenbau&ldquo; an der TU Graz mit Vertiefung in Richtung Verbrennungskraftmaschinen<\/li>\n<\/ul>\n<p>In nicht eindeutigen F&auml;llen obliegt es der Studiengangsleitung zu entscheiden, ob die Zugangsvoraussetzungen erf&uuml;llt sind. Eine verbindliche Auskunft dar&uuml;ber erhalten Sie nach Einlangen Ihrer vollst&auml;ndigen Bewerbungsunterlagen.<\/p>\n\n            <\/div>\n        <\/div>\n            <\/div>\n<\/div>\n\n\n\n\n<div id=\"\" class=\"wp-block-text-content margin-bottom-normal\">\n    <div class=\"container-lg\">\n        <div class=\"row\">\n            <div class=\"col\">\n                <h4>Sie sind keine &ouml;sterreichische Staatsb&uuml;rgerin oder kein &ouml;sterreichischer Staatsb&uuml;rger?<\/h4>\n<p>F&uuml;r Sie gibt es einige Besonderheiten zu beachten. Mehr Informationen dazu finden Sie in unter dem Men&uuml;punkt <a href=\"https:\/\/fh-joanneum.at\/fahrzeugtechnik\/master\/vor-dem-studium\/internationale-bewerberinnen\/\"><strong>Internationale BewerberInnen<\/strong>.<\/a><\/p>\n\n            <\/div>\n        <\/div>\n            <\/div>\n<\/div>\n","protected":false},"excerpt":{"rendered":"<p>Diese Voraussetzungen m\u00fcssen Sie f\u00fcr das Studium erf\u00fcllen.<\/p>\n","protected":false},"author":12,"featured_media":0,"parent":10000088,"menu_order":12,"comment_status":"closed","ping_status":"closed","template":"","meta":{"_acf_changed":false,"footnotes":""},"acf":[],"aioseo_notices":[],"_links":{"self":[{"href":"https:\/\/www.fh-joanneum.at\/fahrzeugtechnik\/master\/wp-json\/wp\/v2\/pages\/10000092"}],"collection":[{"href":"https:\/\/www.fh-joanneum.at\/fahrzeugtechnik\/master\/wp-json\/wp\/v2\/pages"}],"about":[{"href":"https:\/\/www.fh-joanneum.at\/fahrzeugtechnik\/master\/wp-json\/wp\/v2\/types\/page"}],"author":[{"embeddable":true,"href":"https:\/\/www.fh-joanneum.at\/fahrzeugtechnik\/master\/wp-json\/wp\/v2\/users\/12"}],"replies":[{"embeddable":true,"href":"https:\/\/www.fh-joanneum.at\/fahrzeugtechnik\/master\/wp-json\/wp\/v2\/comments?post=10000092"}],"version-history":[{"count":1,"href":"https:\/\/www.fh-joanneum.at\/fahrzeugtechnik\/master\/wp-json\/wp\/v2\/pages\/10000092\/revisions"}],"predecessor-version":[{"id":10000525,"href":"https:\/\/www.fh-joanneum.at\/fahrzeugtechnik\/master\/wp-json\/wp\/v2\/pages\/10000092\/revisions\/10000525"}],"up":[{"embeddable":true,"href":"https:\/\/www.fh-joanneum.at\/fahrzeugtechnik\/master\/wp-json\/wp\/v2\/pages\/10000088"}],"wp:attachment":[{"href":"https:\/\/www.fh-joanneum.at\/fahrzeugtechnik\/master\/wp-json\/wp\/v2\/media?parent=10000092"}],"curies":[{"name":"wp","href":"https:\/\/api.w.org\/{rel}","templated":true}]}}