{"id":10000096,"date":"2015-08-11T11:30:01","date_gmt":"2015-08-11T11:30:01","guid":{"rendered":"https:\/\/www.fh-joanneum.at\/fahrzeugtechnik\/master\/?page_id=96"},"modified":"2022-05-17T13:21:09","modified_gmt":"2022-05-17T13:21:09","slug":"aufnahmeverfahren","status":"publish","type":"page","link":"https:\/\/www.fh-joanneum.at\/fahrzeugtechnik\/master\/vor-dem-studium\/aufnahmeverfahren\/","title":{"rendered":"Aufnahmeverfahren"},"content":{"rendered":"<div id=\"\" class=\"wp-block-text-content margin-bottom-none\">\n    <div class=\"container-lg\">\n        <div class=\"row\">\n            <div class=\"col\">\n                <div class=\"module-migration-headline\">\n<h3>Aufnahmeverfahren<\/h3>\n<\/div>\n\n            <\/div>\n        <\/div>\n            <\/div>\n<\/div>\n\n<div id=\"\" class=\"wp-block-text-content margin-bottom-normal\">\n    <div class=\"container-lg\">\n        <div class=\"row\">\n            <div class=\"col\">\n                <p><strong>Das Aufnahmeverfahren wird online durchgef&uuml;hrt.<\/strong><\/p>\n<p>Das Aufnahmeverfahren setzt sich zusammen aus:<\/p>\n<ul>\n<li>einer vollst&auml;ndigen Bewerbung,<\/li>\n<li>der Bearbeitung einer fachspezifischen Aufgabenstellung,<\/li>\n<li>einem Gespr&auml;ch mit der Aufnahmekommission sowie <\/li>\n<li>der Bewertung der vorangegangenen Ausbildung und T&auml;tigkeiten. <\/li>\n<\/ul>\n<p>Die Form der Bewerbung flie&szlig;t in die Beurteilung ein.<\/p>\n\n            <\/div>\n        <\/div>\n            <\/div>\n<\/div>\n\n<div id=\"\" class=\"wp-block-text-content margin-bottom-normal\">\n    <div class=\"container-lg\">\n        <div class=\"row\">\n            <div class=\"col\">\n                <h4>Bearbeitung einer fachspezifischen Aufgabenstellung<\/h4>\n<p>Sie werden zum weiteren Aufnahmeverfahren eingeladen, wenn Sie die Voraussetzungen f&uuml;r die Zulassung erf&uuml;llen und Ihre Bewerbung vollst&auml;ndig und fristgerecht eingereicht haben.<\/p>\n<p>Die Bearbeitung einer fachspezifischen Aufgabenstellung zeigt, ob Sie sich f&uuml;r das Studium eignen, und findet an einem festgesetzten Termin statt.<\/p>\n\n            <\/div>\n        <\/div>\n            <\/div>\n<\/div>\n\n\n<div id=\"\" class=\"wp-block-text-content margin-bottom-normal\">\n    <div class=\"container-lg\">\n        <div class=\"row\">\n            <div class=\"col\">\n                <h4>Das pers&ouml;nliche Gespr&auml;ch<\/h4>\n<p>Alle Teilnehmer:innen werden zu einem pers&ouml;nlichen Online-Gespr&auml;ch eingeladen. <\/p>\n<p>Das pers&ouml;nliche Gespr&auml;ch f&uuml;hren Sie in englischer Sprache mit der Aufnahmekommission des Studiengangs. Es dauert in der Regel etwa 20 Minuten.<\/p>\n\n            <\/div>\n        <\/div>\n            <\/div>\n<\/div>\n\n\n<div\n    id=\"\"\n    class=\"wp-block-tipp-box margin-bottom-normal\"\n>\n    <div class=\"container-lg\">\n        <div class=\"row\">\n            <div class=\"col\">\n                <div class=\"tipp-box border border-warning\">\n                    <div class=\"tipp-box-inner p-2 p-md-3\">\n                        <h4 class=\"\">Tipp<\/h4>\n                        <p>Im Gespr\u00e4ch haben Sie die M\u00f6glichkeit, Ihr Fachwissen sowie Ihre Motivation, Eignung und Begabung f\u00fcr das Studium und den Beruf darzulegen. \u00dcberzeugen Sie sie durch Ihren Lebenslauf, Ihr Interesse an den Studieninhalten und Ihre Pers\u00f6nlichkeit. <\/p>\n\n                    <\/div>\n                <\/div>\n            <\/div>\n        <\/div>\n    <\/div>\n<\/div>\n\n<div id=\"\" class=\"wp-block-text-content margin-bottom-normal\">\n    <div class=\"container-lg\">\n        <div class=\"row\">\n            <div class=\"col\">\n                <h4>Bewertung der vorangegangenen Ausbildung und der beruflichen Erfahrung<\/h4>\n<p>Als zus&auml;tzliche Kriterien f&uuml;r die Aufnahmeentscheidung werden berufliche Erfahrungen sowie die berufsqualifizierende Aus- und Weiterbildung ber&uuml;cksichtigt.<\/p>\n\n            <\/div>\n        <\/div>\n            <\/div>\n<\/div>\n\n","protected":false},"excerpt":{"rendered":"<p>Im Zuge des Aufnahmeverfahrens ermitteln wir Ihre pers\u00f6nlichen F\u00e4higkeiten und Potenziale f\u00fcr das Studium. Was Sie genau erwartet, und wie Sie sich darauf vorbereiten k\u00f6nnen.<\/p>\n","protected":false},"author":12,"featured_media":0,"parent":10000088,"menu_order":14,"comment_status":"closed","ping_status":"closed","template":"","meta":{"_acf_changed":false,"footnotes":""},"acf":[],"aioseo_notices":[],"_links":{"self":[{"href":"https:\/\/www.fh-joanneum.at\/fahrzeugtechnik\/master\/wp-json\/wp\/v2\/pages\/10000096"}],"collection":[{"href":"https:\/\/www.fh-joanneum.at\/fahrzeugtechnik\/master\/wp-json\/wp\/v2\/pages"}],"about":[{"href":"https:\/\/www.fh-joanneum.at\/fahrzeugtechnik\/master\/wp-json\/wp\/v2\/types\/page"}],"author":[{"embeddable":true,"href":"https:\/\/www.fh-joanneum.at\/fahrzeugtechnik\/master\/wp-json\/wp\/v2\/users\/12"}],"replies":[{"embeddable":true,"href":"https:\/\/www.fh-joanneum.at\/fahrzeugtechnik\/master\/wp-json\/wp\/v2\/comments?post=10000096"}],"version-history":[{"count":0,"href":"https:\/\/www.fh-joanneum.at\/fahrzeugtechnik\/master\/wp-json\/wp\/v2\/pages\/10000096\/revisions"}],"up":[{"embeddable":true,"href":"https:\/\/www.fh-joanneum.at\/fahrzeugtechnik\/master\/wp-json\/wp\/v2\/pages\/10000088"}],"wp:attachment":[{"href":"https:\/\/www.fh-joanneum.at\/fahrzeugtechnik\/master\/wp-json\/wp\/v2\/media?parent=10000096"}],"curies":[{"name":"wp","href":"https:\/\/api.w.org\/{rel}","templated":true}]}}