{"id":10000114,"date":"2015-08-11T11:33:04","date_gmt":"2015-08-11T11:33:04","guid":{"rendered":"https:\/\/www.fh-joanneum.at\/fahrzeugtechnik\/master\/?page_id=114"},"modified":"2023-03-24T11:21:52","modified_gmt":"2023-03-24T11:21:52","slug":"praxisprojekte","status":"publish","type":"page","link":"https:\/\/www.fh-joanneum.at\/fahrzeugtechnik\/master\/im-studium\/praxisprojekte\/","title":{"rendered":"Praxisprojekte"},"content":{"rendered":"<div id=\"\" class=\"wp-block-text-content margin-bottom-none\">\n    <div class=\"container-lg\">\n        <div class=\"row\">\n            <div class=\"col\">\n                <div class=\"module-migration-headline\">\n<h3>Praxisprojekte im Studium<\/h3>\n<\/div>\n\n            <\/div>\n        <\/div>\n            <\/div>\n<\/div>\n\n\n<div id=\"\" class=\"wp-block-text-content margin-bottom-normal\">\n    <div class=\"container-lg\">\n        <div class=\"row\">\n            <div class=\"col\">\n                <p>Tagt&auml;glich wenden unsere Masterstudierenden von &bdquo;<a href=\"https:\/\/www.fh-joanneum.at\/fahrzeugtechnik\/master\/\">Fahrzeugtechnik \/ Automotive Engineering<\/a>&ldquo; ihr neu erworbenes, theoretisches Wissen sogleich in <strong>Praxisprojekten<\/strong> an. Dabei vertiefen sie nicht nur ihr Wissen, sondern erwerben zus&auml;tzlich dazu noch <strong>weitere Kenntnisse<\/strong>, <strong>Qualifikationen<\/strong>, <strong>F&auml;higkeiten<\/strong> sowie <strong>Fertigkeiten<\/strong>. Dementsprechen nimmt der <strong>Praxisbezug<\/strong> einen <strong>hohen Stellenwert<\/strong> an unserem Studiengang ein.<\/p>\n<p>Die Studierenden vertiefen sich in jeglichen Bereichen des Automotive Engineering. Das versetzt sie in die Lage, folgende Kompetenzen anzuwenden:  <\/p>\n<ul>\n<li>Zusammenh&auml;nge besser &uuml;berblicken,  <\/li>\n<li>Fragestellungen im Automotive Engineering nach technisch-wissenschaftlichen Grunds&auml;tzen strukturieren sowie pr&auml;zisieren,  <\/li>\n<li>diese Fragestellungen als Problem formulieren und  <\/li>\n<li>unter betriebswirtschaftlichen Rahmenbedingungen angemessen l&ouml;sen.  <\/li>\n<\/ul>\n<p>Auch Aspekte der <strong>Unternehmensf&uuml;hrung<\/strong> und <strong>Organisation<\/strong> flie&szlig;en hierbei mit ein. Dies ist vor allem zur Erreichung einer Masterqualifikation und zur Vorbereitung auf den Wettbewerb in diesem Berufsfeld nicht nur erfordernd, sondern generell auch f&ouml;rderlich.<\/p>\n\n            <\/div>\n        <\/div>\n            <\/div>\n<\/div>\n\n<div id=\"\" class=\"wp-block-text-content margin-bottom-none\">\n    <div class=\"container-lg\">\n        <div class=\"row\">\n            <div class=\"col\">\n                <div class=\"module-migration-headline\">\n<h3>Aktuelle Studierendenprojekte<\/h3>\n<\/div>\n\n            <\/div>\n        <\/div>\n            <\/div>\n<\/div>\n\n<div id=\"\" class=\"wp-block-text-content margin-bottom-normal\">\n    <div class=\"container-lg\">\n        <div class=\"row\">\n            <div class=\"col\">\n                <h4><a href=\"https:\/\/www.fh-joanneum.at\/projekt\/joanneum-racing-graz\/\"><em>Joanneum Racing Graz<\/em><\/a><\/h4>\n\n            <\/div>\n        <\/div>\n            <\/div>\n<\/div>\n\n<div\n    id=\"\"\n    class=\"wp-block-content-image margin-bottom-normal\"\n>\n    <div class=\"container-lg\">\n        <div class=\"row\">\n            <div class=\"col-12\">\n                <div >\n\n                    <div class=\"image-wrapper\">\n                        <picture>\n                        <source\n                media=\"(max-width: 576px)\"\n                srcset=\"https:\/\/cdn3.fh-joanneum.at\/media\/sites\/19\/2022\/12\/praxisprojekte-5.jpg, https:\/\/cdn3.fh-joanneum.at\/media\/sites\/19\/2022\/12\/praxisprojekte-5-768x512.jpg 2x\"\n            \/>\n                    <source\n                media=\"(max-width: 768px)\"\n                srcset=\"https:\/\/cdn3.fh-joanneum.at\/media\/sites\/19\/2022\/12\/praxisprojekte-5-768x512.jpg, https:\/\/cdn3.fh-joanneum.at\/media\/sites\/19\/2022\/12\/praxisprojekte-5-1024x683.jpg 2x\"\n            \/>\n                    <source\n                media=\"(max-width: 1024px)\"\n                srcset=\"https:\/\/cdn3.fh-joanneum.at\/media\/sites\/19\/2022\/12\/praxisprojekte-5-1024x683.jpg, https:\/\/cdn3.fh-joanneum.at\/media\/sites\/19\/2022\/12\/praxisprojekte-5-1536x1024.jpg 2x\"\n            \/>\n                    <source\n                media=\"(max-width: 1536px)\"\n                srcset=\"https:\/\/cdn3.fh-joanneum.at\/media\/sites\/19\/2022\/12\/praxisprojekte-5-1536x1024.jpg, https:\/\/cdn3.fh-joanneum.at\/media\/sites\/19\/2022\/12\/praxisprojekte-5-2048x1366.jpg 2x\"\n            \/>\n                    <source\n                media=\"(max-width: 2048px)\"\n                srcset=\"https:\/\/cdn3.fh-joanneum.at\/media\/sites\/19\/2022\/12\/praxisprojekte-5-2048x1366.jpg, https:\/\/cdn3.fh-joanneum.at\/media\/sites\/19\/2022\/12\/praxisprojekte-5.jpg 2x\"\n            \/>\n                <img decoding=\"async\"\n        class=\"img-fluid @if ($image_credit || $media_subtitle) mb-2 @endif @if ($lightbox) modal-trigger @endif\" @click=\"modal = !modal\" aria-expanded=\"false\"\n        src=\"https:\/\/cdn3.fh-joanneum.at\/media\/sites\/19\/2022\/12\/praxisprojekte-5.jpg\"\n        alt=\"Das Racing Team der FH JOANNEUM nimmt regelm\u00e4\u00dfig an Formula Student Bewerben teil.\"\n        title=\"\"\n         loading=\"lazy\"             >\n<\/picture>\n\n                                                    <p class=\"text-muted fst-italic\">Photo: Joanneum Racing Graz<\/p>\n                                                                            <p class=\"text-muted\">Das Racing Team der FH JOANNEUM nimmt regelm\u00e4\u00dfig an Formula Student Bewerben teil.<\/p>\n                                            <\/div>\n\n                                    <\/div>\n\n            <\/div>\n        <\/div>\n    <\/div>\n<\/div>\n\n<div id=\"\" class=\"wp-block-text-content margin-bottom-normal\">\n    <div class=\"container-lg\">\n        <div class=\"row\">\n            <div class=\"col\">\n                <p>Seit 2003 ist unser Studierendenverein <em>Joanneum Racing Graz<\/em> bei den Konstrukteursbewerben der <strong>Formula Student<\/strong> vertreten und bildet damit auch <strong>eines der gr&ouml;&szlig;ten Studierendenprojekte<\/strong> unserer Hochschule. Innerhalb eines Jahres m&uuml;ssen unsere Studierenden dabei einen <strong>Formel-Rennwagen nach vorgegebenem Reglement<\/strong> nicht nur <strong>entwerfen<\/strong>, sondern auch <strong>konstruieren und bauen<\/strong>.  <\/p>\n<p>Der Bolide muss anschlie&szlig;end diverse Fahrpr&uuml;fungen bestehen und auch abseits der Strecke gilt es in Disziplinen wie Business Presentation oder dem Cost Report, bei welchem auch andere Studieng&auml;nge der FH JOANNEUM mitwirken, zu &uuml;berzeugen. Bisher war das Racing Team erfolgreich bei den Bewerben vertreten &ndash; seit 2022 auch in der <strong><a href=\"https:\/\/www.fh-joanneum.at\/blog\/boxenstopp-bei-joanneum-racing-graz-4-0-31-ein-sommermaerchen-fuer-die-weasels\/\">Elektroklasse<\/a><\/strong>.  <\/p>\n<p>N&auml;heres zum Racing Team k&ouml;nnen Sie <strong><a href=\"https:\/\/www.fh-joanneum.at\/blog\/tag\/boxenstopp\/\">hier<\/a><\/strong> in den Blogbeitr&auml;gen der Boxenstopp-Reihe nachlesen.<\/p>\n\n            <\/div>\n        <\/div>\n            <\/div>\n<\/div>\n\n<div id=\"\" class=\"wp-block-links-block margin-bottom-normal\">\n    <div class=\"container-lg\">\n        <div class=\"row\">\n            <div class=\"col-12\">\n                <div>\n                    <h4><\/h4>\n                    \n                <\/div>\n            <\/div>\n                            <div class=\"col-12\">\n                    <div class=\" border-bottom  border-top py-3\">\n                                                    <a href=\"https:\/\/www.joanneum-racing.at\/\" target=\"_blank\" class=\"link arrow-link large-arrow major-text-color-hover text-decoration-none\" data-analytics=\"\" rel=\"noopener noreferrer\">\n                                <div class=\"link-content w-100\">\n                                    <div class=\"d-flex align-items-center\">\n                                        <h5 class=\"w-100  mb-0 me-2 \">\n                                            Never Stop Pushing <br>at FH JOANNEUM Graz<\/h5>\n                                        <svg width=\"9\" height=\"15\" viewbox=\"0 0 9 15\" fill=\"none\" xmlns=\"http:\/\/www.w3.org\/2000\/svg\">\n    <path id=\"chevron_right\" d=\"M1.5 1.5L7.5 7.5L1.5 13.5\" stroke=\"\" stroke-width=\"1.5\" stroke-linecap=\"round\"><\/path>\n<\/svg>                                    <\/div>\n                                    \n                                <\/div>\n                            <\/a>\n                                            <\/div>\n                <\/div>\n                    <\/div>\n    <\/div>\n<\/div>\n\n<div\n    id=\"\"\n    class=\"wp-block-project-cards margin-bottom-normal\"\n>\n    <div class=\"container-lg\">\n        <div class=\"row\">\n                                                            <div class=\"col-12 col-sm-6 col-md-6 col-lg-6 col-xl-4 mb-4\">\n                        <a href=\"https:\/\/www.fh-joanneum.at\/projekt\/hybrid-motorbike\/\"\n      class=\"project-card\">\n      <div class=\"border border-light h-100\">\n\n          <div class=\"image-wrapper\">\n              <picture>\n                        <source\n                media=\"(max-width: 432px)\"\n                srcset=\"https:\/\/cdn3.fh-joanneum.at\/media\/2023\/03\/hybrid-motorbike-2.jpg, https:\/\/cdn3.fh-joanneum.at\/media\/2023\/03\/hybrid-motorbike-2.jpg 2x\"\n            \/>\n                    <source\n                media=\"(max-width: 510px)\"\n                srcset=\"https:\/\/cdn3.fh-joanneum.at\/media\/2023\/03\/hybrid-motorbike-2.jpg, https:\/\/cdn3.fh-joanneum.at\/media\/2023\/03\/hybrid-motorbike-2.jpg 2x\"\n            \/>\n                    <source\n                media=\"(max-width: 510px)\"\n                srcset=\"https:\/\/cdn3.fh-joanneum.at\/media\/2023\/03\/hybrid-motorbike-2.jpg, https:\/\/cdn3.fh-joanneum.at\/media\/2023\/03\/hybrid-motorbike-2.jpg 2x\"\n            \/>\n                    <source\n                media=\"(max-width: 510px)\"\n                srcset=\"https:\/\/cdn3.fh-joanneum.at\/media\/2023\/03\/hybrid-motorbike-2.jpg, https:\/\/cdn3.fh-joanneum.at\/media\/2023\/03\/hybrid-motorbike-2.jpg 2x\"\n            \/>\n                    <source\n                media=\"(max-width: 510px)\"\n                srcset=\"https:\/\/cdn3.fh-joanneum.at\/media\/2023\/03\/hybrid-motorbike-2.jpg, https:\/\/cdn3.fh-joanneum.at\/media\/2023\/03\/hybrid-motorbike-2.jpg 2x\"\n            \/>\n                <img decoding=\"async\"\n        class=\"img-fluid\"\n        src=\"https:\/\/cdn3.fh-joanneum.at\/media\/2023\/03\/hybrid-motorbike-2.jpg\"\n        alt=\"Hybrid Motorbike\"\n        title=\"\"\n         loading=\"lazy\"             >\n<\/picture>\n\n          <\/div>\n          <div class=\"p-2 p-xl-3\">\n                                    <p class=\"mb-1\">Projekt<\/p>\n                                <h6 class=\"\">Hybrid Motorbike<\/h6>\n                                    <p class=\"mb-0\">Im Rahmen eines Lehrprojekts planten unsere Master-Studierenden gemeinsam mit der KTM Forschungs &amp; Entwicklungs GmbH einen Hybridantriebsstrang f\u00fcr eine Adventure 790. <\/p>\n                          <\/div>\n      <\/div>\n  <\/a>\n                    <\/div>\n                                    <div class=\"col-12 col-sm-6 col-md-6 col-lg-6 col-xl-4 mb-4\">\n                        <a href=\"https:\/\/www.fh-joanneum.at\/projekt\/joanneum-racing-graz\/\"\n      class=\"project-card\">\n      <div class=\"border border-light h-100\">\n\n          <div class=\"image-wrapper\">\n              <picture>\n                        <source\n                media=\"(max-width: 576px)\"\n                srcset=\"https:\/\/cdn3.fh-joanneum.at\/media\/2016\/02\/Design-ohne-Titel-576x288.png, https:\/\/cdn3.fh-joanneum.at\/media\/2016\/02\/Design-ohne-Titel-768x384.png 2x\"\n            \/>\n                    <source\n                media=\"(max-width: 768px)\"\n                srcset=\"https:\/\/cdn3.fh-joanneum.at\/media\/2016\/02\/Design-ohne-Titel-768x384.png, https:\/\/cdn3.fh-joanneum.at\/media\/2016\/02\/Design-ohne-Titel-1024x512.png 2x\"\n            \/>\n                    <source\n                media=\"(max-width: 1024px)\"\n                srcset=\"https:\/\/cdn3.fh-joanneum.at\/media\/2016\/02\/Design-ohne-Titel-1024x512.png, https:\/\/cdn3.fh-joanneum.at\/media\/2016\/02\/Design-ohne-Titel-1536x768.png 2x\"\n            \/>\n                    <source\n                media=\"(max-width: 1536px)\"\n                srcset=\"https:\/\/cdn3.fh-joanneum.at\/media\/2016\/02\/Design-ohne-Titel-1536x768.png, https:\/\/cdn3.fh-joanneum.at\/media\/2016\/02\/Design-ohne-Titel-2048x1024.png 2x\"\n            \/>\n                    <source\n                media=\"(max-width: 2048px)\"\n                srcset=\"https:\/\/cdn3.fh-joanneum.at\/media\/2016\/02\/Design-ohne-Titel-2048x1024.png, https:\/\/cdn3.fh-joanneum.at\/media\/2016\/02\/Design-ohne-Titel.png 2x\"\n            \/>\n                <img decoding=\"async\"\n        class=\"img-fluid\"\n        src=\"https:\/\/cdn3.fh-joanneum.at\/media\/2016\/02\/Design-ohne-Titel.png\"\n        alt=\"\"\n        title=\"Die Weasels bei einem Testtag. Foto: Joanneum Racing Graz\"\n         loading=\"lazy\"             >\n<\/picture>\n\n          <\/div>\n          <div class=\"p-2 p-xl-3\">\n                                    <p class=\"mb-1\">Projekt<\/p>\n                                <h6 class=\"\">Joanneum Racing Graz<\/h6>\n                                    <p class=\"mb-0\">Joanneum Racing Graz ist das gr\u00f6\u00dfte Studierendenprojekt der FH JOANNEUM. Seit 2003 entwickelt das Team j\u00e4hrlich einen Rennboliden mit dem sie im Sommer auf internationalen Formula Student Wettbewerben teilnehmen. <\/p>\n                          <\/div>\n      <\/div>\n  <\/a>\n                    <\/div>\n                                    <div class=\"col-12 col-sm-6 col-md-6 col-lg-6 col-xl-4 mb-4\">\n                        <a href=\"https:\/\/www.fh-joanneum.at\/projekt\/ecult-electrified-car-ultra-light-technologies\/\"\n      class=\"project-card\">\n      <div class=\"border border-light h-100\">\n\n          <div class=\"image-wrapper\">\n              <picture>\n                        <source\n                media=\"(max-width: 576px)\"\n                srcset=\"https:\/\/cdn3.fh-joanneum.at\/media\/2018\/03\/ecult-electrified-car-ultra-light-technologies-4.jpg, https:\/\/cdn3.fh-joanneum.at\/media\/2018\/03\/ecult-electrified-car-ultra-light-technologies-4-768x384.jpg 2x\"\n            \/>\n                    <source\n                media=\"(max-width: 768px)\"\n                srcset=\"https:\/\/cdn3.fh-joanneum.at\/media\/2018\/03\/ecult-electrified-car-ultra-light-technologies-4-768x384.jpg, https:\/\/cdn3.fh-joanneum.at\/media\/2018\/03\/ecult-electrified-car-ultra-light-technologies-4-1024x512.jpg 2x\"\n            \/>\n                    <source\n                media=\"(max-width: 1024px)\"\n                srcset=\"https:\/\/cdn3.fh-joanneum.at\/media\/2018\/03\/ecult-electrified-car-ultra-light-technologies-4-1024x512.jpg, https:\/\/cdn3.fh-joanneum.at\/media\/2018\/03\/ecult-electrified-car-ultra-light-technologies-4.jpg 2x\"\n            \/>\n                    <source\n                media=\"(max-width: 1536px)\"\n                srcset=\"https:\/\/cdn3.fh-joanneum.at\/media\/2018\/03\/ecult-electrified-car-ultra-light-technologies-4.jpg, https:\/\/cdn3.fh-joanneum.at\/media\/2018\/03\/ecult-electrified-car-ultra-light-technologies-4.jpg 2x\"\n            \/>\n                    <source\n                media=\"(max-width: 2048px)\"\n                srcset=\"https:\/\/cdn3.fh-joanneum.at\/media\/2018\/03\/ecult-electrified-car-ultra-light-technologies-4.jpg, https:\/\/cdn3.fh-joanneum.at\/media\/2018\/03\/ecult-electrified-car-ultra-light-technologies-4.jpg 2x\"\n            \/>\n                <img decoding=\"async\"\n        class=\"img-fluid\"\n        src=\"https:\/\/cdn3.fh-joanneum.at\/media\/2018\/03\/ecult-electrified-car-ultra-light-technologies-4.jpg\"\n        alt=\"eCULT \u2013 electrified Car Ultra Light Technologies 3\"\n        title=\"\"\n         loading=\"lazy\"             >\n<\/picture>\n\n          <\/div>\n          <div class=\"p-2 p-xl-3\">\n                                    <p class=\"mb-1\">Projekt<\/p>\n                                <h6 class=\"\">eCULT \u2013 electrified Car Ultra Light Technologies<\/h6>\n                                    <p class=\"mb-0\">Um den Studierenden am Institut f\u00fcr Fahrzeugtechnik der FH JOANNEUM einen Einblick in die Technik der abgasfreien Autos zu erm\u00f6glichen, wurde im Rahmen mehrerer studentischer Arbeiten und Projekten ein eigenes Elektroauto entwickelt. <\/p>\n                          <\/div>\n      <\/div>\n  <\/a>\n                    <\/div>\n                                    <div class=\"col-12 col-sm-6 col-md-6 col-lg-6 col-xl-4 mb-4\">\n                        <a href=\"https:\/\/www.fh-joanneum.at\/projekt\/der-leichteste-klappbare-rollstuhl-der-welt\/\"\n      class=\"project-card\">\n      <div class=\"border border-light h-100\">\n\n          <div class=\"image-wrapper\">\n              <picture>\n                        <source\n                media=\"(max-width: 576px)\"\n                srcset=\"https:\/\/cdn3.fh-joanneum.at\/media\/2017\/04\/der-leichteste-klappbare-rollstuhl-der-welt.jpg, https:\/\/cdn3.fh-joanneum.at\/media\/2017\/04\/der-leichteste-klappbare-rollstuhl-der-welt-768x384.jpg 2x\"\n            \/>\n                    <source\n                media=\"(max-width: 768px)\"\n                srcset=\"https:\/\/cdn3.fh-joanneum.at\/media\/2017\/04\/der-leichteste-klappbare-rollstuhl-der-welt-768x384.jpg, https:\/\/cdn3.fh-joanneum.at\/media\/2017\/04\/der-leichteste-klappbare-rollstuhl-der-welt-1024x512.jpg 2x\"\n            \/>\n                    <source\n                media=\"(max-width: 1024px)\"\n                srcset=\"https:\/\/cdn3.fh-joanneum.at\/media\/2017\/04\/der-leichteste-klappbare-rollstuhl-der-welt-1024x512.jpg, https:\/\/cdn3.fh-joanneum.at\/media\/2017\/04\/der-leichteste-klappbare-rollstuhl-der-welt.jpg 2x\"\n            \/>\n                    <source\n                media=\"(max-width: 1200px)\"\n                srcset=\"https:\/\/cdn3.fh-joanneum.at\/media\/2017\/04\/der-leichteste-klappbare-rollstuhl-der-welt.jpg, https:\/\/cdn3.fh-joanneum.at\/media\/2017\/04\/der-leichteste-klappbare-rollstuhl-der-welt.jpg 2x\"\n            \/>\n                    <source\n                media=\"(max-width: 1200px)\"\n                srcset=\"https:\/\/cdn3.fh-joanneum.at\/media\/2017\/04\/der-leichteste-klappbare-rollstuhl-der-welt.jpg, https:\/\/cdn3.fh-joanneum.at\/media\/2017\/04\/der-leichteste-klappbare-rollstuhl-der-welt.jpg 2x\"\n            \/>\n                <img decoding=\"async\"\n        class=\"img-fluid\"\n        src=\"https:\/\/cdn3.fh-joanneum.at\/media\/2017\/04\/der-leichteste-klappbare-rollstuhl-der-welt.jpg\"\n        alt=\"Der leichteste klappbare Rollstuhl der Welt\"\n        title=\"\"\n         loading=\"lazy\"             >\n<\/picture>\n\n          <\/div>\n          <div class=\"p-2 p-xl-3\">\n                                    <p class=\"mb-1\">Projekt<\/p>\n                                <h6 class=\"\">Der leichteste klappbare Rollstuhl der Welt<\/h6>\n                                    <p class=\"mb-0\">Menschen mit k\u00f6rperlicher Beeintr\u00e4chtigung die eigene Mobilit\u00e4t zu erleichtern, ist die Idee hinter diesem Projekt, das von vier Master-Studierenden von \u201eFahrzeugtechnik \/ Automotive Engineering\u201c umgesetzt wurde.<\/p>\n                          <\/div>\n      <\/div>\n  <\/a>\n                    <\/div>\n                                    <\/div>\n    <\/div>\n<\/div>\n\n<div id=\"\" class=\"wp-block-text-content margin-bottom-normal\">\n    <div class=\"container-lg\">\n        <div class=\"row\">\n            <div class=\"col\">\n                <h5>Folgen Sie unserem Racing Team auf den folgenden Kan&auml;len:<\/h5>\n<ul>\n<li><a href=\"https:\/\/www.facebook.com\/joanneumracing\" target=\"_blank\" rel=\"noopener noreferrer\">Facebook<\/a>,  <\/li>\n<li><a href=\"https:\/\/www.instagram.com\/joanneumracinggraz\/\" target=\"_blank\" rel=\"noopener noreferrer\">Instagram<\/a>,  <\/li>\n<li><a href=\"https:\/\/www.youtube.com\/user\/joanneumracing\" target=\"_blank\" rel=\"noopener noreferrer\">Youtube<\/a>,  <\/li>\n<li><a href=\"https:\/\/twitter.com\/joanneumracing\" target=\"_blank\" rel=\"noopener noreferrer\">Twitter<\/a> und<\/li>\n<li><a href=\"https:\/\/www.linkedin.com\/company\/joanneum-racing-graz\/\" target=\"_blank\" rel=\"noopener noreferrer\">LinkedIn<\/a>.<\/li>\n<\/ul>\n\n            <\/div>\n        <\/div>\n            <\/div>\n<\/div>\n\n<div\n    id=\"\"\n    class=\"wp-block-tipp-box margin-bottom-normal\"\n>\n    <div class=\"container-lg\">\n        <div class=\"row\">\n            <div class=\"col\">\n                <div class=\"tipp-box border border-warning\">\n                    <div class=\"tipp-box-inner p-2 p-md-3\">\n                        <h4 class=\"\">Tipp<\/h4>\n                        <p>Neugierig geworden? Dann folgen Sie gerne unserem Institut auf <a href=\"https:\/\/www.instagram.com\/fh_joanneum_fahrzeugtechnik\/\"><strong>Instagram<\/strong><\/a> und auf <a href=\"https:\/\/de-de.facebook.com\/FztFHJoanneum\/\"><strong>Facebook<\/strong><\/a>, um keine Neuigkeiten zu verpassen!<\/p>\n\n                    <\/div>\n                <\/div>\n            <\/div>\n        <\/div>\n    <\/div>\n<\/div>\n\n","protected":false},"excerpt":{"rendered":"<p>Die vielseitige Ausbildung erm\u00f6glicht Ihnen, im Studium an verschiedenen Projekten zu arbeiten. Hier erfahren Sie mehr dar\u00fcber.<\/p>\n","protected":false},"author":12,"featured_media":10000448,"parent":10000106,"menu_order":24,"comment_status":"closed","ping_status":"closed","template":"","meta":{"_acf_changed":false,"footnotes":""},"acf":[],"aioseo_notices":[],"_links":{"self":[{"href":"https:\/\/www.fh-joanneum.at\/fahrzeugtechnik\/master\/wp-json\/wp\/v2\/pages\/10000114"}],"collection":[{"href":"https:\/\/www.fh-joanneum.at\/fahrzeugtechnik\/master\/wp-json\/wp\/v2\/pages"}],"about":[{"href":"https:\/\/www.fh-joanneum.at\/fahrzeugtechnik\/master\/wp-json\/wp\/v2\/types\/page"}],"author":[{"embeddable":true,"href":"https:\/\/www.fh-joanneum.at\/fahrzeugtechnik\/master\/wp-json\/wp\/v2\/users\/12"}],"replies":[{"embeddable":true,"href":"https:\/\/www.fh-joanneum.at\/fahrzeugtechnik\/master\/wp-json\/wp\/v2\/comments?post=10000114"}],"version-history":[{"count":0,"href":"https:\/\/www.fh-joanneum.at\/fahrzeugtechnik\/master\/wp-json\/wp\/v2\/pages\/10000114\/revisions"}],"up":[{"embeddable":true,"href":"https:\/\/www.fh-joanneum.at\/fahrzeugtechnik\/master\/wp-json\/wp\/v2\/pages\/10000106"}],"wp:featuredmedia":[{"embeddable":true,"href":"https:\/\/www.fh-joanneum.at\/fahrzeugtechnik\/master\/wp-json\/wp\/v2\/media\/10000448"}],"wp:attachment":[{"href":"https:\/\/www.fh-joanneum.at\/fahrzeugtechnik\/master\/wp-json\/wp\/v2\/media?parent=10000114"}],"curies":[{"name":"wp","href":"https:\/\/api.w.org\/{rel}","templated":true}]}}