{"id":10000129,"date":"2015-08-11T11:34:33","date_gmt":"2015-08-11T11:34:33","guid":{"rendered":"https:\/\/www.fh-joanneum.at\/fahrzeugtechnik\/master\/?page_id=129"},"modified":"2023-11-02T12:37:23","modified_gmt":"2023-11-02T12:37:23","slug":"absolventinnen-absolventen","status":"publish","type":"page","link":"https:\/\/www.fh-joanneum.at\/fahrzeugtechnik\/master\/nach-dem-studium\/absolventinnen-absolventen\/","title":{"rendered":"Absolvent:innen"},"content":{"rendered":"<div id=\"\" class=\"wp-block-text-content margin-bottom-none\">\n    <div class=\"container-lg\">\n        <div class=\"row\">\n            <div class=\"col\">\n                <div class=\"module-migration-headline\">\n<h3>Das machen unsere Absolvent:innen<\/h3>\n<\/div>\n\n            <\/div>\n        <\/div>\n            <\/div>\n<\/div>\n\n<div id=\"\" class=\"wp-block-list-of-graduates margin-bottom-normal\">\n  <div class=\"container-lg\">\n    <div class=\"row\">\n                        <div class=\"col-6 col-sm-4 col-md-6 col-lg-4 col-xl-4 mb-4\">\n            <a\n    href=\"https:\/\/www.fh-joanneum.at\/fahrzeugtechnik\/master\/nach-dem-studium\/absolventinnen-absolventen\/markus-flasch\/\"\n    class=\"graduate-card bg-light\"\n>\n    <div class=\"border border-light h-100\">\n        <div class=\"image-wrapper\">\n            <picture>\n                        <source\n                media=\"(max-width: 576px)\"\n                srcset=\"https:\/\/cdn3.fh-joanneum.at\/media\/sites\/19\/2021\/06\/markus-flasch.jpg, https:\/\/cdn3.fh-joanneum.at\/media\/sites\/19\/2021\/06\/markus-flasch-768x384.jpg 2x\"\n            \/>\n                    <source\n                media=\"(max-width: 768px)\"\n                srcset=\"https:\/\/cdn3.fh-joanneum.at\/media\/sites\/19\/2021\/06\/markus-flasch-768x384.jpg, https:\/\/cdn3.fh-joanneum.at\/media\/sites\/19\/2021\/06\/markus-flasch-1024x512.jpg 2x\"\n            \/>\n                    <source\n                media=\"(max-width: 1024px)\"\n                srcset=\"https:\/\/cdn3.fh-joanneum.at\/media\/sites\/19\/2021\/06\/markus-flasch-1024x512.jpg, https:\/\/cdn3.fh-joanneum.at\/media\/sites\/19\/2021\/06\/markus-flasch.jpg 2x\"\n            \/>\n                    <source\n                media=\"(max-width: 1200px)\"\n                srcset=\"https:\/\/cdn3.fh-joanneum.at\/media\/sites\/19\/2021\/06\/markus-flasch.jpg, https:\/\/cdn3.fh-joanneum.at\/media\/sites\/19\/2021\/06\/markus-flasch.jpg 2x\"\n            \/>\n                    <source\n                media=\"(max-width: 1200px)\"\n                srcset=\"https:\/\/cdn3.fh-joanneum.at\/media\/sites\/19\/2021\/06\/markus-flasch.jpg, https:\/\/cdn3.fh-joanneum.at\/media\/sites\/19\/2021\/06\/markus-flasch.jpg 2x\"\n            \/>\n                <img decoding=\"async\"\n        class=\"img-fluid\"\n        src=\"https:\/\/cdn3.fh-joanneum.at\/media\/sites\/19\/2021\/06\/markus-flasch.jpg\"\n        alt=\"Markus Flasch\"\n        title=\"\"\n         loading=\"lazy\"             >\n<\/picture>\n\n        <\/div>\n        <div class=\"p-2 p-xl-3\">\n            <h6>DI (FH) Markus Flasch<\/h6>\n            <p class=\"mb-0 hyphens\">\n                Er hat den Job, von dem viele Fahrzeugtechnik-Studierende tr\u00e4umen: Markus Flasch, FH-Absolvent des Jahres 2003, ist Chef der BMW M GmbH. M steht f\u00fcr die sportlich-dynamische K\u00f6nigsklasse der Bayern.\n            <\/p>\n        <\/div>\n    <\/div>\n<\/a>\n          <\/div>\n                  <div class=\"col-6 col-sm-4 col-md-6 col-lg-4 col-xl-4 mb-4\">\n            <a\n    href=\"https:\/\/www.fh-joanneum.at\/fahrzeugtechnik\/master\/nach-dem-studium\/absolventinnen-absolventen\/florian-krueger\/\"\n    class=\"graduate-card bg-light\"\n>\n    <div class=\"border border-light h-100\">\n        <div class=\"image-wrapper\">\n            <picture>\n                        <source\n                media=\"(max-width: 576px)\"\n                srcset=\"https:\/\/cdn3.fh-joanneum.at\/media\/sites\/19\/2020\/07\/dipl-ing-fh-florian-krueger.jpg, https:\/\/cdn3.fh-joanneum.at\/media\/sites\/19\/2020\/07\/dipl-ing-fh-florian-krueger-768x768.jpg 2x\"\n            \/>\n                    <source\n                media=\"(max-width: 768px)\"\n                srcset=\"https:\/\/cdn3.fh-joanneum.at\/media\/sites\/19\/2020\/07\/dipl-ing-fh-florian-krueger-768x768.jpg, https:\/\/cdn3.fh-joanneum.at\/media\/sites\/19\/2020\/07\/dipl-ing-fh-florian-krueger-1024x1024.jpg 2x\"\n            \/>\n                    <source\n                media=\"(max-width: 1024px)\"\n                srcset=\"https:\/\/cdn3.fh-joanneum.at\/media\/sites\/19\/2020\/07\/dipl-ing-fh-florian-krueger-1024x1024.jpg, https:\/\/cdn3.fh-joanneum.at\/media\/sites\/19\/2020\/07\/dipl-ing-fh-florian-krueger.jpg 2x\"\n            \/>\n                    <source\n                media=\"(max-width: 1080px)\"\n                srcset=\"https:\/\/cdn3.fh-joanneum.at\/media\/sites\/19\/2020\/07\/dipl-ing-fh-florian-krueger.jpg, https:\/\/cdn3.fh-joanneum.at\/media\/sites\/19\/2020\/07\/dipl-ing-fh-florian-krueger.jpg 2x\"\n            \/>\n                    <source\n                media=\"(max-width: 1080px)\"\n                srcset=\"https:\/\/cdn3.fh-joanneum.at\/media\/sites\/19\/2020\/07\/dipl-ing-fh-florian-krueger.jpg, https:\/\/cdn3.fh-joanneum.at\/media\/sites\/19\/2020\/07\/dipl-ing-fh-florian-krueger.jpg 2x\"\n            \/>\n                <img decoding=\"async\"\n        class=\"img-fluid\"\n        src=\"https:\/\/cdn3.fh-joanneum.at\/media\/sites\/19\/2020\/07\/dipl-ing-fh-florian-krueger.jpg\"\n        alt=\"Dipl.-Ing. (FH) Florian Kr\u00fcger\"\n        title=\"\"\n         loading=\"lazy\"             >\n<\/picture>\n\n        <\/div>\n        <div class=\"p-2 p-xl-3\">\n            <h6>Dipl.-Ing. (FH) Florian Kr\u00fcger<\/h6>\n            <p class=\"mb-0 hyphens\">\n                Florian Kr\u00fcger befasst sich mit Software f\u00fcr autonomes Fahren in seinem Beruf als Systems Engineer bei Waymo. \n            <\/p>\n        <\/div>\n    <\/div>\n<\/a>\n          <\/div>\n                  <div class=\"col-6 col-sm-4 col-md-6 col-lg-4 col-xl-4 mb-4\">\n            <a\n    href=\"https:\/\/www.fh-joanneum.at\/fahrzeugtechnik\/master\/nach-dem-studium\/absolventinnen-absolventen\/dipl-ing-fh-christoph-renner\/\"\n    class=\"graduate-card bg-light\"\n>\n    <div class=\"border border-light h-100\">\n        <div class=\"image-wrapper\">\n            <picture>\n                        <source\n                media=\"(max-width: 576px)\"\n                srcset=\"https:\/\/cdn3.fh-joanneum.at\/media\/sites\/19\/2024\/03\/dipl-ing-fh-florian-krueger-3.jpg, https:\/\/cdn3.fh-joanneum.at\/media\/sites\/19\/2024\/03\/dipl-ing-fh-florian-krueger-3-768x512.jpg 2x\"\n            \/>\n                    <source\n                media=\"(max-width: 768px)\"\n                srcset=\"https:\/\/cdn3.fh-joanneum.at\/media\/sites\/19\/2024\/03\/dipl-ing-fh-florian-krueger-3-768x512.jpg, https:\/\/cdn3.fh-joanneum.at\/media\/sites\/19\/2024\/03\/dipl-ing-fh-florian-krueger-3.jpg 2x\"\n            \/>\n                    <source\n                media=\"(max-width: 1024px)\"\n                srcset=\"https:\/\/cdn3.fh-joanneum.at\/media\/sites\/19\/2024\/03\/dipl-ing-fh-florian-krueger-3.jpg, https:\/\/cdn3.fh-joanneum.at\/media\/sites\/19\/2024\/03\/dipl-ing-fh-florian-krueger-3.jpg 2x\"\n            \/>\n                    <source\n                media=\"(max-width: 1024px)\"\n                srcset=\"https:\/\/cdn3.fh-joanneum.at\/media\/sites\/19\/2024\/03\/dipl-ing-fh-florian-krueger-3.jpg, https:\/\/cdn3.fh-joanneum.at\/media\/sites\/19\/2024\/03\/dipl-ing-fh-florian-krueger-3.jpg 2x\"\n            \/>\n                    <source\n                media=\"(max-width: 1024px)\"\n                srcset=\"https:\/\/cdn3.fh-joanneum.at\/media\/sites\/19\/2024\/03\/dipl-ing-fh-florian-krueger-3.jpg, https:\/\/cdn3.fh-joanneum.at\/media\/sites\/19\/2024\/03\/dipl-ing-fh-florian-krueger-3.jpg 2x\"\n            \/>\n                <img decoding=\"async\"\n        class=\"img-fluid\"\n        src=\"https:\/\/cdn3.fh-joanneum.at\/media\/sites\/19\/2024\/03\/dipl-ing-fh-florian-krueger-3.jpg\"\n        alt=\"Dipl.-Ing. (FH) Christoph Renner\"\n        title=\"\"\n         loading=\"lazy\"             >\n<\/picture>\n\n        <\/div>\n        <div class=\"p-2 p-xl-3\">\n            <h6>Dipl.-Ing. (FH) Christoph Renner<\/h6>\n            <p class=\"mb-0 hyphens\">\n                Christoph Renner, Absolvent des Studiengangs Fahrzeugtechnik, ist seit 2020 CTO bei Mubea Carbo Tech und spricht im Interview \u00fcber seinen Werdegang und neue Trends im Automotive-Leichtbau.&#8221;\n            <\/p>\n        <\/div>\n    <\/div>\n<\/a>\n          <\/div>\n                  <\/div>\n  <\/div>\n<\/div>\n\n","protected":false},"excerpt":{"rendered":"<p>Wollen Sie mehr \u00fcber die Berufs- und Karrierewege unserer Absolventinnen und Absolventen erfahren? Wir haben einige unserer ehemaligen Studierenden portraitiert, damit Sie sich selbst ein Bild machen k\u00f6nnen.<\/p>\n","protected":false},"author":12,"featured_media":0,"parent":10000183,"menu_order":32,"comment_status":"closed","ping_status":"closed","template":"","meta":{"_acf_changed":false,"footnotes":""},"acf":[],"aioseo_notices":[],"_links":{"self":[{"href":"https:\/\/www.fh-joanneum.at\/fahrzeugtechnik\/master\/wp-json\/wp\/v2\/pages\/10000129"}],"collection":[{"href":"https:\/\/www.fh-joanneum.at\/fahrzeugtechnik\/master\/wp-json\/wp\/v2\/pages"}],"about":[{"href":"https:\/\/www.fh-joanneum.at\/fahrzeugtechnik\/master\/wp-json\/wp\/v2\/types\/page"}],"author":[{"embeddable":true,"href":"https:\/\/www.fh-joanneum.at\/fahrzeugtechnik\/master\/wp-json\/wp\/v2\/users\/12"}],"replies":[{"embeddable":true,"href":"https:\/\/www.fh-joanneum.at\/fahrzeugtechnik\/master\/wp-json\/wp\/v2\/comments?post=10000129"}],"version-history":[{"count":0,"href":"https:\/\/www.fh-joanneum.at\/fahrzeugtechnik\/master\/wp-json\/wp\/v2\/pages\/10000129\/revisions"}],"up":[{"embeddable":true,"href":"https:\/\/www.fh-joanneum.at\/fahrzeugtechnik\/master\/wp-json\/wp\/v2\/pages\/10000183"}],"wp:attachment":[{"href":"https:\/\/www.fh-joanneum.at\/fahrzeugtechnik\/master\/wp-json\/wp\/v2\/media?parent=10000129"}],"curies":[{"name":"wp","href":"https:\/\/api.w.org\/{rel}","templated":true}]}}